{"id":4601,"date":"2022-03-19T06:27:52","date_gmt":"2022-03-19T06:27:52","guid":{"rendered":"https:\/\/www.ahotech.com\/?post_type=product&#038;p=4601"},"modified":"2022-03-19T06:47:29","modified_gmt":"2022-03-19T06:47:29","slug":"vandtaet-batteri","status":"publish","type":"product","link":"https:\/\/www.ahotech.com\/da\/product\/water-proof-battery\/","title":{"rendered":"vandt\u00e6t batteri"},"content":{"rendered":"<p><span class=\"tgt\" data-section=\"0\" data-sentence=\"0\" data-group=\"0-0\">I betragtning af begr\u00e6nsningerne ved Internet of Things-udstyr i udend\u00f8rsmilj\u00f8er udvikler og producerer vi vandt\u00e6tte batterier for at sikre udstyrets vandt\u00e6tte ydeevne.<\/span><span class=\"tgt\" data-section=\"0\" data-sentence=\"1\" data-group=\"0-1\"> Forsegl med epoxylim.<\/span><\/p>\n<p><span class=\"tgt\" data-section=\"0\" data-sentence=\"0\" data-group=\"0-0\">Longsing Technologies blev grundlagt i 2000 og har v\u00e6ret dedikeret til forskning, udvikling og anvendelse af batteriteknologi.<\/span><span class=\"tgt\" data-section=\"0\" data-sentence=\"1\" data-group=\"0-1\"> Virksomheden har et prim\u00e6rt batteri (lithiumsulfurylchlorid), et sekund\u00e6rt batteri (<a href=\"https:\/\/www.ahotech.com\/da\/produkt\/3-stk-7v-18650-litiumbatteri\/\">genopladeligt litium-ion-batteri<\/a>) forskning og udvikling, produktionskapacitet.<\/span><span class=\"tgt\" data-section=\"0\" data-sentence=\"2\" data-group=\"0-2\"> I de senere \u00e5r har virksomheden, takket v\u00e6re moderselskabet i Hong Kong og aktivt samarbejde med internationale videnskabelige forskningsinstitutioner, med succes udviklet et Internet of Things-batteri med bred temperatur (best\u00e5ende af et lithiumthionylchlorid-batteri parallelt med en kompositpulskondensator), der kan fungere stabilt i temperaturomr\u00e5det -40 \u2103-+85 \u2103 og dermed bryde igennem de tekniske krav til lithium-ion-batterier og lithiumthionylchlorid-batterier.<\/span><span class=\"tgt\" data-section=\"0\" data-sentence=\"3\" data-group=\"0-3\"> Og ans\u00f8gte om mere end 30 opfindelsespatenter.<\/span><span class=\"tgt\" data-section=\"0\" data-sentence=\"4\" data-group=\"0-4\"> Vi vil forts\u00e6tte med at innovere og udvikle nye produkter for at im\u00f8dekomme behovene i den fremtidige udvikling af Internet of Things-teknologien.<\/span><span class=\"tgt\" data-section=\"0\" data-sentence=\"5\" data-group=\"0-5\"> S\u00e5som intelligent transport, containerintelligente systemer, GPS-positioneringssystem, ub\u00e5dspositionering, logistik og transportsystemer, kan disse felter fremstilles vandt\u00e6tte batterier i henhold til kundens krav.<\/span><\/p>\n<p class=\"tgt\" data-section=\"0\"><span class=\"tgt\" data-section=\"0\" data-sentence=\"0\" data-group=\"0-0\">IOT-batteripakkes funktionsprincip:<\/span><\/p>\n<p class=\"tgt\" data-section=\"1\"><span class=\"tgt\" data-section=\"1\" data-sentence=\"0\" data-group=\"1-0\">Lithium-subbatterier er litiummetalbatterier med en energit\u00e6thed t\u00e6t p\u00e5 kulbrinte, hvilket er den fremtidige retning for batteriteknologi.<\/span><span class=\"tgt\" data-section=\"1\" data-sentence=\"1\" data-group=\"1-1\"> Lille volumen og stor kapacitet, kan ogs\u00e5 lave vandt\u00e6tte batterier.<\/span><span class=\"tgt\" data-section=\"1\" data-sentence=\"2\" data-group=\"1-2\"> Den st\u00f8rste ulempe ved lithiumbatterier er den lave str\u00f8mafladning. ER26500 kan kun v\u00e6re 2mA, og under konstant temperatur og fugtighed ved stuetemperatur kan den teoretiske kapacitet n\u00e5s p\u00e5 8,5AH. Str\u00f8m- og temperatur\u00e6ndringer har en enorm indflydelse p\u00e5 ydeevnen, s\u00e5 de bruges generelt i udstyr med lav str\u00f8m.<\/span><span class=\"tgt\" data-section=\"1\" data-sentence=\"3\" data-group=\"1-3\"> For at udnytte lithium-ion-batteriers kapacitet fuldt ud har Lonson Technology udviklet HPC. For at maksimere lithium-ion-batteriers ydeevne har IoT-batteripakker fordelen af batterier med lang levetid.<\/span><\/p>\n<p class=\"tgt\" data-section=\"0\"><span class=\"tgt\" data-section=\"0\" data-sentence=\"0\" data-group=\"0-0\">Vandt\u00e6t batteripakkes ydeevneegenskaber:<\/span><\/p>\n<p class=\"tgt\" data-section=\"1\"><span class=\"tgt\" data-section=\"1\" data-sentence=\"0\" data-group=\"1-0\">H\u00f8j pulsstr\u00f8mskapacitet;<\/span><\/p>\n<p class=\"tgt\" data-section=\"2\"><span class=\"tgt\" data-section=\"2\" data-sentence=\"0\" data-group=\"2-0\">Hurtig sp\u00e6ndingsrespons (ingen sp\u00e6ndingsforsinkelse);<\/span><\/p>\n<p class=\"tgt\" data-section=\"3\"><span class=\"tgt\" data-section=\"3\" data-sentence=\"0\" data-group=\"3-0\">H\u00f8j p\u00e5lidelighed (lasersvejsning, glas-til-metal-t\u00e6tning, kan tilpasse sig v\u00e5de omgivelser, forhindre l\u00e6kage);<\/span><\/p>\n<p class=\"tgt\" data-section=\"4\"><span class=\"tgt\" data-section=\"4\" data-sentence=\"0\" data-group=\"4-0\">Fremragende opbevaring (10 \u00e5r);<\/span><\/p>\n<p class=\"tgt\" data-section=\"5\"><span class=\"tgt\" data-section=\"5\" data-sentence=\"0\" data-group=\"5-0\">Batteripakke med lang levetid, batteriets ydeevne er garanteret;<\/span><\/p>\n<p class=\"tgt\" data-section=\"6\"><span class=\"tgt\" data-section=\"6\" data-sentence=\"0\" data-group=\"6-0\">Ultralang levetid: 5000 100%DOD cyklusser;<\/span><\/p>\n<p class=\"tgt\" data-section=\"7\"><span class=\"tgt\" data-section=\"7\" data-sentence=\"0\" data-group=\"7-0\">Ekstrem lav temperatur kan v\u00e6re normal belastning af str\u00f8mforsyningen;<\/span><\/p>\n<p class=\"tgt\" data-section=\"8\"><span class=\"tgt\" data-section=\"8\" data-sentence=\"0\" data-group=\"8-0\">Vandt\u00e6tte batterier tillader ikke v\u00e6ske at tr\u00e6nge ind.<\/span><\/p>\n<p class=\"tgt\" data-section=\"0\"><span class=\"tgt\" data-section=\"0\" data-sentence=\"0\" data-group=\"0-0\">Vandt\u00e6t batteri, milit\u00e6r monteringsproces: Lithiumbatteriets specielle design er i overensstemmelse med kapacitansens egenskaber og produktionen af lang liter i n\u00f8je overensstemmelse med milit\u00e6rteknologi. F\u00f8r montering skal man v\u00e6lge sp\u00e6nding og indre modstand for lithiumbatterier, kontrollere batteriets konsistens og stabilitet, undg\u00e5 batteristatus, n\u00e5r man bruger et af monomerbatterierne, og dermed undg\u00e5 risikoen for ulykker.<\/span><span class=\"tgt\" data-section=\"0\" data-sentence=\"1\" data-group=\"0-1\"> Lansen kontrollerer n\u00f8je kvaliteten af hver batterigruppe f\u00f8r forsendelse, s\u00e5som: belastningssp\u00e6nding, tomgangssp\u00e6nding, batteriets indre modstand og andre kvalitetskontroller;<\/span><\/p>\n<p class=\"tgt\" data-section=\"1\"><span class=\"tgt\" data-section=\"1\" data-sentence=\"0\" data-group=\"1-0\">Hvis du har specifikke krav til batterit\u00e6tning, bedes du kontakte Longsing Technology.<\/span><\/p>","protected":false},"excerpt":{"rendered":"<p class=\"tgt\" data-section=\"0\"><span class=\"tgt\" data-section=\"0\" data-sentence=\"0\" data-group=\"0-0\">Produktmodel: ER26500+HPC1520<\/span><\/p>\n<p class=\"tgt\" data-section=\"1\"><span class=\"tgt\" data-section=\"1\" data-sentence=\"0\" data-group=\"1-0\">Nominel sp\u00e6nding (V): 3,6<\/span><\/p>\n<p class=\"tgt\" data-section=\"2\"><span class=\"tgt\" data-section=\"2\" data-sentence=\"0\" data-group=\"2-0\">Nominel kapacitet (mAh): 8500<\/span><\/p>\n<p class=\"tgt\" data-section=\"3\"><span class=\"tgt\" data-section=\"3\" data-sentence=\"0\" data-group=\"3-0\">Maksimal kontinuerlig afladningsstr\u00f8m (mA): 1000<\/span><\/p>\n<p class=\"tgt\" data-section=\"4\"><span class=\"tgt\" data-section=\"4\" data-sentence=\"0\" data-group=\"4-0\">Driftstemperatur (\u2103): -40~+85<\/span><\/p>\n<p class=\"tgt\" data-section=\"5\"><span class=\"tgt\" data-section=\"5\" data-sentence=\"0\" data-group=\"5-0\">\u00c5rlig selvafladningshastighed: &lt; 2%<\/span><\/p>","protected":false},"featured_media":4605,"template":"","meta":{"_acf_changed":false,"site-sidebar-layout":"default","site-content-layout":"default","ast-site-content-layout":"","site-content-style":"default","site-sidebar-style":"default","ast-global-header-display":"","ast-banner-title-visibility":"","ast-main-header-display":"","ast-hfb-above-header-display":"","ast-hfb-below-header-display":"","ast-hfb-mobile-header-display":"","site-post-title":"","ast-breadcrumbs-content":"","ast-featured-img":"","footer-sml-layout":"","theme-transparent-header-meta":"default","adv-header-id-meta":"","stick-header-meta":"","header-above-stick-meta":"","header-main-stick-meta":"","header-below-stick-meta":"","astra-migrate-meta-layouts":"default","ast-page-background-enabled":"default","ast-page-background-meta":{"desktop":{"background-color":"","background-image":"","background-repeat":"repeat","background-position":"center center","background-size":"auto","background-attachment":"scroll","background-type":"","background-media":"","overlay-type":"","overlay-color":"","overlay-opacity":"","overlay-gradient":""},"tablet":{"background-color":"","background-image":"","background-repeat":"repeat","background-position":"center center","background-size":"auto","background-attachment":"scroll","background-type":"","background-media":"","overlay-type":"","overlay-color":"","overlay-opacity":"","overlay-gradient":""},"mobile":{"background-color":"","background-image":"","background-repeat":"repeat","background-position":"center center","background-size":"auto","background-attachment":"scroll","background-type":"","background-media":"","overlay-type":"","overlay-color":"","overlay-opacity":"","overlay-gradient":""}},"ast-content-background-meta":{"desktop":{"background-color":"var(--ast-global-color-5)","background-image":"","background-repeat":"repeat","background-position":"center center","background-size":"auto","background-attachment":"scroll","background-type":"","background-media":"","overlay-type":"","overlay-color":"","overlay-opacity":"","overlay-gradient":""},"tablet":{"background-color":"var(--ast-global-color-5)","background-image":"","background-repeat":"repeat","background-position":"center center","background-size":"auto","background-attachment":"scroll","background-type":"","background-media":"","overlay-type":"","overlay-color":"","overlay-opacity":"","overlay-gradient":""},"mobile":{"background-color":"var(--ast-global-color-5)","background-image":"","background-repeat":"repeat","background-position":"center center","background-size":"auto","background-attachment":"scroll","background-type":"","background-media":"","overlay-type":"","overlay-color":"","overlay-opacity":"","overlay-gradient":""}}},"product_brand":[],"product_cat":[39],"product_tag":[],"class_list":{"0":"post-4601","1":"product","2":"type-product","3":"status-publish","4":"has-post-thumbnail","6":"product_cat-custom-iot-battery-pack","7":"desktop-align-left","8":"tablet-align-left","9":"mobile-align-left","11":"first","12":"instock","13":"shipping-taxable","14":"product-type-simple"},"acf":[],"yoast_head":"<!-- This site is optimized with the Yoast SEO plugin v27.3 - https:\/\/yoast.com\/product\/yoast-seo-wordpress\/ -->\n<title>water proof battery - Ahotech.com<\/title>\n<meta name=\"description\" content=\"Longsing Technology focuses on battery customization and can achieve battery waterproof and other requirements.In view of the limitations of the Internet of Things equipment in the outdoor environment, we develop and produce water proof battery to ensure the water proof performance of the equipment,Seal with epoxy glue.\" \/>\n<meta name=\"robots\" content=\"index, follow, max-snippet:-1, max-image-preview:large, max-video-preview:-1\" \/>\n<link rel=\"canonical\" href=\"https:\/\/www.ahotech.com\/da\/produkt\/vandtaet-batteri\/\" \/>\n<meta property=\"og:locale\" content=\"da_DK\" \/>\n<meta property=\"og:type\" content=\"article\" \/>\n<meta property=\"og:title\" content=\"water proof battery - Ahotech.com\" \/>\n<meta property=\"og:description\" content=\"Longsing Technology focuses on battery customization and can achieve battery waterproof and other requirements.In view of the limitations of the Internet of Things equipment in the outdoor environment, we develop and produce water proof battery to ensure the water proof performance of the equipment,Seal with epoxy glue.\" \/>\n<meta property=\"og:url\" content=\"https:\/\/www.ahotech.com\/da\/produkt\/vandtaet-batteri\/\" \/>\n<meta property=\"og:site_name\" content=\"Ahotech.com\" \/>\n<meta property=\"article:modified_time\" content=\"2022-03-19T06:47:29+00:00\" \/>\n<meta property=\"og:image\" content=\"https:\/\/www.ahotech.com\/wp-content\/uploads\/2022\/03\/water-proof-battery.jpg\" \/>\n\t<meta property=\"og:image:width\" content=\"800\" \/>\n\t<meta property=\"og:image:height\" content=\"800\" \/>\n\t<meta property=\"og:image:type\" content=\"image\/jpeg\" \/>\n<meta name=\"twitter:card\" content=\"summary_large_image\" \/>\n<meta name=\"twitter:label1\" content=\"Estimeret l\u00e6setid\" \/>\n\t<meta name=\"twitter:data1\" content=\"3 minutter\" \/>\n<script type=\"application\/ld+json\" class=\"yoast-schema-graph\">{\"@context\":\"https:\\\/\\\/schema.org\",\"@graph\":[{\"@type\":\"WebPage\",\"@id\":\"https:\\\/\\\/www.ahotech.com\\\/et\\\/product\\\/water-proof-battery\\\/\",\"url\":\"https:\\\/\\\/www.ahotech.com\\\/et\\\/product\\\/water-proof-battery\\\/\",\"name\":\"water proof battery - Ahotech.com\",\"isPartOf\":{\"@id\":\"https:\\\/\\\/www.ahotech.com\\\/es\\\/#website\"},\"primaryImageOfPage\":{\"@id\":\"https:\\\/\\\/www.ahotech.com\\\/et\\\/product\\\/water-proof-battery\\\/#primaryimage\"},\"image\":{\"@id\":\"https:\\\/\\\/www.ahotech.com\\\/et\\\/product\\\/water-proof-battery\\\/#primaryimage\"},\"thumbnailUrl\":\"https:\\\/\\\/www.ahotech.com\\\/wp-content\\\/uploads\\\/2022\\\/03\\\/water-proof-battery.jpg\",\"datePublished\":\"2022-03-19T06:27:52+00:00\",\"dateModified\":\"2022-03-19T06:47:29+00:00\",\"description\":\"Longsing Technology focuses on battery customization and can achieve battery waterproof and other requirements.In view of the limitations of the Internet of Things equipment in the outdoor environment, we develop and produce water proof battery to ensure the water proof performance of the equipment,Seal with epoxy glue.\",\"breadcrumb\":{\"@id\":\"https:\\\/\\\/www.ahotech.com\\\/et\\\/product\\\/water-proof-battery\\\/#breadcrumb\"},\"inLanguage\":\"da-DK\",\"potentialAction\":[{\"@type\":\"ReadAction\",\"target\":[\"https:\\\/\\\/www.ahotech.com\\\/et\\\/product\\\/water-proof-battery\\\/\"]}]},{\"@type\":\"ImageObject\",\"inLanguage\":\"da-DK\",\"@id\":\"https:\\\/\\\/www.ahotech.com\\\/et\\\/product\\\/water-proof-battery\\\/#primaryimage\",\"url\":\"https:\\\/\\\/www.ahotech.com\\\/wp-content\\\/uploads\\\/2022\\\/03\\\/water-proof-battery.jpg\",\"contentUrl\":\"https:\\\/\\\/www.ahotech.com\\\/wp-content\\\/uploads\\\/2022\\\/03\\\/water-proof-battery.jpg\",\"width\":800,\"height\":800,\"caption\":\"water proof battery\"},{\"@type\":\"BreadcrumbList\",\"@id\":\"https:\\\/\\\/www.ahotech.com\\\/et\\\/product\\\/water-proof-battery\\\/#breadcrumb\",\"itemListElement\":[{\"@type\":\"ListItem\",\"position\":1,\"name\":\"Home\",\"item\":\"https:\\\/\\\/de.ahotech.com\\\/\"},{\"@type\":\"ListItem\",\"position\":2,\"name\":\"Store\",\"item\":\"https:\\\/\\\/de.ahotech.com\\\/speichern\\\/\"},{\"@type\":\"ListItem\",\"position\":3,\"name\":\"water proof battery\"}]},{\"@type\":\"WebSite\",\"@id\":\"https:\\\/\\\/www.ahotech.com\\\/es\\\/#website\",\"url\":\"https:\\\/\\\/www.ahotech.com\\\/es\\\/\",\"name\":\"Ahotech.com\",\"description\":\"lithium battery manufacturers\",\"publisher\":{\"@id\":\"https:\\\/\\\/www.ahotech.com\\\/es\\\/#organization\"},\"potentialAction\":[{\"@type\":\"SearchAction\",\"target\":{\"@type\":\"EntryPoint\",\"urlTemplate\":\"https:\\\/\\\/www.ahotech.com\\\/es\\\/?s={search_term_string}\"},\"query-input\":{\"@type\":\"PropertyValueSpecification\",\"valueRequired\":true,\"valueName\":\"search_term_string\"}}],\"inLanguage\":\"da-DK\"},{\"@type\":\"Organization\",\"@id\":\"https:\\\/\\\/www.ahotech.com\\\/es\\\/#organization\",\"name\":\"Ahotech.com\",\"url\":\"https:\\\/\\\/www.ahotech.com\\\/es\\\/\",\"logo\":{\"@type\":\"ImageObject\",\"inLanguage\":\"da-DK\",\"@id\":\"https:\\\/\\\/www.ahotech.com\\\/es\\\/#\\\/schema\\\/logo\\\/image\\\/\",\"url\":\"https:\\\/\\\/www.ahotech.com\\\/wp-content\\\/uploads\\\/2021\\\/10\\\/battery-site-logo.jpg\",\"contentUrl\":\"https:\\\/\\\/www.ahotech.com\\\/wp-content\\\/uploads\\\/2021\\\/10\\\/battery-site-logo.jpg\",\"width\":1297,\"height\":465,\"caption\":\"Ahotech.com\"},\"image\":{\"@id\":\"https:\\\/\\\/www.ahotech.com\\\/es\\\/#\\\/schema\\\/logo\\\/image\\\/\"}}]}<\/script>\n<!-- \/ Yoast SEO plugin. -->","yoast_head_json":{"title":"Vandt\u00e6t batteri - Ahotech.com","description":"Longsing Technology fokuserer p\u00e5 tilpasning af batterier og kan opfylde kravene til batteriernes vandt\u00e6thed og andre krav. I betragtning af begr\u00e6nsningerne ved Internet of Things-udstyr i udend\u00f8rsmilj\u00f8er udvikler og producerer vi vandt\u00e6tte batterier for at sikre udstyrets vandt\u00e6tte ydeevne. Forsegl med epoxylim.","robots":{"index":"index","follow":"follow","max-snippet":"max-snippet:-1","max-image-preview":"max-image-preview:large","max-video-preview":"max-video-preview:-1"},"canonical":"https:\/\/www.ahotech.com\/da\/produkt\/vandtaet-batteri\/","og_locale":"da_DK","og_type":"article","og_title":"water proof battery - Ahotech.com","og_description":"Longsing Technology focuses on battery customization and can achieve battery waterproof and other requirements.In view of the limitations of the Internet of Things equipment in the outdoor environment, we develop and produce water proof battery to ensure the water proof performance of the equipment,Seal with epoxy glue.","og_url":"https:\/\/www.ahotech.com\/da\/produkt\/vandtaet-batteri\/","og_site_name":"Ahotech.com","article_modified_time":"2022-03-19T06:47:29+00:00","og_image":[{"width":800,"height":800,"url":"https:\/\/www.ahotech.com\/wp-content\/uploads\/2022\/03\/water-proof-battery.jpg","type":"image\/jpeg"}],"twitter_card":"summary_large_image","twitter_misc":{"Estimeret l\u00e6setid":"3 minutter"},"schema":{"@context":"https:\/\/schema.org","@graph":[{"@type":"WebPage","@id":"https:\/\/www.ahotech.com\/et\/product\/water-proof-battery\/","url":"https:\/\/www.ahotech.com\/et\/product\/water-proof-battery\/","name":"Vandt\u00e6t batteri - Ahotech.com","isPartOf":{"@id":"https:\/\/www.ahotech.com\/es\/#website"},"primaryImageOfPage":{"@id":"https:\/\/www.ahotech.com\/et\/product\/water-proof-battery\/#primaryimage"},"image":{"@id":"https:\/\/www.ahotech.com\/et\/product\/water-proof-battery\/#primaryimage"},"thumbnailUrl":"https:\/\/www.ahotech.com\/wp-content\/uploads\/2022\/03\/water-proof-battery.jpg","datePublished":"2022-03-19T06:27:52+00:00","dateModified":"2022-03-19T06:47:29+00:00","description":"Longsing Technology fokuserer p\u00e5 tilpasning af batterier og kan opfylde kravene til batteriernes vandt\u00e6thed og andre krav. I betragtning af begr\u00e6nsningerne ved Internet of Things-udstyr i udend\u00f8rsmilj\u00f8er udvikler og producerer vi vandt\u00e6tte batterier for at sikre udstyrets vandt\u00e6tte ydeevne. Forsegl med epoxylim.","breadcrumb":{"@id":"https:\/\/www.ahotech.com\/et\/product\/water-proof-battery\/#breadcrumb"},"inLanguage":"da-DK","potentialAction":[{"@type":"ReadAction","target":["https:\/\/www.ahotech.com\/et\/product\/water-proof-battery\/"]}]},{"@type":"ImageObject","inLanguage":"da-DK","@id":"https:\/\/www.ahotech.com\/et\/product\/water-proof-battery\/#primaryimage","url":"https:\/\/www.ahotech.com\/wp-content\/uploads\/2022\/03\/water-proof-battery.jpg","contentUrl":"https:\/\/www.ahotech.com\/wp-content\/uploads\/2022\/03\/water-proof-battery.jpg","width":800,"height":800,"caption":"water proof battery"},{"@type":"BreadcrumbList","@id":"https:\/\/www.ahotech.com\/et\/product\/water-proof-battery\/#breadcrumb","itemListElement":[{"@type":"ListItem","position":1,"name":"Home","item":"https:\/\/de.ahotech.com\/"},{"@type":"ListItem","position":2,"name":"Store","item":"https:\/\/de.ahotech.com\/speichern\/"},{"@type":"ListItem","position":3,"name":"water proof battery"}]},{"@type":"WebSite","@id":"https:\/\/www.ahotech.com\/es\/#website","url":"https:\/\/www.ahotech.com\/es\/","name":"Ahotech.com","description":"producenter af litiumbatterier","publisher":{"@id":"https:\/\/www.ahotech.com\/es\/#organization"},"potentialAction":[{"@type":"SearchAction","target":{"@type":"EntryPoint","urlTemplate":"https:\/\/www.ahotech.com\/es\/?s={search_term_string}"},"query-input":{"@type":"PropertyValueSpecification","valueRequired":true,"valueName":"search_term_string"}}],"inLanguage":"da-DK"},{"@type":"Organization","@id":"https:\/\/www.ahotech.com\/es\/#organization","name":"Ahotech.com","url":"https:\/\/www.ahotech.com\/es\/","logo":{"@type":"ImageObject","inLanguage":"da-DK","@id":"https:\/\/www.ahotech.com\/es\/#\/schema\/logo\/image\/","url":"https:\/\/www.ahotech.com\/wp-content\/uploads\/2021\/10\/battery-site-logo.jpg","contentUrl":"https:\/\/www.ahotech.com\/wp-content\/uploads\/2021\/10\/battery-site-logo.jpg","width":1297,"height":465,"caption":"Ahotech.com"},"image":{"@id":"https:\/\/www.ahotech.com\/es\/#\/schema\/logo\/image\/"}}]}},"_links":{"self":[{"href":"https:\/\/www.ahotech.com\/da\/wp-json\/wp\/v2\/product\/4601","targetHints":{"allow":["GET"]}}],"collection":[{"href":"https:\/\/www.ahotech.com\/da\/wp-json\/wp\/v2\/product"}],"about":[{"href":"https:\/\/www.ahotech.com\/da\/wp-json\/wp\/v2\/types\/product"}],"version-history":[{"count":1,"href":"https:\/\/www.ahotech.com\/da\/wp-json\/wp\/v2\/product\/4601\/revisions"}],"predecessor-version":[{"id":4608,"href":"https:\/\/www.ahotech.com\/da\/wp-json\/wp\/v2\/product\/4601\/revisions\/4608"}],"wp:featuredmedia":[{"embeddable":true,"href":"https:\/\/www.ahotech.com\/da\/wp-json\/wp\/v2\/media\/4605"}],"wp:attachment":[{"href":"https:\/\/www.ahotech.com\/da\/wp-json\/wp\/v2\/media?parent=4601"}],"wp:term":[{"taxonomy":"product_brand","embeddable":true,"href":"https:\/\/www.ahotech.com\/da\/wp-json\/wp\/v2\/product_brand?post=4601"},{"taxonomy":"product_cat","embeddable":true,"href":"https:\/\/www.ahotech.com\/da\/wp-json\/wp\/v2\/product_cat?post=4601"},{"taxonomy":"product_tag","embeddable":true,"href":"https:\/\/www.ahotech.com\/da\/wp-json\/wp\/v2\/product_tag?post=4601"}],"curies":[{"name":"wp","href":"https:\/\/api.w.org\/{rel}","templated":true}]}}