{"id":4587,"date":"2022-03-17T05:51:24","date_gmt":"2022-03-17T05:51:24","guid":{"rendered":"https:\/\/www.ahotech.com\/?post_type=product&#038;p=4587"},"modified":"2022-03-17T05:51:25","modified_gmt":"2022-03-17T05:51:25","slug":"producent-af-brugerdefinerede-batteripakker","status":"publish","type":"product","link":"https:\/\/www.ahotech.com\/da\/product\/custom-battery-pack-manufacturer\/","title":{"rendered":"producent af brugerdefinerede batteripakker"},"content":{"rendered":"<p><span class=\"tgt\" data-section=\"0\" data-sentence=\"0\" data-group=\"0-0\">Longsing Technology har v\u00e6ret dedikeret til forskning, udvikling og anvendelse af batteriteknologi til producent af brugerdefinerede batteripakker. Gennem kontinuerlig udvikling er virksomheden blevet udstyret med forskning og udvikling samt produktionskapacitet inden for prim\u00e6rt batteri (lithiumsulfurylchlorid), sekund\u00e6rt batteri (lithium-ion genopladeligt batteri).<\/span><span class=\"tgt\" data-section=\"0\" data-sentence=\"1\" data-group=\"0-1\"> Til brugerdefinerede batteripakkedesigns, brugerdefinerede batteripakker, <a href=\"https:\/\/www.ahotech.com\/da\/produkt\/3-stk-7v-lithiumbatteri-21700\/\">litiumbatterier<\/a>, genopladelige batterikomponenter, vi tilbyder alle dine skr\u00e6ddersyede batteribehov, vi kan levere str\u00f8mforsyningsl\u00f8sninger til applikationer, der kr\u00e6ver p\u00e5lidelig b\u00e6rbar drift i en r\u00e6kke forskellige standard og barske milj\u00f8er.<\/span><span class=\"tgt highlight\" data-section=\"0\" data-sentence=\"2\" data-group=\"0-2\"> Tilpassede lithiumbatterier bruges i vid udstr\u00e6kning inden for 3C forbrugerelektronik, medicinsk behandling, smart wear, offentlig sikkerhed, str\u00f8mkommunikation, str\u00f8mforsyning til biler, sikkerhedskommunikation, transportlogistik, kortl\u00e6gning, solcellelagring, politioverv\u00e5gning og specialfelter.<\/span><\/p>\n<p class=\"tgt\" data-section=\"0\"><span class=\"tgt\" data-section=\"0\" data-sentence=\"0\" data-group=\"0-0\">S\u00e5dan fungerer brugerdefinerede batteripakker:<\/span><\/p>\n<p class=\"tgt\" data-section=\"1\"><span class=\"tgt\" data-section=\"1\" data-sentence=\"0\" data-group=\"1-0\">Lithium-subbatterier er litiummetalbatterier med en energit\u00e6thed t\u00e6t p\u00e5 kulbrinte, hvilket er den fremtidige retning for batteriteknologi.<\/span><span class=\"tgt\" data-section=\"1\" data-sentence=\"1\" data-group=\"1-1\"> Den st\u00f8rste ulempe ved lithiumbatterier er den lave str\u00f8mafladning. ER34615 kan kun v\u00e6re 2mA, og under konstant temperatur og fugtighed ved stuetemperatur kan den teoretiske kapacitet n\u00e5 19Ah. Str\u00f8m- og temperatur\u00e6ndringer har en enorm indflydelse p\u00e5 ydeevnen, s\u00e5 det er generelt n\u00f8dvendigt at bruge udstyr med lav str\u00f8m.<\/span><span class=\"tgt highlight\" data-section=\"1\" data-sentence=\"2\" data-group=\"1-2\"> For at udnytte lithium-ion-batteriers kapacitet fuldt ud har Lonson Technology udviklet HPC. For at maksimere lithium-ion-batteriers ydeevne har IoT-batteripakker fordelen af batterier med lang levetid.<\/span><\/p>\n<p class=\"tgt\" data-section=\"0\"><span class=\"tgt\" data-section=\"0\" data-sentence=\"0\" data-group=\"0-0\">Ydeevneegenskaber:<\/span><\/p>\n<p class=\"tgt\" data-section=\"1\"><span class=\"tgt\" data-section=\"1\" data-sentence=\"0\" data-group=\"1-0\">H\u00f8j pulsstr\u00f8mskapacitet;<\/span><\/p>\n<p class=\"tgt\" data-section=\"2\"><span class=\"tgt\" data-section=\"2\" data-sentence=\"0\" data-group=\"2-0\">Hurtig sp\u00e6ndingsrespons (ingen sp\u00e6ndingsforsinkelse);<\/span><\/p>\n<p class=\"tgt\" data-section=\"3\"><span class=\"tgt\" data-section=\"3\" data-sentence=\"0\" data-group=\"3-0\">H\u00f8j p\u00e5lidelighed (lasersvejsning, glas-til-metal-t\u00e6tning, kan tilpasse sig v\u00e5de omgivelser, forhindre l\u00e6kage);<\/span><\/p>\n<p class=\"tgt\" data-section=\"4\"><span class=\"tgt\" data-section=\"4\" data-sentence=\"0\" data-group=\"4-0\">Fremragende opbevaring (10 \u00e5r);<\/span><\/p>\n<p class=\"tgt\" data-section=\"5\"><span class=\"tgt\" data-section=\"5\" data-sentence=\"0\" data-group=\"5-0\">Batteripakke med lang levetid, batteriets ydeevne er garanteret;<\/span><\/p>\n<p class=\"tgt\" data-section=\"6\"><span class=\"tgt\" data-section=\"6\" data-sentence=\"0\" data-group=\"6-0\">Ultralang levetid: 5000 100%DOD cyklusser;<\/span><\/p>\n<p class=\"tgt\" data-section=\"7\"><span class=\"tgt\" data-section=\"7\" data-sentence=\"0\" data-group=\"7-0\">Ekstrem lav temperatur kan v\u00e6re normal belastning af str\u00f8mforsyningen;<\/span><\/p>\n<p data-section=\"7\"><span class=\"tgt\" data-section=\"0\" data-sentence=\"0\" data-group=\"0-0\">Longsing Technology er en professionel producent af tilpassede batterier, der er sikre og p\u00e5lidelige, og som har opn\u00e5et eksplosionssikre kondensatorer gennem sikkerhedscertificering i USA og EU. Med hensyn til sikkerhedsbeskyttelse har alle HPC-serier best\u00e5et UL1642, og HPC-serien har best\u00e5et IEC62133-certificering.<\/span><span class=\"tgt\" data-section=\"0\" data-sentence=\"1\" data-group=\"0-1\"> Med hensyn til milj\u00f8beskyttelse: hele HPC-serien har best\u00e5et ti ROHS-tests;<\/span><span class=\"tgt\" data-section=\"0\" data-sentence=\"2\" data-group=\"0-2\"> Med hensyn til transport: ALLE HPC-serier har opn\u00e5et UN38.3 sikkerhedscertificering for transport;<\/span><\/p>\n<p data-section=\"7\">Vi er professionelle producenter af brugerdefinerede batteripakker i Kina, der har fokuseret p\u00e5 tilpasning af litiumbatterier i 22 \u00e5r. Med over 3000 produkter af h\u00f8j kvalitet inden for tilpasning af litiumbatterier er vi dedikeret til at levere mere konkurrencedygtige tilpasningsl\u00f8sninger og produkter til litiumbatterier til globale brugere.<\/p>","protected":false},"excerpt":{"rendered":"<p class=\"tgt\" data-section=\"0\"><span class=\"tgt\" data-section=\"0\" data-sentence=\"0\" data-group=\"0-0\">Produktmodel: ER34615-2S4P+HPC1550-2S2P<\/span><\/p>\n<p class=\"tgt\" data-section=\"1\"><span class=\"tgt\" data-section=\"1\" data-sentence=\"0\" data-group=\"1-0\">Nominel sp\u00e6nding (V): 7,2<\/span><\/p>\n<p class=\"tgt\" data-section=\"2\"><span class=\"tgt\" data-section=\"2\" data-sentence=\"0\" data-group=\"2-0\">Nominel kapacitet (mAh): 76000<\/span><\/p>\n<p class=\"tgt\" data-section=\"3\"><span class=\"tgt\" data-section=\"3\" data-sentence=\"0\" data-group=\"3-0\">Maksimal kontinuerlig afladningsstr\u00f8m (mA): 6A<\/span><\/p>\n<p class=\"tgt\" data-section=\"4\"><span class=\"tgt\" data-section=\"4\" data-sentence=\"0\" data-group=\"4-0\">Driftstemperatur (\u2103): -40~+85<\/span><\/p>\n<p class=\"tgt\" data-section=\"5\"><span class=\"tgt\" data-section=\"5\" data-sentence=\"0\" data-group=\"5-0\">\u00c5rlig selvafladningshastighed: &lt; 2%<\/span><\/p>","protected":false},"featured_media":4589,"template":"","meta":{"_acf_changed":false,"site-sidebar-layout":"default","site-content-layout":"default","ast-site-content-layout":"","site-content-style":"default","site-sidebar-style":"default","ast-global-header-display":"","ast-banner-title-visibility":"","ast-main-header-display":"","ast-hfb-above-header-display":"","ast-hfb-below-header-display":"","ast-hfb-mobile-header-display":"","site-post-title":"","ast-breadcrumbs-content":"","ast-featured-img":"","footer-sml-layout":"","theme-transparent-header-meta":"default","adv-header-id-meta":"","stick-header-meta":"","header-above-stick-meta":"","header-main-stick-meta":"","header-below-stick-meta":"","astra-migrate-meta-layouts":"default","ast-page-background-enabled":"default","ast-page-background-meta":{"desktop":{"background-color":"","background-image":"","background-repeat":"repeat","background-position":"center center","background-size":"auto","background-attachment":"scroll","background-type":"","background-media":"","overlay-type":"","overlay-color":"","overlay-opacity":"","overlay-gradient":""},"tablet":{"background-color":"","background-image":"","background-repeat":"repeat","background-position":"center center","background-size":"auto","background-attachment":"scroll","background-type":"","background-media":"","overlay-type":"","overlay-color":"","overlay-opacity":"","overlay-gradient":""},"mobile":{"background-color":"","background-image":"","background-repeat":"repeat","background-position":"center center","background-size":"auto","background-attachment":"scroll","background-type":"","background-media":"","overlay-type":"","overlay-color":"","overlay-opacity":"","overlay-gradient":""}},"ast-content-background-meta":{"desktop":{"background-color":"var(--ast-global-color-5)","background-image":"","background-repeat":"repeat","background-position":"center center","background-size":"auto","background-attachment":"scroll","background-type":"","background-media":"","overlay-type":"","overlay-color":"","overlay-opacity":"","overlay-gradient":""},"tablet":{"background-color":"var(--ast-global-color-5)","background-image":"","background-repeat":"repeat","background-position":"center center","background-size":"auto","background-attachment":"scroll","background-type":"","background-media":"","overlay-type":"","overlay-color":"","overlay-opacity":"","overlay-gradient":""},"mobile":{"background-color":"var(--ast-global-color-5)","background-image":"","background-repeat":"repeat","background-position":"center center","background-size":"auto","background-attachment":"scroll","background-type":"","background-media":"","overlay-type":"","overlay-color":"","overlay-opacity":"","overlay-gradient":""}}},"product_brand":[],"product_cat":[39],"product_tag":[],"class_list":{"0":"post-4587","1":"product","2":"type-product","3":"status-publish","4":"has-post-thumbnail","6":"product_cat-custom-iot-battery-pack","7":"desktop-align-left","8":"tablet-align-left","9":"mobile-align-left","11":"first","12":"instock","13":"shipping-taxable","14":"product-type-simple"},"acf":[],"yoast_head":"<!-- This site is optimized with the Yoast SEO plugin v27.3 - https:\/\/yoast.com\/product\/yoast-seo-wordpress\/ -->\n<title>custom battery pack manufacturer - Ahotech.com<\/title>\n<meta name=\"robots\" content=\"index, follow, max-snippet:-1, max-image-preview:large, max-video-preview:-1\" \/>\n<link rel=\"canonical\" href=\"https:\/\/www.ahotech.com\/da\/produkt\/producent-af-brugerdefinerede-batteripakker\/\" \/>\n<meta property=\"og:locale\" content=\"da_DK\" \/>\n<meta property=\"og:type\" content=\"article\" \/>\n<meta property=\"og:title\" content=\"custom battery pack manufacturer - Ahotech.com\" \/>\n<meta property=\"og:description\" content=\"Product model: ER34615-2S4P+HPC1550-2S2P Rated voltage (V) : 7.2 Nominal capacity (mAh) : 76000 Maximum continuous discharge current (mA):6A Operating temperature (\u2103) : -40~+85 Annual self-discharge rate: &lt; 2%\" \/>\n<meta property=\"og:url\" content=\"https:\/\/www.ahotech.com\/da\/produkt\/producent-af-brugerdefinerede-batteripakker\/\" \/>\n<meta property=\"og:site_name\" content=\"Ahotech.com\" \/>\n<meta property=\"article:modified_time\" content=\"2022-03-17T05:51:25+00:00\" \/>\n<meta property=\"og:image\" content=\"https:\/\/www.ahotech.com\/wp-content\/uploads\/2022\/03\/custom-battery-packs-1.jpg\" \/>\n\t<meta property=\"og:image:width\" content=\"800\" \/>\n\t<meta property=\"og:image:height\" content=\"800\" \/>\n\t<meta property=\"og:image:type\" content=\"image\/jpeg\" \/>\n<meta name=\"twitter:card\" content=\"summary_large_image\" \/>\n<meta name=\"twitter:label1\" content=\"Estimeret l\u00e6setid\" \/>\n\t<meta name=\"twitter:data1\" content=\"2 minutter\" \/>\n<script type=\"application\/ld+json\" class=\"yoast-schema-graph\">{\"@context\":\"https:\\\/\\\/schema.org\",\"@graph\":[{\"@type\":\"WebPage\",\"@id\":\"https:\\\/\\\/www.ahotech.com\\\/product\\\/custom-battery-pack-manufacturer\\\/\",\"url\":\"https:\\\/\\\/www.ahotech.com\\\/product\\\/custom-battery-pack-manufacturer\\\/\",\"name\":\"custom battery pack manufacturer - Ahotech.com\",\"isPartOf\":{\"@id\":\"https:\\\/\\\/www.ahotech.com\\\/es\\\/#website\"},\"primaryImageOfPage\":{\"@id\":\"https:\\\/\\\/www.ahotech.com\\\/product\\\/custom-battery-pack-manufacturer\\\/#primaryimage\"},\"image\":{\"@id\":\"https:\\\/\\\/www.ahotech.com\\\/product\\\/custom-battery-pack-manufacturer\\\/#primaryimage\"},\"thumbnailUrl\":\"https:\\\/\\\/www.ahotech.com\\\/wp-content\\\/uploads\\\/2022\\\/03\\\/custom-battery-packs-1.jpg\",\"datePublished\":\"2022-03-17T05:51:24+00:00\",\"dateModified\":\"2022-03-17T05:51:25+00:00\",\"breadcrumb\":{\"@id\":\"https:\\\/\\\/www.ahotech.com\\\/product\\\/custom-battery-pack-manufacturer\\\/#breadcrumb\"},\"inLanguage\":\"da-DK\",\"potentialAction\":[{\"@type\":\"ReadAction\",\"target\":[\"https:\\\/\\\/www.ahotech.com\\\/product\\\/custom-battery-pack-manufacturer\\\/\"]}]},{\"@type\":\"ImageObject\",\"inLanguage\":\"da-DK\",\"@id\":\"https:\\\/\\\/www.ahotech.com\\\/product\\\/custom-battery-pack-manufacturer\\\/#primaryimage\",\"url\":\"https:\\\/\\\/www.ahotech.com\\\/wp-content\\\/uploads\\\/2022\\\/03\\\/custom-battery-packs-1.jpg\",\"contentUrl\":\"https:\\\/\\\/www.ahotech.com\\\/wp-content\\\/uploads\\\/2022\\\/03\\\/custom-battery-packs-1.jpg\",\"width\":800,\"height\":800,\"caption\":\"custom battery packs\"},{\"@type\":\"BreadcrumbList\",\"@id\":\"https:\\\/\\\/www.ahotech.com\\\/product\\\/custom-battery-pack-manufacturer\\\/#breadcrumb\",\"itemListElement\":[{\"@type\":\"ListItem\",\"position\":1,\"name\":\"Home\",\"item\":\"https:\\\/\\\/www.ahotech.com\\\/es\\\/\"},{\"@type\":\"ListItem\",\"position\":2,\"name\":\"Store\",\"item\":\"https:\\\/\\\/www.ahotech.com\\\/es\\\/store\\\/\"},{\"@type\":\"ListItem\",\"position\":3,\"name\":\"custom battery pack manufacturer\"}]},{\"@type\":\"WebSite\",\"@id\":\"https:\\\/\\\/www.ahotech.com\\\/es\\\/#website\",\"url\":\"https:\\\/\\\/www.ahotech.com\\\/es\\\/\",\"name\":\"Ahotech.com\",\"description\":\"lithium battery manufacturers\",\"publisher\":{\"@id\":\"https:\\\/\\\/www.ahotech.com\\\/es\\\/#organization\"},\"potentialAction\":[{\"@type\":\"SearchAction\",\"target\":{\"@type\":\"EntryPoint\",\"urlTemplate\":\"https:\\\/\\\/www.ahotech.com\\\/es\\\/?s={search_term_string}\"},\"query-input\":{\"@type\":\"PropertyValueSpecification\",\"valueRequired\":true,\"valueName\":\"search_term_string\"}}],\"inLanguage\":\"da-DK\"},{\"@type\":\"Organization\",\"@id\":\"https:\\\/\\\/www.ahotech.com\\\/es\\\/#organization\",\"name\":\"Ahotech.com\",\"url\":\"https:\\\/\\\/www.ahotech.com\\\/es\\\/\",\"logo\":{\"@type\":\"ImageObject\",\"inLanguage\":\"da-DK\",\"@id\":\"https:\\\/\\\/www.ahotech.com\\\/es\\\/#\\\/schema\\\/logo\\\/image\\\/\",\"url\":\"https:\\\/\\\/www.ahotech.com\\\/wp-content\\\/uploads\\\/2021\\\/10\\\/battery-site-logo.jpg\",\"contentUrl\":\"https:\\\/\\\/www.ahotech.com\\\/wp-content\\\/uploads\\\/2021\\\/10\\\/battery-site-logo.jpg\",\"width\":1297,\"height\":465,\"caption\":\"Ahotech.com\"},\"image\":{\"@id\":\"https:\\\/\\\/www.ahotech.com\\\/es\\\/#\\\/schema\\\/logo\\\/image\\\/\"}}]}<\/script>\n<!-- \/ Yoast SEO plugin. -->","yoast_head_json":{"title":"producent af brugerdefinerede batteripakker - Ahotech.com","robots":{"index":"index","follow":"follow","max-snippet":"max-snippet:-1","max-image-preview":"max-image-preview:large","max-video-preview":"max-video-preview:-1"},"canonical":"https:\/\/www.ahotech.com\/da\/produkt\/producent-af-brugerdefinerede-batteripakker\/","og_locale":"da_DK","og_type":"article","og_title":"custom battery pack manufacturer - Ahotech.com","og_description":"Product model: ER34615-2S4P+HPC1550-2S2P Rated voltage (V) : 7.2 Nominal capacity (mAh) : 76000 Maximum continuous discharge current (mA):6A Operating temperature (\u2103) : -40~+85 Annual self-discharge rate: &lt; 2%","og_url":"https:\/\/www.ahotech.com\/da\/produkt\/producent-af-brugerdefinerede-batteripakker\/","og_site_name":"Ahotech.com","article_modified_time":"2022-03-17T05:51:25+00:00","og_image":[{"width":800,"height":800,"url":"https:\/\/www.ahotech.com\/wp-content\/uploads\/2022\/03\/custom-battery-packs-1.jpg","type":"image\/jpeg"}],"twitter_card":"summary_large_image","twitter_misc":{"Estimeret l\u00e6setid":"2 minutter"},"schema":{"@context":"https:\/\/schema.org","@graph":[{"@type":"WebPage","@id":"https:\/\/www.ahotech.com\/product\/custom-battery-pack-manufacturer\/","url":"https:\/\/www.ahotech.com\/product\/custom-battery-pack-manufacturer\/","name":"producent af brugerdefinerede batteripakker - Ahotech.com","isPartOf":{"@id":"https:\/\/www.ahotech.com\/es\/#website"},"primaryImageOfPage":{"@id":"https:\/\/www.ahotech.com\/product\/custom-battery-pack-manufacturer\/#primaryimage"},"image":{"@id":"https:\/\/www.ahotech.com\/product\/custom-battery-pack-manufacturer\/#primaryimage"},"thumbnailUrl":"https:\/\/www.ahotech.com\/wp-content\/uploads\/2022\/03\/custom-battery-packs-1.jpg","datePublished":"2022-03-17T05:51:24+00:00","dateModified":"2022-03-17T05:51:25+00:00","breadcrumb":{"@id":"https:\/\/www.ahotech.com\/product\/custom-battery-pack-manufacturer\/#breadcrumb"},"inLanguage":"da-DK","potentialAction":[{"@type":"ReadAction","target":["https:\/\/www.ahotech.com\/product\/custom-battery-pack-manufacturer\/"]}]},{"@type":"ImageObject","inLanguage":"da-DK","@id":"https:\/\/www.ahotech.com\/product\/custom-battery-pack-manufacturer\/#primaryimage","url":"https:\/\/www.ahotech.com\/wp-content\/uploads\/2022\/03\/custom-battery-packs-1.jpg","contentUrl":"https:\/\/www.ahotech.com\/wp-content\/uploads\/2022\/03\/custom-battery-packs-1.jpg","width":800,"height":800,"caption":"custom battery packs"},{"@type":"BreadcrumbList","@id":"https:\/\/www.ahotech.com\/product\/custom-battery-pack-manufacturer\/#breadcrumb","itemListElement":[{"@type":"ListItem","position":1,"name":"Home","item":"https:\/\/www.ahotech.com\/es\/"},{"@type":"ListItem","position":2,"name":"Store","item":"https:\/\/www.ahotech.com\/es\/store\/"},{"@type":"ListItem","position":3,"name":"custom battery pack manufacturer"}]},{"@type":"WebSite","@id":"https:\/\/www.ahotech.com\/es\/#website","url":"https:\/\/www.ahotech.com\/es\/","name":"Ahotech.com","description":"producenter af litiumbatterier","publisher":{"@id":"https:\/\/www.ahotech.com\/es\/#organization"},"potentialAction":[{"@type":"SearchAction","target":{"@type":"EntryPoint","urlTemplate":"https:\/\/www.ahotech.com\/es\/?s={search_term_string}"},"query-input":{"@type":"PropertyValueSpecification","valueRequired":true,"valueName":"search_term_string"}}],"inLanguage":"da-DK"},{"@type":"Organization","@id":"https:\/\/www.ahotech.com\/es\/#organization","name":"Ahotech.com","url":"https:\/\/www.ahotech.com\/es\/","logo":{"@type":"ImageObject","inLanguage":"da-DK","@id":"https:\/\/www.ahotech.com\/es\/#\/schema\/logo\/image\/","url":"https:\/\/www.ahotech.com\/wp-content\/uploads\/2021\/10\/battery-site-logo.jpg","contentUrl":"https:\/\/www.ahotech.com\/wp-content\/uploads\/2021\/10\/battery-site-logo.jpg","width":1297,"height":465,"caption":"Ahotech.com"},"image":{"@id":"https:\/\/www.ahotech.com\/es\/#\/schema\/logo\/image\/"}}]}},"_links":{"self":[{"href":"https:\/\/www.ahotech.com\/da\/wp-json\/wp\/v2\/product\/4587","targetHints":{"allow":["GET"]}}],"collection":[{"href":"https:\/\/www.ahotech.com\/da\/wp-json\/wp\/v2\/product"}],"about":[{"href":"https:\/\/www.ahotech.com\/da\/wp-json\/wp\/v2\/types\/product"}],"version-history":[{"count":1,"href":"https:\/\/www.ahotech.com\/da\/wp-json\/wp\/v2\/product\/4587\/revisions"}],"predecessor-version":[{"id":4593,"href":"https:\/\/www.ahotech.com\/da\/wp-json\/wp\/v2\/product\/4587\/revisions\/4593"}],"wp:featuredmedia":[{"embeddable":true,"href":"https:\/\/www.ahotech.com\/da\/wp-json\/wp\/v2\/media\/4589"}],"wp:attachment":[{"href":"https:\/\/www.ahotech.com\/da\/wp-json\/wp\/v2\/media?parent=4587"}],"wp:term":[{"taxonomy":"product_brand","embeddable":true,"href":"https:\/\/www.ahotech.com\/da\/wp-json\/wp\/v2\/product_brand?post=4587"},{"taxonomy":"product_cat","embeddable":true,"href":"https:\/\/www.ahotech.com\/da\/wp-json\/wp\/v2\/product_cat?post=4587"},{"taxonomy":"product_tag","embeddable":true,"href":"https:\/\/www.ahotech.com\/da\/wp-json\/wp\/v2\/product_tag?post=4587"}],"curies":[{"name":"wp","href":"https:\/\/api.w.org\/{rel}","templated":true}]}}