{"id":4502,"date":"2022-03-12T06:34:43","date_gmt":"2022-03-12T06:34:43","guid":{"rendered":"https:\/\/www.ahotech.com\/?post_type=product&#038;p=4502"},"modified":"2022-03-12T06:34:44","modified_gmt":"2022-03-12T06:34:44","slug":"hojkapacitets-vs-ydeevnebatterier-er34615-3-6v","status":"publish","type":"product","link":"https:\/\/www.ahotech.com\/da\/product\/high-capacity-vs-performance-batteries-er34615-3-6v\/","title":{"rendered":"H\u00f8jkapacitets vs. ydeevnebatterier er34615 3,6V"},"content":{"rendered":"<p>H\u00f8jkapacitets- vs. ydende batterier. De samles generelt af flere celler for at opn\u00e5 den kundespecificerede kapacitet og im\u00f8dekomme udstyrets ydeevne.<\/p>\n<p><span class=\"tgt\" data-section=\"0\" data-sentence=\"0\" data-group=\"0-0\">Longsing Technologies blev grundlagt i 2000 og har v\u00e6ret dedikeret til forskning, udvikling og anvendelse af batteriteknologi.<\/span><span class=\"tgt\" data-section=\"0\" data-sentence=\"1\" data-group=\"0-1\"> Virksomheden har et prim\u00e6rt batteri (<a href=\"https:\/\/www.ahotech.com\/da\/produkt\/omnicel-er34615-batteri-er34615-litiumbatteri\/\">lithiumsulfurylchlorid<\/a>), sekund\u00e6rt batteri <a href=\"https:\/\/www.ahotech.com\/da\/produkt\/hybrid-capacitor-battery-1550\/\">HPC<\/a> (genopladeligt lithium-ion-batteri) forskning og udvikling, produktionskapacitet.<\/span><span class=\"tgt\" data-section=\"0\" data-sentence=\"2\" data-group=\"0-2\"> I de senere \u00e5r har virksomheden, takket v\u00e6re moderselskabet i Hong Kong og aktivt samarbejde med internationale videnskabelige forskningsinstitutioner, med succes udviklet et Internet of Things-batteri med bred temperatur (best\u00e5ende af et lithiumthionylchlorid-batteri parallelt med en kompositpulskondensator), der kan fungere stabilt i temperaturomr\u00e5det -40 \u2103-+85 \u2103 og dermed bryde igennem de tekniske krav til lithium-ion-batterier og lithiumthionylchlorid-batterier.<\/span><span class=\"tgt\" data-section=\"0\" data-sentence=\"3\" data-group=\"0-3\"> Og ans\u00f8gte om mere end 30 opfindelsespatenter.<\/span><span class=\"tgt\" data-section=\"0\" data-sentence=\"4\" data-group=\"0-4\"> Vi vil forts\u00e6tte med at innovere og udvikle nye produkter for at im\u00f8dekomme behovene i den fremtidige udvikling af Internet of Things-teknologien.<\/span><span class=\"tgt highlight\" data-section=\"0\" data-sentence=\"5\" data-group=\"0-5\"> S\u00e5som intelligent transport, containerintelligente systemer, GPS-positioneringssystem, havbundspositionering, logistik og transportsystemer.<\/span><\/p>\n<p class=\"tgt\" data-section=\"0\"><span class=\"tgt\" data-section=\"0\" data-sentence=\"0\" data-group=\"0-0\">H\u00f8jkapacitetsbatteriets ydeevneegenskaber:<\/span><\/p>\n<p class=\"tgt\" data-section=\"1\"><span class=\"tgt\" data-section=\"1\" data-sentence=\"0\" data-group=\"1-0\">Batterier med h\u00f8j kapacitet vs. ydeevne, batteripakke med lang levetid, batteriets ydeevne ved periodens udgang er garanteret;<\/span><\/p>\n<p class=\"tgt\" data-section=\"2\"><span class=\"tgt\" data-section=\"2\" data-sentence=\"0\" data-group=\"2-0\">Kontinuerlig udladning;<\/span><\/p>\n<p class=\"tgt\" data-section=\"3\"><span class=\"tgt\" data-section=\"3\" data-sentence=\"0\" data-group=\"3-0\">Hurtig sp\u00e6ndingsrespons;<\/span><\/p>\n<p class=\"tgt\" data-section=\"4\"><span class=\"tgt\" data-section=\"4\" data-sentence=\"0\" data-group=\"4-0\">H\u00f8j p\u00e5lidelighed (lasersvejsning, glas-til-metal-t\u00e6tning, kan tilpasse sig v\u00e5de omgivelser, forhindre l\u00e6kage);<\/span><\/p>\n<p class=\"tgt\" data-section=\"5\"><span class=\"tgt\" data-section=\"5\" data-sentence=\"0\" data-group=\"5-0\">Fremragende opbevaring (10 \u00e5r);<\/span><\/p>\n<p class=\"tgt\" data-section=\"6\"><span class=\"tgt\" data-section=\"6\" data-sentence=\"0\" data-group=\"6-0\">Ekstrem lav temperatur kan v\u00e6re normal belastning af str\u00f8mforsyningen;<\/span><\/p>\n<p data-section=\"6\"><span class=\"tgt\" data-section=\"0\" data-sentence=\"0\" data-group=\"0-0\">Milit\u00e6r monteringsproces for lithium-thionylchloridbatterier med h\u00f8j kapacitet: Lithiumbatteriets specielle design, lange produktionstider i n\u00f8je overensstemmelse med milit\u00e6rteknologi. F\u00f8r montering skal man v\u00e6lge sp\u00e6nding og indre modstand for lithiumbatterier, kontrollere batteriets konsistens og stabilitet og undg\u00e5 batteristatus, n\u00e5r man bruger et af monomerbatterierne, hvilket medf\u00f8rer risiko for ulykker.<\/span><span class=\"tgt\" data-section=\"0\" data-sentence=\"1\" data-group=\"0-1\"> Lansen kontrollerer n\u00f8je kvaliteten af hver batterigruppe f\u00f8r forsendelse, s\u00e5som: belastningssp\u00e6nding, tomgangssp\u00e6nding, batteriets indre modstand og andre kvalitetskontroller;<\/span><\/p>\n<p data-section=\"6\">Hvis din enhed stadig har brug for mere str\u00f8m til at uploade kommunikationsdata til baggrunden, kan du samle lithiumthionylchlorid-batteriet sammen med den sammensatte pulskondensator HPC, hvilket kan forl\u00e6nge din enheds levetid, opretholde h\u00f8j str\u00f8mpuls, sp\u00e6ndingsstabilitet og h\u00f8j str\u00f8mafladning ved lav temperatur -40\u00b0.<\/p>","protected":false},"excerpt":{"rendered":"<p class=\"tgt\" data-section=\"0\"><span class=\"tgt\" data-section=\"0\" data-sentence=\"0\" data-group=\"0-0\">Produktmodel: ER34615-4P<\/span><\/p>\n<p class=\"tgt\" data-section=\"1\"><span class=\"tgt\" data-section=\"1\" data-sentence=\"0\" data-group=\"1-0\">IEC-model: D<\/span><\/p>\n<p class=\"tgt\" data-section=\"2\"><span class=\"tgt\" data-section=\"2\" data-sentence=\"0\" data-group=\"2-0\">Nominel sp\u00e6nding (V): 3,6<\/span><\/p>\n<p class=\"tgt\" data-section=\"3\"><span class=\"tgt\" data-section=\"3\" data-sentence=\"0\" data-group=\"3-0\">Kapacitet \\ Str\u00f8m (mAh \\ mA): 76000 \\ 5<\/span><\/p>\n<p class=\"tgt\" data-section=\"4\"><span class=\"tgt\" data-section=\"4\" data-sentence=\"0\" data-group=\"4-0\">Maksimal kontinuerlig afladningsstr\u00f8m (mA): 150<\/span><\/p>\n<p class=\"tgt\" data-section=\"5\"><span class=\"tgt\" data-section=\"5\" data-sentence=\"0\" data-group=\"5-0\">Driftstemperatur (\u2103): -55~+85<\/span><\/p>\n<p class=\"tgt\" data-section=\"6\"><span class=\"tgt\" data-section=\"6\" data-sentence=\"0\" data-group=\"6-0\">Termineringssp\u00e6nding (V): 2,0<\/span><\/p>\n<p class=\"tgt\" data-section=\"7\"><span class=\"tgt\" data-section=\"7\" data-sentence=\"0\" data-group=\"7-0\">\u00c5rlig selvafladningshastighed: &lt; 2%<\/span><\/p>","protected":false},"featured_media":4504,"template":"","meta":{"_acf_changed":false,"site-sidebar-layout":"default","site-content-layout":"default","ast-site-content-layout":"","site-content-style":"default","site-sidebar-style":"default","ast-global-header-display":"","ast-banner-title-visibility":"","ast-main-header-display":"","ast-hfb-above-header-display":"","ast-hfb-below-header-display":"","ast-hfb-mobile-header-display":"","site-post-title":"","ast-breadcrumbs-content":"","ast-featured-img":"","footer-sml-layout":"","theme-transparent-header-meta":"default","adv-header-id-meta":"","stick-header-meta":"","header-above-stick-meta":"","header-main-stick-meta":"","header-below-stick-meta":"","astra-migrate-meta-layouts":"default","ast-page-background-enabled":"default","ast-page-background-meta":{"desktop":{"background-color":"","background-image":"","background-repeat":"repeat","background-position":"center center","background-size":"auto","background-attachment":"scroll","background-type":"","background-media":"","overlay-type":"","overlay-color":"","overlay-opacity":"","overlay-gradient":""},"tablet":{"background-color":"","background-image":"","background-repeat":"repeat","background-position":"center center","background-size":"auto","background-attachment":"scroll","background-type":"","background-media":"","overlay-type":"","overlay-color":"","overlay-opacity":"","overlay-gradient":""},"mobile":{"background-color":"","background-image":"","background-repeat":"repeat","background-position":"center center","background-size":"auto","background-attachment":"scroll","background-type":"","background-media":"","overlay-type":"","overlay-color":"","overlay-opacity":"","overlay-gradient":""}},"ast-content-background-meta":{"desktop":{"background-color":"var(--ast-global-color-5)","background-image":"","background-repeat":"repeat","background-position":"center center","background-size":"auto","background-attachment":"scroll","background-type":"","background-media":"","overlay-type":"","overlay-color":"","overlay-opacity":"","overlay-gradient":""},"tablet":{"background-color":"var(--ast-global-color-5)","background-image":"","background-repeat":"repeat","background-position":"center center","background-size":"auto","background-attachment":"scroll","background-type":"","background-media":"","overlay-type":"","overlay-color":"","overlay-opacity":"","overlay-gradient":""},"mobile":{"background-color":"var(--ast-global-color-5)","background-image":"","background-repeat":"repeat","background-position":"center center","background-size":"auto","background-attachment":"scroll","background-type":"","background-media":"","overlay-type":"","overlay-color":"","overlay-opacity":"","overlay-gradient":""}}},"product_brand":[],"product_cat":[39],"product_tag":[],"class_list":{"0":"post-4502","1":"product","2":"type-product","3":"status-publish","4":"has-post-thumbnail","6":"product_cat-custom-iot-battery-pack","7":"desktop-align-left","8":"tablet-align-left","9":"mobile-align-left","11":"first","12":"instock","13":"shipping-taxable","14":"product-type-simple"},"acf":[],"yoast_head":"<!-- This site is optimized with the Yoast SEO plugin v27.3 - https:\/\/yoast.com\/product\/yoast-seo-wordpress\/ -->\n<title>high capacity vs performance batteries er34615 3.6V - Ahotech.com<\/title>\n<meta name=\"robots\" content=\"index, follow, max-snippet:-1, max-image-preview:large, max-video-preview:-1\" \/>\n<link rel=\"canonical\" href=\"https:\/\/www.ahotech.com\/da\/produkt\/hojkapacitets-vs-ydeevnebatterier-er34615-3-6v\/\" \/>\n<meta property=\"og:locale\" content=\"da_DK\" \/>\n<meta property=\"og:type\" content=\"article\" \/>\n<meta property=\"og:title\" content=\"high capacity vs performance batteries er34615 3.6V - Ahotech.com\" \/>\n<meta property=\"og:description\" content=\"Product Model: ER34615-4P IEC model: D Rated voltage (V) : 3.6 Capacity  Current (mAhmA) : 760005 Maximum continuous discharge current (mA) : 150 Operating temperature (\u2103) : -55~+85 Termination voltage (V) : 2.0 Annual self-discharge rate: &lt; 2%\" \/>\n<meta property=\"og:url\" content=\"https:\/\/www.ahotech.com\/da\/produkt\/hojkapacitets-vs-ydeevnebatterier-er34615-3-6v\/\" \/>\n<meta property=\"og:site_name\" content=\"Ahotech.com\" \/>\n<meta property=\"article:modified_time\" content=\"2022-03-12T06:34:44+00:00\" \/>\n<meta property=\"og:image\" content=\"https:\/\/www.ahotech.com\/wp-content\/uploads\/2022\/03\/high-capacity-vs-performance-batteries.jpg\" \/>\n\t<meta property=\"og:image:width\" content=\"800\" \/>\n\t<meta property=\"og:image:height\" content=\"800\" \/>\n\t<meta property=\"og:image:type\" content=\"image\/jpeg\" \/>\n<meta name=\"twitter:card\" content=\"summary_large_image\" \/>\n<meta name=\"twitter:label1\" content=\"Estimeret l\u00e6setid\" \/>\n\t<meta name=\"twitter:data1\" content=\"2 minutter\" \/>\n<script type=\"application\/ld+json\" class=\"yoast-schema-graph\">{\"@context\":\"https:\\\/\\\/schema.org\",\"@graph\":[{\"@type\":\"WebPage\",\"@id\":\"https:\\\/\\\/www.ahotech.com\\\/es\\\/product\\\/high-capacity-vs-performance-batteries-er34615-3-6v\\\/\",\"url\":\"https:\\\/\\\/www.ahotech.com\\\/es\\\/product\\\/high-capacity-vs-performance-batteries-er34615-3-6v\\\/\",\"name\":\"high capacity vs performance batteries er34615 3.6V - Ahotech.com\",\"isPartOf\":{\"@id\":\"https:\\\/\\\/de.ahotech.com\\\/#website\"},\"primaryImageOfPage\":{\"@id\":\"https:\\\/\\\/www.ahotech.com\\\/es\\\/product\\\/high-capacity-vs-performance-batteries-er34615-3-6v\\\/#primaryimage\"},\"image\":{\"@id\":\"https:\\\/\\\/www.ahotech.com\\\/es\\\/product\\\/high-capacity-vs-performance-batteries-er34615-3-6v\\\/#primaryimage\"},\"thumbnailUrl\":\"https:\\\/\\\/www.ahotech.com\\\/wp-content\\\/uploads\\\/2022\\\/03\\\/high-capacity-vs-performance-batteries.jpg\",\"datePublished\":\"2022-03-12T06:34:43+00:00\",\"dateModified\":\"2022-03-12T06:34:44+00:00\",\"breadcrumb\":{\"@id\":\"https:\\\/\\\/www.ahotech.com\\\/es\\\/product\\\/high-capacity-vs-performance-batteries-er34615-3-6v\\\/#breadcrumb\"},\"inLanguage\":\"da-DK\",\"potentialAction\":[{\"@type\":\"ReadAction\",\"target\":[\"https:\\\/\\\/www.ahotech.com\\\/es\\\/product\\\/high-capacity-vs-performance-batteries-er34615-3-6v\\\/\"]}]},{\"@type\":\"ImageObject\",\"inLanguage\":\"da-DK\",\"@id\":\"https:\\\/\\\/www.ahotech.com\\\/es\\\/product\\\/high-capacity-vs-performance-batteries-er34615-3-6v\\\/#primaryimage\",\"url\":\"https:\\\/\\\/www.ahotech.com\\\/wp-content\\\/uploads\\\/2022\\\/03\\\/high-capacity-vs-performance-batteries.jpg\",\"contentUrl\":\"https:\\\/\\\/www.ahotech.com\\\/wp-content\\\/uploads\\\/2022\\\/03\\\/high-capacity-vs-performance-batteries.jpg\",\"width\":800,\"height\":800,\"caption\":\"high capacity vs performance batteries\"},{\"@type\":\"BreadcrumbList\",\"@id\":\"https:\\\/\\\/www.ahotech.com\\\/es\\\/product\\\/high-capacity-vs-performance-batteries-er34615-3-6v\\\/#breadcrumb\",\"itemListElement\":[{\"@type\":\"ListItem\",\"position\":1,\"name\":\"Home\",\"item\":\"https:\\\/\\\/de.ahotech.com\\\/\"},{\"@type\":\"ListItem\",\"position\":2,\"name\":\"Store\",\"item\":\"https:\\\/\\\/www.ahotech.com\\\/ru\\\/%d0%bc%d0%b0%d0%b3%d0%b0%d0%b7%d0%b8%d0%bd\\\/\"},{\"@type\":\"ListItem\",\"position\":3,\"name\":\"high capacity vs performance batteries er34615 3.6V\"}]},{\"@type\":\"WebSite\",\"@id\":\"https:\\\/\\\/de.ahotech.com\\\/#website\",\"url\":\"https:\\\/\\\/de.ahotech.com\\\/\",\"name\":\"Ahotech.com\",\"description\":\"lithium battery manufacturers\",\"publisher\":{\"@id\":\"https:\\\/\\\/de.ahotech.com\\\/#organization\"},\"potentialAction\":[{\"@type\":\"SearchAction\",\"target\":{\"@type\":\"EntryPoint\",\"urlTemplate\":\"https:\\\/\\\/de.ahotech.com\\\/?s={search_term_string}\"},\"query-input\":{\"@type\":\"PropertyValueSpecification\",\"valueRequired\":true,\"valueName\":\"search_term_string\"}}],\"inLanguage\":\"da-DK\"},{\"@type\":\"Organization\",\"@id\":\"https:\\\/\\\/de.ahotech.com\\\/#organization\",\"name\":\"Ahotech.com\",\"url\":\"https:\\\/\\\/de.ahotech.com\\\/\",\"logo\":{\"@type\":\"ImageObject\",\"inLanguage\":\"da-DK\",\"@id\":\"https:\\\/\\\/de.ahotech.com\\\/#\\\/schema\\\/logo\\\/image\\\/\",\"url\":\"https:\\\/\\\/www.ahotech.com\\\/wp-content\\\/uploads\\\/2021\\\/10\\\/battery-site-logo.jpg\",\"contentUrl\":\"https:\\\/\\\/www.ahotech.com\\\/wp-content\\\/uploads\\\/2021\\\/10\\\/battery-site-logo.jpg\",\"width\":1297,\"height\":465,\"caption\":\"Ahotech.com\"},\"image\":{\"@id\":\"https:\\\/\\\/de.ahotech.com\\\/#\\\/schema\\\/logo\\\/image\\\/\"}}]}<\/script>\n<!-- \/ Yoast SEO plugin. -->","yoast_head_json":{"title":"H\u00f8jkapacitets vs. ydeevnebatterier er34615 3,6V - Ahotech.com","robots":{"index":"index","follow":"follow","max-snippet":"max-snippet:-1","max-image-preview":"max-image-preview:large","max-video-preview":"max-video-preview:-1"},"canonical":"https:\/\/www.ahotech.com\/da\/produkt\/hojkapacitets-vs-ydeevnebatterier-er34615-3-6v\/","og_locale":"da_DK","og_type":"article","og_title":"high capacity vs performance batteries er34615 3.6V - Ahotech.com","og_description":"Product Model: ER34615-4P IEC model: D Rated voltage (V) : 3.6 Capacity  Current (mAhmA) : 760005 Maximum continuous discharge current (mA) : 150 Operating temperature (\u2103) : -55~+85 Termination voltage (V) : 2.0 Annual self-discharge rate: &lt; 2%","og_url":"https:\/\/www.ahotech.com\/da\/produkt\/hojkapacitets-vs-ydeevnebatterier-er34615-3-6v\/","og_site_name":"Ahotech.com","article_modified_time":"2022-03-12T06:34:44+00:00","og_image":[{"width":800,"height":800,"url":"https:\/\/www.ahotech.com\/wp-content\/uploads\/2022\/03\/high-capacity-vs-performance-batteries.jpg","type":"image\/jpeg"}],"twitter_card":"summary_large_image","twitter_misc":{"Estimeret l\u00e6setid":"2 minutter"},"schema":{"@context":"https:\/\/schema.org","@graph":[{"@type":"WebPage","@id":"https:\/\/www.ahotech.com\/es\/product\/high-capacity-vs-performance-batteries-er34615-3-6v\/","url":"https:\/\/www.ahotech.com\/es\/product\/high-capacity-vs-performance-batteries-er34615-3-6v\/","name":"H\u00f8jkapacitets vs. ydeevnebatterier er34615 3,6V - Ahotech.com","isPartOf":{"@id":"https:\/\/de.ahotech.com\/#website"},"primaryImageOfPage":{"@id":"https:\/\/www.ahotech.com\/es\/product\/high-capacity-vs-performance-batteries-er34615-3-6v\/#primaryimage"},"image":{"@id":"https:\/\/www.ahotech.com\/es\/product\/high-capacity-vs-performance-batteries-er34615-3-6v\/#primaryimage"},"thumbnailUrl":"https:\/\/www.ahotech.com\/wp-content\/uploads\/2022\/03\/high-capacity-vs-performance-batteries.jpg","datePublished":"2022-03-12T06:34:43+00:00","dateModified":"2022-03-12T06:34:44+00:00","breadcrumb":{"@id":"https:\/\/www.ahotech.com\/es\/product\/high-capacity-vs-performance-batteries-er34615-3-6v\/#breadcrumb"},"inLanguage":"da-DK","potentialAction":[{"@type":"ReadAction","target":["https:\/\/www.ahotech.com\/es\/product\/high-capacity-vs-performance-batteries-er34615-3-6v\/"]}]},{"@type":"ImageObject","inLanguage":"da-DK","@id":"https:\/\/www.ahotech.com\/es\/product\/high-capacity-vs-performance-batteries-er34615-3-6v\/#primaryimage","url":"https:\/\/www.ahotech.com\/wp-content\/uploads\/2022\/03\/high-capacity-vs-performance-batteries.jpg","contentUrl":"https:\/\/www.ahotech.com\/wp-content\/uploads\/2022\/03\/high-capacity-vs-performance-batteries.jpg","width":800,"height":800,"caption":"high capacity vs performance batteries"},{"@type":"BreadcrumbList","@id":"https:\/\/www.ahotech.com\/es\/product\/high-capacity-vs-performance-batteries-er34615-3-6v\/#breadcrumb","itemListElement":[{"@type":"ListItem","position":1,"name":"Home","item":"https:\/\/de.ahotech.com\/"},{"@type":"ListItem","position":2,"name":"Store","item":"https:\/\/www.ahotech.com\/ru\/%d0%bc%d0%b0%d0%b3%d0%b0%d0%b7%d0%b8%d0%bd\/"},{"@type":"ListItem","position":3,"name":"high capacity vs performance batteries er34615 3.6V"}]},{"@type":"WebSite","@id":"https:\/\/de.ahotech.com\/#website","url":"https:\/\/de.ahotech.com\/","name":"Ahotech.com","description":"producenter af litiumbatterier","publisher":{"@id":"https:\/\/de.ahotech.com\/#organization"},"potentialAction":[{"@type":"SearchAction","target":{"@type":"EntryPoint","urlTemplate":"https:\/\/de.ahotech.com\/?s={search_term_string}"},"query-input":{"@type":"PropertyValueSpecification","valueRequired":true,"valueName":"search_term_string"}}],"inLanguage":"da-DK"},{"@type":"Organization","@id":"https:\/\/de.ahotech.com\/#organization","name":"Ahotech.com","url":"https:\/\/de.ahotech.com\/","logo":{"@type":"ImageObject","inLanguage":"da-DK","@id":"https:\/\/de.ahotech.com\/#\/schema\/logo\/image\/","url":"https:\/\/www.ahotech.com\/wp-content\/uploads\/2021\/10\/battery-site-logo.jpg","contentUrl":"https:\/\/www.ahotech.com\/wp-content\/uploads\/2021\/10\/battery-site-logo.jpg","width":1297,"height":465,"caption":"Ahotech.com"},"image":{"@id":"https:\/\/de.ahotech.com\/#\/schema\/logo\/image\/"}}]}},"_links":{"self":[{"href":"https:\/\/www.ahotech.com\/da\/wp-json\/wp\/v2\/product\/4502","targetHints":{"allow":["GET"]}}],"collection":[{"href":"https:\/\/www.ahotech.com\/da\/wp-json\/wp\/v2\/product"}],"about":[{"href":"https:\/\/www.ahotech.com\/da\/wp-json\/wp\/v2\/types\/product"}],"version-history":[{"count":1,"href":"https:\/\/www.ahotech.com\/da\/wp-json\/wp\/v2\/product\/4502\/revisions"}],"predecessor-version":[{"id":4509,"href":"https:\/\/www.ahotech.com\/da\/wp-json\/wp\/v2\/product\/4502\/revisions\/4509"}],"wp:featuredmedia":[{"embeddable":true,"href":"https:\/\/www.ahotech.com\/da\/wp-json\/wp\/v2\/media\/4504"}],"wp:attachment":[{"href":"https:\/\/www.ahotech.com\/da\/wp-json\/wp\/v2\/media?parent=4502"}],"wp:term":[{"taxonomy":"product_brand","embeddable":true,"href":"https:\/\/www.ahotech.com\/da\/wp-json\/wp\/v2\/product_brand?post=4502"},{"taxonomy":"product_cat","embeddable":true,"href":"https:\/\/www.ahotech.com\/da\/wp-json\/wp\/v2\/product_cat?post=4502"},{"taxonomy":"product_tag","embeddable":true,"href":"https:\/\/www.ahotech.com\/da\/wp-json\/wp\/v2\/product_tag?post=4502"}],"curies":[{"name":"wp","href":"https:\/\/api.w.org\/{rel}","templated":true}]}}