{"id":4459,"date":"2022-03-07T08:22:00","date_gmt":"2022-03-07T08:22:00","guid":{"rendered":"https:\/\/www.ahotech.com\/?post_type=product&#038;p=4459"},"modified":"2022-04-01T05:47:36","modified_gmt":"2022-04-01T05:47:36","slug":"laengstvarende-batteri","status":"publish","type":"product","link":"https:\/\/www.ahotech.com\/da\/product\/longest-lasting-battery\/","title":{"rendered":"l\u00e6ngstvarende batteri"},"content":{"rendered":"<p class=\"tgt\" data-section=\"0\"><span class=\"tgt\" data-section=\"0\" data-sentence=\"0\" data-group=\"0-0\">Leder du efter et batteri med l\u00e6ngst levetid? Du kan l\u00e6se om dets IoT-batteripakkes funktionsprincip:<\/span><\/p>\n<p class=\"tgt\" data-section=\"1\"><span class=\"tgt\" data-section=\"1\" data-sentence=\"0\" data-group=\"1-0\">Lithium-subbatterier er litiummetalbatterier med en energit\u00e6thed t\u00e6t p\u00e5 kulbrinte, hvilket er den fremtidige retning for batteriteknologi.<\/span><\/p>\n<p class=\"tgt\" data-section=\"2\"><span class=\"tgt\" data-section=\"2\" data-sentence=\"0\" data-group=\"2-0\">Den st\u00f8rste ulempe ved lithiumbatterier er den lave str\u00f8mafladning. ER34615 kan kun v\u00e6re 2mA, og under konstant temperatur og fugtighed ved stuetemperatur kan den teoretiske kapacitet n\u00e5 19Ah. Str\u00f8m- og temperatur\u00e6ndringer har en enorm indflydelse p\u00e5 ydeevnen, s\u00e5 det er generelt n\u00f8dvendigt at bruge udstyr med lav str\u00f8m.<\/span><\/p>\n<p data-section=\"2\"><span class=\"tgt\" data-section=\"0\" data-sentence=\"0\" data-group=\"0-0\"><a href=\"https:\/\/www.ahotech.com\/da\/produkt\/omnicel-er34615-batteri-er34615-litiumbatteri\/\">ER34615<\/a> batteri og HPC1550 parallelt, de to sp\u00e6ndinger er altid den samme, ekstern str\u00f8mforsyning, <a href=\"https:\/\/www.ahotech.com\/da\/produkt\/hybrid-capacitor-battery-1550\/\">HPC1550<\/a> b\u00e6re det meste af den nuv\u00e6rende produktion;<\/span><span class=\"tgt\" data-section=\"0\" data-sentence=\"1\" data-group=\"0-1\"> N\u00e5r den arbejder statisk, har ER34615&#039;s tomgangssp\u00e6nding en tendens til at stige og vil \u00f8jeblikkeligt danne en sp\u00e6ndingsforskel med kondensatoren, hvilket danner en ladning, men dette er kun et balancepunkt.<\/span><span class=\"tgt\" data-section=\"0\" data-sentence=\"2\" data-group=\"0-2\"> P\u00e5 denne m\u00e5de \u00f8ger ER gentagne gange sp\u00e6ndingen i hele batteripakken, indtil sp\u00e6ndingen n\u00e5r 3,66 V, og den ikke l\u00e6ngere kan tr\u00e6kkes og afbalanceres.<\/span><span class=\"tgt\" data-section=\"0\" data-sentence=\"3\" data-group=\"0-3\"> F\u00f8r den n\u00e6ste puls ankommer, skyller ER34615 HPC1550 til den passende sp\u00e6nding, da HPC&#039;ens afladningskapacitet svarer til sp\u00e6ndingen.<\/span><span class=\"tgt\" data-section=\"0\" data-sentence=\"4\" data-group=\"0-4\"> Denne cyklus gentages, indtil ER-batteriets kapacitet er opbrugt, hvilket sikrer, at batteripakkens lange levetid og afladningskapacitet ligger inden for det estimerede omr\u00e5de.<\/span><\/p>\n<p class=\"tgt\" data-section=\"0\"><span class=\"tgt\" data-section=\"0\" data-sentence=\"0\" data-group=\"0-0\">Batteripakke med lang levetid Ydelsesegenskaber:<\/span><\/p>\n<p class=\"tgt\" data-section=\"1\"><span class=\"tgt\" data-section=\"1\" data-sentence=\"0\" data-group=\"1-0\">H\u00f8j pulsstr\u00f8mskapacitet;<\/span><\/p>\n<p class=\"tgt\" data-section=\"2\"><span class=\"tgt\" data-section=\"2\" data-sentence=\"0\" data-group=\"2-0\">Hurtig sp\u00e6ndingsrespons (ingen sp\u00e6ndingsforsinkelse);<\/span><\/p>\n<p class=\"tgt\" data-section=\"3\"><span class=\"tgt\" data-section=\"3\" data-sentence=\"0\" data-group=\"3-0\">H\u00f8j p\u00e5lidelighed (lasersvejsning, glas-til-metal-t\u00e6tning, kan tilpasse sig v\u00e5de omgivelser, forhindre l\u00e6kage);<\/span><\/p>\n<p class=\"tgt\" data-section=\"4\"><span class=\"tgt\" data-section=\"4\" data-sentence=\"0\" data-group=\"4-0\">Fremragende opbevaring (10 \u00e5r);<\/span><\/p>\n<p class=\"tgt\" data-section=\"5\"><span class=\"tgt\" data-section=\"5\" data-sentence=\"0\" data-group=\"5-0\">Batteripakke med lang levetid, batteriets ydeevne er garanteret;<\/span><\/p>\n<p class=\"tgt\" data-section=\"6\"><span class=\"tgt\" data-section=\"6\" data-sentence=\"0\" data-group=\"6-0\">Ultralang levetid: 5000 100%DOD cyklusser;<\/span><\/p>\n<p class=\"tgt\" data-section=\"7\"><span class=\"tgt\" data-section=\"7\" data-sentence=\"0\" data-group=\"7-0\">Ekstrem lav temperatur kan v\u00e6re normal belastning af str\u00f8mforsyningen;<\/span><\/p>\n<p class=\"tgt\" data-section=\"8\"><span class=\"tgt\" data-section=\"8\" data-sentence=\"0\" data-group=\"8-0\">Batteri med l\u00e6ngst levetid Sikker og p\u00e5lidelig, kondensatoreksplosionssikker gennem sikkerhedscertificering i USA og EU, med hensyn til sikkerhedsbeskyttelse: ALLE HPC-serier gennem UL1642, ALLE HPC-serier gennem IEC62133-certificering;<\/span><span class=\"tgt\" data-section=\"8\" data-sentence=\"1\" data-group=\"8-1\"> Med hensyn til milj\u00f8beskyttelse: hele HPC-serien har best\u00e5et ti ROHS-tests;<\/span><span class=\"tgt\" data-section=\"8\" data-sentence=\"2\" data-group=\"8-2\"> Med hensyn til transport: ALLE HPC-serier har opn\u00e5et UN38.3 sikkerhedscertificering for transport;<\/span><\/p>\n<p class=\"tgt\" data-section=\"9\"><span class=\"tgt\" data-section=\"9\" data-sentence=\"0\" data-group=\"9-0\">Samlingsproces i milit\u00e6rindustrien: Lithiumbatteriets specielle design er i overensstemmelse med kapacitansens egenskaber og produktionen af lang liter i n\u00f8je overensstemmelse med milit\u00e6rteknologi. F\u00f8r samlingen skal der v\u00e6lges sp\u00e6nding og indre modstand i litiumbatterierne, kontrolleres batteriets konsistens og stabilitet, undg\u00e5 batteristatus ved brug af monomerbatterier og dermed risikoen for ulykker.<\/span><span class=\"tgt\" data-section=\"9\" data-sentence=\"1\" data-group=\"9-1\"> Lansen kontrollerer n\u00f8je kvaliteten af hver batterigruppe f\u00f8r forsendelse, s\u00e5som: belastningssp\u00e6nding, tomgangssp\u00e6nding, batteriets indre modstand og andre kvalitetskontroller;<\/span><\/p>\n<p data-section=\"9\">Velkommen til din konsultation om det l\u00e6ngstvarende batteri.<\/p>","protected":false},"excerpt":{"rendered":"<p>Model: ER34615-2S16P+HPC1550-2S2P<br \/>\nSp\u00e6nding: 7,2 V<br \/>\nKapacitet: 304 Ah<br \/>\nMaksimal pulsstr\u00f8m: 10A ved stuetemperatur<br \/>\nDriftstemperaturomr\u00e5de: -40 \u2103 ~ +85 \u2103<br \/>\n\u00c5rlig gennemsnitlig kapacitetsfaldsrate: \u22641%<\/p>","protected":false},"featured_media":4461,"template":"","meta":{"_acf_changed":false,"site-sidebar-layout":"default","site-content-layout":"default","ast-site-content-layout":"","site-content-style":"default","site-sidebar-style":"default","ast-global-header-display":"","ast-banner-title-visibility":"","ast-main-header-display":"","ast-hfb-above-header-display":"","ast-hfb-below-header-display":"","ast-hfb-mobile-header-display":"","site-post-title":"","ast-breadcrumbs-content":"","ast-featured-img":"","footer-sml-layout":"","theme-transparent-header-meta":"default","adv-header-id-meta":"","stick-header-meta":"","header-above-stick-meta":"","header-main-stick-meta":"","header-below-stick-meta":"","astra-migrate-meta-layouts":"default","ast-page-background-enabled":"default","ast-page-background-meta":{"desktop":{"background-color":"","background-image":"","background-repeat":"repeat","background-position":"center center","background-size":"auto","background-attachment":"scroll","background-type":"","background-media":"","overlay-type":"","overlay-color":"","overlay-opacity":"","overlay-gradient":""},"tablet":{"background-color":"","background-image":"","background-repeat":"repeat","background-position":"center center","background-size":"auto","background-attachment":"scroll","background-type":"","background-media":"","overlay-type":"","overlay-color":"","overlay-opacity":"","overlay-gradient":""},"mobile":{"background-color":"","background-image":"","background-repeat":"repeat","background-position":"center center","background-size":"auto","background-attachment":"scroll","background-type":"","background-media":"","overlay-type":"","overlay-color":"","overlay-opacity":"","overlay-gradient":""}},"ast-content-background-meta":{"desktop":{"background-color":"var(--ast-global-color-5)","background-image":"","background-repeat":"repeat","background-position":"center center","background-size":"auto","background-attachment":"scroll","background-type":"","background-media":"","overlay-type":"","overlay-color":"","overlay-opacity":"","overlay-gradient":""},"tablet":{"background-color":"var(--ast-global-color-5)","background-image":"","background-repeat":"repeat","background-position":"center center","background-size":"auto","background-attachment":"scroll","background-type":"","background-media":"","overlay-type":"","overlay-color":"","overlay-opacity":"","overlay-gradient":""},"mobile":{"background-color":"var(--ast-global-color-5)","background-image":"","background-repeat":"repeat","background-position":"center center","background-size":"auto","background-attachment":"scroll","background-type":"","background-media":"","overlay-type":"","overlay-color":"","overlay-opacity":"","overlay-gradient":""}}},"product_brand":[],"product_cat":[39],"product_tag":[],"class_list":{"0":"post-4459","1":"product","2":"type-product","3":"status-publish","4":"has-post-thumbnail","6":"product_cat-custom-iot-battery-pack","7":"desktop-align-left","8":"tablet-align-left","9":"mobile-align-left","11":"first","12":"instock","13":"shipping-taxable","14":"product-type-simple"},"acf":[],"yoast_head":"<!-- This site is optimized with the Yoast SEO plugin v27.3 - https:\/\/yoast.com\/product\/yoast-seo-wordpress\/ -->\n<title>longest lasting battery - Ahotech.com<\/title>\n<meta name=\"description\" content=\"Cr123a battery performance parameters (standard value within one year of battery life)\" \/>\n<meta name=\"robots\" content=\"index, follow, max-snippet:-1, max-image-preview:large, max-video-preview:-1\" \/>\n<link rel=\"canonical\" href=\"https:\/\/www.ahotech.com\/da\/produkt\/laengstvarende-batteri\/\" \/>\n<meta property=\"og:locale\" content=\"da_DK\" \/>\n<meta property=\"og:type\" content=\"article\" \/>\n<meta property=\"og:title\" content=\"longest lasting battery - Ahotech.com\" \/>\n<meta property=\"og:description\" content=\"Cr123a battery performance parameters (standard value within one year of battery life)\" \/>\n<meta property=\"og:url\" content=\"https:\/\/www.ahotech.com\/da\/produkt\/laengstvarende-batteri\/\" \/>\n<meta property=\"og:site_name\" content=\"Ahotech.com\" \/>\n<meta property=\"article:modified_time\" content=\"2022-04-01T05:47:36+00:00\" \/>\n<meta property=\"og:image\" content=\"https:\/\/de.ahotech.com\/wp-content\/uploads\/2022\/03\/long-life-battery-pack.jpg\" \/>\n\t<meta property=\"og:image:width\" content=\"800\" \/>\n\t<meta property=\"og:image:height\" content=\"800\" \/>\n\t<meta property=\"og:image:type\" content=\"image\/jpeg\" \/>\n<meta name=\"twitter:card\" content=\"summary_large_image\" \/>\n<meta name=\"twitter:label1\" content=\"Estimeret l\u00e6setid\" \/>\n\t<meta name=\"twitter:data1\" content=\"2 minutter\" \/>\n<script type=\"application\/ld+json\" class=\"yoast-schema-graph\">{\"@context\":\"https:\\\/\\\/schema.org\",\"@graph\":[{\"@type\":\"WebPage\",\"@id\":\"https:\\\/\\\/de.ahotech.com\\\/product\\\/langste-akkulaufzeit\\\/\",\"url\":\"https:\\\/\\\/de.ahotech.com\\\/product\\\/langste-akkulaufzeit\\\/\",\"name\":\"longest lasting battery - Ahotech.com\",\"isPartOf\":{\"@id\":\"https:\\\/\\\/www.ahotech.com\\\/es\\\/#website\"},\"primaryImageOfPage\":{\"@id\":\"https:\\\/\\\/de.ahotech.com\\\/product\\\/langste-akkulaufzeit\\\/#primaryimage\"},\"image\":{\"@id\":\"https:\\\/\\\/de.ahotech.com\\\/product\\\/langste-akkulaufzeit\\\/#primaryimage\"},\"thumbnailUrl\":\"https:\\\/\\\/www.ahotech.com\\\/wp-content\\\/uploads\\\/2022\\\/03\\\/long-life-battery-pack.jpg\",\"datePublished\":\"2022-03-07T08:22:00+00:00\",\"dateModified\":\"2022-04-01T05:47:36+00:00\",\"description\":\"Cr123a battery performance parameters (standard value within one year of battery life)\",\"breadcrumb\":{\"@id\":\"https:\\\/\\\/de.ahotech.com\\\/product\\\/langste-akkulaufzeit\\\/#breadcrumb\"},\"inLanguage\":\"da-DK\",\"potentialAction\":[{\"@type\":\"ReadAction\",\"target\":[\"https:\\\/\\\/de.ahotech.com\\\/product\\\/langste-akkulaufzeit\\\/\"]}]},{\"@type\":\"ImageObject\",\"inLanguage\":\"da-DK\",\"@id\":\"https:\\\/\\\/de.ahotech.com\\\/product\\\/langste-akkulaufzeit\\\/#primaryimage\",\"url\":\"https:\\\/\\\/www.ahotech.com\\\/wp-content\\\/uploads\\\/2022\\\/03\\\/long-life-battery-pack.jpg\",\"contentUrl\":\"https:\\\/\\\/www.ahotech.com\\\/wp-content\\\/uploads\\\/2022\\\/03\\\/long-life-battery-pack.jpg\",\"width\":800,\"height\":800,\"caption\":\"long life battery pack\"},{\"@type\":\"BreadcrumbList\",\"@id\":\"https:\\\/\\\/de.ahotech.com\\\/product\\\/langste-akkulaufzeit\\\/#breadcrumb\",\"itemListElement\":[{\"@type\":\"ListItem\",\"position\":1,\"name\":\"Home\",\"item\":\"https:\\\/\\\/de.ahotech.com\\\/\"},{\"@type\":\"ListItem\",\"position\":2,\"name\":\"Store\",\"item\":\"https:\\\/\\\/de.ahotech.com\\\/speichern\\\/\"},{\"@type\":\"ListItem\",\"position\":3,\"name\":\"longest lasting battery\"}]},{\"@type\":\"WebSite\",\"@id\":\"https:\\\/\\\/www.ahotech.com\\\/es\\\/#website\",\"url\":\"https:\\\/\\\/www.ahotech.com\\\/es\\\/\",\"name\":\"Ahotech.com\",\"description\":\"lithium battery manufacturers\",\"publisher\":{\"@id\":\"https:\\\/\\\/www.ahotech.com\\\/es\\\/#organization\"},\"potentialAction\":[{\"@type\":\"SearchAction\",\"target\":{\"@type\":\"EntryPoint\",\"urlTemplate\":\"https:\\\/\\\/www.ahotech.com\\\/es\\\/?s={search_term_string}\"},\"query-input\":{\"@type\":\"PropertyValueSpecification\",\"valueRequired\":true,\"valueName\":\"search_term_string\"}}],\"inLanguage\":\"da-DK\"},{\"@type\":\"Organization\",\"@id\":\"https:\\\/\\\/www.ahotech.com\\\/es\\\/#organization\",\"name\":\"Ahotech.com\",\"url\":\"https:\\\/\\\/www.ahotech.com\\\/es\\\/\",\"logo\":{\"@type\":\"ImageObject\",\"inLanguage\":\"da-DK\",\"@id\":\"https:\\\/\\\/www.ahotech.com\\\/es\\\/#\\\/schema\\\/logo\\\/image\\\/\",\"url\":\"https:\\\/\\\/www.ahotech.com\\\/wp-content\\\/uploads\\\/2021\\\/10\\\/battery-site-logo.jpg\",\"contentUrl\":\"https:\\\/\\\/www.ahotech.com\\\/wp-content\\\/uploads\\\/2021\\\/10\\\/battery-site-logo.jpg\",\"width\":1297,\"height\":465,\"caption\":\"Ahotech.com\"},\"image\":{\"@id\":\"https:\\\/\\\/www.ahotech.com\\\/es\\\/#\\\/schema\\\/logo\\\/image\\\/\"}}]}<\/script>\n<!-- \/ Yoast SEO plugin. -->","yoast_head_json":{"title":"Batteri med l\u00e6ngst levetid - Ahotech.com","description":"Cr123a-batteriets ydeevneparametre (standardv\u00e6rdi inden for et \u00e5rs batterilevetid)","robots":{"index":"index","follow":"follow","max-snippet":"max-snippet:-1","max-image-preview":"max-image-preview:large","max-video-preview":"max-video-preview:-1"},"canonical":"https:\/\/www.ahotech.com\/da\/produkt\/laengstvarende-batteri\/","og_locale":"da_DK","og_type":"article","og_title":"longest lasting battery - Ahotech.com","og_description":"Cr123a battery performance parameters (standard value within one year of battery life)","og_url":"https:\/\/www.ahotech.com\/da\/produkt\/laengstvarende-batteri\/","og_site_name":"Ahotech.com","article_modified_time":"2022-04-01T05:47:36+00:00","og_image":[{"width":800,"height":800,"url":"https:\/\/de.ahotech.com\/wp-content\/uploads\/2022\/03\/long-life-battery-pack.jpg","type":"image\/jpeg"}],"twitter_card":"summary_large_image","twitter_misc":{"Estimeret l\u00e6setid":"2 minutter"},"schema":{"@context":"https:\/\/schema.org","@graph":[{"@type":"WebPage","@id":"https:\/\/de.ahotech.com\/product\/langste-akkulaufzeit\/","url":"https:\/\/de.ahotech.com\/product\/langste-akkulaufzeit\/","name":"Batteri med l\u00e6ngst levetid - Ahotech.com","isPartOf":{"@id":"https:\/\/www.ahotech.com\/es\/#website"},"primaryImageOfPage":{"@id":"https:\/\/de.ahotech.com\/product\/langste-akkulaufzeit\/#primaryimage"},"image":{"@id":"https:\/\/de.ahotech.com\/product\/langste-akkulaufzeit\/#primaryimage"},"thumbnailUrl":"https:\/\/www.ahotech.com\/wp-content\/uploads\/2022\/03\/long-life-battery-pack.jpg","datePublished":"2022-03-07T08:22:00+00:00","dateModified":"2022-04-01T05:47:36+00:00","description":"Cr123a-batteriets ydeevneparametre (standardv\u00e6rdi inden for et \u00e5rs batterilevetid)","breadcrumb":{"@id":"https:\/\/de.ahotech.com\/product\/langste-akkulaufzeit\/#breadcrumb"},"inLanguage":"da-DK","potentialAction":[{"@type":"ReadAction","target":["https:\/\/de.ahotech.com\/product\/langste-akkulaufzeit\/"]}]},{"@type":"ImageObject","inLanguage":"da-DK","@id":"https:\/\/de.ahotech.com\/product\/langste-akkulaufzeit\/#primaryimage","url":"https:\/\/www.ahotech.com\/wp-content\/uploads\/2022\/03\/long-life-battery-pack.jpg","contentUrl":"https:\/\/www.ahotech.com\/wp-content\/uploads\/2022\/03\/long-life-battery-pack.jpg","width":800,"height":800,"caption":"long life battery pack"},{"@type":"BreadcrumbList","@id":"https:\/\/de.ahotech.com\/product\/langste-akkulaufzeit\/#breadcrumb","itemListElement":[{"@type":"ListItem","position":1,"name":"Home","item":"https:\/\/de.ahotech.com\/"},{"@type":"ListItem","position":2,"name":"Store","item":"https:\/\/de.ahotech.com\/speichern\/"},{"@type":"ListItem","position":3,"name":"longest lasting battery"}]},{"@type":"WebSite","@id":"https:\/\/www.ahotech.com\/es\/#website","url":"https:\/\/www.ahotech.com\/es\/","name":"Ahotech.com","description":"producenter af litiumbatterier","publisher":{"@id":"https:\/\/www.ahotech.com\/es\/#organization"},"potentialAction":[{"@type":"SearchAction","target":{"@type":"EntryPoint","urlTemplate":"https:\/\/www.ahotech.com\/es\/?s={search_term_string}"},"query-input":{"@type":"PropertyValueSpecification","valueRequired":true,"valueName":"search_term_string"}}],"inLanguage":"da-DK"},{"@type":"Organization","@id":"https:\/\/www.ahotech.com\/es\/#organization","name":"Ahotech.com","url":"https:\/\/www.ahotech.com\/es\/","logo":{"@type":"ImageObject","inLanguage":"da-DK","@id":"https:\/\/www.ahotech.com\/es\/#\/schema\/logo\/image\/","url":"https:\/\/www.ahotech.com\/wp-content\/uploads\/2021\/10\/battery-site-logo.jpg","contentUrl":"https:\/\/www.ahotech.com\/wp-content\/uploads\/2021\/10\/battery-site-logo.jpg","width":1297,"height":465,"caption":"Ahotech.com"},"image":{"@id":"https:\/\/www.ahotech.com\/es\/#\/schema\/logo\/image\/"}}]}},"_links":{"self":[{"href":"https:\/\/www.ahotech.com\/da\/wp-json\/wp\/v2\/product\/4459","targetHints":{"allow":["GET"]}}],"collection":[{"href":"https:\/\/www.ahotech.com\/da\/wp-json\/wp\/v2\/product"}],"about":[{"href":"https:\/\/www.ahotech.com\/da\/wp-json\/wp\/v2\/types\/product"}],"version-history":[{"count":5,"href":"https:\/\/www.ahotech.com\/da\/wp-json\/wp\/v2\/product\/4459\/revisions"}],"predecessor-version":[{"id":4675,"href":"https:\/\/www.ahotech.com\/da\/wp-json\/wp\/v2\/product\/4459\/revisions\/4675"}],"wp:featuredmedia":[{"embeddable":true,"href":"https:\/\/www.ahotech.com\/da\/wp-json\/wp\/v2\/media\/4461"}],"wp:attachment":[{"href":"https:\/\/www.ahotech.com\/da\/wp-json\/wp\/v2\/media?parent=4459"}],"wp:term":[{"taxonomy":"product_brand","embeddable":true,"href":"https:\/\/www.ahotech.com\/da\/wp-json\/wp\/v2\/product_brand?post=4459"},{"taxonomy":"product_cat","embeddable":true,"href":"https:\/\/www.ahotech.com\/da\/wp-json\/wp\/v2\/product_cat?post=4459"},{"taxonomy":"product_tag","embeddable":true,"href":"https:\/\/www.ahotech.com\/da\/wp-json\/wp\/v2\/product_tag?post=4459"}],"curies":[{"name":"wp","href":"https:\/\/api.w.org\/{rel}","templated":true}]}}