{"id":4398,"date":"2022-03-03T05:18:09","date_gmt":"2022-03-03T05:18:09","guid":{"rendered":"https:\/\/www.ahotech.com\/?post_type=product&#038;p=4398"},"modified":"2022-03-06T03:53:13","modified_gmt":"2022-03-06T03:53:13","slug":"cr34615-batteri","status":"publish","type":"product","link":"https:\/\/www.ahotech.com\/da\/product\/cr34615-battery\/","title":{"rendered":"cr34615 batteri"},"content":{"rendered":"<p class=\"tgt\" data-section=\"0\"><span class=\"tgt\" data-section=\"0\" data-sentence=\"0\" data-group=\"0-0\">Cr34615 ydeevneparametre (standardv\u00e6rdi inden for et \u00e5rs batterilevetid)<\/span><\/p>\n<p class=\"tgt\" data-section=\"1\"><span class=\"tgt\" data-section=\"1\" data-sentence=\"0\" data-group=\"1-0\">Nominel kapacitet: 12000 mAH (afladningskapacitet ved 10 mA, +25 \u00b0C, 2,0 V termineringssp\u00e6nding)<\/span><\/p>\n<p class=\"tgt\" data-section=\"2\"><span class=\"tgt\" data-section=\"2\" data-sentence=\"0\" data-group=\"2-0\">Maksimal tilladt kontinuerlig afladningsstr\u00f8m: 2000 mA (25 \u00b0C til 2,0 V, op til 50% nominel kapacitet)<\/span><\/p>\n<p class=\"tgt\" data-section=\"3\"><span class=\"tgt\" data-section=\"3\" data-sentence=\"0\" data-group=\"3-0\">Maksimal pulsudladningskapacitet: 3000mA (15 sekunder, op til 2,0V, 25\u00b0C, 10mA, udladningsdybde p\u00e5 50%)<\/span><\/p>\n<p class=\"tgt\" data-section=\"0\"><span class=\"tgt\" data-section=\"0\" data-sentence=\"0\" data-group=\"0-0\">Cr34615 batteri produktfunktioner:<\/span><\/p>\n<p class=\"tgt\" data-section=\"1\"><span class=\"tgt\" data-section=\"1\" data-sentence=\"0\" data-group=\"1-0\">1, h\u00f8j monomersp\u00e6nding: \u00e5ben kredsl\u00f8bssp\u00e6nding 2,8C ~ 3,2V<\/span><\/p>\n<p class=\"tgt\" data-section=\"2\"><span class=\"tgt\" data-section=\"2\" data-sentence=\"0\" data-group=\"2-0\">2, bredt temperaturomr\u00e5de: kan bruges mellem -60 \u2103 og 85 \u2103 temperaturomr\u00e5de<\/span><\/p>\n<p class=\"tgt\" data-section=\"3\"><span class=\"tgt\" data-section=\"3\" data-sentence=\"0\" data-group=\"3-0\">3, h\u00f8j specifik energi: h\u00f8j kapacitet, stabil ydeevne.<\/span><span class=\"tgt\" data-section=\"3\" data-sentence=\"1\" data-group=\"3-1\"> Afladningssp\u00e6ndingen er stabil uden sp\u00e6ndingsforsinkelse.<\/span><span class=\"tgt\" data-section=\"3\" data-sentence=\"2\" data-group=\"3-2\"> Kan give h\u00f8j str\u00f8mafladning.<\/span><\/p>\n<p class=\"tgt\" data-section=\"4\"><span class=\"tgt\" data-section=\"4\" data-sentence=\"0\" data-group=\"4-0\">4, god holdbarhed: den har meget lave selvafladningsegenskaber, \u00e5rlig selvafladningshastighed \u22642%, og dens fremstilling anvender rustfrit st\u00e5lskal og metal-glas forseglet luftt\u00e6t svejsestruktur.<\/span><\/p>\n<p class=\"tgt\" data-section=\"5\"><span class=\"tgt\" data-section=\"5\" data-sentence=\"0\" data-group=\"5-0\">5, sikkerhedsmodel forureningsfri: indeholder ikke kviks\u00f8lv, cadmium, bly og andre tungmetaller, ingen milj\u00f8forurening.<\/span><\/p>\n<p class=\"tgt\" data-section=\"6\"><span class=\"tgt\" data-section=\"6\" data-sentence=\"0\" data-group=\"6-0\">6. God t\u00e6tningsevne: thionylchloridbatteriet er fuldst\u00e6ndigt forseglet, batterid\u00e6kslet er svejset til batteriskallen, de positive og negative elektroder er isolerede og forseglede med glasmetalforsegling, og v\u00e6skeindspr\u00f8jtningshullet er fuldst\u00e6ndigt forseglet med st\u00e5lkuglesvejsning.<\/span><\/p>\n<p class=\"tgt\" data-section=\"7\"><span class=\"tgt\" data-section=\"7\" data-sentence=\"0\" data-group=\"7-0\">7, brugen af speciel forseglingsteknologi, dobbelt anti-riot hole design sikkerhedsk\u00f8lehul, forbedrer batteriets stabilitet, for at give mere beskyttelse til batteriet.<\/span><\/p>\n<p class=\"tgt\" data-section=\"8\"><span class=\"tgt\" data-section=\"8\" data-sentence=\"0\" data-group=\"8-0\">8. cr34615 tilh\u00f8rer engangsbatterier, som er forskellige fra <a href=\"https:\/\/www.ahotech.com\/da\/produkt\/3-stk-7v-18650-litiumbatteri\/\">genopladeligt batteri<\/a>Opladning er forbudt.<\/span><\/p>","protected":false},"excerpt":{"rendered":"<p class=\"tgt\" data-section=\"0\"><span class=\"tgt\" data-section=\"0\" data-sentence=\"0\" data-group=\"0-0\">Produktmodel: CR34615<\/span><\/p>\n<p class=\"tgt\" data-section=\"1\"><span class=\"tgt\" data-section=\"1\" data-sentence=\"0\" data-group=\"1-0\">IEC-model: D<\/span><\/p>\n<p class=\"tgt\" data-section=\"2\"><span class=\"tgt\" data-section=\"2\" data-sentence=\"0\" data-group=\"2-0\">Nominel sp\u00e6nding (V): 3,0<\/span><\/p>\n<p class=\"tgt\" data-section=\"3\"><span class=\"tgt\" data-section=\"3\" data-sentence=\"0\" data-group=\"3-0\">V\u00e6gt (G): 125<\/span><\/p>\n<p class=\"tgt\" data-section=\"4\"><span class=\"tgt\" data-section=\"4\" data-sentence=\"0\" data-group=\"4-0\">Nominel kapacitet \\ Str\u00f8m (mAh \\ mA): 12000 \\ 10<\/span><\/p>\n<p class=\"tgt\" data-section=\"5\"><span class=\"tgt\" data-section=\"5\" data-sentence=\"0\" data-group=\"5-0\">Maksimal kontinuerlig afladningsstr\u00f8m (mA): 2000<\/span><\/p>\n<p class=\"tgt\" data-section=\"6\"><span class=\"tgt\" data-section=\"6\" data-sentence=\"0\" data-group=\"6-0\">Driftstemperatur (\u2103): -40~+70<\/span><\/p>\n<p class=\"tgt\" data-section=\"7\"><span class=\"tgt\" data-section=\"7\" data-sentence=\"0\" data-group=\"7-0\">Termineringssp\u00e6nding (V): 2,0<\/span><\/p>\n<p class=\"tgt\" data-section=\"8\"><span class=\"tgt\" data-section=\"8\" data-sentence=\"0\" data-group=\"8-0\">\u00c5rlig selvafladningshastighed: &lt; 2%<\/span><\/p>\n<p class=\"tgt\" data-section=\"9\"><span class=\"tgt\" data-section=\"9\" data-sentence=\"0\" data-group=\"9-0\">St\u00f8rrelse: 34 * 61,5 mm<\/span><\/p>\n<p data-section=\"9\"><img fetchpriority=\"high\" decoding=\"async\" class=\"alignnone size-medium wp-image-4401\" src=\"https:\/\/www.ahotech.com\/wp-content\/uploads\/2022\/03\/cr34615-size-1-254x300.png\" alt=\"cr34615 st\u00f8rrelse\" width=\"254\" height=\"300\" srcset=\"https:\/\/www.ahotech.com\/wp-content\/uploads\/2022\/03\/cr34615-size-1-254x300.png 254w, https:\/\/www.ahotech.com\/wp-content\/uploads\/2022\/03\/cr34615-size-1.png 514w\" sizes=\"(max-width: 254px) 100vw, 254px\" \/><\/p>","protected":false},"featured_media":4402,"template":"","meta":{"_acf_changed":false,"site-sidebar-layout":"default","site-content-layout":"default","ast-site-content-layout":"","site-content-style":"default","site-sidebar-style":"default","ast-global-header-display":"","ast-banner-title-visibility":"","ast-main-header-display":"","ast-hfb-above-header-display":"","ast-hfb-below-header-display":"","ast-hfb-mobile-header-display":"","site-post-title":"","ast-breadcrumbs-content":"","ast-featured-img":"","footer-sml-layout":"","theme-transparent-header-meta":"default","adv-header-id-meta":"","stick-header-meta":"","header-above-stick-meta":"","header-main-stick-meta":"","header-below-stick-meta":"","astra-migrate-meta-layouts":"default","ast-page-background-enabled":"default","ast-page-background-meta":{"desktop":{"background-color":"","background-image":"","background-repeat":"repeat","background-position":"center center","background-size":"auto","background-attachment":"scroll","background-type":"","background-media":"","overlay-type":"","overlay-color":"","overlay-opacity":"","overlay-gradient":""},"tablet":{"background-color":"","background-image":"","background-repeat":"repeat","background-position":"center center","background-size":"auto","background-attachment":"scroll","background-type":"","background-media":"","overlay-type":"","overlay-color":"","overlay-opacity":"","overlay-gradient":""},"mobile":{"background-color":"","background-image":"","background-repeat":"repeat","background-position":"center center","background-size":"auto","background-attachment":"scroll","background-type":"","background-media":"","overlay-type":"","overlay-color":"","overlay-opacity":"","overlay-gradient":""}},"ast-content-background-meta":{"desktop":{"background-color":"var(--ast-global-color-5)","background-image":"","background-repeat":"repeat","background-position":"center center","background-size":"auto","background-attachment":"scroll","background-type":"","background-media":"","overlay-type":"","overlay-color":"","overlay-opacity":"","overlay-gradient":""},"tablet":{"background-color":"var(--ast-global-color-5)","background-image":"","background-repeat":"repeat","background-position":"center center","background-size":"auto","background-attachment":"scroll","background-type":"","background-media":"","overlay-type":"","overlay-color":"","overlay-opacity":"","overlay-gradient":""},"mobile":{"background-color":"var(--ast-global-color-5)","background-image":"","background-repeat":"repeat","background-position":"center center","background-size":"auto","background-attachment":"scroll","background-type":"","background-media":"","overlay-type":"","overlay-color":"","overlay-opacity":"","overlay-gradient":""}}},"product_brand":[],"product_cat":[43],"product_tag":[],"class_list":{"0":"post-4398","1":"product","2":"type-product","3":"status-publish","4":"has-post-thumbnail","6":"product_cat-lithium-manganese-battery","7":"desktop-align-left","8":"tablet-align-left","9":"mobile-align-left","11":"first","12":"instock","13":"shipping-taxable","14":"product-type-simple"},"acf":[],"yoast_head":"<!-- This site is optimized with the Yoast SEO plugin v27.3 - https:\/\/yoast.com\/product\/yoast-seo-wordpress\/ -->\n<title>cr34615 battery - Ahotech.com<\/title>\n<meta name=\"robots\" content=\"index, follow, max-snippet:-1, max-image-preview:large, max-video-preview:-1\" \/>\n<link rel=\"canonical\" href=\"https:\/\/www.ahotech.com\/da\/produkt\/cr34615-batteri\/\" \/>\n<meta property=\"og:locale\" content=\"da_DK\" \/>\n<meta property=\"og:type\" content=\"article\" \/>\n<meta property=\"og:title\" content=\"cr34615 battery - Ahotech.com\" \/>\n<meta property=\"og:description\" content=\"Product Model: CR34615 IEC model: D Rated voltage (V) : 3.0 Weight (G) : 125 Nominal capacity  Current (mAhmA) : 1200010 Maximum continuous discharge current (mA) : 2000 Operating temperature (\u2103) : -40~+70 Termination voltage (V) : 2.0 Annual self-discharge rate: &lt; 2% Size: 34 * 61.5 mm\" \/>\n<meta property=\"og:url\" content=\"https:\/\/www.ahotech.com\/da\/produkt\/cr34615-batteri\/\" \/>\n<meta property=\"og:site_name\" content=\"Ahotech.com\" \/>\n<meta property=\"article:modified_time\" content=\"2022-03-06T03:53:13+00:00\" \/>\n<meta property=\"og:image\" content=\"https:\/\/de.ahotech.com\/wp-content\/uploads\/2022\/03\/cr34615-battery.jpg\" \/>\n\t<meta property=\"og:image:width\" content=\"800\" \/>\n\t<meta property=\"og:image:height\" content=\"800\" \/>\n\t<meta property=\"og:image:type\" content=\"image\/jpeg\" \/>\n<meta name=\"twitter:card\" content=\"summary_large_image\" \/>\n<meta name=\"twitter:label1\" content=\"Estimeret l\u00e6setid\" \/>\n\t<meta name=\"twitter:data1\" content=\"1 minut\" \/>\n<script type=\"application\/ld+json\" class=\"yoast-schema-graph\">{\"@context\":\"https:\\\/\\\/schema.org\",\"@graph\":[{\"@type\":\"WebPage\",\"@id\":\"https:\\\/\\\/de.ahotech.com\\\/product\\\/cr34615-batterie\\\/\",\"url\":\"https:\\\/\\\/de.ahotech.com\\\/product\\\/cr34615-batterie\\\/\",\"name\":\"cr34615 battery - Ahotech.com\",\"isPartOf\":{\"@id\":\"https:\\\/\\\/www.ahotech.com\\\/sv\\\/#website\"},\"primaryImageOfPage\":{\"@id\":\"https:\\\/\\\/de.ahotech.com\\\/product\\\/cr34615-batterie\\\/#primaryimage\"},\"image\":{\"@id\":\"https:\\\/\\\/de.ahotech.com\\\/product\\\/cr34615-batterie\\\/#primaryimage\"},\"thumbnailUrl\":\"https:\\\/\\\/www.ahotech.com\\\/wp-content\\\/uploads\\\/2022\\\/03\\\/cr34615-battery.jpg\",\"datePublished\":\"2022-03-03T05:18:09+00:00\",\"dateModified\":\"2022-03-06T03:53:13+00:00\",\"breadcrumb\":{\"@id\":\"https:\\\/\\\/de.ahotech.com\\\/product\\\/cr34615-batterie\\\/#breadcrumb\"},\"inLanguage\":\"da-DK\",\"potentialAction\":[{\"@type\":\"ReadAction\",\"target\":[\"https:\\\/\\\/de.ahotech.com\\\/product\\\/cr34615-batterie\\\/\"]}]},{\"@type\":\"ImageObject\",\"inLanguage\":\"da-DK\",\"@id\":\"https:\\\/\\\/de.ahotech.com\\\/product\\\/cr34615-batterie\\\/#primaryimage\",\"url\":\"https:\\\/\\\/www.ahotech.com\\\/wp-content\\\/uploads\\\/2022\\\/03\\\/cr34615-battery.jpg\",\"contentUrl\":\"https:\\\/\\\/www.ahotech.com\\\/wp-content\\\/uploads\\\/2022\\\/03\\\/cr34615-battery.jpg\",\"width\":800,\"height\":800},{\"@type\":\"BreadcrumbList\",\"@id\":\"https:\\\/\\\/de.ahotech.com\\\/product\\\/cr34615-batterie\\\/#breadcrumb\",\"itemListElement\":[{\"@type\":\"ListItem\",\"position\":1,\"name\":\"Home\",\"item\":\"https:\\\/\\\/www.ahotech.com\\\/sv\\\/\"},{\"@type\":\"ListItem\",\"position\":2,\"name\":\"Store\",\"item\":\"https:\\\/\\\/www.ahotech.com\\\/sv\\\/lagra\\\/\"},{\"@type\":\"ListItem\",\"position\":3,\"name\":\"cr34615 battery\"}]},{\"@type\":\"WebSite\",\"@id\":\"https:\\\/\\\/www.ahotech.com\\\/sv\\\/#website\",\"url\":\"https:\\\/\\\/www.ahotech.com\\\/sv\\\/\",\"name\":\"Ahotech.com\",\"description\":\"lithium battery manufacturers\",\"publisher\":{\"@id\":\"https:\\\/\\\/www.ahotech.com\\\/sv\\\/#organization\"},\"potentialAction\":[{\"@type\":\"SearchAction\",\"target\":{\"@type\":\"EntryPoint\",\"urlTemplate\":\"https:\\\/\\\/www.ahotech.com\\\/sv\\\/?s={search_term_string}\"},\"query-input\":{\"@type\":\"PropertyValueSpecification\",\"valueRequired\":true,\"valueName\":\"search_term_string\"}}],\"inLanguage\":\"da-DK\"},{\"@type\":\"Organization\",\"@id\":\"https:\\\/\\\/www.ahotech.com\\\/sv\\\/#organization\",\"name\":\"Ahotech.com\",\"url\":\"https:\\\/\\\/www.ahotech.com\\\/sv\\\/\",\"logo\":{\"@type\":\"ImageObject\",\"inLanguage\":\"da-DK\",\"@id\":\"https:\\\/\\\/www.ahotech.com\\\/sv\\\/#\\\/schema\\\/logo\\\/image\\\/\",\"url\":\"https:\\\/\\\/www.ahotech.com\\\/wp-content\\\/uploads\\\/2021\\\/10\\\/battery-site-logo.jpg\",\"contentUrl\":\"https:\\\/\\\/www.ahotech.com\\\/wp-content\\\/uploads\\\/2021\\\/10\\\/battery-site-logo.jpg\",\"width\":1297,\"height\":465,\"caption\":\"Ahotech.com\"},\"image\":{\"@id\":\"https:\\\/\\\/www.ahotech.com\\\/sv\\\/#\\\/schema\\\/logo\\\/image\\\/\"}}]}<\/script>\n<!-- \/ Yoast SEO plugin. -->","yoast_head_json":{"title":"cr34615 batteri - Ahotech.com","robots":{"index":"index","follow":"follow","max-snippet":"max-snippet:-1","max-image-preview":"max-image-preview:large","max-video-preview":"max-video-preview:-1"},"canonical":"https:\/\/www.ahotech.com\/da\/produkt\/cr34615-batteri\/","og_locale":"da_DK","og_type":"article","og_title":"cr34615 battery - Ahotech.com","og_description":"Product Model: CR34615 IEC model: D Rated voltage (V) : 3.0 Weight (G) : 125 Nominal capacity  Current (mAhmA) : 1200010 Maximum continuous discharge current (mA) : 2000 Operating temperature (\u2103) : -40~+70 Termination voltage (V) : 2.0 Annual self-discharge rate: &lt; 2% Size: 34 * 61.5 mm","og_url":"https:\/\/www.ahotech.com\/da\/produkt\/cr34615-batteri\/","og_site_name":"Ahotech.com","article_modified_time":"2022-03-06T03:53:13+00:00","og_image":[{"width":800,"height":800,"url":"https:\/\/de.ahotech.com\/wp-content\/uploads\/2022\/03\/cr34615-battery.jpg","type":"image\/jpeg"}],"twitter_card":"summary_large_image","twitter_misc":{"Estimeret l\u00e6setid":"1 minut"},"schema":{"@context":"https:\/\/schema.org","@graph":[{"@type":"WebPage","@id":"https:\/\/de.ahotech.com\/product\/cr34615-batterie\/","url":"https:\/\/de.ahotech.com\/product\/cr34615-batterie\/","name":"cr34615 batteri - Ahotech.com","isPartOf":{"@id":"https:\/\/www.ahotech.com\/sv\/#website"},"primaryImageOfPage":{"@id":"https:\/\/de.ahotech.com\/product\/cr34615-batterie\/#primaryimage"},"image":{"@id":"https:\/\/de.ahotech.com\/product\/cr34615-batterie\/#primaryimage"},"thumbnailUrl":"https:\/\/www.ahotech.com\/wp-content\/uploads\/2022\/03\/cr34615-battery.jpg","datePublished":"2022-03-03T05:18:09+00:00","dateModified":"2022-03-06T03:53:13+00:00","breadcrumb":{"@id":"https:\/\/de.ahotech.com\/product\/cr34615-batterie\/#breadcrumb"},"inLanguage":"da-DK","potentialAction":[{"@type":"ReadAction","target":["https:\/\/de.ahotech.com\/product\/cr34615-batterie\/"]}]},{"@type":"ImageObject","inLanguage":"da-DK","@id":"https:\/\/de.ahotech.com\/product\/cr34615-batterie\/#primaryimage","url":"https:\/\/www.ahotech.com\/wp-content\/uploads\/2022\/03\/cr34615-battery.jpg","contentUrl":"https:\/\/www.ahotech.com\/wp-content\/uploads\/2022\/03\/cr34615-battery.jpg","width":800,"height":800},{"@type":"BreadcrumbList","@id":"https:\/\/de.ahotech.com\/product\/cr34615-batterie\/#breadcrumb","itemListElement":[{"@type":"ListItem","position":1,"name":"Home","item":"https:\/\/www.ahotech.com\/sv\/"},{"@type":"ListItem","position":2,"name":"Store","item":"https:\/\/www.ahotech.com\/sv\/lagra\/"},{"@type":"ListItem","position":3,"name":"cr34615 battery"}]},{"@type":"WebSite","@id":"https:\/\/www.ahotech.com\/sv\/#website","url":"https:\/\/www.ahotech.com\/sv\/","name":"Ahotech.com","description":"producenter af litiumbatterier","publisher":{"@id":"https:\/\/www.ahotech.com\/sv\/#organization"},"potentialAction":[{"@type":"SearchAction","target":{"@type":"EntryPoint","urlTemplate":"https:\/\/www.ahotech.com\/sv\/?s={search_term_string}"},"query-input":{"@type":"PropertyValueSpecification","valueRequired":true,"valueName":"search_term_string"}}],"inLanguage":"da-DK"},{"@type":"Organization","@id":"https:\/\/www.ahotech.com\/sv\/#organization","name":"Ahotech.com","url":"https:\/\/www.ahotech.com\/sv\/","logo":{"@type":"ImageObject","inLanguage":"da-DK","@id":"https:\/\/www.ahotech.com\/sv\/#\/schema\/logo\/image\/","url":"https:\/\/www.ahotech.com\/wp-content\/uploads\/2021\/10\/battery-site-logo.jpg","contentUrl":"https:\/\/www.ahotech.com\/wp-content\/uploads\/2021\/10\/battery-site-logo.jpg","width":1297,"height":465,"caption":"Ahotech.com"},"image":{"@id":"https:\/\/www.ahotech.com\/sv\/#\/schema\/logo\/image\/"}}]}},"_links":{"self":[{"href":"https:\/\/www.ahotech.com\/da\/wp-json\/wp\/v2\/product\/4398","targetHints":{"allow":["GET"]}}],"collection":[{"href":"https:\/\/www.ahotech.com\/da\/wp-json\/wp\/v2\/product"}],"about":[{"href":"https:\/\/www.ahotech.com\/da\/wp-json\/wp\/v2\/types\/product"}],"version-history":[{"count":2,"href":"https:\/\/www.ahotech.com\/da\/wp-json\/wp\/v2\/product\/4398\/revisions"}],"predecessor-version":[{"id":4439,"href":"https:\/\/www.ahotech.com\/da\/wp-json\/wp\/v2\/product\/4398\/revisions\/4439"}],"wp:featuredmedia":[{"embeddable":true,"href":"https:\/\/www.ahotech.com\/da\/wp-json\/wp\/v2\/media\/4402"}],"wp:attachment":[{"href":"https:\/\/www.ahotech.com\/da\/wp-json\/wp\/v2\/media?parent=4398"}],"wp:term":[{"taxonomy":"product_brand","embeddable":true,"href":"https:\/\/www.ahotech.com\/da\/wp-json\/wp\/v2\/product_brand?post=4398"},{"taxonomy":"product_cat","embeddable":true,"href":"https:\/\/www.ahotech.com\/da\/wp-json\/wp\/v2\/product_cat?post=4398"},{"taxonomy":"product_tag","embeddable":true,"href":"https:\/\/www.ahotech.com\/da\/wp-json\/wp\/v2\/product_tag?post=4398"}],"curies":[{"name":"wp","href":"https:\/\/api.w.org\/{rel}","templated":true}]}}