{"id":4367,"date":"2022-03-02T07:23:40","date_gmt":"2022-03-02T07:23:40","guid":{"rendered":"https:\/\/www.ahotech.com\/?post_type=product&#038;p=4367"},"modified":"2022-03-02T07:23:46","modified_gmt":"2022-03-02T07:23:46","slug":"cr17335-batteri","status":"publish","type":"product","link":"https:\/\/www.ahotech.com\/da\/product\/cr17335-battery\/","title":{"rendered":"cr17335 batteri"},"content":{"rendered":"<p>Cr17335 batteriydelsesparametre (standardv\u00e6rdi inden for et \u00e5rs batterilevetid)<br \/>\nNominel kapacitet: 1500 mAH (afladningskapacitet ved 5 mA, +25 \u00b0C, 2,0 V termineringssp\u00e6nding)<br \/>\nMaksimal tilladt kontinuerlig afladningsstr\u00f8m: 700 mA (25 \u00b0C til 2,0 V, op til 50% nominel kapacitet)<br \/>\nMaksimal pulsudladningskapacitet: 1500mA (15 sekunder, op til 2,0V, 25\u00b0C, 5mA, udladningsdybde p\u00e5 50%)<\/p>\n<p>Cr17335 3v produktfunktioner:<\/p>\n<p>1. h\u00f8j monomersp\u00e6nding: \u00e5ben kredsl\u00f8bssp\u00e6nding 2,8C~3,2V<br \/>\n2. Bredt temperaturomr\u00e5de: Kan bruges mellem -60 \u2103 og 85 \u2103 temperaturomr\u00e5de<br \/>\n3. H\u00f8j specifik energi: Batteriets specifikke energi er op til 400 Wh\/kg, 600 Wh\/dm\u00b3; H\u00f8j kapacitet, stabil ydeevne. Afladningssp\u00e6ndingen er stabil uden sp\u00e6ndingsforsinkelse. Kan give h\u00f8j str\u00f8mafladning.<br \/>\n4. God opbevaringstid: Den har meget lave selvafladningsegenskaber, en \u00e5rlig selvafladningshastighed \u22642%, og fremstillingen anvender en skal af rustfrit st\u00e5l og en luftt\u00e6t svejsestruktur af metal-glasforseglet.<br \/>\n5. Sikkerhedsmodel forureningsfri: indeholder ikke kviks\u00f8lv, cadmium, bly og andre tungmetaller, ingen milj\u00f8forurening.<br \/>\n6. God t\u00e6tningsevne: thionylchloridbatteriet er fuldst\u00e6ndigt forseglet, batterid\u00e6kslet er svejset til batteriskallen, de positive og negative elektroder er isolerede og forseglede med glasmetalforsegling, og v\u00e6skeindspr\u00f8jtningshullet er fuldst\u00e6ndigt forseglet med st\u00e5lkuglesvejsning.<\/p>\n<p><img fetchpriority=\"high\" decoding=\"async\" class=\"alignnone size-medium wp-image-4372\" src=\"https:\/\/www.ahotech.com\/wp-content\/uploads\/2022\/03\/cr17335-battery-300x300.jpg\" alt=\"cr17335 batteri\" width=\"300\" height=\"300\" srcset=\"https:\/\/www.ahotech.com\/wp-content\/uploads\/2022\/03\/cr17335-battery-300x300.jpg 300w, https:\/\/www.ahotech.com\/wp-content\/uploads\/2022\/03\/cr17335-battery-150x150.jpg 150w, https:\/\/www.ahotech.com\/wp-content\/uploads\/2022\/03\/cr17335-battery-768x768.jpg 768w, https:\/\/www.ahotech.com\/wp-content\/uploads\/2022\/03\/cr17335-battery-600x600.jpg 600w, https:\/\/www.ahotech.com\/wp-content\/uploads\/2022\/03\/cr17335-battery-100x100.jpg 100w, https:\/\/www.ahotech.com\/wp-content\/uploads\/2022\/03\/cr17335-battery.jpg 800w\" sizes=\"(max-width: 300px) 100vw, 300px\" \/><br \/>\n7. Brugen af speciel forseglingsteknologi, dobbelt anti-riot hole design sikkerhedsk\u00f8lehul, forbedrer batteriets stabilitet og giver batteriet mere beskyttelse.<\/p>\n<p>8.cr17335-batteriet er et engangsbatteri, som er forskelligt fra <a href=\"https:\/\/www.ahotech.com\/da\/produkt\/3-stk-7v-lithiumbatteri-21700\/\">genopladelige batterier<\/a>Opladning er forbudt.<\/p>","protected":false},"excerpt":{"rendered":"<p>Produktmodel: CR17335<br \/>\nType: Prim\u00e6rt lithium-mangan-batteri<br \/>\nIEC-model: 2\/3A<br \/>\nNominel sp\u00e6nding (V): 3,0<br \/>\nV\u00e6gt (G): 17<br \/>\nNominel kapacitet \\ Str\u00f8m (mAh \\ mA): 1500 mAh \\ 5<br \/>\nMaksimal kontinuerlig afladningsstr\u00f8m (mA): 1000mA<br \/>\nMaksimal pulsudladningsstr\u00f8m: 3000mA<br \/>\nDriftstemperatur (\u2103): -40~+70<br \/>\n\u00c5rlig selvafladningshastighed (normal temperatur): &lt; 2%<br \/>\nTermineringssp\u00e6nding (V): 2,0<br \/>\nDimensioner: 17,0 (diameter) * 33,5 (h\u00f8jde) mm<\/p>\n<p><img decoding=\"async\" class=\"alignnone size-medium wp-image-4375\" src=\"https:\/\/www.ahotech.com\/wp-content\/uploads\/2022\/03\/batteries-cr17335-size-300x300.jpg\" alt=\"batterier cr17335 st\u00f8rrelse\" width=\"300\" height=\"300\" srcset=\"https:\/\/www.ahotech.com\/wp-content\/uploads\/2022\/03\/batteries-cr17335-size-300x300.jpg 300w, https:\/\/www.ahotech.com\/wp-content\/uploads\/2022\/03\/batteries-cr17335-size-150x150.jpg 150w, https:\/\/www.ahotech.com\/wp-content\/uploads\/2022\/03\/batteries-cr17335-size-768x768.jpg 768w, https:\/\/www.ahotech.com\/wp-content\/uploads\/2022\/03\/batteries-cr17335-size-600x600.jpg 600w, https:\/\/www.ahotech.com\/wp-content\/uploads\/2022\/03\/batteries-cr17335-size-100x100.jpg 100w, https:\/\/www.ahotech.com\/wp-content\/uploads\/2022\/03\/batteries-cr17335-size.jpg 800w\" sizes=\"(max-width: 300px) 100vw, 300px\" \/><\/p>","protected":false},"featured_media":4369,"template":"","meta":{"_acf_changed":false,"site-sidebar-layout":"default","site-content-layout":"default","ast-site-content-layout":"","site-content-style":"default","site-sidebar-style":"default","ast-global-header-display":"","ast-banner-title-visibility":"","ast-main-header-display":"","ast-hfb-above-header-display":"","ast-hfb-below-header-display":"","ast-hfb-mobile-header-display":"","site-post-title":"","ast-breadcrumbs-content":"","ast-featured-img":"","footer-sml-layout":"","theme-transparent-header-meta":"default","adv-header-id-meta":"","stick-header-meta":"","header-above-stick-meta":"","header-main-stick-meta":"","header-below-stick-meta":"","astra-migrate-meta-layouts":"default","ast-page-background-enabled":"default","ast-page-background-meta":{"desktop":{"background-color":"","background-image":"","background-repeat":"repeat","background-position":"center center","background-size":"auto","background-attachment":"scroll","background-type":"","background-media":"","overlay-type":"","overlay-color":"","overlay-opacity":"","overlay-gradient":""},"tablet":{"background-color":"","background-image":"","background-repeat":"repeat","background-position":"center center","background-size":"auto","background-attachment":"scroll","background-type":"","background-media":"","overlay-type":"","overlay-color":"","overlay-opacity":"","overlay-gradient":""},"mobile":{"background-color":"","background-image":"","background-repeat":"repeat","background-position":"center center","background-size":"auto","background-attachment":"scroll","background-type":"","background-media":"","overlay-type":"","overlay-color":"","overlay-opacity":"","overlay-gradient":""}},"ast-content-background-meta":{"desktop":{"background-color":"var(--ast-global-color-5)","background-image":"","background-repeat":"repeat","background-position":"center center","background-size":"auto","background-attachment":"scroll","background-type":"","background-media":"","overlay-type":"","overlay-color":"","overlay-opacity":"","overlay-gradient":""},"tablet":{"background-color":"var(--ast-global-color-5)","background-image":"","background-repeat":"repeat","background-position":"center center","background-size":"auto","background-attachment":"scroll","background-type":"","background-media":"","overlay-type":"","overlay-color":"","overlay-opacity":"","overlay-gradient":""},"mobile":{"background-color":"var(--ast-global-color-5)","background-image":"","background-repeat":"repeat","background-position":"center center","background-size":"auto","background-attachment":"scroll","background-type":"","background-media":"","overlay-type":"","overlay-color":"","overlay-opacity":"","overlay-gradient":""}}},"product_brand":[],"product_cat":[43],"product_tag":[],"class_list":{"0":"post-4367","1":"product","2":"type-product","3":"status-publish","4":"has-post-thumbnail","6":"product_cat-lithium-manganese-battery","7":"desktop-align-left","8":"tablet-align-left","9":"mobile-align-left","11":"first","12":"instock","13":"shipping-taxable","14":"product-type-simple"},"acf":[],"yoast_head":"<!-- This site is optimized with the Yoast SEO plugin v27.3 - https:\/\/yoast.com\/product\/yoast-seo-wordpress\/ -->\n<title>cr17335 battery - Ahotech.com<\/title>\n<meta name=\"robots\" content=\"index, follow, max-snippet:-1, max-image-preview:large, max-video-preview:-1\" \/>\n<link rel=\"canonical\" href=\"https:\/\/www.ahotech.com\/da\/produkt\/cr17335-batteri\/\" \/>\n<meta property=\"og:locale\" content=\"da_DK\" \/>\n<meta property=\"og:type\" content=\"article\" \/>\n<meta property=\"og:title\" content=\"cr17335 battery - Ahotech.com\" \/>\n<meta property=\"og:description\" content=\"Product model: CR17335 Type: Primary lithium manganese battery IEC model: 2\/3A Rated voltage (V) : 3.0 Weight (G) : 17 Nominal capacity  Current (mAhmA) : 1500mAh5 Maximum continuous discharge current (mA) : 1000mA Maximum pulse discharge current: 3000mA Operating temperature (\u2103) : -40~+70 Annual self-discharge rate (normal temperature) : &lt; 2% Termination voltage (V) : 2.0 Dimensions: 17.0(diameter) * 33.5(height)mm\" \/>\n<meta property=\"og:url\" content=\"https:\/\/www.ahotech.com\/da\/produkt\/cr17335-batteri\/\" \/>\n<meta property=\"og:site_name\" content=\"Ahotech.com\" \/>\n<meta property=\"article:modified_time\" content=\"2022-03-02T07:23:46+00:00\" \/>\n<meta property=\"og:image\" content=\"https:\/\/www.ahotech.com\/wp-content\/uploads\/2022\/03\/cr17335-battery-replacement.jpg\" \/>\n\t<meta property=\"og:image:width\" content=\"800\" \/>\n\t<meta property=\"og:image:height\" content=\"800\" \/>\n\t<meta property=\"og:image:type\" content=\"image\/jpeg\" \/>\n<meta name=\"twitter:card\" content=\"summary_large_image\" \/>\n<meta name=\"twitter:label1\" content=\"Estimeret l\u00e6setid\" \/>\n\t<meta name=\"twitter:data1\" content=\"1 minut\" \/>\n<script type=\"application\/ld+json\" class=\"yoast-schema-graph\">{\"@context\":\"https:\\\/\\\/schema.org\",\"@graph\":[{\"@type\":\"WebPage\",\"@id\":\"https:\\\/\\\/www.ahotech.com\\\/da\\\/produkt\\\/cr17335-batteri\\\/\",\"url\":\"https:\\\/\\\/www.ahotech.com\\\/da\\\/produkt\\\/cr17335-batteri\\\/\",\"name\":\"cr17335 battery - Ahotech.com\",\"isPartOf\":{\"@id\":\"https:\\\/\\\/www.ahotech.com\\\/es\\\/#website\"},\"primaryImageOfPage\":{\"@id\":\"https:\\\/\\\/www.ahotech.com\\\/da\\\/produkt\\\/cr17335-batteri\\\/#primaryimage\"},\"image\":{\"@id\":\"https:\\\/\\\/www.ahotech.com\\\/da\\\/produkt\\\/cr17335-batteri\\\/#primaryimage\"},\"thumbnailUrl\":\"https:\\\/\\\/www.ahotech.com\\\/wp-content\\\/uploads\\\/2022\\\/03\\\/cr17335-battery-replacement.jpg\",\"datePublished\":\"2022-03-02T07:23:40+00:00\",\"dateModified\":\"2022-03-02T07:23:46+00:00\",\"breadcrumb\":{\"@id\":\"https:\\\/\\\/www.ahotech.com\\\/da\\\/produkt\\\/cr17335-batteri\\\/#breadcrumb\"},\"inLanguage\":\"da-DK\",\"potentialAction\":[{\"@type\":\"ReadAction\",\"target\":[\"https:\\\/\\\/www.ahotech.com\\\/da\\\/produkt\\\/cr17335-batteri\\\/\"]}]},{\"@type\":\"ImageObject\",\"inLanguage\":\"da-DK\",\"@id\":\"https:\\\/\\\/www.ahotech.com\\\/da\\\/produkt\\\/cr17335-batteri\\\/#primaryimage\",\"url\":\"https:\\\/\\\/www.ahotech.com\\\/wp-content\\\/uploads\\\/2022\\\/03\\\/cr17335-battery-replacement.jpg\",\"contentUrl\":\"https:\\\/\\\/www.ahotech.com\\\/wp-content\\\/uploads\\\/2022\\\/03\\\/cr17335-battery-replacement.jpg\",\"width\":800,\"height\":800,\"caption\":\"cr17335 battery replacement\"},{\"@type\":\"BreadcrumbList\",\"@id\":\"https:\\\/\\\/www.ahotech.com\\\/da\\\/produkt\\\/cr17335-batteri\\\/#breadcrumb\",\"itemListElement\":[{\"@type\":\"ListItem\",\"position\":1,\"name\":\"Home\",\"item\":\"https:\\\/\\\/www.ahotech.com\\\/es\\\/\"},{\"@type\":\"ListItem\",\"position\":2,\"name\":\"Store\",\"item\":\"https:\\\/\\\/www.ahotech.com\\\/es\\\/almacenar\\\/\"},{\"@type\":\"ListItem\",\"position\":3,\"name\":\"cr17335 battery\"}]},{\"@type\":\"WebSite\",\"@id\":\"https:\\\/\\\/www.ahotech.com\\\/es\\\/#website\",\"url\":\"https:\\\/\\\/www.ahotech.com\\\/es\\\/\",\"name\":\"Ahotech.com\",\"description\":\"lithium battery manufacturers\",\"publisher\":{\"@id\":\"https:\\\/\\\/www.ahotech.com\\\/es\\\/#organization\"},\"potentialAction\":[{\"@type\":\"SearchAction\",\"target\":{\"@type\":\"EntryPoint\",\"urlTemplate\":\"https:\\\/\\\/www.ahotech.com\\\/es\\\/?s={search_term_string}\"},\"query-input\":{\"@type\":\"PropertyValueSpecification\",\"valueRequired\":true,\"valueName\":\"search_term_string\"}}],\"inLanguage\":\"da-DK\"},{\"@type\":\"Organization\",\"@id\":\"https:\\\/\\\/www.ahotech.com\\\/es\\\/#organization\",\"name\":\"Ahotech.com\",\"url\":\"https:\\\/\\\/www.ahotech.com\\\/es\\\/\",\"logo\":{\"@type\":\"ImageObject\",\"inLanguage\":\"da-DK\",\"@id\":\"https:\\\/\\\/www.ahotech.com\\\/es\\\/#\\\/schema\\\/logo\\\/image\\\/\",\"url\":\"https:\\\/\\\/www.ahotech.com\\\/wp-content\\\/uploads\\\/2021\\\/10\\\/battery-site-logo.jpg\",\"contentUrl\":\"https:\\\/\\\/www.ahotech.com\\\/wp-content\\\/uploads\\\/2021\\\/10\\\/battery-site-logo.jpg\",\"width\":1297,\"height\":465,\"caption\":\"Ahotech.com\"},\"image\":{\"@id\":\"https:\\\/\\\/www.ahotech.com\\\/es\\\/#\\\/schema\\\/logo\\\/image\\\/\"}}]}<\/script>\n<!-- \/ Yoast SEO plugin. -->","yoast_head_json":{"title":"cr17335 batteri - Ahotech.com","robots":{"index":"index","follow":"follow","max-snippet":"max-snippet:-1","max-image-preview":"max-image-preview:large","max-video-preview":"max-video-preview:-1"},"canonical":"https:\/\/www.ahotech.com\/da\/produkt\/cr17335-batteri\/","og_locale":"da_DK","og_type":"article","og_title":"cr17335 battery - Ahotech.com","og_description":"Product model: CR17335 Type: Primary lithium manganese battery IEC model: 2\/3A Rated voltage (V) : 3.0 Weight (G) : 17 Nominal capacity  Current (mAhmA) : 1500mAh5 Maximum continuous discharge current (mA) : 1000mA Maximum pulse discharge current: 3000mA Operating temperature (\u2103) : -40~+70 Annual self-discharge rate (normal temperature) : &lt; 2% Termination voltage (V) : 2.0 Dimensions: 17.0(diameter) * 33.5(height)mm","og_url":"https:\/\/www.ahotech.com\/da\/produkt\/cr17335-batteri\/","og_site_name":"Ahotech.com","article_modified_time":"2022-03-02T07:23:46+00:00","og_image":[{"width":800,"height":800,"url":"https:\/\/www.ahotech.com\/wp-content\/uploads\/2022\/03\/cr17335-battery-replacement.jpg","type":"image\/jpeg"}],"twitter_card":"summary_large_image","twitter_misc":{"Estimeret l\u00e6setid":"1 minut"},"schema":{"@context":"https:\/\/schema.org","@graph":[{"@type":"WebPage","@id":"https:\/\/www.ahotech.com\/da\/produkt\/cr17335-batteri\/","url":"https:\/\/www.ahotech.com\/da\/produkt\/cr17335-batteri\/","name":"cr17335 batteri - Ahotech.com","isPartOf":{"@id":"https:\/\/www.ahotech.com\/es\/#website"},"primaryImageOfPage":{"@id":"https:\/\/www.ahotech.com\/da\/produkt\/cr17335-batteri\/#primaryimage"},"image":{"@id":"https:\/\/www.ahotech.com\/da\/produkt\/cr17335-batteri\/#primaryimage"},"thumbnailUrl":"https:\/\/www.ahotech.com\/wp-content\/uploads\/2022\/03\/cr17335-battery-replacement.jpg","datePublished":"2022-03-02T07:23:40+00:00","dateModified":"2022-03-02T07:23:46+00:00","breadcrumb":{"@id":"https:\/\/www.ahotech.com\/da\/produkt\/cr17335-batteri\/#breadcrumb"},"inLanguage":"da-DK","potentialAction":[{"@type":"ReadAction","target":["https:\/\/www.ahotech.com\/da\/produkt\/cr17335-batteri\/"]}]},{"@type":"ImageObject","inLanguage":"da-DK","@id":"https:\/\/www.ahotech.com\/da\/produkt\/cr17335-batteri\/#primaryimage","url":"https:\/\/www.ahotech.com\/wp-content\/uploads\/2022\/03\/cr17335-battery-replacement.jpg","contentUrl":"https:\/\/www.ahotech.com\/wp-content\/uploads\/2022\/03\/cr17335-battery-replacement.jpg","width":800,"height":800,"caption":"cr17335 battery replacement"},{"@type":"BreadcrumbList","@id":"https:\/\/www.ahotech.com\/da\/produkt\/cr17335-batteri\/#breadcrumb","itemListElement":[{"@type":"ListItem","position":1,"name":"Home","item":"https:\/\/www.ahotech.com\/es\/"},{"@type":"ListItem","position":2,"name":"Store","item":"https:\/\/www.ahotech.com\/es\/almacenar\/"},{"@type":"ListItem","position":3,"name":"cr17335 battery"}]},{"@type":"WebSite","@id":"https:\/\/www.ahotech.com\/es\/#website","url":"https:\/\/www.ahotech.com\/es\/","name":"Ahotech.com","description":"producenter af litiumbatterier","publisher":{"@id":"https:\/\/www.ahotech.com\/es\/#organization"},"potentialAction":[{"@type":"SearchAction","target":{"@type":"EntryPoint","urlTemplate":"https:\/\/www.ahotech.com\/es\/?s={search_term_string}"},"query-input":{"@type":"PropertyValueSpecification","valueRequired":true,"valueName":"search_term_string"}}],"inLanguage":"da-DK"},{"@type":"Organization","@id":"https:\/\/www.ahotech.com\/es\/#organization","name":"Ahotech.com","url":"https:\/\/www.ahotech.com\/es\/","logo":{"@type":"ImageObject","inLanguage":"da-DK","@id":"https:\/\/www.ahotech.com\/es\/#\/schema\/logo\/image\/","url":"https:\/\/www.ahotech.com\/wp-content\/uploads\/2021\/10\/battery-site-logo.jpg","contentUrl":"https:\/\/www.ahotech.com\/wp-content\/uploads\/2021\/10\/battery-site-logo.jpg","width":1297,"height":465,"caption":"Ahotech.com"},"image":{"@id":"https:\/\/www.ahotech.com\/es\/#\/schema\/logo\/image\/"}}]}},"_links":{"self":[{"href":"https:\/\/www.ahotech.com\/da\/wp-json\/wp\/v2\/product\/4367","targetHints":{"allow":["GET"]}}],"collection":[{"href":"https:\/\/www.ahotech.com\/da\/wp-json\/wp\/v2\/product"}],"about":[{"href":"https:\/\/www.ahotech.com\/da\/wp-json\/wp\/v2\/types\/product"}],"version-history":[{"count":1,"href":"https:\/\/www.ahotech.com\/da\/wp-json\/wp\/v2\/product\/4367\/revisions"}],"predecessor-version":[{"id":4376,"href":"https:\/\/www.ahotech.com\/da\/wp-json\/wp\/v2\/product\/4367\/revisions\/4376"}],"wp:featuredmedia":[{"embeddable":true,"href":"https:\/\/www.ahotech.com\/da\/wp-json\/wp\/v2\/media\/4369"}],"wp:attachment":[{"href":"https:\/\/www.ahotech.com\/da\/wp-json\/wp\/v2\/media?parent=4367"}],"wp:term":[{"taxonomy":"product_brand","embeddable":true,"href":"https:\/\/www.ahotech.com\/da\/wp-json\/wp\/v2\/product_brand?post=4367"},{"taxonomy":"product_cat","embeddable":true,"href":"https:\/\/www.ahotech.com\/da\/wp-json\/wp\/v2\/product_cat?post=4367"},{"taxonomy":"product_tag","embeddable":true,"href":"https:\/\/www.ahotech.com\/da\/wp-json\/wp\/v2\/product_tag?post=4367"}],"curies":[{"name":"wp","href":"https:\/\/api.w.org\/{rel}","templated":true}]}}