{"id":4343,"date":"2022-02-28T02:19:15","date_gmt":"2022-02-28T02:19:15","guid":{"rendered":"https:\/\/www.ahotech.com\/?post_type=product&#038;p=4343"},"modified":"2022-04-01T05:45:49","modified_gmt":"2022-04-01T05:45:49","slug":"cr123a-batteri","status":"publish","type":"product","link":"https:\/\/www.ahotech.com\/da\/product\/cr123a-battery\/","title":{"rendered":"cr123a batteri"},"content":{"rendered":"<p>Cr123a-batteriets ydeevneparametre (standardv\u00e6rdi inden for et \u00e5rs batterilevetid)<br \/>\nNominel kapacitet: 1300 mAH (afladningskapacitet ved 5 mA, +25 \u00b0C, 2,0 V termineringssp\u00e6nding)<br \/>\nMaksimal tilladt kontinuerlig afladningsstr\u00f8m: 1000 mA (25 \u00b0C til 2,0 V, op til 50% nominel kapacitet)<br \/>\nMaksimal pulsudladningskapacitet: 2500mA (15 sekunder, op til 2,0V, 25\u00b0C, 5mA, udladningsdybde p\u00e5 50%)<br \/>\nProduktegenskaber ved Cr123a-batterier:<br \/>\n1, h\u00f8j monomersp\u00e6nding: \u00e5ben kredsl\u00f8bssp\u00e6nding 2,8C ~ 3,2V<br \/>\n2, bredt temperaturomr\u00e5de: cr123a 3v lithiumbatteri kan bruges mellem -60\u2103 og 85\u2103 temperaturomr\u00e5de<br \/>\n3, h\u00f8j specifik energi: Batteriets specifikke energi er op til 400 Wh\/kg, 600 Wh\/dm\u00b3; H\u00f8j kapacitet, stabil ydeevne. Afladningssp\u00e6ndingen er stabil uden sp\u00e6ndingsforsinkelse. Kan give h\u00f8j str\u00f8mafladning.<br \/>\n4, god holdbarhed: med meget lave selvafladningsegenskaber er den \u00e5rlige selvafladningshastighed mindre end 1%, og dens fremstilling anvender rustfrit st\u00e5lskal og metal-glas luftt\u00e6t svejsestruktur.<br \/>\n5, sikkerhedsmodel forureningsfri: indeholder ikke kviks\u00f8lv, cadmium, bly og andre tungmetaller, ingen milj\u00f8forurening.<br \/>\n6. God t\u00e6tningsevne: thionylchloridbatteriet er fuldst\u00e6ndigt forseglet, batterid\u00e6kslet er svejset til batteriskallen, de positive og negative elektroder er isolerede og forseglede med glasmetalforsegling, og v\u00e6skeindspr\u00f8jtningshullet er fuldst\u00e6ndigt forseglet med st\u00e5lkuglesvejsning.<\/p>\n<p><img fetchpriority=\"high\" decoding=\"async\" class=\"alignnone size-medium wp-image-4346\" src=\"https:\/\/www.ahotech.com\/wp-content\/uploads\/2022\/02\/3v-lithium-battery-cr123a-300x300.jpg\" alt=\"3v litiumbatteri cr123a\" width=\"300\" height=\"300\" srcset=\"https:\/\/www.ahotech.com\/wp-content\/uploads\/2022\/02\/3v-lithium-battery-cr123a-300x300.jpg 300w, https:\/\/www.ahotech.com\/wp-content\/uploads\/2022\/02\/3v-lithium-battery-cr123a-150x150.jpg 150w, https:\/\/www.ahotech.com\/wp-content\/uploads\/2022\/02\/3v-lithium-battery-cr123a-768x768.jpg 768w, https:\/\/www.ahotech.com\/wp-content\/uploads\/2022\/02\/3v-lithium-battery-cr123a-600x600.jpg 600w, https:\/\/www.ahotech.com\/wp-content\/uploads\/2022\/02\/3v-lithium-battery-cr123a-100x100.jpg 100w, https:\/\/www.ahotech.com\/wp-content\/uploads\/2022\/02\/3v-lithium-battery-cr123a.jpg 800w\" sizes=\"(max-width: 300px) 100vw, 300px\" \/><br \/>\n7, brugen af speciel forseglingsteknologi, dobbelt anti-riot hole design sikkerhedsk\u00f8lehul, forbedrer batteriets stabilitet, for at give mere beskyttelse til batteriet.<\/p>\n<p>Anvendelsestype: smart elm\u00e5ler, vandm\u00e5ler, gasm\u00e5ler, kalorimeter, gasm\u00e5ler, str\u00f8mforsyning med ur, r\u00f8galarm, temperaturm\u00e5ler, positioneringsenhed osv.<\/p>\n<p><img decoding=\"async\" class=\"alignnone size-medium wp-image-4347\" src=\"https:\/\/www.ahotech.com\/wp-content\/uploads\/2022\/02\/cr123a-batteries-application-300x300.jpg\" alt=\"cr123a batterier anvendelse\" width=\"300\" height=\"300\" srcset=\"https:\/\/www.ahotech.com\/wp-content\/uploads\/2022\/02\/cr123a-batteries-application-300x300.jpg 300w, https:\/\/www.ahotech.com\/wp-content\/uploads\/2022\/02\/cr123a-batteries-application-150x150.jpg 150w, https:\/\/www.ahotech.com\/wp-content\/uploads\/2022\/02\/cr123a-batteries-application-768x768.jpg 768w, https:\/\/www.ahotech.com\/wp-content\/uploads\/2022\/02\/cr123a-batteries-application-600x600.jpg 600w, https:\/\/www.ahotech.com\/wp-content\/uploads\/2022\/02\/cr123a-batteries-application-100x100.jpg 100w, https:\/\/www.ahotech.com\/wp-content\/uploads\/2022\/02\/cr123a-batteries-application.jpg 800w\" sizes=\"(max-width: 300px) 100vw, 300px\" \/><\/p>\n<p>Cr123a 25 \u2103 udladningskarakteristik<\/p>\n<p><img decoding=\"async\" class=\"alignnone size-medium wp-image-4348\" src=\"https:\/\/www.ahotech.com\/wp-content\/uploads\/2022\/02\/cr123a-batteries-test-data-300x165.png\" alt=\"Testdata for cr123a-batterier\" width=\"300\" height=\"165\" srcset=\"https:\/\/www.ahotech.com\/wp-content\/uploads\/2022\/02\/cr123a-batteries-test-data-300x165.png 300w, https:\/\/www.ahotech.com\/wp-content\/uploads\/2022\/02\/cr123a-batteries-test-data-768x423.png 768w, https:\/\/www.ahotech.com\/wp-content\/uploads\/2022\/02\/cr123a-batteries-test-data-600x330.png 600w, https:\/\/www.ahotech.com\/wp-content\/uploads\/2022\/02\/cr123a-batteries-test-data.png 979w\" sizes=\"(max-width: 300px) 100vw, 300px\" \/><\/p>\n<p><img loading=\"lazy\" decoding=\"async\" class=\"alignnone size-medium wp-image-4349\" src=\"https:\/\/www.ahotech.com\/wp-content\/uploads\/2022\/02\/cr123a-batteries-test-data1-300x176.png\" alt=\"Testdata for cr123a-batterier\" width=\"300\" height=\"176\" srcset=\"https:\/\/www.ahotech.com\/wp-content\/uploads\/2022\/02\/cr123a-batteries-test-data1-300x176.png 300w, https:\/\/www.ahotech.com\/wp-content\/uploads\/2022\/02\/cr123a-batteries-test-data1-768x452.png 768w, https:\/\/www.ahotech.com\/wp-content\/uploads\/2022\/02\/cr123a-batteries-test-data1-600x353.png 600w, https:\/\/www.ahotech.com\/wp-content\/uploads\/2022\/02\/cr123a-batteries-test-data1.png 920w\" sizes=\"(max-width: 300px) 100vw, 300px\" \/> <img loading=\"lazy\" decoding=\"async\" class=\"alignnone size-medium wp-image-4350\" src=\"https:\/\/www.ahotech.com\/wp-content\/uploads\/2022\/02\/cr123a-batteries-test-data2-300x172.png\" alt=\"Testdata for cr123a-batterier\" width=\"300\" height=\"172\" srcset=\"https:\/\/www.ahotech.com\/wp-content\/uploads\/2022\/02\/cr123a-batteries-test-data2-300x172.png 300w, https:\/\/www.ahotech.com\/wp-content\/uploads\/2022\/02\/cr123a-batteries-test-data2-768x441.png 768w, https:\/\/www.ahotech.com\/wp-content\/uploads\/2022\/02\/cr123a-batteries-test-data2-600x344.png 600w, https:\/\/www.ahotech.com\/wp-content\/uploads\/2022\/02\/cr123a-batteries-test-data2.png 901w\" sizes=\"(max-width: 300px) 100vw, 300px\" \/><\/p>\n<p>Bem\u00e6rk: Cr123a er et engangsbatteri. I mods\u00e6tning til <a href=\"https:\/\/www.ahotech.com\/da\/produkt\/26650-batteri\/\">genopladelige lithiumbatterier<\/a>, opladning er forbudt.<\/p>","protected":false},"excerpt":{"rendered":"<p>Produktmodel: CR123A<br \/>\nIEC-model: 2\/3A<br \/>\nNominel sp\u00e6nding (V): 3,0<br \/>\nV\u00e6gt (G): 17<br \/>\nKapacitet \\ Str\u00f8m (mAh \\ mA): 1300 \\ 5<br \/>\nMaksimal kontinuerlig afladningsstr\u00f8m (mA): 1000<br \/>\nDriftstemperatur (\u2103): -40~+70<br \/>\nTermineringssp\u00e6nding (V): 2,0<br \/>\nSamlet st\u00f8rrelse: 17 * 34,5 mm<\/p>\n<p><img loading=\"lazy\" decoding=\"async\" class=\"alignnone size-medium wp-image-4345\" src=\"https:\/\/www.ahotech.com\/wp-content\/uploads\/2022\/02\/cr123a-battery-size-300x300.jpg\" alt=\"cr123a batteri st\u00f8rrelse\" width=\"300\" height=\"300\" srcset=\"https:\/\/www.ahotech.com\/wp-content\/uploads\/2022\/02\/cr123a-battery-size-300x300.jpg 300w, https:\/\/www.ahotech.com\/wp-content\/uploads\/2022\/02\/cr123a-battery-size-150x150.jpg 150w, https:\/\/www.ahotech.com\/wp-content\/uploads\/2022\/02\/cr123a-battery-size-768x768.jpg 768w, https:\/\/www.ahotech.com\/wp-content\/uploads\/2022\/02\/cr123a-battery-size-600x600.jpg 600w, https:\/\/www.ahotech.com\/wp-content\/uploads\/2022\/02\/cr123a-battery-size-100x100.jpg 100w, https:\/\/www.ahotech.com\/wp-content\/uploads\/2022\/02\/cr123a-battery-size.jpg 800w\" sizes=\"(max-width: 300px) 100vw, 300px\" \/><\/p>","protected":false},"featured_media":4342,"template":"","meta":{"_acf_changed":false,"site-sidebar-layout":"default","site-content-layout":"default","ast-site-content-layout":"","site-content-style":"default","site-sidebar-style":"default","ast-global-header-display":"","ast-banner-title-visibility":"","ast-main-header-display":"","ast-hfb-above-header-display":"","ast-hfb-below-header-display":"","ast-hfb-mobile-header-display":"","site-post-title":"","ast-breadcrumbs-content":"","ast-featured-img":"","footer-sml-layout":"","theme-transparent-header-meta":"default","adv-header-id-meta":"","stick-header-meta":"","header-above-stick-meta":"","header-main-stick-meta":"","header-below-stick-meta":"","astra-migrate-meta-layouts":"default","ast-page-background-enabled":"default","ast-page-background-meta":{"desktop":{"background-color":"","background-image":"","background-repeat":"repeat","background-position":"center center","background-size":"auto","background-attachment":"scroll","background-type":"","background-media":"","overlay-type":"","overlay-color":"","overlay-opacity":"","overlay-gradient":""},"tablet":{"background-color":"","background-image":"","background-repeat":"repeat","background-position":"center center","background-size":"auto","background-attachment":"scroll","background-type":"","background-media":"","overlay-type":"","overlay-color":"","overlay-opacity":"","overlay-gradient":""},"mobile":{"background-color":"","background-image":"","background-repeat":"repeat","background-position":"center center","background-size":"auto","background-attachment":"scroll","background-type":"","background-media":"","overlay-type":"","overlay-color":"","overlay-opacity":"","overlay-gradient":""}},"ast-content-background-meta":{"desktop":{"background-color":"var(--ast-global-color-5)","background-image":"","background-repeat":"repeat","background-position":"center center","background-size":"auto","background-attachment":"scroll","background-type":"","background-media":"","overlay-type":"","overlay-color":"","overlay-opacity":"","overlay-gradient":""},"tablet":{"background-color":"var(--ast-global-color-5)","background-image":"","background-repeat":"repeat","background-position":"center center","background-size":"auto","background-attachment":"scroll","background-type":"","background-media":"","overlay-type":"","overlay-color":"","overlay-opacity":"","overlay-gradient":""},"mobile":{"background-color":"var(--ast-global-color-5)","background-image":"","background-repeat":"repeat","background-position":"center center","background-size":"auto","background-attachment":"scroll","background-type":"","background-media":"","overlay-type":"","overlay-color":"","overlay-opacity":"","overlay-gradient":""}}},"product_brand":[],"product_cat":[43],"product_tag":[],"class_list":{"0":"post-4343","1":"product","2":"type-product","3":"status-publish","4":"has-post-thumbnail","6":"product_cat-lithium-manganese-battery","7":"desktop-align-left","8":"tablet-align-left","9":"mobile-align-left","11":"first","12":"instock","13":"shipping-taxable","14":"product-type-simple"},"acf":[],"yoast_head":"<!-- This site is optimized with the Yoast SEO plugin v27.3 - https:\/\/yoast.com\/product\/yoast-seo-wordpress\/ -->\n<title>cr123a battery - Ahotech.com<\/title>\n<meta name=\"description\" content=\"Cr123a battery performance parameters (standard value within one year of battery life)\" \/>\n<meta name=\"robots\" content=\"index, follow, max-snippet:-1, max-image-preview:large, max-video-preview:-1\" \/>\n<link rel=\"canonical\" href=\"https:\/\/www.ahotech.com\/da\/produkt\/cr123a-batteri\/\" \/>\n<meta property=\"og:locale\" content=\"da_DK\" \/>\n<meta property=\"og:type\" content=\"article\" \/>\n<meta property=\"og:title\" content=\"cr123a battery - Ahotech.com\" \/>\n<meta property=\"og:description\" content=\"Cr123a battery performance parameters (standard value within one year of battery life)\" \/>\n<meta property=\"og:url\" content=\"https:\/\/www.ahotech.com\/da\/produkt\/cr123a-batteri\/\" \/>\n<meta property=\"og:site_name\" content=\"Ahotech.com\" \/>\n<meta property=\"article:modified_time\" content=\"2022-04-01T05:45:49+00:00\" \/>\n<meta property=\"og:image\" content=\"https:\/\/de.ahotech.com\/wp-content\/uploads\/2022\/02\/cr123a-battery.jpg\" \/>\n\t<meta property=\"og:image:width\" content=\"800\" \/>\n\t<meta property=\"og:image:height\" content=\"800\" \/>\n\t<meta property=\"og:image:type\" content=\"image\/jpeg\" \/>\n<meta name=\"twitter:card\" content=\"summary_large_image\" \/>\n<meta name=\"twitter:label1\" content=\"Estimeret l\u00e6setid\" \/>\n\t<meta name=\"twitter:data1\" content=\"3 minutter\" \/>\n<script type=\"application\/ld+json\" class=\"yoast-schema-graph\">{\"@context\":\"https:\\\/\\\/schema.org\",\"@graph\":[{\"@type\":\"WebPage\",\"@id\":\"https:\\\/\\\/de.ahotech.com\\\/product\\\/cr123a-batterie\\\/\",\"url\":\"https:\\\/\\\/de.ahotech.com\\\/product\\\/cr123a-batterie\\\/\",\"name\":\"cr123a battery - Ahotech.com\",\"isPartOf\":{\"@id\":\"https:\\\/\\\/www.ahotech.com\\\/es\\\/#website\"},\"primaryImageOfPage\":{\"@id\":\"https:\\\/\\\/de.ahotech.com\\\/product\\\/cr123a-batterie\\\/#primaryimage\"},\"image\":{\"@id\":\"https:\\\/\\\/de.ahotech.com\\\/product\\\/cr123a-batterie\\\/#primaryimage\"},\"thumbnailUrl\":\"https:\\\/\\\/www.ahotech.com\\\/wp-content\\\/uploads\\\/2022\\\/02\\\/cr123a-battery.jpg\",\"datePublished\":\"2022-02-28T02:19:15+00:00\",\"dateModified\":\"2022-04-01T05:45:49+00:00\",\"description\":\"Cr123a battery performance parameters (standard value within one year of battery life)\",\"breadcrumb\":{\"@id\":\"https:\\\/\\\/de.ahotech.com\\\/product\\\/cr123a-batterie\\\/#breadcrumb\"},\"inLanguage\":\"da-DK\",\"potentialAction\":[{\"@type\":\"ReadAction\",\"target\":[\"https:\\\/\\\/de.ahotech.com\\\/product\\\/cr123a-batterie\\\/\"]}]},{\"@type\":\"ImageObject\",\"inLanguage\":\"da-DK\",\"@id\":\"https:\\\/\\\/de.ahotech.com\\\/product\\\/cr123a-batterie\\\/#primaryimage\",\"url\":\"https:\\\/\\\/www.ahotech.com\\\/wp-content\\\/uploads\\\/2022\\\/02\\\/cr123a-battery.jpg\",\"contentUrl\":\"https:\\\/\\\/www.ahotech.com\\\/wp-content\\\/uploads\\\/2022\\\/02\\\/cr123a-battery.jpg\",\"width\":800,\"height\":800,\"caption\":\"cr123a battery\"},{\"@type\":\"BreadcrumbList\",\"@id\":\"https:\\\/\\\/de.ahotech.com\\\/product\\\/cr123a-batterie\\\/#breadcrumb\",\"itemListElement\":[{\"@type\":\"ListItem\",\"position\":1,\"name\":\"Home\",\"item\":\"https:\\\/\\\/www.ahotech.com\\\/es\\\/\"},{\"@type\":\"ListItem\",\"position\":2,\"name\":\"Store\",\"item\":\"https:\\\/\\\/www.ahotech.com\\\/es\\\/almacenar\\\/\"},{\"@type\":\"ListItem\",\"position\":3,\"name\":\"cr123a battery\"}]},{\"@type\":\"WebSite\",\"@id\":\"https:\\\/\\\/www.ahotech.com\\\/es\\\/#website\",\"url\":\"https:\\\/\\\/www.ahotech.com\\\/es\\\/\",\"name\":\"Ahotech.com\",\"description\":\"lithium battery manufacturers\",\"publisher\":{\"@id\":\"https:\\\/\\\/www.ahotech.com\\\/es\\\/#organization\"},\"potentialAction\":[{\"@type\":\"SearchAction\",\"target\":{\"@type\":\"EntryPoint\",\"urlTemplate\":\"https:\\\/\\\/www.ahotech.com\\\/es\\\/?s={search_term_string}\"},\"query-input\":{\"@type\":\"PropertyValueSpecification\",\"valueRequired\":true,\"valueName\":\"search_term_string\"}}],\"inLanguage\":\"da-DK\"},{\"@type\":\"Organization\",\"@id\":\"https:\\\/\\\/www.ahotech.com\\\/es\\\/#organization\",\"name\":\"Ahotech.com\",\"url\":\"https:\\\/\\\/www.ahotech.com\\\/es\\\/\",\"logo\":{\"@type\":\"ImageObject\",\"inLanguage\":\"da-DK\",\"@id\":\"https:\\\/\\\/www.ahotech.com\\\/es\\\/#\\\/schema\\\/logo\\\/image\\\/\",\"url\":\"https:\\\/\\\/www.ahotech.com\\\/wp-content\\\/uploads\\\/2021\\\/10\\\/battery-site-logo.jpg\",\"contentUrl\":\"https:\\\/\\\/www.ahotech.com\\\/wp-content\\\/uploads\\\/2021\\\/10\\\/battery-site-logo.jpg\",\"width\":1297,\"height\":465,\"caption\":\"Ahotech.com\"},\"image\":{\"@id\":\"https:\\\/\\\/www.ahotech.com\\\/es\\\/#\\\/schema\\\/logo\\\/image\\\/\"}}]}<\/script>\n<!-- \/ Yoast SEO plugin. -->","yoast_head_json":{"title":"cr123a batteri - Ahotech.com","description":"Cr123a-batteriets ydeevneparametre (standardv\u00e6rdi inden for et \u00e5rs batterilevetid)","robots":{"index":"index","follow":"follow","max-snippet":"max-snippet:-1","max-image-preview":"max-image-preview:large","max-video-preview":"max-video-preview:-1"},"canonical":"https:\/\/www.ahotech.com\/da\/produkt\/cr123a-batteri\/","og_locale":"da_DK","og_type":"article","og_title":"cr123a battery - Ahotech.com","og_description":"Cr123a battery performance parameters (standard value within one year of battery life)","og_url":"https:\/\/www.ahotech.com\/da\/produkt\/cr123a-batteri\/","og_site_name":"Ahotech.com","article_modified_time":"2022-04-01T05:45:49+00:00","og_image":[{"width":800,"height":800,"url":"https:\/\/de.ahotech.com\/wp-content\/uploads\/2022\/02\/cr123a-battery.jpg","type":"image\/jpeg"}],"twitter_card":"summary_large_image","twitter_misc":{"Estimeret l\u00e6setid":"3 minutter"},"schema":{"@context":"https:\/\/schema.org","@graph":[{"@type":"WebPage","@id":"https:\/\/de.ahotech.com\/product\/cr123a-batterie\/","url":"https:\/\/de.ahotech.com\/product\/cr123a-batterie\/","name":"cr123a batteri - Ahotech.com","isPartOf":{"@id":"https:\/\/www.ahotech.com\/es\/#website"},"primaryImageOfPage":{"@id":"https:\/\/de.ahotech.com\/product\/cr123a-batterie\/#primaryimage"},"image":{"@id":"https:\/\/de.ahotech.com\/product\/cr123a-batterie\/#primaryimage"},"thumbnailUrl":"https:\/\/www.ahotech.com\/wp-content\/uploads\/2022\/02\/cr123a-battery.jpg","datePublished":"2022-02-28T02:19:15+00:00","dateModified":"2022-04-01T05:45:49+00:00","description":"Cr123a-batteriets ydeevneparametre (standardv\u00e6rdi inden for et \u00e5rs batterilevetid)","breadcrumb":{"@id":"https:\/\/de.ahotech.com\/product\/cr123a-batterie\/#breadcrumb"},"inLanguage":"da-DK","potentialAction":[{"@type":"ReadAction","target":["https:\/\/de.ahotech.com\/product\/cr123a-batterie\/"]}]},{"@type":"ImageObject","inLanguage":"da-DK","@id":"https:\/\/de.ahotech.com\/product\/cr123a-batterie\/#primaryimage","url":"https:\/\/www.ahotech.com\/wp-content\/uploads\/2022\/02\/cr123a-battery.jpg","contentUrl":"https:\/\/www.ahotech.com\/wp-content\/uploads\/2022\/02\/cr123a-battery.jpg","width":800,"height":800,"caption":"cr123a battery"},{"@type":"BreadcrumbList","@id":"https:\/\/de.ahotech.com\/product\/cr123a-batterie\/#breadcrumb","itemListElement":[{"@type":"ListItem","position":1,"name":"Home","item":"https:\/\/www.ahotech.com\/es\/"},{"@type":"ListItem","position":2,"name":"Store","item":"https:\/\/www.ahotech.com\/es\/almacenar\/"},{"@type":"ListItem","position":3,"name":"cr123a battery"}]},{"@type":"WebSite","@id":"https:\/\/www.ahotech.com\/es\/#website","url":"https:\/\/www.ahotech.com\/es\/","name":"Ahotech.com","description":"producenter af litiumbatterier","publisher":{"@id":"https:\/\/www.ahotech.com\/es\/#organization"},"potentialAction":[{"@type":"SearchAction","target":{"@type":"EntryPoint","urlTemplate":"https:\/\/www.ahotech.com\/es\/?s={search_term_string}"},"query-input":{"@type":"PropertyValueSpecification","valueRequired":true,"valueName":"search_term_string"}}],"inLanguage":"da-DK"},{"@type":"Organization","@id":"https:\/\/www.ahotech.com\/es\/#organization","name":"Ahotech.com","url":"https:\/\/www.ahotech.com\/es\/","logo":{"@type":"ImageObject","inLanguage":"da-DK","@id":"https:\/\/www.ahotech.com\/es\/#\/schema\/logo\/image\/","url":"https:\/\/www.ahotech.com\/wp-content\/uploads\/2021\/10\/battery-site-logo.jpg","contentUrl":"https:\/\/www.ahotech.com\/wp-content\/uploads\/2021\/10\/battery-site-logo.jpg","width":1297,"height":465,"caption":"Ahotech.com"},"image":{"@id":"https:\/\/www.ahotech.com\/es\/#\/schema\/logo\/image\/"}}]}},"_links":{"self":[{"href":"https:\/\/www.ahotech.com\/da\/wp-json\/wp\/v2\/product\/4343","targetHints":{"allow":["GET"]}}],"collection":[{"href":"https:\/\/www.ahotech.com\/da\/wp-json\/wp\/v2\/product"}],"about":[{"href":"https:\/\/www.ahotech.com\/da\/wp-json\/wp\/v2\/types\/product"}],"version-history":[{"count":3,"href":"https:\/\/www.ahotech.com\/da\/wp-json\/wp\/v2\/product\/4343\/revisions"}],"predecessor-version":[{"id":4356,"href":"https:\/\/www.ahotech.com\/da\/wp-json\/wp\/v2\/product\/4343\/revisions\/4356"}],"wp:featuredmedia":[{"embeddable":true,"href":"https:\/\/www.ahotech.com\/da\/wp-json\/wp\/v2\/media\/4342"}],"wp:attachment":[{"href":"https:\/\/www.ahotech.com\/da\/wp-json\/wp\/v2\/media?parent=4343"}],"wp:term":[{"taxonomy":"product_brand","embeddable":true,"href":"https:\/\/www.ahotech.com\/da\/wp-json\/wp\/v2\/product_brand?post=4343"},{"taxonomy":"product_cat","embeddable":true,"href":"https:\/\/www.ahotech.com\/da\/wp-json\/wp\/v2\/product_cat?post=4343"},{"taxonomy":"product_tag","embeddable":true,"href":"https:\/\/www.ahotech.com\/da\/wp-json\/wp\/v2\/product_tag?post=4343"}],"curies":[{"name":"wp","href":"https:\/\/api.w.org\/{rel}","templated":true}]}}