{"id":4315,"date":"2022-02-25T01:33:35","date_gmt":"2022-02-25T01:33:35","guid":{"rendered":"https:\/\/www.ahotech.com\/?post_type=product&#038;p=4315"},"modified":"2022-02-25T01:39:55","modified_gmt":"2022-02-25T01:39:55","slug":"genopladelig-lithium-batteripakke","status":"publish","type":"product","link":"https:\/\/www.ahotech.com\/da\/product\/rechargeable-lithium-battery-pack\/","title":{"rendered":"Genopladelig lithium-batteripakke"},"content":{"rendered":"<p>Hoved 12V\/24V\/36V\/48V\/60V\/72V og andre modeller af 18650 termisk lithium-batteri og<a href=\"https:\/\/www.ahotech.com\/da\/produkt\/lifepo4-batteri-12v\/\"> lithium-jernfosfat-batteripakke<\/a>; Det er egnet til lithiumbatterier til elektriske k\u00f8ret\u00f8jer, lithiumbatterier til elektriske spr\u00f8jter, lithiumbatterier til medicinsk udstyr, lithiumbatterier til solcellelamper, lithiumbatterier til reklamebokse, lithiumbatterier til industriroboter, batterier til kommunikation med solcellebasestationer og andet udstyr. Kan tilpasses efter kundens krav for forskellige specifikationer, modeller og batterist\u00f8rrelser. Kunder er velkomne til at komme og h\u00f8re om indk\u00f8b!<\/p>\n<p><img fetchpriority=\"high\" decoding=\"async\" class=\"alignnone size-medium wp-image-4317\" src=\"https:\/\/www.ahotech.com\/wp-content\/uploads\/2022\/02\/lithium-battery-pack-300x300.jpg\" alt=\"litiumbatteripakke\" width=\"300\" height=\"300\" srcset=\"https:\/\/www.ahotech.com\/wp-content\/uploads\/2022\/02\/lithium-battery-pack-300x300.jpg 300w, https:\/\/www.ahotech.com\/wp-content\/uploads\/2022\/02\/lithium-battery-pack-150x150.jpg 150w, https:\/\/www.ahotech.com\/wp-content\/uploads\/2022\/02\/lithium-battery-pack-768x768.jpg 768w, https:\/\/www.ahotech.com\/wp-content\/uploads\/2022\/02\/lithium-battery-pack-600x600.jpg 600w, https:\/\/www.ahotech.com\/wp-content\/uploads\/2022\/02\/lithium-battery-pack-100x100.jpg 100w, https:\/\/www.ahotech.com\/wp-content\/uploads\/2022\/02\/lithium-battery-pack.jpg 800w\" sizes=\"(max-width: 300px) 100vw, 300px\" \/><\/p>\n<p>Overstr\u00f8msbeskyttelse, overopladningsbeskyttelse, overafladningsbeskyttelse, overstr\u00f8msbeskyttelse, oversp\u00e6ndingsbeskyttelse, kortslutningsbeskyttelse, temperaturbeskyttelse, balancefunktion.<\/p>\n<p><img decoding=\"async\" class=\"alignnone size-medium wp-image-4320\" src=\"https:\/\/www.ahotech.com\/wp-content\/uploads\/2022\/02\/The-battery-pack-BMS-300x300.jpg\" alt=\"Batteripakken BMS\" width=\"300\" height=\"300\" srcset=\"https:\/\/www.ahotech.com\/wp-content\/uploads\/2022\/02\/The-battery-pack-BMS-300x300.jpg 300w, https:\/\/www.ahotech.com\/wp-content\/uploads\/2022\/02\/The-battery-pack-BMS-150x150.jpg 150w, https:\/\/www.ahotech.com\/wp-content\/uploads\/2022\/02\/The-battery-pack-BMS-768x768.jpg 768w, https:\/\/www.ahotech.com\/wp-content\/uploads\/2022\/02\/The-battery-pack-BMS-600x600.jpg 600w, https:\/\/www.ahotech.com\/wp-content\/uploads\/2022\/02\/The-battery-pack-BMS-100x100.jpg 100w, https:\/\/www.ahotech.com\/wp-content\/uploads\/2022\/02\/The-battery-pack-BMS.jpg 800w\" sizes=\"(max-width: 300px) 100vw, 300px\" \/><\/p>\n<p>Intern struktur:<br \/>\nIndbygget supportmodul, st\u00f8dsikker varmeafledning<br \/>\nFormet nikkelpladesvejsning, lav indre modstand<br \/>\nH\u00f8jtydende beskyttelsesplade, beskytter batteriets stabile output<\/p>\n<p><img decoding=\"async\" class=\"alignnone size-medium wp-image-4321\" src=\"https:\/\/www.ahotech.com\/wp-content\/uploads\/2022\/02\/Internal-structure-of-lithium-battery-pack-300x300.jpg\" alt=\"Intern struktur af lithiumbatteripakken\" width=\"300\" height=\"300\" srcset=\"https:\/\/www.ahotech.com\/wp-content\/uploads\/2022\/02\/Internal-structure-of-lithium-battery-pack-300x300.jpg 300w, https:\/\/www.ahotech.com\/wp-content\/uploads\/2022\/02\/Internal-structure-of-lithium-battery-pack-150x150.jpg 150w, https:\/\/www.ahotech.com\/wp-content\/uploads\/2022\/02\/Internal-structure-of-lithium-battery-pack-768x768.jpg 768w, https:\/\/www.ahotech.com\/wp-content\/uploads\/2022\/02\/Internal-structure-of-lithium-battery-pack-600x600.jpg 600w, https:\/\/www.ahotech.com\/wp-content\/uploads\/2022\/02\/Internal-structure-of-lithium-battery-pack-100x100.jpg 100w, https:\/\/www.ahotech.com\/wp-content\/uploads\/2022\/02\/Internal-structure-of-lithium-battery-pack.jpg 800w\" sizes=\"(max-width: 300px) 100vw, 300px\" \/><\/p>","protected":false},"excerpt":{"rendered":"<p>Celle<br \/>\nModel: CMICR18650F9M-3200mAh<br \/>\nType: litium-ion-batteri<br \/>\nKapacitet: 3,2 AH<br \/>\nNominel sp\u00e6nding: 3,6V<br \/>\nPakkestandard: Kapacitetsforskel \u22642%; Modstandsforskel \u2264 0,1m\u03a9; Sp\u00e6ndingsafvigelse \u2264 10 mV<\/p>\n<p>Pakkeindeks<br \/>\nPakkemetode: 18650-2S12P<br \/>\nNominel kapacitet: 38,4 Ah<br \/>\nNominel sp\u00e6nding: 8,4V<br \/>\nEndeafladningssp\u00e6nding: 5,5V<br \/>\nMaks. ladesp\u00e6nding: 8,4V<br \/>\nStandard ladestr\u00f8m: 7,44A<br \/>\nMaksimal kontinuerlig ladestr\u00f8m: 10A<br \/>\nStandardafladningsstr\u00f8m: 7,44A<br \/>\nMaksimal kontinuerlig afladningsstr\u00f8m: 10A<br \/>\nMaksimal \u00f8jeblikkelig str\u00f8m: 20A<br \/>\nOverstr\u00f8msbeskyttelsesforsinkelse: 20S<br \/>\nKortslutningsgendannelsesbetingelser: Afbryd belastningens automatiske gendannelse (opladningsaktivering)<br \/>\nKortslutningsbeskyttelse: 200uS<br \/>\nBeskyttelse mod opladningstemperatur: 0 \u2103 ~ 45 \u2103<br \/>\nBeskyttelse mod udladningstemperatur: -20 \u2103 ~ 50 \u2103<br \/>\nLevetid (varighed eller cyklusser): Cyklusser: minimum 500.70% startkapacitet<br \/>\nSt\u00f8rrelse: 60 mm * 70 mm * 150 mm<\/p>","protected":false},"featured_media":4317,"template":"","meta":{"_acf_changed":false,"site-sidebar-layout":"default","site-content-layout":"default","ast-site-content-layout":"","site-content-style":"default","site-sidebar-style":"default","ast-global-header-display":"","ast-banner-title-visibility":"","ast-main-header-display":"","ast-hfb-above-header-display":"","ast-hfb-below-header-display":"","ast-hfb-mobile-header-display":"","site-post-title":"","ast-breadcrumbs-content":"","ast-featured-img":"","footer-sml-layout":"","theme-transparent-header-meta":"default","adv-header-id-meta":"","stick-header-meta":"","header-above-stick-meta":"","header-main-stick-meta":"","header-below-stick-meta":"","astra-migrate-meta-layouts":"default","ast-page-background-enabled":"default","ast-page-background-meta":{"desktop":{"background-color":"","background-image":"","background-repeat":"repeat","background-position":"center center","background-size":"auto","background-attachment":"scroll","background-type":"","background-media":"","overlay-type":"","overlay-color":"","overlay-opacity":"","overlay-gradient":""},"tablet":{"background-color":"","background-image":"","background-repeat":"repeat","background-position":"center center","background-size":"auto","background-attachment":"scroll","background-type":"","background-media":"","overlay-type":"","overlay-color":"","overlay-opacity":"","overlay-gradient":""},"mobile":{"background-color":"","background-image":"","background-repeat":"repeat","background-position":"center center","background-size":"auto","background-attachment":"scroll","background-type":"","background-media":"","overlay-type":"","overlay-color":"","overlay-opacity":"","overlay-gradient":""}},"ast-content-background-meta":{"desktop":{"background-color":"var(--ast-global-color-5)","background-image":"","background-repeat":"repeat","background-position":"center center","background-size":"auto","background-attachment":"scroll","background-type":"","background-media":"","overlay-type":"","overlay-color":"","overlay-opacity":"","overlay-gradient":""},"tablet":{"background-color":"var(--ast-global-color-5)","background-image":"","background-repeat":"repeat","background-position":"center center","background-size":"auto","background-attachment":"scroll","background-type":"","background-media":"","overlay-type":"","overlay-color":"","overlay-opacity":"","overlay-gradient":""},"mobile":{"background-color":"var(--ast-global-color-5)","background-image":"","background-repeat":"repeat","background-position":"center center","background-size":"auto","background-attachment":"scroll","background-type":"","background-media":"","overlay-type":"","overlay-color":"","overlay-opacity":"","overlay-gradient":""}}},"product_brand":[],"product_cat":[41],"product_tag":[],"class_list":{"0":"post-4315","1":"product","2":"type-product","3":"status-publish","4":"has-post-thumbnail","6":"product_cat-rechargeable-lithium-battery","7":"desktop-align-left","8":"tablet-align-left","9":"mobile-align-left","11":"first","12":"instock","13":"shipping-taxable","14":"product-type-simple"},"acf":[],"yoast_head":"<!-- This site is optimized with the Yoast SEO plugin v27.3 - https:\/\/yoast.com\/product\/yoast-seo-wordpress\/ -->\n<title>Rechargeable lithium battery pack - Ahotech.com<\/title>\n<meta name=\"robots\" content=\"index, follow, max-snippet:-1, max-image-preview:large, max-video-preview:-1\" \/>\n<link rel=\"canonical\" href=\"https:\/\/www.ahotech.com\/da\/produkt\/genopladelig-lithium-batteripakke\/\" \/>\n<meta property=\"og:locale\" content=\"da_DK\" \/>\n<meta property=\"og:type\" content=\"article\" \/>\n<meta property=\"og:title\" content=\"Rechargeable lithium battery pack - Ahotech.com\" \/>\n<meta property=\"og:description\" content=\"Cell Model:CMICR18650F9M-3200mAh Type:lithium ion battery Capacity:3.2AH Rated Voltage\uff1a3.6V Pack Standard\uff1aCapacity Difference\u22642%\uff1bResistance Difference\u2264 0.1m\u03a9\uff1bVoltage deviation\u2264 10 mv  Pack Index Pack Method\uff1a18650-2S12P Rated Capacity\uff1a38.4Ah Nominal Voltage\uff1a8.4V End-off Discharge voltage\uff1a5.5V Max. Charge Voltage\uff1a8.4V Standard Charge Current\uff1a7.44A Maximum continuous Charge Current\uff1a10A Standard discharge current\uff1a7.44A Maximum continuous discharge current\uff1a10A Maximum instantaneous current\uff1a20A Overcurrent protection delay\uff1a20S Short circuit recovery conditions\uff1aDisconnect the load automatic recovery\uff08charging activation\uff09 Short circuit protection\uff1a200uS Charging temperature protection\uff1a0\u2103 ~ 45\u2103 Discharge temperature protection\uff1a-20\u2103 ~ 50\u2103 Lifetime (duration or cycles)\uff1aCycles: minimum 500,70% initial capacity Size\uff1a60mm*70mm*150mm\" \/>\n<meta property=\"og:url\" content=\"https:\/\/www.ahotech.com\/da\/produkt\/genopladelig-lithium-batteripakke\/\" \/>\n<meta property=\"og:site_name\" content=\"Ahotech.com\" \/>\n<meta property=\"article:modified_time\" content=\"2022-02-25T01:39:55+00:00\" \/>\n<meta property=\"og:image\" content=\"https:\/\/www.ahotech.com\/wp-content\/uploads\/2022\/02\/lithium-battery-pack.jpg\" \/>\n\t<meta property=\"og:image:width\" content=\"800\" \/>\n\t<meta property=\"og:image:height\" content=\"800\" \/>\n\t<meta property=\"og:image:type\" content=\"image\/jpeg\" \/>\n<meta name=\"twitter:card\" content=\"summary_large_image\" \/>\n<meta name=\"twitter:label1\" content=\"Estimeret l\u00e6setid\" \/>\n\t<meta name=\"twitter:data1\" content=\"2 minutter\" \/>\n<script type=\"application\/ld+json\" class=\"yoast-schema-graph\">{\"@context\":\"https:\\\/\\\/schema.org\",\"@graph\":[{\"@type\":\"WebPage\",\"@id\":\"https:\\\/\\\/www.ahotech.com\\\/ru\\\/%d0%bf%d1%80%d0%be%d0%b4%d1%83%d0%ba%d1%82\\\/%d0%bf%d0%b5%d1%80%d0%b5%d0%b7%d0%b0%d1%80%d1%8f%d0%b6%d0%b0%d0%b5%d0%bc%d1%8b%d0%b9-%d0%bb%d0%b8%d1%82%d0%b8%d0%b9-%d0%b8%d0%be%d0%bd%d0%bd%d1%8b%d0%b9-%d0%b0%d0%ba%d0%ba%d1%83%d0%bc%d1%83%d0%bb\\\/\",\"url\":\"https:\\\/\\\/www.ahotech.com\\\/ru\\\/%d0%bf%d1%80%d0%be%d0%b4%d1%83%d0%ba%d1%82\\\/%d0%bf%d0%b5%d1%80%d0%b5%d0%b7%d0%b0%d1%80%d1%8f%d0%b6%d0%b0%d0%b5%d0%bc%d1%8b%d0%b9-%d0%bb%d0%b8%d1%82%d0%b8%d0%b9-%d0%b8%d0%be%d0%bd%d0%bd%d1%8b%d0%b9-%d0%b0%d0%ba%d0%ba%d1%83%d0%bc%d1%83%d0%bb\\\/\",\"name\":\"Rechargeable lithium battery pack - Ahotech.com\",\"isPartOf\":{\"@id\":\"https:\\\/\\\/www.ahotech.com\\\/es\\\/#website\"},\"primaryImageOfPage\":{\"@id\":\"https:\\\/\\\/www.ahotech.com\\\/ru\\\/%d0%bf%d1%80%d0%be%d0%b4%d1%83%d0%ba%d1%82\\\/%d0%bf%d0%b5%d1%80%d0%b5%d0%b7%d0%b0%d1%80%d1%8f%d0%b6%d0%b0%d0%b5%d0%bc%d1%8b%d0%b9-%d0%bb%d0%b8%d1%82%d0%b8%d0%b9-%d0%b8%d0%be%d0%bd%d0%bd%d1%8b%d0%b9-%d0%b0%d0%ba%d0%ba%d1%83%d0%bc%d1%83%d0%bb\\\/#primaryimage\"},\"image\":{\"@id\":\"https:\\\/\\\/www.ahotech.com\\\/ru\\\/%d0%bf%d1%80%d0%be%d0%b4%d1%83%d0%ba%d1%82\\\/%d0%bf%d0%b5%d1%80%d0%b5%d0%b7%d0%b0%d1%80%d1%8f%d0%b6%d0%b0%d0%b5%d0%bc%d1%8b%d0%b9-%d0%bb%d0%b8%d1%82%d0%b8%d0%b9-%d0%b8%d0%be%d0%bd%d0%bd%d1%8b%d0%b9-%d0%b0%d0%ba%d0%ba%d1%83%d0%bc%d1%83%d0%bb\\\/#primaryimage\"},\"thumbnailUrl\":\"https:\\\/\\\/www.ahotech.com\\\/wp-content\\\/uploads\\\/2022\\\/02\\\/lithium-battery-pack.jpg\",\"datePublished\":\"2022-02-25T01:33:35+00:00\",\"dateModified\":\"2022-02-25T01:39:55+00:00\",\"breadcrumb\":{\"@id\":\"https:\\\/\\\/www.ahotech.com\\\/ru\\\/%d0%bf%d1%80%d0%be%d0%b4%d1%83%d0%ba%d1%82\\\/%d0%bf%d0%b5%d1%80%d0%b5%d0%b7%d0%b0%d1%80%d1%8f%d0%b6%d0%b0%d0%b5%d0%bc%d1%8b%d0%b9-%d0%bb%d0%b8%d1%82%d0%b8%d0%b9-%d0%b8%d0%be%d0%bd%d0%bd%d1%8b%d0%b9-%d0%b0%d0%ba%d0%ba%d1%83%d0%bc%d1%83%d0%bb\\\/#breadcrumb\"},\"inLanguage\":\"da-DK\",\"potentialAction\":[{\"@type\":\"ReadAction\",\"target\":[\"https:\\\/\\\/www.ahotech.com\\\/ru\\\/%d0%bf%d1%80%d0%be%d0%b4%d1%83%d0%ba%d1%82\\\/%d0%bf%d0%b5%d1%80%d0%b5%d0%b7%d0%b0%d1%80%d1%8f%d0%b6%d0%b0%d0%b5%d0%bc%d1%8b%d0%b9-%d0%bb%d0%b8%d1%82%d0%b8%d0%b9-%d0%b8%d0%be%d0%bd%d0%bd%d1%8b%d0%b9-%d0%b0%d0%ba%d0%ba%d1%83%d0%bc%d1%83%d0%bb\\\/\"]}]},{\"@type\":\"ImageObject\",\"inLanguage\":\"da-DK\",\"@id\":\"https:\\\/\\\/www.ahotech.com\\\/ru\\\/%d0%bf%d1%80%d0%be%d0%b4%d1%83%d0%ba%d1%82\\\/%d0%bf%d0%b5%d1%80%d0%b5%d0%b7%d0%b0%d1%80%d1%8f%d0%b6%d0%b0%d0%b5%d0%bc%d1%8b%d0%b9-%d0%bb%d0%b8%d1%82%d0%b8%d0%b9-%d0%b8%d0%be%d0%bd%d0%bd%d1%8b%d0%b9-%d0%b0%d0%ba%d0%ba%d1%83%d0%bc%d1%83%d0%bb\\\/#primaryimage\",\"url\":\"https:\\\/\\\/www.ahotech.com\\\/wp-content\\\/uploads\\\/2022\\\/02\\\/lithium-battery-pack.jpg\",\"contentUrl\":\"https:\\\/\\\/www.ahotech.com\\\/wp-content\\\/uploads\\\/2022\\\/02\\\/lithium-battery-pack.jpg\",\"width\":800,\"height\":800,\"caption\":\"lithium battery pack\"},{\"@type\":\"BreadcrumbList\",\"@id\":\"https:\\\/\\\/www.ahotech.com\\\/ru\\\/%d0%bf%d1%80%d0%be%d0%b4%d1%83%d0%ba%d1%82\\\/%d0%bf%d0%b5%d1%80%d0%b5%d0%b7%d0%b0%d1%80%d1%8f%d0%b6%d0%b0%d0%b5%d0%bc%d1%8b%d0%b9-%d0%bb%d0%b8%d1%82%d0%b8%d0%b9-%d0%b8%d0%be%d0%bd%d0%bd%d1%8b%d0%b9-%d0%b0%d0%ba%d0%ba%d1%83%d0%bc%d1%83%d0%bb\\\/#breadcrumb\",\"itemListElement\":[{\"@type\":\"ListItem\",\"position\":1,\"name\":\"Home\",\"item\":\"https:\\\/\\\/www.ahotech.com\\\/es\\\/\"},{\"@type\":\"ListItem\",\"position\":2,\"name\":\"Store\",\"item\":\"https:\\\/\\\/www.ahotech.com\\\/es\\\/store\\\/\"},{\"@type\":\"ListItem\",\"position\":3,\"name\":\"Rechargeable lithium battery pack\"}]},{\"@type\":\"WebSite\",\"@id\":\"https:\\\/\\\/www.ahotech.com\\\/es\\\/#website\",\"url\":\"https:\\\/\\\/www.ahotech.com\\\/es\\\/\",\"name\":\"Ahotech.com\",\"description\":\"lithium battery manufacturers\",\"publisher\":{\"@id\":\"https:\\\/\\\/www.ahotech.com\\\/es\\\/#organization\"},\"potentialAction\":[{\"@type\":\"SearchAction\",\"target\":{\"@type\":\"EntryPoint\",\"urlTemplate\":\"https:\\\/\\\/www.ahotech.com\\\/es\\\/?s={search_term_string}\"},\"query-input\":{\"@type\":\"PropertyValueSpecification\",\"valueRequired\":true,\"valueName\":\"search_term_string\"}}],\"inLanguage\":\"da-DK\"},{\"@type\":\"Organization\",\"@id\":\"https:\\\/\\\/www.ahotech.com\\\/es\\\/#organization\",\"name\":\"Ahotech.com\",\"url\":\"https:\\\/\\\/www.ahotech.com\\\/es\\\/\",\"logo\":{\"@type\":\"ImageObject\",\"inLanguage\":\"da-DK\",\"@id\":\"https:\\\/\\\/www.ahotech.com\\\/es\\\/#\\\/schema\\\/logo\\\/image\\\/\",\"url\":\"https:\\\/\\\/www.ahotech.com\\\/wp-content\\\/uploads\\\/2021\\\/10\\\/battery-site-logo.jpg\",\"contentUrl\":\"https:\\\/\\\/www.ahotech.com\\\/wp-content\\\/uploads\\\/2021\\\/10\\\/battery-site-logo.jpg\",\"width\":1297,\"height\":465,\"caption\":\"Ahotech.com\"},\"image\":{\"@id\":\"https:\\\/\\\/www.ahotech.com\\\/es\\\/#\\\/schema\\\/logo\\\/image\\\/\"}}]}<\/script>\n<!-- \/ Yoast SEO plugin. -->","yoast_head_json":{"title":"Genopladelig litiumbatteripakke - Ahotech.com","robots":{"index":"index","follow":"follow","max-snippet":"max-snippet:-1","max-image-preview":"max-image-preview:large","max-video-preview":"max-video-preview:-1"},"canonical":"https:\/\/www.ahotech.com\/da\/produkt\/genopladelig-lithium-batteripakke\/","og_locale":"da_DK","og_type":"article","og_title":"Rechargeable lithium battery pack - Ahotech.com","og_description":"Cell Model:CMICR18650F9M-3200mAh Type:lithium ion battery Capacity:3.2AH Rated Voltage\uff1a3.6V Pack Standard\uff1aCapacity Difference\u22642%\uff1bResistance Difference\u2264 0.1m\u03a9\uff1bVoltage deviation\u2264 10 mv  Pack Index Pack Method\uff1a18650-2S12P Rated Capacity\uff1a38.4Ah Nominal Voltage\uff1a8.4V End-off Discharge voltage\uff1a5.5V Max. Charge Voltage\uff1a8.4V Standard Charge Current\uff1a7.44A Maximum continuous Charge Current\uff1a10A Standard discharge current\uff1a7.44A Maximum continuous discharge current\uff1a10A Maximum instantaneous current\uff1a20A Overcurrent protection delay\uff1a20S Short circuit recovery conditions\uff1aDisconnect the load automatic recovery\uff08charging activation\uff09 Short circuit protection\uff1a200uS Charging temperature protection\uff1a0\u2103 ~ 45\u2103 Discharge temperature protection\uff1a-20\u2103 ~ 50\u2103 Lifetime (duration or cycles)\uff1aCycles: minimum 500,70% initial capacity Size\uff1a60mm*70mm*150mm","og_url":"https:\/\/www.ahotech.com\/da\/produkt\/genopladelig-lithium-batteripakke\/","og_site_name":"Ahotech.com","article_modified_time":"2022-02-25T01:39:55+00:00","og_image":[{"width":800,"height":800,"url":"https:\/\/www.ahotech.com\/wp-content\/uploads\/2022\/02\/lithium-battery-pack.jpg","type":"image\/jpeg"}],"twitter_card":"summary_large_image","twitter_misc":{"Estimeret l\u00e6setid":"2 minutter"},"schema":{"@context":"https:\/\/schema.org","@graph":[{"@type":"WebPage","@id":"https:\/\/www.ahotech.com\/ru\/%d0%bf%d1%80%d0%be%d0%b4%d1%83%d0%ba%d1%82\/%d0%bf%d0%b5%d1%80%d0%b5%d0%b7%d0%b0%d1%80%d1%8f%d0%b6%d0%b0%d0%b5%d0%bc%d1%8b%d0%b9-%d0%bb%d0%b8%d1%82%d0%b8%d0%b9-%d0%b8%d0%be%d0%bd%d0%bd%d1%8b%d0%b9-%d0%b0%d0%ba%d0%ba%d1%83%d0%bc%d1%83%d0%bb\/","url":"https:\/\/www.ahotech.com\/ru\/%d0%bf%d1%80%d0%be%d0%b4%d1%83%d0%ba%d1%82\/%d0%bf%d0%b5%d1%80%d0%b5%d0%b7%d0%b0%d1%80%d1%8f%d0%b6%d0%b0%d0%b5%d0%bc%d1%8b%d0%b9-%d0%bb%d0%b8%d1%82%d0%b8%d0%b9-%d0%b8%d0%be%d0%bd%d0%bd%d1%8b%d0%b9-%d0%b0%d0%ba%d0%ba%d1%83%d0%bc%d1%83%d0%bb\/","name":"Genopladelig litiumbatteripakke - Ahotech.com","isPartOf":{"@id":"https:\/\/www.ahotech.com\/es\/#website"},"primaryImageOfPage":{"@id":"https:\/\/www.ahotech.com\/ru\/%d0%bf%d1%80%d0%be%d0%b4%d1%83%d0%ba%d1%82\/%d0%bf%d0%b5%d1%80%d0%b5%d0%b7%d0%b0%d1%80%d1%8f%d0%b6%d0%b0%d0%b5%d0%bc%d1%8b%d0%b9-%d0%bb%d0%b8%d1%82%d0%b8%d0%b9-%d0%b8%d0%be%d0%bd%d0%bd%d1%8b%d0%b9-%d0%b0%d0%ba%d0%ba%d1%83%d0%bc%d1%83%d0%bb\/#primaryimage"},"image":{"@id":"https:\/\/www.ahotech.com\/ru\/%d0%bf%d1%80%d0%be%d0%b4%d1%83%d0%ba%d1%82\/%d0%bf%d0%b5%d1%80%d0%b5%d0%b7%d0%b0%d1%80%d1%8f%d0%b6%d0%b0%d0%b5%d0%bc%d1%8b%d0%b9-%d0%bb%d0%b8%d1%82%d0%b8%d0%b9-%d0%b8%d0%be%d0%bd%d0%bd%d1%8b%d0%b9-%d0%b0%d0%ba%d0%ba%d1%83%d0%bc%d1%83%d0%bb\/#primaryimage"},"thumbnailUrl":"https:\/\/www.ahotech.com\/wp-content\/uploads\/2022\/02\/lithium-battery-pack.jpg","datePublished":"2022-02-25T01:33:35+00:00","dateModified":"2022-02-25T01:39:55+00:00","breadcrumb":{"@id":"https:\/\/www.ahotech.com\/ru\/%d0%bf%d1%80%d0%be%d0%b4%d1%83%d0%ba%d1%82\/%d0%bf%d0%b5%d1%80%d0%b5%d0%b7%d0%b0%d1%80%d1%8f%d0%b6%d0%b0%d0%b5%d0%bc%d1%8b%d0%b9-%d0%bb%d0%b8%d1%82%d0%b8%d0%b9-%d0%b8%d0%be%d0%bd%d0%bd%d1%8b%d0%b9-%d0%b0%d0%ba%d0%ba%d1%83%d0%bc%d1%83%d0%bb\/#breadcrumb"},"inLanguage":"da-DK","potentialAction":[{"@type":"ReadAction","target":["https:\/\/www.ahotech.com\/ru\/%d0%bf%d1%80%d0%be%d0%b4%d1%83%d0%ba%d1%82\/%d0%bf%d0%b5%d1%80%d0%b5%d0%b7%d0%b0%d1%80%d1%8f%d0%b6%d0%b0%d0%b5%d0%bc%d1%8b%d0%b9-%d0%bb%d0%b8%d1%82%d0%b8%d0%b9-%d0%b8%d0%be%d0%bd%d0%bd%d1%8b%d0%b9-%d0%b0%d0%ba%d0%ba%d1%83%d0%bc%d1%83%d0%bb\/"]}]},{"@type":"ImageObject","inLanguage":"da-DK","@id":"https:\/\/www.ahotech.com\/ru\/%d0%bf%d1%80%d0%be%d0%b4%d1%83%d0%ba%d1%82\/%d0%bf%d0%b5%d1%80%d0%b5%d0%b7%d0%b0%d1%80%d1%8f%d0%b6%d0%b0%d0%b5%d0%bc%d1%8b%d0%b9-%d0%bb%d0%b8%d1%82%d0%b8%d0%b9-%d0%b8%d0%be%d0%bd%d0%bd%d1%8b%d0%b9-%d0%b0%d0%ba%d0%ba%d1%83%d0%bc%d1%83%d0%bb\/#primaryimage","url":"https:\/\/www.ahotech.com\/wp-content\/uploads\/2022\/02\/lithium-battery-pack.jpg","contentUrl":"https:\/\/www.ahotech.com\/wp-content\/uploads\/2022\/02\/lithium-battery-pack.jpg","width":800,"height":800,"caption":"lithium battery pack"},{"@type":"BreadcrumbList","@id":"https:\/\/www.ahotech.com\/ru\/%d0%bf%d1%80%d0%be%d0%b4%d1%83%d0%ba%d1%82\/%d0%bf%d0%b5%d1%80%d0%b5%d0%b7%d0%b0%d1%80%d1%8f%d0%b6%d0%b0%d0%b5%d0%bc%d1%8b%d0%b9-%d0%bb%d0%b8%d1%82%d0%b8%d0%b9-%d0%b8%d0%be%d0%bd%d0%bd%d1%8b%d0%b9-%d0%b0%d0%ba%d0%ba%d1%83%d0%bc%d1%83%d0%bb\/#breadcrumb","itemListElement":[{"@type":"ListItem","position":1,"name":"Home","item":"https:\/\/www.ahotech.com\/es\/"},{"@type":"ListItem","position":2,"name":"Store","item":"https:\/\/www.ahotech.com\/es\/store\/"},{"@type":"ListItem","position":3,"name":"Rechargeable lithium battery pack"}]},{"@type":"WebSite","@id":"https:\/\/www.ahotech.com\/es\/#website","url":"https:\/\/www.ahotech.com\/es\/","name":"Ahotech.com","description":"producenter af litiumbatterier","publisher":{"@id":"https:\/\/www.ahotech.com\/es\/#organization"},"potentialAction":[{"@type":"SearchAction","target":{"@type":"EntryPoint","urlTemplate":"https:\/\/www.ahotech.com\/es\/?s={search_term_string}"},"query-input":{"@type":"PropertyValueSpecification","valueRequired":true,"valueName":"search_term_string"}}],"inLanguage":"da-DK"},{"@type":"Organization","@id":"https:\/\/www.ahotech.com\/es\/#organization","name":"Ahotech.com","url":"https:\/\/www.ahotech.com\/es\/","logo":{"@type":"ImageObject","inLanguage":"da-DK","@id":"https:\/\/www.ahotech.com\/es\/#\/schema\/logo\/image\/","url":"https:\/\/www.ahotech.com\/wp-content\/uploads\/2021\/10\/battery-site-logo.jpg","contentUrl":"https:\/\/www.ahotech.com\/wp-content\/uploads\/2021\/10\/battery-site-logo.jpg","width":1297,"height":465,"caption":"Ahotech.com"},"image":{"@id":"https:\/\/www.ahotech.com\/es\/#\/schema\/logo\/image\/"}}]}},"_links":{"self":[{"href":"https:\/\/www.ahotech.com\/da\/wp-json\/wp\/v2\/product\/4315","targetHints":{"allow":["GET"]}}],"collection":[{"href":"https:\/\/www.ahotech.com\/da\/wp-json\/wp\/v2\/product"}],"about":[{"href":"https:\/\/www.ahotech.com\/da\/wp-json\/wp\/v2\/types\/product"}],"version-history":[{"count":3,"href":"https:\/\/www.ahotech.com\/da\/wp-json\/wp\/v2\/product\/4315\/revisions"}],"predecessor-version":[{"id":4324,"href":"https:\/\/www.ahotech.com\/da\/wp-json\/wp\/v2\/product\/4315\/revisions\/4324"}],"wp:featuredmedia":[{"embeddable":true,"href":"https:\/\/www.ahotech.com\/da\/wp-json\/wp\/v2\/media\/4317"}],"wp:attachment":[{"href":"https:\/\/www.ahotech.com\/da\/wp-json\/wp\/v2\/media?parent=4315"}],"wp:term":[{"taxonomy":"product_brand","embeddable":true,"href":"https:\/\/www.ahotech.com\/da\/wp-json\/wp\/v2\/product_brand?post=4315"},{"taxonomy":"product_cat","embeddable":true,"href":"https:\/\/www.ahotech.com\/da\/wp-json\/wp\/v2\/product_cat?post=4315"},{"taxonomy":"product_tag","embeddable":true,"href":"https:\/\/www.ahotech.com\/da\/wp-json\/wp\/v2\/product_tag?post=4315"}],"curies":[{"name":"wp","href":"https:\/\/api.w.org\/{rel}","templated":true}]}}