{"id":4290,"date":"2022-02-22T04:09:01","date_gmt":"2022-02-22T04:09:01","guid":{"rendered":"https:\/\/www.ahotech.com\/?post_type=product&#038;p=4290"},"modified":"2022-02-22T04:35:19","modified_gmt":"2022-02-22T04:35:19","slug":"lifepo4-batteri-12v","status":"publish","type":"product","link":"https:\/\/www.ahotech.com\/da\/product\/lifepo4-battery-12v\/","title":{"rendered":"lifepo4 batteri 12v"},"content":{"rendered":"<p class=\"tgt\" data-section=\"1\"><span class=\"tgt\" data-section=\"1\" data-sentence=\"0\" data-group=\"1-0\">Lifepo4-batteri 12v indbygget BMS-batteristyringssystem, intelligent beskyttelsesbatteristreng for at sikre brugersikkerhed.<\/span><\/p>\n<p class=\"tgt\" data-section=\"2\"><span class=\"tgt\" data-section=\"2\" data-sentence=\"0\" data-group=\"2-0\">Otte sikkerhedsbeskyttelser: overopladningsbeskyttelse, overstr\u00f8msbeskyttelse, overafladningsbeskyttelse, temperaturbeskyttelse, elektrisk forebyggende funktion, sp\u00e6ndingsbalance, kortslutningsbeskyttelse, kortslutningsbeskyttelse.<\/span><\/p>\n<p data-section=\"2\"><img fetchpriority=\"high\" decoding=\"async\" class=\"alignnone size-medium wp-image-4295\" src=\"https:\/\/www.ahotech.com\/wp-content\/uploads\/2022\/02\/Lithium-iron-phosphate-battery-pack-BMS-300x192.png\" alt=\"Lithium-jernfosfat-batteripakke BMS\" width=\"300\" height=\"192\" srcset=\"https:\/\/www.ahotech.com\/wp-content\/uploads\/2022\/02\/Lithium-iron-phosphate-battery-pack-BMS-300x192.png 300w, https:\/\/www.ahotech.com\/wp-content\/uploads\/2022\/02\/Lithium-iron-phosphate-battery-pack-BMS.png 358w\" sizes=\"(max-width: 300px) 100vw, 300px\" \/><\/p>\n<p class=\"tgt\" data-section=\"3\"><span class=\"tgt\" data-section=\"3\" data-sentence=\"0\" data-group=\"3-0\">Fordel:<\/span><\/p>\n<p class=\"tgt\" data-section=\"4\"><span class=\"tgt\" data-section=\"4\" data-sentence=\"0\" data-group=\"4-0\">Lang levetid: h\u00f8j kvalitet <a href=\"https:\/\/www.ahotech.com\/da\/produkt\/lithium-jernfosfatbatteri-32v\/\">lithiumjernfosfatcelle<\/a>, cykluslevetid op til mere end 2000 gange.<\/span><\/p>\n<p class=\"tgt\" data-section=\"5\"><span class=\"tgt\" data-section=\"5\" data-sentence=\"0\" data-group=\"5-0\">H\u00f8jkvalitets firkantet lifepo4-batteri 12v: Sammenlignet med traditionelle blybatterier har det h\u00f8jere energit\u00e6thed og levetid, bedre elektrisk ydeevne, sikkerhed, milj\u00f8beskyttelse og ingen forurening.<\/span><\/p>\n<p class=\"tgt\" data-section=\"6\"><span class=\"tgt\" data-section=\"6\" data-sentence=\"0\" data-group=\"6-0\">Fremragende elektrisk ydeevne: lav intern modstand, h\u00f8j kontinuerlig str\u00f8mopladning og -afladning, stort driftstemperaturomr\u00e5de, mere praktisk.<\/span><\/p>\n<p class=\"tgt\" data-section=\"7\"><span class=\"tgt\" data-section=\"7\" data-sentence=\"0\" data-group=\"7-0\">Underst\u00f8tter flere kommunikationsprotokoller: Underst\u00f8tter flere kommunikationsprotokoller, s\u00e5som RS485, hvilket letter effektiv batteristyring og vedligeholdelse.<\/span><\/p>\n<p class=\"tgt\" data-section=\"8\"><span class=\"tgt\" data-section=\"8\" data-sentence=\"0\" data-group=\"8-0\">Intelligent BMS-batteristyringssystem: Forsyner batteriet med overopladnings- og overafladningsbeskyttelse, overstr\u00f8msbeskyttelse, h\u00f8j temperaturbeskyttelse, batteribalance, unormal alarm og andre funktioner.<\/span><\/p>\n<p class=\"tgt\" data-section=\"9\"><span class=\"tgt\" data-section=\"9\" data-sentence=\"0\" data-group=\"9-0\">God sikkerhedsydelse: I den ultimative sikkerhedsydelsestest affyres batteriet ikke, eksploderer ikke, l\u00e6kker ikke og er mere sikkert at bruge.<\/span><\/p>\n<p class=\"tgt\" data-section=\"10\"><span class=\"tgt\" data-section=\"10\" data-sentence=\"0\" data-group=\"10-0\">Anvendelse: FOTOVOLTAISK str\u00f8mproduktion, fotovoltaisk energilagring, kommunikationsbasestation, n\u00f8dstr\u00f8mforsyning osv.<\/span><\/p>\n<p class=\"tgt\" data-section=\"0\"><span class=\"tgt\" data-section=\"0\" data-sentence=\"0\" data-group=\"0-0\">Hvorfor v\u00e6lger vi et 12V LifePo4-batteri?<\/span><\/p>\n<p class=\"tgt\" data-section=\"0\"><span class=\"tgt\" data-section=\"0\" data-sentence=\"0\" data-group=\"0-0\">1, lille st\u00f8rrelse, let v\u00e6gt;<\/span><\/p>\n<p class=\"tgt\" data-section=\"1\"><span class=\"tgt\" data-section=\"1\" data-sentence=\"0\" data-group=\"1-0\">2, &gt; 2000 cyklusser, p\u00e5lidelig ydeevne;<\/span><\/p>\n<p class=\"tgt\" data-section=\"2\"><span class=\"tgt\" data-section=\"2\" data-sentence=\"0\" data-group=\"2-0\">3. Udstyret med perfekt BMS-kommunikationsprotokol;<\/span><\/p>\n<p class=\"tgt\" data-section=\"3\"><span class=\"tgt\" data-section=\"3\" data-sentence=\"0\" data-group=\"3-0\">4. Enkel installation og nem betjening;<\/span><\/p>\n<p class=\"tgt\" data-section=\"0\"><span class=\"tgt\" data-section=\"0\" data-sentence=\"0\" data-group=\"0-0\">Longsing Technology blev grundlagt i 2000. Med en iv\u00e6rks\u00e6tter\u00e5nd pr\u00e6get af pragmatisme, integritet, fleksibilitet og kontinuerlig innovation har longsing Technology v\u00e6ret dedikeret til forskning, udvikling og anvendelse af batteriteknologi.<\/span><span class=\"tgt\" data-section=\"0\" data-sentence=\"1\" data-group=\"0-1\"> Gennem kontinuerlig udvikling har virksomheden en prim\u00e6rt batteri (lithiumsulfurylchlorid), sekund\u00e6rt batteri (lithium-ion genopladeligt batteri) forskning og udvikling samt produktionskapacitet.<\/span><span class=\"tgt\" data-section=\"0\" data-sentence=\"2\" data-group=\"0-2\"> I henhold til dine behov kan vi tilbyde strukturelt design, elektrisk design, v\u00e6skesimuleringsdesign, professionel BMS-matchningsverifikationstest, verifikationstest og anden teknisk support.<\/span><\/p>\n<p class=\"tgt\" data-section=\"1\"><span class=\"tgt\" data-section=\"1\" data-sentence=\"0\" data-group=\"1-0\">6, lang levetid, lave omkostninger;<\/span><\/p>","protected":false},"excerpt":{"rendered":"<p>Celle<br \/>\nModel\uff1aLP27148134<br \/>\nType: Lithiumjernfosfatbatteri<br \/>\nKapacitet: 40 Ah<br \/>\nNominel sp\u00e6nding: 3,2V<br \/>\nPakkestandard:<br \/>\nKapacitetsforskel \u22645%; Modstandsforskel \u2264 3m\u03a9; Sp\u00e6ndingsafvigelse \u2264 10 mV<\/p>\n<p>Pakkeindeks<br \/>\nPakkemetode: 5P4S<br \/>\nNominel kapacitet: 200AH<br \/>\nNominel sp\u00e6nding: 12,8V<br \/>\nEndeafladningssp\u00e6nding: 8V<br \/>\nMaks. ladesp\u00e6nding: 14,6V<br \/>\nStandard ladestr\u00f8m: 40A<br \/>\nMaksimal opladningsstr\u00f8m kontinuerligt: 200A<br \/>\nKontinuerlig afladningsstr\u00f8m: 100A<br \/>\nMaksimal kontinuerlig afladningsstr\u00f8m: 200A<br \/>\nKortslutningsgendannelsesbetingelser: Afbryd belastningens automatiske gendannelse<br \/>\nKortslutningsbeskyttelse: 200uS<br \/>\nBeskyttelse mod opladningstemperatur: 0 \u2103 ~ 60 \u2103<br \/>\nBeskyttelse mod udladningstemperatur: -20 \u2103 ~ 60 \u2103<br \/>\nLevetid (varighed eller cyklusser): Cyklusser: minimum 5000 80% kapacitet 1C opladning\/afladning<br \/>\nBatterist\u00f8rrelse:<br \/>\nL\u00e6ngde: 275 \u00b1 3 mm<br \/>\nB: 296 \u00b1 3 mm<br \/>\nH: 132,6 \u00b1 3 mm<\/p>","protected":false},"featured_media":4292,"template":"","meta":{"_acf_changed":false,"site-sidebar-layout":"default","site-content-layout":"default","ast-site-content-layout":"","site-content-style":"default","site-sidebar-style":"default","ast-global-header-display":"","ast-banner-title-visibility":"","ast-main-header-display":"","ast-hfb-above-header-display":"","ast-hfb-below-header-display":"","ast-hfb-mobile-header-display":"","site-post-title":"","ast-breadcrumbs-content":"","ast-featured-img":"","footer-sml-layout":"","theme-transparent-header-meta":"default","adv-header-id-meta":"","stick-header-meta":"","header-above-stick-meta":"","header-main-stick-meta":"","header-below-stick-meta":"","astra-migrate-meta-layouts":"default","ast-page-background-enabled":"default","ast-page-background-meta":{"desktop":{"background-color":"","background-image":"","background-repeat":"repeat","background-position":"center center","background-size":"auto","background-attachment":"scroll","background-type":"","background-media":"","overlay-type":"","overlay-color":"","overlay-opacity":"","overlay-gradient":""},"tablet":{"background-color":"","background-image":"","background-repeat":"repeat","background-position":"center center","background-size":"auto","background-attachment":"scroll","background-type":"","background-media":"","overlay-type":"","overlay-color":"","overlay-opacity":"","overlay-gradient":""},"mobile":{"background-color":"","background-image":"","background-repeat":"repeat","background-position":"center center","background-size":"auto","background-attachment":"scroll","background-type":"","background-media":"","overlay-type":"","overlay-color":"","overlay-opacity":"","overlay-gradient":""}},"ast-content-background-meta":{"desktop":{"background-color":"var(--ast-global-color-5)","background-image":"","background-repeat":"repeat","background-position":"center center","background-size":"auto","background-attachment":"scroll","background-type":"","background-media":"","overlay-type":"","overlay-color":"","overlay-opacity":"","overlay-gradient":""},"tablet":{"background-color":"var(--ast-global-color-5)","background-image":"","background-repeat":"repeat","background-position":"center center","background-size":"auto","background-attachment":"scroll","background-type":"","background-media":"","overlay-type":"","overlay-color":"","overlay-opacity":"","overlay-gradient":""},"mobile":{"background-color":"var(--ast-global-color-5)","background-image":"","background-repeat":"repeat","background-position":"center center","background-size":"auto","background-attachment":"scroll","background-type":"","background-media":"","overlay-type":"","overlay-color":"","overlay-opacity":"","overlay-gradient":""}}},"product_brand":[],"product_cat":[40,41],"product_tag":[],"class_list":{"0":"post-4290","1":"product","2":"type-product","3":"status-publish","4":"has-post-thumbnail","6":"product_cat-lifepo4-battery","7":"product_cat-rechargeable-lithium-battery","8":"desktop-align-left","9":"tablet-align-left","10":"mobile-align-left","12":"first","13":"instock","14":"shipping-taxable","15":"product-type-simple"},"acf":[],"yoast_head":"<!-- This site is optimized with the Yoast SEO plugin v27.3 - https:\/\/yoast.com\/product\/yoast-seo-wordpress\/ -->\n<title>lifepo4 battery 12v - Ahotech.com<\/title>\n<meta name=\"robots\" content=\"index, follow, max-snippet:-1, max-image-preview:large, max-video-preview:-1\" \/>\n<link rel=\"canonical\" href=\"https:\/\/www.ahotech.com\/da\/produkt\/lifepo4-batteri-12v\/\" \/>\n<meta property=\"og:locale\" content=\"da_DK\" \/>\n<meta property=\"og:type\" content=\"article\" \/>\n<meta property=\"og:title\" content=\"lifepo4 battery 12v - Ahotech.com\" \/>\n<meta property=\"og:description\" content=\"Cell Model\uff1aLP27148134 Type\uff1aLithium Iron Phosphate Battery Capacity\uff1a40Ah Rated Voltage\uff1a3.2V Pack Standard\uff1a Capacity Difference\u22645%\uff1bResistance Difference\u2264 3m\u03a9\uff1bVoltage deviation\u2264 10 mv  Pack Index Pack Method\uff1a5P4S Rated Capacity\uff1a200AH Nominal Voltage\uff1a12.8V End-off Discharge voltage\uff1a8V Max. Charge Voltage\uff1a14.6V Standard Charge Current\uff1a40A Maximum Charge continuous Current\uff1a200A Continuous discharge current\uff1a100A Maximum continuous discharge current \uff1a200A Short circuit recovery conditions\uff1aDisconnect the load automatic recovery Short circuit protection\uff1a200uS Charging temperature protection\uff1a0\u2103 ~ 60\u2103 Discharge temperature protection\uff1a-20\u2103 ~ 60\u2103 Lifetime (duration or cycles)\uff1aCycles: minimum 5000 80% capacity 1C charge\/discharge Battery size\uff1a L\uff1a275\u00b13mm W:296\u00b13mm H:132.6\u00b13mm\" \/>\n<meta property=\"og:url\" content=\"https:\/\/www.ahotech.com\/da\/produkt\/lifepo4-batteri-12v\/\" \/>\n<meta property=\"og:site_name\" content=\"Ahotech.com\" \/>\n<meta property=\"article:modified_time\" content=\"2022-02-22T04:35:19+00:00\" \/>\n<meta property=\"og:image\" content=\"https:\/\/de.ahotech.com\/wp-content\/uploads\/2022\/02\/lifepo4-battery-12v.jpg\" \/>\n\t<meta property=\"og:image:width\" content=\"800\" \/>\n\t<meta property=\"og:image:height\" content=\"800\" \/>\n\t<meta property=\"og:image:type\" content=\"image\/jpeg\" \/>\n<meta name=\"twitter:card\" content=\"summary_large_image\" \/>\n<meta name=\"twitter:label1\" content=\"Estimeret l\u00e6setid\" \/>\n\t<meta name=\"twitter:data1\" content=\"2 minutter\" \/>\n<script type=\"application\/ld+json\" class=\"yoast-schema-graph\">{\"@context\":\"https:\\\/\\\/schema.org\",\"@graph\":[{\"@type\":\"WebPage\",\"@id\":\"https:\\\/\\\/de.ahotech.com\\\/product\\\/lifepo4-akku-12-v\\\/\",\"url\":\"https:\\\/\\\/de.ahotech.com\\\/product\\\/lifepo4-akku-12-v\\\/\",\"name\":\"lifepo4 battery 12v - Ahotech.com\",\"isPartOf\":{\"@id\":\"https:\\\/\\\/www.ahotech.com\\\/es\\\/#website\"},\"primaryImageOfPage\":{\"@id\":\"https:\\\/\\\/de.ahotech.com\\\/product\\\/lifepo4-akku-12-v\\\/#primaryimage\"},\"image\":{\"@id\":\"https:\\\/\\\/de.ahotech.com\\\/product\\\/lifepo4-akku-12-v\\\/#primaryimage\"},\"thumbnailUrl\":\"https:\\\/\\\/www.ahotech.com\\\/wp-content\\\/uploads\\\/2022\\\/02\\\/lifepo4-battery-12v.jpg\",\"datePublished\":\"2022-02-22T04:09:01+00:00\",\"dateModified\":\"2022-02-22T04:35:19+00:00\",\"breadcrumb\":{\"@id\":\"https:\\\/\\\/de.ahotech.com\\\/product\\\/lifepo4-akku-12-v\\\/#breadcrumb\"},\"inLanguage\":\"da-DK\",\"potentialAction\":[{\"@type\":\"ReadAction\",\"target\":[\"https:\\\/\\\/de.ahotech.com\\\/product\\\/lifepo4-akku-12-v\\\/\"]}]},{\"@type\":\"ImageObject\",\"inLanguage\":\"da-DK\",\"@id\":\"https:\\\/\\\/de.ahotech.com\\\/product\\\/lifepo4-akku-12-v\\\/#primaryimage\",\"url\":\"https:\\\/\\\/www.ahotech.com\\\/wp-content\\\/uploads\\\/2022\\\/02\\\/lifepo4-battery-12v.jpg\",\"contentUrl\":\"https:\\\/\\\/www.ahotech.com\\\/wp-content\\\/uploads\\\/2022\\\/02\\\/lifepo4-battery-12v.jpg\",\"width\":800,\"height\":800,\"caption\":\"lifepo4 battery 12v\"},{\"@type\":\"BreadcrumbList\",\"@id\":\"https:\\\/\\\/de.ahotech.com\\\/product\\\/lifepo4-akku-12-v\\\/#breadcrumb\",\"itemListElement\":[{\"@type\":\"ListItem\",\"position\":1,\"name\":\"Home\",\"item\":\"https:\\\/\\\/de.ahotech.com\\\/\"},{\"@type\":\"ListItem\",\"position\":2,\"name\":\"Store\",\"item\":\"https:\\\/\\\/de.ahotech.com\\\/speichern\\\/\"},{\"@type\":\"ListItem\",\"position\":3,\"name\":\"lifepo4 battery 12v\"}]},{\"@type\":\"WebSite\",\"@id\":\"https:\\\/\\\/www.ahotech.com\\\/es\\\/#website\",\"url\":\"https:\\\/\\\/www.ahotech.com\\\/es\\\/\",\"name\":\"Ahotech.com\",\"description\":\"lithium battery manufacturers\",\"publisher\":{\"@id\":\"https:\\\/\\\/www.ahotech.com\\\/es\\\/#organization\"},\"potentialAction\":[{\"@type\":\"SearchAction\",\"target\":{\"@type\":\"EntryPoint\",\"urlTemplate\":\"https:\\\/\\\/www.ahotech.com\\\/es\\\/?s={search_term_string}\"},\"query-input\":{\"@type\":\"PropertyValueSpecification\",\"valueRequired\":true,\"valueName\":\"search_term_string\"}}],\"inLanguage\":\"da-DK\"},{\"@type\":\"Organization\",\"@id\":\"https:\\\/\\\/www.ahotech.com\\\/es\\\/#organization\",\"name\":\"Ahotech.com\",\"url\":\"https:\\\/\\\/www.ahotech.com\\\/es\\\/\",\"logo\":{\"@type\":\"ImageObject\",\"inLanguage\":\"da-DK\",\"@id\":\"https:\\\/\\\/www.ahotech.com\\\/es\\\/#\\\/schema\\\/logo\\\/image\\\/\",\"url\":\"https:\\\/\\\/www.ahotech.com\\\/wp-content\\\/uploads\\\/2021\\\/10\\\/battery-site-logo.jpg\",\"contentUrl\":\"https:\\\/\\\/www.ahotech.com\\\/wp-content\\\/uploads\\\/2021\\\/10\\\/battery-site-logo.jpg\",\"width\":1297,\"height\":465,\"caption\":\"Ahotech.com\"},\"image\":{\"@id\":\"https:\\\/\\\/www.ahotech.com\\\/es\\\/#\\\/schema\\\/logo\\\/image\\\/\"}}]}<\/script>\n<!-- \/ Yoast SEO plugin. -->","yoast_head_json":{"title":"Lifepo4 batteri 12v - Ahotech.com","robots":{"index":"index","follow":"follow","max-snippet":"max-snippet:-1","max-image-preview":"max-image-preview:large","max-video-preview":"max-video-preview:-1"},"canonical":"https:\/\/www.ahotech.com\/da\/produkt\/lifepo4-batteri-12v\/","og_locale":"da_DK","og_type":"article","og_title":"lifepo4 battery 12v - Ahotech.com","og_description":"Cell Model\uff1aLP27148134 Type\uff1aLithium Iron Phosphate Battery Capacity\uff1a40Ah Rated Voltage\uff1a3.2V Pack Standard\uff1a Capacity Difference\u22645%\uff1bResistance Difference\u2264 3m\u03a9\uff1bVoltage deviation\u2264 10 mv  Pack Index Pack Method\uff1a5P4S Rated Capacity\uff1a200AH Nominal Voltage\uff1a12.8V End-off Discharge voltage\uff1a8V Max. Charge Voltage\uff1a14.6V Standard Charge Current\uff1a40A Maximum Charge continuous Current\uff1a200A Continuous discharge current\uff1a100A Maximum continuous discharge current \uff1a200A Short circuit recovery conditions\uff1aDisconnect the load automatic recovery Short circuit protection\uff1a200uS Charging temperature protection\uff1a0\u2103 ~ 60\u2103 Discharge temperature protection\uff1a-20\u2103 ~ 60\u2103 Lifetime (duration or cycles)\uff1aCycles: minimum 5000 80% capacity 1C charge\/discharge Battery size\uff1a L\uff1a275\u00b13mm W:296\u00b13mm H:132.6\u00b13mm","og_url":"https:\/\/www.ahotech.com\/da\/produkt\/lifepo4-batteri-12v\/","og_site_name":"Ahotech.com","article_modified_time":"2022-02-22T04:35:19+00:00","og_image":[{"width":800,"height":800,"url":"https:\/\/de.ahotech.com\/wp-content\/uploads\/2022\/02\/lifepo4-battery-12v.jpg","type":"image\/jpeg"}],"twitter_card":"summary_large_image","twitter_misc":{"Estimeret l\u00e6setid":"2 minutter"},"schema":{"@context":"https:\/\/schema.org","@graph":[{"@type":"WebPage","@id":"https:\/\/de.ahotech.com\/product\/lifepo4-akku-12-v\/","url":"https:\/\/de.ahotech.com\/product\/lifepo4-akku-12-v\/","name":"Lifepo4 batteri 12v - Ahotech.com","isPartOf":{"@id":"https:\/\/www.ahotech.com\/es\/#website"},"primaryImageOfPage":{"@id":"https:\/\/de.ahotech.com\/product\/lifepo4-akku-12-v\/#primaryimage"},"image":{"@id":"https:\/\/de.ahotech.com\/product\/lifepo4-akku-12-v\/#primaryimage"},"thumbnailUrl":"https:\/\/www.ahotech.com\/wp-content\/uploads\/2022\/02\/lifepo4-battery-12v.jpg","datePublished":"2022-02-22T04:09:01+00:00","dateModified":"2022-02-22T04:35:19+00:00","breadcrumb":{"@id":"https:\/\/de.ahotech.com\/product\/lifepo4-akku-12-v\/#breadcrumb"},"inLanguage":"da-DK","potentialAction":[{"@type":"ReadAction","target":["https:\/\/de.ahotech.com\/product\/lifepo4-akku-12-v\/"]}]},{"@type":"ImageObject","inLanguage":"da-DK","@id":"https:\/\/de.ahotech.com\/product\/lifepo4-akku-12-v\/#primaryimage","url":"https:\/\/www.ahotech.com\/wp-content\/uploads\/2022\/02\/lifepo4-battery-12v.jpg","contentUrl":"https:\/\/www.ahotech.com\/wp-content\/uploads\/2022\/02\/lifepo4-battery-12v.jpg","width":800,"height":800,"caption":"lifepo4 battery 12v"},{"@type":"BreadcrumbList","@id":"https:\/\/de.ahotech.com\/product\/lifepo4-akku-12-v\/#breadcrumb","itemListElement":[{"@type":"ListItem","position":1,"name":"Home","item":"https:\/\/de.ahotech.com\/"},{"@type":"ListItem","position":2,"name":"Store","item":"https:\/\/de.ahotech.com\/speichern\/"},{"@type":"ListItem","position":3,"name":"lifepo4 battery 12v"}]},{"@type":"WebSite","@id":"https:\/\/www.ahotech.com\/es\/#website","url":"https:\/\/www.ahotech.com\/es\/","name":"Ahotech.com","description":"producenter af litiumbatterier","publisher":{"@id":"https:\/\/www.ahotech.com\/es\/#organization"},"potentialAction":[{"@type":"SearchAction","target":{"@type":"EntryPoint","urlTemplate":"https:\/\/www.ahotech.com\/es\/?s={search_term_string}"},"query-input":{"@type":"PropertyValueSpecification","valueRequired":true,"valueName":"search_term_string"}}],"inLanguage":"da-DK"},{"@type":"Organization","@id":"https:\/\/www.ahotech.com\/es\/#organization","name":"Ahotech.com","url":"https:\/\/www.ahotech.com\/es\/","logo":{"@type":"ImageObject","inLanguage":"da-DK","@id":"https:\/\/www.ahotech.com\/es\/#\/schema\/logo\/image\/","url":"https:\/\/www.ahotech.com\/wp-content\/uploads\/2021\/10\/battery-site-logo.jpg","contentUrl":"https:\/\/www.ahotech.com\/wp-content\/uploads\/2021\/10\/battery-site-logo.jpg","width":1297,"height":465,"caption":"Ahotech.com"},"image":{"@id":"https:\/\/www.ahotech.com\/es\/#\/schema\/logo\/image\/"}}]}},"_links":{"self":[{"href":"https:\/\/www.ahotech.com\/da\/wp-json\/wp\/v2\/product\/4290","targetHints":{"allow":["GET"]}}],"collection":[{"href":"https:\/\/www.ahotech.com\/da\/wp-json\/wp\/v2\/product"}],"about":[{"href":"https:\/\/www.ahotech.com\/da\/wp-json\/wp\/v2\/types\/product"}],"version-history":[{"count":9,"href":"https:\/\/www.ahotech.com\/da\/wp-json\/wp\/v2\/product\/4290\/revisions"}],"predecessor-version":[{"id":4308,"href":"https:\/\/www.ahotech.com\/da\/wp-json\/wp\/v2\/product\/4290\/revisions\/4308"}],"wp:featuredmedia":[{"embeddable":true,"href":"https:\/\/www.ahotech.com\/da\/wp-json\/wp\/v2\/media\/4292"}],"wp:attachment":[{"href":"https:\/\/www.ahotech.com\/da\/wp-json\/wp\/v2\/media?parent=4290"}],"wp:term":[{"taxonomy":"product_brand","embeddable":true,"href":"https:\/\/www.ahotech.com\/da\/wp-json\/wp\/v2\/product_brand?post=4290"},{"taxonomy":"product_cat","embeddable":true,"href":"https:\/\/www.ahotech.com\/da\/wp-json\/wp\/v2\/product_cat?post=4290"},{"taxonomy":"product_tag","embeddable":true,"href":"https:\/\/www.ahotech.com\/da\/wp-json\/wp\/v2\/product_tag?post=4290"}],"curies":[{"name":"wp","href":"https:\/\/api.w.org\/{rel}","templated":true}]}}