{"id":4272,"date":"2022-02-21T07:50:49","date_gmt":"2022-02-21T07:50:49","guid":{"rendered":"https:\/\/www.ahotech.com\/?post_type=product&#038;p=4272"},"modified":"2022-02-22T03:19:39","modified_gmt":"2022-02-22T03:19:39","slug":"lifepo4-battericeller","status":"publish","type":"product","link":"https:\/\/www.ahotech.com\/da\/product\/lifepo4-battery-cells\/","title":{"rendered":"lifepo4-battericeller"},"content":{"rendered":"<p><a href=\"https:\/\/www.ahotech.com\/da\/produkt\/lifepo4-battericeller\/\">lifepo4-battericeller<\/a> har en r\u00e6kke unikke fordele s\u00e5som h\u00f8j arbejdssp\u00e6nding, h\u00f8j energit\u00e6thed, lang levetid, gr\u00f8n milj\u00f8beskyttelse og underst\u00f8tter trinl\u00f8s udvidelse. Efter dannelse af et energilagringssystem kan det bruges til storstilet elektrisk energilagring. Lithiumjernfosfat-batterienergilagringssystem best\u00e5r af lithiumjernfosfat-batteripakke, batteristyringssystem (BMS), konverterenhed (ensretter, inverter), centralt overv\u00e5gningssystem, transformer osv.<\/p>\n<p>Derudover underst\u00f8tter lifepo4-battericeller trinl\u00f8s udvidelse og er velegnede til storskala energilagring. De har gode anvendelsesmuligheder inden for elproduktionssikkerhed og nettilslutning af vedvarende energikraftv\u00e6rker, spidsbelastningsregulering af elnettet, distribuerede kraftv\u00e6rker, UPS-str\u00f8mforsyning, n\u00f8dstr\u00f8mssystemer og s\u00e5 videre.<\/p>\n<p>Elektriske egenskaber<\/p>\n<p>1. Afladningskapacitet ved normal temperatur: Efter fuld opladning kan eksperimentet s\u00e6ttes p\u00e5 pause i 10 minutter; 0,5C afladning til 2,5V tillader fem gentagelser. N\u00e5r r\u00e6kkevidden af tre p\u00e5 hinanden f\u00f8lgende eksperimenter er mindre end 3% af den nominelle kapacitet, kan eksperimentet afsluttes f\u00f8r tid, og den maksimale v\u00e6rdi af testresultaterne kan opn\u00e5s.<\/p>\n<p>2. Afladningsydelse ved forskellige temperaturer: Efter standardopladning af normale batterier skal de opbevares i mindst 12 timer ved konstante temperaturer p\u00e5 henholdsvis \u201320 \u2103, \u201310 \u2103, 0 \u2103, 10 \u2103 og 25 \u2103, og i 5 timer ved 60 \u2103. Derefter aflades batterierne med en str\u00f8m p\u00e5 0,5 C til den tilsvarende termineringssp\u00e6nding. N\u00e5r omgivelsestemperaturen er over 15 \u2103, er termineringssp\u00e6ndingen 2,5 V, og hvis den er under 15 \u2103, er den 2,0 V.<\/p>\n<p>&nbsp;<\/p>","protected":false},"excerpt":{"rendered":"<p>Model\uff1a26650-3200mAh-3.2V<br \/>\nStandardkapacitet: 3200mAh 0,5C (str\u00f8mv\u00e6rdi p\u00e5 3200mA ved 1C)<br \/>\nMinimumskapacitet: 2900mAh 0,5C<br \/>\nStandardsp\u00e6nding: 3,2 V<br \/>\nAlternerende intern modstand: \u226415m\u03a9<br \/>\nAfsk\u00e6ringssp\u00e6nding: 3,65 \u00b1 0,05 V<br \/>\nAfsk\u00e6ringsstr\u00f8m: 0,01C<br \/>\nKonstant str\u00f8mopladning til 3,65V ved 0,5C, konstant sp\u00e6ndingsopladning stopper indtil 0,01CmA.<br \/>\nMaks. ladestr\u00f8m: 9A<br \/>\nAfbrydelsessp\u00e6nding for udladning: 2,5 V<br \/>\nStandardafladningsstr\u00f8m: 6A<br \/>\nHurtigafladningsstr\u00f8m: 15A. Denne str\u00f8m er den maksimale anbefalede str\u00f8m til kombinationen af celler, og den specifikke v\u00e6rdi b\u00f8r bestemmes i henhold til kombinationsstrukturen. Den maksimale driftsstr\u00f8m er indstillet til en temperatur, der ikke overstiger 60 \u2103.<br \/>\nMaks. kontinuerlig afladningsstr\u00f8m: 32A Kun for enkeltst\u00e5ende<br \/>\nPulsudladningsstr\u00f8m: 45A, 5s<br \/>\nCykluskarakteristik: Den resterende kapacitet er ikke mindre end 80% af den nominelle kapacitet ved 1C\/3C-hastighed.<br \/>\n1500 gange (100%DOD)<br \/>\n3000 gange (80%DOD)<br \/>\n5000 gange (50%DOD)<br \/>\nArbejdstemperatur: Opladning: 0\u2103\uff5e55\u2103 Afladning: -20\u2103\uff5e60\u2103<br \/>\nOpbevaringstemperatur: -20 \u2103 ~ 55 \u2103 Kortvarig opbevaring (&lt; 3 m\u00e5neder)<\/p>\n<p>st\u00f8rrelse:<\/p>\n<p><img fetchpriority=\"high\" decoding=\"async\" class=\"alignnone size-medium wp-image-4274\" src=\"https:\/\/www.ahotech.com\/wp-content\/uploads\/2022\/02\/lifepo4-battery-cells-size-300x217.png\" alt=\"lifepo4 battericellernes st\u00f8rrelse\" width=\"300\" height=\"217\" srcset=\"https:\/\/www.ahotech.com\/wp-content\/uploads\/2022\/02\/lifepo4-battery-cells-size-300x217.png 300w, https:\/\/www.ahotech.com\/wp-content\/uploads\/2022\/02\/lifepo4-battery-cells-size.png 584w\" sizes=\"(max-width: 300px) 100vw, 300px\" \/><\/p>","protected":false},"featured_media":4276,"template":"","meta":{"_acf_changed":false,"site-sidebar-layout":"default","site-content-layout":"default","ast-site-content-layout":"","site-content-style":"default","site-sidebar-style":"default","ast-global-header-display":"","ast-banner-title-visibility":"","ast-main-header-display":"","ast-hfb-above-header-display":"","ast-hfb-below-header-display":"","ast-hfb-mobile-header-display":"","site-post-title":"","ast-breadcrumbs-content":"","ast-featured-img":"","footer-sml-layout":"","theme-transparent-header-meta":"default","adv-header-id-meta":"","stick-header-meta":"","header-above-stick-meta":"","header-main-stick-meta":"","header-below-stick-meta":"","astra-migrate-meta-layouts":"default","ast-page-background-enabled":"default","ast-page-background-meta":{"desktop":{"background-color":"","background-image":"","background-repeat":"repeat","background-position":"center center","background-size":"auto","background-attachment":"scroll","background-type":"","background-media":"","overlay-type":"","overlay-color":"","overlay-opacity":"","overlay-gradient":""},"tablet":{"background-color":"","background-image":"","background-repeat":"repeat","background-position":"center center","background-size":"auto","background-attachment":"scroll","background-type":"","background-media":"","overlay-type":"","overlay-color":"","overlay-opacity":"","overlay-gradient":""},"mobile":{"background-color":"","background-image":"","background-repeat":"repeat","background-position":"center center","background-size":"auto","background-attachment":"scroll","background-type":"","background-media":"","overlay-type":"","overlay-color":"","overlay-opacity":"","overlay-gradient":""}},"ast-content-background-meta":{"desktop":{"background-color":"var(--ast-global-color-5)","background-image":"","background-repeat":"repeat","background-position":"center center","background-size":"auto","background-attachment":"scroll","background-type":"","background-media":"","overlay-type":"","overlay-color":"","overlay-opacity":"","overlay-gradient":""},"tablet":{"background-color":"var(--ast-global-color-5)","background-image":"","background-repeat":"repeat","background-position":"center center","background-size":"auto","background-attachment":"scroll","background-type":"","background-media":"","overlay-type":"","overlay-color":"","overlay-opacity":"","overlay-gradient":""},"mobile":{"background-color":"var(--ast-global-color-5)","background-image":"","background-repeat":"repeat","background-position":"center center","background-size":"auto","background-attachment":"scroll","background-type":"","background-media":"","overlay-type":"","overlay-color":"","overlay-opacity":"","overlay-gradient":""}}},"product_brand":[],"product_cat":[40,41],"product_tag":[],"class_list":{"0":"post-4272","1":"product","2":"type-product","3":"status-publish","4":"has-post-thumbnail","6":"product_cat-lifepo4-battery","7":"product_cat-rechargeable-lithium-battery","8":"desktop-align-left","9":"tablet-align-left","10":"mobile-align-left","12":"first","13":"instock","14":"shipping-taxable","15":"product-type-simple"},"acf":[],"yoast_head":"<!-- This site is optimized with the Yoast SEO plugin v27.3 - https:\/\/yoast.com\/product\/yoast-seo-wordpress\/ -->\n<title>lifepo4 battery cells - Ahotech.com<\/title>\n<meta name=\"robots\" content=\"index, follow, max-snippet:-1, max-image-preview:large, max-video-preview:-1\" \/>\n<link rel=\"canonical\" href=\"https:\/\/www.ahotech.com\/da\/produkt\/lifepo4-battericeller\/\" \/>\n<meta property=\"og:locale\" content=\"da_DK\" \/>\n<meta property=\"og:type\" content=\"article\" \/>\n<meta property=\"og:title\" content=\"lifepo4 battery cells - Ahotech.com\" \/>\n<meta property=\"og:description\" content=\"Model\uff1a26650-3200mAh-3.2V Standard Capacity\uff1a3200mAh 0.5C,(current value of 3200mA at 1C\uff09 Minimum Capacity\uff1a2900mAh 0.5C Standard Voltage\uff1a3.2 V Alternating Internal Resistance\uff1a\u226415m\u03a9 Cut-off Voltage\uff1a3.65\u00b10.05V Cut-off Current\uff1a0.01C constant-current charge to 3.65V at 0.5C, constant voltage charge to stop until 0.01C m A. Max. Charging Current\uff1a9A Discharge Cut-off Voltage\uff1a2.5V Standard Discharge Current\uff1a6A Fast Discharge Cur\uff1a15A This current is the maximum current recommended for the combination of cells, and the specific value should be determined according to the combination structure. The maximum operating current is set at a temperature not exceeding 60 \u2103. Max. Continuous Discharge Current\uff1a32A Only for singl Pulse Discharge Current\uff1a45A\uff0c5s Cycle Characteristic\uff1aThe residual capacity is no less than 80% of rated capacity at 1C\/3C rate. 1500 times\uff08100%DOD\uff09 3000 times\uff0880%DOD\uff09 5000 times\uff0850%DOD\uff09 Working Temperature\uff1aCharge\uff1a0\u2103\uff5e55\u2103 Discharge\uff1a-20\u2103\uff5e60\u2103 Storage Temperature\uff1a-20\u2103\uff5e55\u2103 Short-term storage (&lt; 3 months\uff09  size:\" \/>\n<meta property=\"og:url\" content=\"https:\/\/www.ahotech.com\/da\/produkt\/lifepo4-battericeller\/\" \/>\n<meta property=\"og:site_name\" content=\"Ahotech.com\" \/>\n<meta property=\"article:modified_time\" content=\"2022-02-22T03:19:39+00:00\" \/>\n<meta property=\"og:image\" content=\"https:\/\/www.ahotech.com\/wp-content\/uploads\/2022\/02\/lifepo4-battery-1.jpg\" \/>\n\t<meta property=\"og:image:width\" content=\"800\" \/>\n\t<meta property=\"og:image:height\" content=\"800\" \/>\n\t<meta property=\"og:image:type\" content=\"image\/jpeg\" \/>\n<meta name=\"twitter:card\" content=\"summary_large_image\" \/>\n<meta name=\"twitter:label1\" content=\"Estimeret l\u00e6setid\" \/>\n\t<meta name=\"twitter:data1\" content=\"2 minutter\" \/>\n<script type=\"application\/ld+json\" class=\"yoast-schema-graph\">{\"@context\":\"https:\\\/\\\/schema.org\",\"@graph\":[{\"@type\":\"WebPage\",\"@id\":\"https:\\\/\\\/www.ahotech.com\\\/da\\\/product\\\/lifepo4-battery-cells\\\/\",\"url\":\"https:\\\/\\\/www.ahotech.com\\\/da\\\/product\\\/lifepo4-battery-cells\\\/\",\"name\":\"lifepo4 battery cells - Ahotech.com\",\"isPartOf\":{\"@id\":\"https:\\\/\\\/www.ahotech.com\\\/es\\\/#website\"},\"primaryImageOfPage\":{\"@id\":\"https:\\\/\\\/www.ahotech.com\\\/da\\\/product\\\/lifepo4-battery-cells\\\/#primaryimage\"},\"image\":{\"@id\":\"https:\\\/\\\/www.ahotech.com\\\/da\\\/product\\\/lifepo4-battery-cells\\\/#primaryimage\"},\"thumbnailUrl\":\"https:\\\/\\\/www.ahotech.com\\\/wp-content\\\/uploads\\\/2022\\\/02\\\/lifepo4-battery-1.jpg\",\"datePublished\":\"2022-02-21T07:50:49+00:00\",\"dateModified\":\"2022-02-22T03:19:39+00:00\",\"breadcrumb\":{\"@id\":\"https:\\\/\\\/www.ahotech.com\\\/da\\\/product\\\/lifepo4-battery-cells\\\/#breadcrumb\"},\"inLanguage\":\"da-DK\",\"potentialAction\":[{\"@type\":\"ReadAction\",\"target\":[\"https:\\\/\\\/www.ahotech.com\\\/da\\\/product\\\/lifepo4-battery-cells\\\/\"]}]},{\"@type\":\"ImageObject\",\"inLanguage\":\"da-DK\",\"@id\":\"https:\\\/\\\/www.ahotech.com\\\/da\\\/product\\\/lifepo4-battery-cells\\\/#primaryimage\",\"url\":\"https:\\\/\\\/www.ahotech.com\\\/wp-content\\\/uploads\\\/2022\\\/02\\\/lifepo4-battery-1.jpg\",\"contentUrl\":\"https:\\\/\\\/www.ahotech.com\\\/wp-content\\\/uploads\\\/2022\\\/02\\\/lifepo4-battery-1.jpg\",\"width\":800,\"height\":800,\"caption\":\"lifepo4 battery\"},{\"@type\":\"BreadcrumbList\",\"@id\":\"https:\\\/\\\/www.ahotech.com\\\/da\\\/product\\\/lifepo4-battery-cells\\\/#breadcrumb\",\"itemListElement\":[{\"@type\":\"ListItem\",\"position\":1,\"name\":\"Home\",\"item\":\"https:\\\/\\\/de.ahotech.com\\\/\"},{\"@type\":\"ListItem\",\"position\":2,\"name\":\"Store\",\"item\":\"https:\\\/\\\/de.ahotech.com\\\/speichern\\\/\"},{\"@type\":\"ListItem\",\"position\":3,\"name\":\"lifepo4 battery cells\"}]},{\"@type\":\"WebSite\",\"@id\":\"https:\\\/\\\/www.ahotech.com\\\/es\\\/#website\",\"url\":\"https:\\\/\\\/www.ahotech.com\\\/es\\\/\",\"name\":\"Ahotech.com\",\"description\":\"lithium battery manufacturers\",\"publisher\":{\"@id\":\"https:\\\/\\\/www.ahotech.com\\\/es\\\/#organization\"},\"potentialAction\":[{\"@type\":\"SearchAction\",\"target\":{\"@type\":\"EntryPoint\",\"urlTemplate\":\"https:\\\/\\\/www.ahotech.com\\\/es\\\/?s={search_term_string}\"},\"query-input\":{\"@type\":\"PropertyValueSpecification\",\"valueRequired\":true,\"valueName\":\"search_term_string\"}}],\"inLanguage\":\"da-DK\"},{\"@type\":\"Organization\",\"@id\":\"https:\\\/\\\/www.ahotech.com\\\/es\\\/#organization\",\"name\":\"Ahotech.com\",\"url\":\"https:\\\/\\\/www.ahotech.com\\\/es\\\/\",\"logo\":{\"@type\":\"ImageObject\",\"inLanguage\":\"da-DK\",\"@id\":\"https:\\\/\\\/www.ahotech.com\\\/es\\\/#\\\/schema\\\/logo\\\/image\\\/\",\"url\":\"https:\\\/\\\/www.ahotech.com\\\/wp-content\\\/uploads\\\/2021\\\/10\\\/battery-site-logo.jpg\",\"contentUrl\":\"https:\\\/\\\/www.ahotech.com\\\/wp-content\\\/uploads\\\/2021\\\/10\\\/battery-site-logo.jpg\",\"width\":1297,\"height\":465,\"caption\":\"Ahotech.com\"},\"image\":{\"@id\":\"https:\\\/\\\/www.ahotech.com\\\/es\\\/#\\\/schema\\\/logo\\\/image\\\/\"}}]}<\/script>\n<!-- \/ Yoast SEO plugin. -->","yoast_head_json":{"title":"Lifepo4 battericeller - Ahotech.com","robots":{"index":"index","follow":"follow","max-snippet":"max-snippet:-1","max-image-preview":"max-image-preview:large","max-video-preview":"max-video-preview:-1"},"canonical":"https:\/\/www.ahotech.com\/da\/produkt\/lifepo4-battericeller\/","og_locale":"da_DK","og_type":"article","og_title":"lifepo4 battery cells - Ahotech.com","og_description":"Model\uff1a26650-3200mAh-3.2V Standard Capacity\uff1a3200mAh 0.5C,(current value of 3200mA at 1C\uff09 Minimum Capacity\uff1a2900mAh 0.5C Standard Voltage\uff1a3.2 V Alternating Internal Resistance\uff1a\u226415m\u03a9 Cut-off Voltage\uff1a3.65\u00b10.05V Cut-off Current\uff1a0.01C constant-current charge to 3.65V at 0.5C, constant voltage charge to stop until 0.01C m A. Max. Charging Current\uff1a9A Discharge Cut-off Voltage\uff1a2.5V Standard Discharge Current\uff1a6A Fast Discharge Cur\uff1a15A This current is the maximum current recommended for the combination of cells, and the specific value should be determined according to the combination structure. The maximum operating current is set at a temperature not exceeding 60 \u2103. Max. Continuous Discharge Current\uff1a32A Only for singl Pulse Discharge Current\uff1a45A\uff0c5s Cycle Characteristic\uff1aThe residual capacity is no less than 80% of rated capacity at 1C\/3C rate. 1500 times\uff08100%DOD\uff09 3000 times\uff0880%DOD\uff09 5000 times\uff0850%DOD\uff09 Working Temperature\uff1aCharge\uff1a0\u2103\uff5e55\u2103 Discharge\uff1a-20\u2103\uff5e60\u2103 Storage Temperature\uff1a-20\u2103\uff5e55\u2103 Short-term storage (&lt; 3 months\uff09  size:","og_url":"https:\/\/www.ahotech.com\/da\/produkt\/lifepo4-battericeller\/","og_site_name":"Ahotech.com","article_modified_time":"2022-02-22T03:19:39+00:00","og_image":[{"width":800,"height":800,"url":"https:\/\/www.ahotech.com\/wp-content\/uploads\/2022\/02\/lifepo4-battery-1.jpg","type":"image\/jpeg"}],"twitter_card":"summary_large_image","twitter_misc":{"Estimeret l\u00e6setid":"2 minutter"},"schema":{"@context":"https:\/\/schema.org","@graph":[{"@type":"WebPage","@id":"https:\/\/www.ahotech.com\/da\/product\/lifepo4-battery-cells\/","url":"https:\/\/www.ahotech.com\/da\/product\/lifepo4-battery-cells\/","name":"Lifepo4 battericeller - Ahotech.com","isPartOf":{"@id":"https:\/\/www.ahotech.com\/es\/#website"},"primaryImageOfPage":{"@id":"https:\/\/www.ahotech.com\/da\/product\/lifepo4-battery-cells\/#primaryimage"},"image":{"@id":"https:\/\/www.ahotech.com\/da\/product\/lifepo4-battery-cells\/#primaryimage"},"thumbnailUrl":"https:\/\/www.ahotech.com\/wp-content\/uploads\/2022\/02\/lifepo4-battery-1.jpg","datePublished":"2022-02-21T07:50:49+00:00","dateModified":"2022-02-22T03:19:39+00:00","breadcrumb":{"@id":"https:\/\/www.ahotech.com\/da\/product\/lifepo4-battery-cells\/#breadcrumb"},"inLanguage":"da-DK","potentialAction":[{"@type":"ReadAction","target":["https:\/\/www.ahotech.com\/da\/product\/lifepo4-battery-cells\/"]}]},{"@type":"ImageObject","inLanguage":"da-DK","@id":"https:\/\/www.ahotech.com\/da\/product\/lifepo4-battery-cells\/#primaryimage","url":"https:\/\/www.ahotech.com\/wp-content\/uploads\/2022\/02\/lifepo4-battery-1.jpg","contentUrl":"https:\/\/www.ahotech.com\/wp-content\/uploads\/2022\/02\/lifepo4-battery-1.jpg","width":800,"height":800,"caption":"lifepo4 battery"},{"@type":"BreadcrumbList","@id":"https:\/\/www.ahotech.com\/da\/product\/lifepo4-battery-cells\/#breadcrumb","itemListElement":[{"@type":"ListItem","position":1,"name":"Home","item":"https:\/\/de.ahotech.com\/"},{"@type":"ListItem","position":2,"name":"Store","item":"https:\/\/de.ahotech.com\/speichern\/"},{"@type":"ListItem","position":3,"name":"lifepo4 battery cells"}]},{"@type":"WebSite","@id":"https:\/\/www.ahotech.com\/es\/#website","url":"https:\/\/www.ahotech.com\/es\/","name":"Ahotech.com","description":"producenter af litiumbatterier","publisher":{"@id":"https:\/\/www.ahotech.com\/es\/#organization"},"potentialAction":[{"@type":"SearchAction","target":{"@type":"EntryPoint","urlTemplate":"https:\/\/www.ahotech.com\/es\/?s={search_term_string}"},"query-input":{"@type":"PropertyValueSpecification","valueRequired":true,"valueName":"search_term_string"}}],"inLanguage":"da-DK"},{"@type":"Organization","@id":"https:\/\/www.ahotech.com\/es\/#organization","name":"Ahotech.com","url":"https:\/\/www.ahotech.com\/es\/","logo":{"@type":"ImageObject","inLanguage":"da-DK","@id":"https:\/\/www.ahotech.com\/es\/#\/schema\/logo\/image\/","url":"https:\/\/www.ahotech.com\/wp-content\/uploads\/2021\/10\/battery-site-logo.jpg","contentUrl":"https:\/\/www.ahotech.com\/wp-content\/uploads\/2021\/10\/battery-site-logo.jpg","width":1297,"height":465,"caption":"Ahotech.com"},"image":{"@id":"https:\/\/www.ahotech.com\/es\/#\/schema\/logo\/image\/"}}]}},"_links":{"self":[{"href":"https:\/\/www.ahotech.com\/da\/wp-json\/wp\/v2\/product\/4272","targetHints":{"allow":["GET"]}}],"collection":[{"href":"https:\/\/www.ahotech.com\/da\/wp-json\/wp\/v2\/product"}],"about":[{"href":"https:\/\/www.ahotech.com\/da\/wp-json\/wp\/v2\/types\/product"}],"version-history":[{"count":2,"href":"https:\/\/www.ahotech.com\/da\/wp-json\/wp\/v2\/product\/4272\/revisions"}],"predecessor-version":[{"id":4281,"href":"https:\/\/www.ahotech.com\/da\/wp-json\/wp\/v2\/product\/4272\/revisions\/4281"}],"wp:featuredmedia":[{"embeddable":true,"href":"https:\/\/www.ahotech.com\/da\/wp-json\/wp\/v2\/media\/4276"}],"wp:attachment":[{"href":"https:\/\/www.ahotech.com\/da\/wp-json\/wp\/v2\/media?parent=4272"}],"wp:term":[{"taxonomy":"product_brand","embeddable":true,"href":"https:\/\/www.ahotech.com\/da\/wp-json\/wp\/v2\/product_brand?post=4272"},{"taxonomy":"product_cat","embeddable":true,"href":"https:\/\/www.ahotech.com\/da\/wp-json\/wp\/v2\/product_cat?post=4272"},{"taxonomy":"product_tag","embeddable":true,"href":"https:\/\/www.ahotech.com\/da\/wp-json\/wp\/v2\/product_tag?post=4272"}],"curies":[{"name":"wp","href":"https:\/\/api.w.org\/{rel}","templated":true}]}}