{"id":4246,"date":"2022-02-21T03:58:19","date_gmt":"2022-02-21T03:58:19","guid":{"rendered":"https:\/\/www.ahotech.com\/?post_type=product&#038;p=4246"},"modified":"2022-02-25T06:24:10","modified_gmt":"2022-02-25T06:24:10","slug":"26650-batteri","status":"publish","type":"product","link":"https:\/\/www.ahotech.com\/da\/product\/26650-battery\/","title":{"rendered":"26650 batteri"},"content":{"rendered":"<p><a href=\"http:\/\/lifepo4 lithium battery\">lifepo4 litiumbatteri<\/a> har en r\u00e6kke unikke fordele s\u00e5som h\u00f8j arbejdssp\u00e6nding, h\u00f8j energit\u00e6thed, lang levetid, gr\u00f8n milj\u00f8beskyttelse og underst\u00f8tter trinl\u00f8s udvidelse. Efter dannelse af et energilagringssystem kan det bruges til storstilet elektrisk energilagring. Lithiumjernfosfat-batterienergilagringssystem best\u00e5r af lithiumjernfosfat-batteripakke, batteristyringssystem (BMS), konverterenhed (ensretter, inverter), centralt overv\u00e5gningssystem, transformer osv.<\/p>\n<p>Derudover underst\u00f8tter den trinl\u00f8s udvidelse og er velegnet til storskala energilagring. Den har gode anvendelsesmuligheder inden for sikkerhed inden for elproduktion og nettilslutning af vedvarende energikraftv\u00e6rker, spidsbelastningsregulering af elnettet, distribuerede kraftv\u00e6rker, UPS-str\u00f8mforsyning, n\u00f8dstr\u00f8mssystemer og s\u00e5 videre.<\/p>\n<p>Lithium-ion-celle 26650-3800mAh-3.2V Egenskabskurve:<\/p>\n<p><img fetchpriority=\"high\" decoding=\"async\" class=\"alignnone size-medium wp-image-4270\" src=\"https:\/\/www.ahotech.com\/wp-content\/uploads\/2022\/02\/Curve-characteristics-of-lithium-iron-phosphate-battery-300x172.png\" alt=\"Kurvekarakteristika for lithium-jernfosfatbatteri\" width=\"300\" height=\"172\" srcset=\"https:\/\/www.ahotech.com\/wp-content\/uploads\/2022\/02\/Curve-characteristics-of-lithium-iron-phosphate-battery-300x172.png 300w, https:\/\/www.ahotech.com\/wp-content\/uploads\/2022\/02\/Curve-characteristics-of-lithium-iron-phosphate-battery-1024x586.png 1024w, https:\/\/www.ahotech.com\/wp-content\/uploads\/2022\/02\/Curve-characteristics-of-lithium-iron-phosphate-battery-768x439.png 768w, https:\/\/www.ahotech.com\/wp-content\/uploads\/2022\/02\/Curve-characteristics-of-lithium-iron-phosphate-battery-600x343.png 600w, https:\/\/www.ahotech.com\/wp-content\/uploads\/2022\/02\/Curve-characteristics-of-lithium-iron-phosphate-battery.png 1051w\" sizes=\"(max-width: 300px) 100vw, 300px\" \/><\/p>\n<p>Elektriske egenskaber:<\/p>\n<p>Afladningskapacitet ved normal temperatur: Efter fuld opladning kan eksperimentet s\u00e6ttes p\u00e5 pause i 10 minutter; 0,2C afladning til 2,5V tillader fem gentagelser. N\u00e5r r\u00e6kkevidden af tre p\u00e5 hinanden f\u00f8lgende eksperimenter er mindre end 3% af den nominelle kapacitet, kan eksperimentet afsluttes f\u00f8r tid, og den maksimale v\u00e6rdi af testresultaterne kan opn\u00e5s.<\/p>\n<p>Afladningsydelse ved forskellige temperaturer: Efter standardopladning af normale batterier skal de opbevares i mindst 12 timer ved konstante temperaturer p\u00e5 henholdsvis \u201320 \u2103, \u201310 \u2103, 0 \u2103, 10 \u2103 og 25 \u2103, og i 5 timer ved 60 \u2103. Derefter aflades batterierne med en str\u00f8m p\u00e5 0,5 C til den tilsvarende termineringssp\u00e6nding. N\u00e5r omgivelsestemperaturen er over 15 \u2103, er termineringssp\u00e6ndingen 2,5 V, og hvis den er under 15 \u2103, er den 2,0 V.<\/p>\n<p>&nbsp;<\/p>\n<p>&nbsp;<\/p>","protected":false},"excerpt":{"rendered":"<p>Model\uff1a26650-3800mAh-3.2V<br \/>\nStandardkapacitet: 3800mAh 0,2C (str\u00f8mv\u00e6rdi p\u00e5 3800mA ved 1C)<br \/>\nMinimumskapacitet: 3750mAh 0,2C<br \/>\nStandardsp\u00e6nding: 3,2V<br \/>\nAlternerende intern modstand: \u226425m\u03a9<br \/>\nOpladningsbetingelser<br \/>\nAfsk\u00e6ringssp\u00e6nding: 3,65 \u00b1 0,05 V<br \/>\nAfsk\u00e6ringsstr\u00f8m: 0,01C<br \/>\nkonstantstr\u00f8msopladning til 3,65 V ved 0,5 C, konstantsp\u00e6ndingsopladning stopper indtil<br \/>\n0,01C m A<br \/>\nMaks. ladestr\u00f8m: 3,8A<br \/>\nAfbrydelsessp\u00e6nding for udladning: 2,5 V<br \/>\nStandardafladningsstr\u00f8m: 1,9A<br \/>\nHurtig afladningsstr\u00f8m: 3,8 A. Denne str\u00f8m er den maksimale anbefalede str\u00f8m til kombinationen af celler, og den specifikke v\u00e6rdi b\u00f8r bestemmes i henhold til kombinationsstrukturen. Den maksimale driftsstr\u00f8m er indstillet til en temperatur, der ikke overstiger 60 \u2103.<br \/>\nMaks. kontinuerlig afladningsstr\u00f8m: 11,4 A Kun til enkeltbatterier<br \/>\nPulsudladningsstr\u00f8m: 20A, 5s<br \/>\nCykluskarakteristik: 2000 gange (100%DOD) 4000 gange (80%DOD) 7000 gange (50%DOD)<br \/>\nArbejdstemperatur: Opladning: 0 \u2103 ~ 55 \u2103 Afladning: -20 \u2103 ~ 60 \u2103<br \/>\nOpbevaringstemperatur: -20 \u2103 ~ 55 \u2103 Kortvarig opbevaring (&lt; 3 m\u00e5neder)<br \/>\nCellev\u00e6gt: Ca. 87,5 g<\/p>\n<p><img decoding=\"async\" class=\"alignnone size-medium wp-image-4255\" src=\"https:\/\/www.ahotech.com\/wp-content\/uploads\/2022\/02\/Lithium-ion-battery-size-26650-300x217.png\" alt=\"Lithium-ion-batteri st\u00f8rrelse 26650\" width=\"300\" height=\"217\" srcset=\"https:\/\/www.ahotech.com\/wp-content\/uploads\/2022\/02\/Lithium-ion-battery-size-26650-300x217.png 300w, https:\/\/www.ahotech.com\/wp-content\/uploads\/2022\/02\/Lithium-ion-battery-size-26650.png 562w\" sizes=\"(max-width: 300px) 100vw, 300px\" \/><\/p>\n<p>&nbsp;<\/p>","protected":false},"featured_media":4248,"template":"","meta":{"_acf_changed":false,"site-sidebar-layout":"default","site-content-layout":"default","ast-site-content-layout":"","site-content-style":"default","site-sidebar-style":"default","ast-global-header-display":"","ast-banner-title-visibility":"","ast-main-header-display":"","ast-hfb-above-header-display":"","ast-hfb-below-header-display":"","ast-hfb-mobile-header-display":"","site-post-title":"","ast-breadcrumbs-content":"","ast-featured-img":"","footer-sml-layout":"","theme-transparent-header-meta":"default","adv-header-id-meta":"","stick-header-meta":"","header-above-stick-meta":"","header-main-stick-meta":"","header-below-stick-meta":"","astra-migrate-meta-layouts":"default","ast-page-background-enabled":"default","ast-page-background-meta":{"desktop":{"background-color":"","background-image":"","background-repeat":"repeat","background-position":"center center","background-size":"auto","background-attachment":"scroll","background-type":"","background-media":"","overlay-type":"","overlay-color":"","overlay-opacity":"","overlay-gradient":""},"tablet":{"background-color":"","background-image":"","background-repeat":"repeat","background-position":"center center","background-size":"auto","background-attachment":"scroll","background-type":"","background-media":"","overlay-type":"","overlay-color":"","overlay-opacity":"","overlay-gradient":""},"mobile":{"background-color":"","background-image":"","background-repeat":"repeat","background-position":"center center","background-size":"auto","background-attachment":"scroll","background-type":"","background-media":"","overlay-type":"","overlay-color":"","overlay-opacity":"","overlay-gradient":""}},"ast-content-background-meta":{"desktop":{"background-color":"var(--ast-global-color-5)","background-image":"","background-repeat":"repeat","background-position":"center center","background-size":"auto","background-attachment":"scroll","background-type":"","background-media":"","overlay-type":"","overlay-color":"","overlay-opacity":"","overlay-gradient":""},"tablet":{"background-color":"var(--ast-global-color-5)","background-image":"","background-repeat":"repeat","background-position":"center center","background-size":"auto","background-attachment":"scroll","background-type":"","background-media":"","overlay-type":"","overlay-color":"","overlay-opacity":"","overlay-gradient":""},"mobile":{"background-color":"var(--ast-global-color-5)","background-image":"","background-repeat":"repeat","background-position":"center center","background-size":"auto","background-attachment":"scroll","background-type":"","background-media":"","overlay-type":"","overlay-color":"","overlay-opacity":"","overlay-gradient":""}}},"product_brand":[],"product_cat":[40,41],"product_tag":[],"class_list":{"0":"post-4246","1":"product","2":"type-product","3":"status-publish","4":"has-post-thumbnail","6":"product_cat-lifepo4-battery","7":"product_cat-rechargeable-lithium-battery","8":"desktop-align-left","9":"tablet-align-left","10":"mobile-align-left","12":"first","13":"instock","14":"shipping-taxable","15":"product-type-simple"},"acf":[],"yoast_head":"<!-- This site is optimized with the Yoast SEO plugin v27.3 - https:\/\/yoast.com\/product\/yoast-seo-wordpress\/ -->\n<title>26650 battery - Ahotech.com<\/title>\n<meta name=\"robots\" content=\"index, follow, max-snippet:-1, max-image-preview:large, max-video-preview:-1\" \/>\n<link rel=\"canonical\" href=\"https:\/\/www.ahotech.com\/da\/produkt\/26650-batteri\/\" \/>\n<meta property=\"og:locale\" content=\"da_DK\" \/>\n<meta property=\"og:type\" content=\"article\" \/>\n<meta property=\"og:title\" content=\"26650 battery - Ahotech.com\" \/>\n<meta property=\"og:description\" content=\"Model\uff1a26650-3800mAh-3.2V Standard Capacity\uff1a3800mAh 0.2C,( current value of 3800mA at 1C\uff09 Minimum Capacity\uff1a3750mAh 0.2C Standard Volta\uff1a3.2V Alternating Internal Resis\uff1a\u226425m\u03a9 Charge Conditions Cut-off Voltage\uff1a3.65\u00b10.05V Cut-off Current\uff1a0.01C constant-current charge to 3.65V at 0.5C, constant voltage charge to stop until 0.01C m A Max. Charging Current\uff1a3.8A Discharge Cut-off Voltage\uff1a2.5V Standard Discharge Current\uff1a1.9A Fast Discharge Current\uff1a3.8A This current is the maximum current recommended for the combination of cells, and the specific value should be determined according to the combination structure. The maximum operating current is set at a temperature not exceeding 60 \u2103\u3002 Max. Continuous Discharge Current\uff1a11.4A Only for single ce Pulse Discharge Current\uff1a20A\uff0c5s Cycle Characte\uff1a2000 times\uff08100%DOD\uff09 4000 times\uff08 80%DOD\uff097000 times\uff0850%DOD\uff09 Working Tempera\uff1aCharge\uff1a0\u2103\uff5e55\u2103 Discharge\uff1a-20\u2103\uff5e60\u2103 Storage Temperature\uff1a-20\u2103\uff5e55\u2103 Short-term storage (&lt; 3 months) Cell Weight\uff1aApprox 87.5g    &nbsp;\" \/>\n<meta property=\"og:url\" content=\"https:\/\/www.ahotech.com\/da\/produkt\/26650-batteri\/\" \/>\n<meta property=\"og:site_name\" content=\"Ahotech.com\" \/>\n<meta property=\"article:modified_time\" content=\"2022-02-25T06:24:10+00:00\" \/>\n<meta property=\"og:image\" content=\"https:\/\/de.ahotech.com\/wp-content\/uploads\/2022\/02\/lifepo4-battery.jpg\" \/>\n\t<meta property=\"og:image:width\" content=\"800\" \/>\n\t<meta property=\"og:image:height\" content=\"800\" \/>\n\t<meta property=\"og:image:type\" content=\"image\/jpeg\" \/>\n<meta name=\"twitter:card\" content=\"summary_large_image\" \/>\n<meta name=\"twitter:label1\" content=\"Estimeret l\u00e6setid\" \/>\n\t<meta name=\"twitter:data1\" content=\"2 minutter\" \/>\n<script type=\"application\/ld+json\" class=\"yoast-schema-graph\">{\"@context\":\"https:\\\/\\\/schema.org\",\"@graph\":[{\"@type\":\"WebPage\",\"@id\":\"https:\\\/\\\/de.ahotech.com\\\/product\\\/26650-akku\\\/\",\"url\":\"https:\\\/\\\/de.ahotech.com\\\/product\\\/26650-akku\\\/\",\"name\":\"26650 battery - Ahotech.com\",\"isPartOf\":{\"@id\":\"https:\\\/\\\/www.ahotech.com\\\/es\\\/#website\"},\"primaryImageOfPage\":{\"@id\":\"https:\\\/\\\/de.ahotech.com\\\/product\\\/26650-akku\\\/#primaryimage\"},\"image\":{\"@id\":\"https:\\\/\\\/de.ahotech.com\\\/product\\\/26650-akku\\\/#primaryimage\"},\"thumbnailUrl\":\"https:\\\/\\\/www.ahotech.com\\\/wp-content\\\/uploads\\\/2022\\\/02\\\/lifepo4-battery.jpg\",\"datePublished\":\"2022-02-21T03:58:19+00:00\",\"dateModified\":\"2022-02-25T06:24:10+00:00\",\"breadcrumb\":{\"@id\":\"https:\\\/\\\/de.ahotech.com\\\/product\\\/26650-akku\\\/#breadcrumb\"},\"inLanguage\":\"da-DK\",\"potentialAction\":[{\"@type\":\"ReadAction\",\"target\":[\"https:\\\/\\\/de.ahotech.com\\\/product\\\/26650-akku\\\/\"]}]},{\"@type\":\"ImageObject\",\"inLanguage\":\"da-DK\",\"@id\":\"https:\\\/\\\/de.ahotech.com\\\/product\\\/26650-akku\\\/#primaryimage\",\"url\":\"https:\\\/\\\/www.ahotech.com\\\/wp-content\\\/uploads\\\/2022\\\/02\\\/lifepo4-battery.jpg\",\"contentUrl\":\"https:\\\/\\\/www.ahotech.com\\\/wp-content\\\/uploads\\\/2022\\\/02\\\/lifepo4-battery.jpg\",\"width\":800,\"height\":800},{\"@type\":\"BreadcrumbList\",\"@id\":\"https:\\\/\\\/de.ahotech.com\\\/product\\\/26650-akku\\\/#breadcrumb\",\"itemListElement\":[{\"@type\":\"ListItem\",\"position\":1,\"name\":\"Home\",\"item\":\"https:\\\/\\\/de.ahotech.com\\\/\"},{\"@type\":\"ListItem\",\"position\":2,\"name\":\"Store\",\"item\":\"https:\\\/\\\/de.ahotech.com\\\/speichern\\\/\"},{\"@type\":\"ListItem\",\"position\":3,\"name\":\"26650 battery\"}]},{\"@type\":\"WebSite\",\"@id\":\"https:\\\/\\\/www.ahotech.com\\\/es\\\/#website\",\"url\":\"https:\\\/\\\/www.ahotech.com\\\/es\\\/\",\"name\":\"Ahotech.com\",\"description\":\"lithium battery manufacturers\",\"publisher\":{\"@id\":\"https:\\\/\\\/www.ahotech.com\\\/es\\\/#organization\"},\"potentialAction\":[{\"@type\":\"SearchAction\",\"target\":{\"@type\":\"EntryPoint\",\"urlTemplate\":\"https:\\\/\\\/www.ahotech.com\\\/es\\\/?s={search_term_string}\"},\"query-input\":{\"@type\":\"PropertyValueSpecification\",\"valueRequired\":true,\"valueName\":\"search_term_string\"}}],\"inLanguage\":\"da-DK\"},{\"@type\":\"Organization\",\"@id\":\"https:\\\/\\\/www.ahotech.com\\\/es\\\/#organization\",\"name\":\"Ahotech.com\",\"url\":\"https:\\\/\\\/www.ahotech.com\\\/es\\\/\",\"logo\":{\"@type\":\"ImageObject\",\"inLanguage\":\"da-DK\",\"@id\":\"https:\\\/\\\/www.ahotech.com\\\/es\\\/#\\\/schema\\\/logo\\\/image\\\/\",\"url\":\"https:\\\/\\\/www.ahotech.com\\\/wp-content\\\/uploads\\\/2021\\\/10\\\/battery-site-logo.jpg\",\"contentUrl\":\"https:\\\/\\\/www.ahotech.com\\\/wp-content\\\/uploads\\\/2021\\\/10\\\/battery-site-logo.jpg\",\"width\":1297,\"height\":465,\"caption\":\"Ahotech.com\"},\"image\":{\"@id\":\"https:\\\/\\\/www.ahotech.com\\\/es\\\/#\\\/schema\\\/logo\\\/image\\\/\"}}]}<\/script>\n<!-- \/ Yoast SEO plugin. -->","yoast_head_json":{"title":"26650 batteri - Ahotech.com","robots":{"index":"index","follow":"follow","max-snippet":"max-snippet:-1","max-image-preview":"max-image-preview:large","max-video-preview":"max-video-preview:-1"},"canonical":"https:\/\/www.ahotech.com\/da\/produkt\/26650-batteri\/","og_locale":"da_DK","og_type":"article","og_title":"26650 battery - Ahotech.com","og_description":"Model\uff1a26650-3800mAh-3.2V Standard Capacity\uff1a3800mAh 0.2C,( current value of 3800mA at 1C\uff09 Minimum Capacity\uff1a3750mAh 0.2C Standard Volta\uff1a3.2V Alternating Internal Resis\uff1a\u226425m\u03a9 Charge Conditions Cut-off Voltage\uff1a3.65\u00b10.05V Cut-off Current\uff1a0.01C constant-current charge to 3.65V at 0.5C, constant voltage charge to stop until 0.01C m A Max. Charging Current\uff1a3.8A Discharge Cut-off Voltage\uff1a2.5V Standard Discharge Current\uff1a1.9A Fast Discharge Current\uff1a3.8A This current is the maximum current recommended for the combination of cells, and the specific value should be determined according to the combination structure. The maximum operating current is set at a temperature not exceeding 60 \u2103\u3002 Max. Continuous Discharge Current\uff1a11.4A Only for single ce Pulse Discharge Current\uff1a20A\uff0c5s Cycle Characte\uff1a2000 times\uff08100%DOD\uff09 4000 times\uff08 80%DOD\uff097000 times\uff0850%DOD\uff09 Working Tempera\uff1aCharge\uff1a0\u2103\uff5e55\u2103 Discharge\uff1a-20\u2103\uff5e60\u2103 Storage Temperature\uff1a-20\u2103\uff5e55\u2103 Short-term storage (&lt; 3 months) Cell Weight\uff1aApprox 87.5g    &nbsp;","og_url":"https:\/\/www.ahotech.com\/da\/produkt\/26650-batteri\/","og_site_name":"Ahotech.com","article_modified_time":"2022-02-25T06:24:10+00:00","og_image":[{"width":800,"height":800,"url":"https:\/\/de.ahotech.com\/wp-content\/uploads\/2022\/02\/lifepo4-battery.jpg","type":"image\/jpeg"}],"twitter_card":"summary_large_image","twitter_misc":{"Estimeret l\u00e6setid":"2 minutter"},"schema":{"@context":"https:\/\/schema.org","@graph":[{"@type":"WebPage","@id":"https:\/\/de.ahotech.com\/product\/26650-akku\/","url":"https:\/\/de.ahotech.com\/product\/26650-akku\/","name":"26650 batteri - Ahotech.com","isPartOf":{"@id":"https:\/\/www.ahotech.com\/es\/#website"},"primaryImageOfPage":{"@id":"https:\/\/de.ahotech.com\/product\/26650-akku\/#primaryimage"},"image":{"@id":"https:\/\/de.ahotech.com\/product\/26650-akku\/#primaryimage"},"thumbnailUrl":"https:\/\/www.ahotech.com\/wp-content\/uploads\/2022\/02\/lifepo4-battery.jpg","datePublished":"2022-02-21T03:58:19+00:00","dateModified":"2022-02-25T06:24:10+00:00","breadcrumb":{"@id":"https:\/\/de.ahotech.com\/product\/26650-akku\/#breadcrumb"},"inLanguage":"da-DK","potentialAction":[{"@type":"ReadAction","target":["https:\/\/de.ahotech.com\/product\/26650-akku\/"]}]},{"@type":"ImageObject","inLanguage":"da-DK","@id":"https:\/\/de.ahotech.com\/product\/26650-akku\/#primaryimage","url":"https:\/\/www.ahotech.com\/wp-content\/uploads\/2022\/02\/lifepo4-battery.jpg","contentUrl":"https:\/\/www.ahotech.com\/wp-content\/uploads\/2022\/02\/lifepo4-battery.jpg","width":800,"height":800},{"@type":"BreadcrumbList","@id":"https:\/\/de.ahotech.com\/product\/26650-akku\/#breadcrumb","itemListElement":[{"@type":"ListItem","position":1,"name":"Home","item":"https:\/\/de.ahotech.com\/"},{"@type":"ListItem","position":2,"name":"Store","item":"https:\/\/de.ahotech.com\/speichern\/"},{"@type":"ListItem","position":3,"name":"26650 battery"}]},{"@type":"WebSite","@id":"https:\/\/www.ahotech.com\/es\/#website","url":"https:\/\/www.ahotech.com\/es\/","name":"Ahotech.com","description":"producenter af litiumbatterier","publisher":{"@id":"https:\/\/www.ahotech.com\/es\/#organization"},"potentialAction":[{"@type":"SearchAction","target":{"@type":"EntryPoint","urlTemplate":"https:\/\/www.ahotech.com\/es\/?s={search_term_string}"},"query-input":{"@type":"PropertyValueSpecification","valueRequired":true,"valueName":"search_term_string"}}],"inLanguage":"da-DK"},{"@type":"Organization","@id":"https:\/\/www.ahotech.com\/es\/#organization","name":"Ahotech.com","url":"https:\/\/www.ahotech.com\/es\/","logo":{"@type":"ImageObject","inLanguage":"da-DK","@id":"https:\/\/www.ahotech.com\/es\/#\/schema\/logo\/image\/","url":"https:\/\/www.ahotech.com\/wp-content\/uploads\/2021\/10\/battery-site-logo.jpg","contentUrl":"https:\/\/www.ahotech.com\/wp-content\/uploads\/2021\/10\/battery-site-logo.jpg","width":1297,"height":465,"caption":"Ahotech.com"},"image":{"@id":"https:\/\/www.ahotech.com\/es\/#\/schema\/logo\/image\/"}}]}},"_links":{"self":[{"href":"https:\/\/www.ahotech.com\/da\/wp-json\/wp\/v2\/product\/4246","targetHints":{"allow":["GET"]}}],"collection":[{"href":"https:\/\/www.ahotech.com\/da\/wp-json\/wp\/v2\/product"}],"about":[{"href":"https:\/\/www.ahotech.com\/da\/wp-json\/wp\/v2\/types\/product"}],"version-history":[{"count":7,"href":"https:\/\/www.ahotech.com\/da\/wp-json\/wp\/v2\/product\/4246\/revisions"}],"predecessor-version":[{"id":4327,"href":"https:\/\/www.ahotech.com\/da\/wp-json\/wp\/v2\/product\/4246\/revisions\/4327"}],"wp:featuredmedia":[{"embeddable":true,"href":"https:\/\/www.ahotech.com\/da\/wp-json\/wp\/v2\/media\/4248"}],"wp:attachment":[{"href":"https:\/\/www.ahotech.com\/da\/wp-json\/wp\/v2\/media?parent=4246"}],"wp:term":[{"taxonomy":"product_brand","embeddable":true,"href":"https:\/\/www.ahotech.com\/da\/wp-json\/wp\/v2\/product_brand?post=4246"},{"taxonomy":"product_cat","embeddable":true,"href":"https:\/\/www.ahotech.com\/da\/wp-json\/wp\/v2\/product_cat?post=4246"},{"taxonomy":"product_tag","embeddable":true,"href":"https:\/\/www.ahotech.com\/da\/wp-json\/wp\/v2\/product_tag?post=4246"}],"curies":[{"name":"wp","href":"https:\/\/api.w.org\/{rel}","templated":true}]}}