{"id":4221,"date":"2022-02-19T09:20:29","date_gmt":"2022-02-19T09:20:29","guid":{"rendered":"https:\/\/www.ahotech.com\/?post_type=product&#038;p=4221"},"modified":"2022-02-19T09:26:01","modified_gmt":"2022-02-19T09:26:01","slug":"genopladelige-aa-lithium-batterier","status":"publish","type":"product","link":"https:\/\/www.ahotech.com\/da\/product\/aa-lithium-rechargeable-batteries\/","title":{"rendered":"genopladelige AA lithium-batterier"},"content":{"rendered":"<p>AA lithium genopladelige batterier funktioner: hurtig opladning, h\u00f8j hastighed, lang levetid; Lille st\u00f8rrelse, stor kraft!<\/p>\n<p>3,7V AA genopladeligt lithiumbatteri sp\u00e6ndingsstabilitet, brugen af sikkerhed: stabil str\u00f8mforsyning, effektivt forhindre ustabil str\u00f8mskade p\u00e5 v\u00e6rten, beskytte kredsl\u00f8bssikkerhed, stabil og p\u00e5lidelig, god kvalitet, omkostningseffektiv.<\/p>\n<p>AA lithium genopladelige batterier kapacitet: stor kapacitet, lang udholdenhed, lang brugstid.<\/p>\n<p>Bearbejdning og tilpasning: PACK-batteripakke til at udf\u00f8re forskning og udvikling, monteringstjenester.<\/p>\n<p><img fetchpriority=\"high\" decoding=\"async\" class=\"alignnone size-medium wp-image-4223\" src=\"https:\/\/www.ahotech.com\/wp-content\/uploads\/2022\/02\/rechargeable-lithium-aa-batteries-300x194.png\" alt=\"genopladelige lithium AA-batterier\" width=\"300\" height=\"194\" srcset=\"https:\/\/www.ahotech.com\/wp-content\/uploads\/2022\/02\/rechargeable-lithium-aa-batteries-300x194.png 300w, https:\/\/www.ahotech.com\/wp-content\/uploads\/2022\/02\/rechargeable-lithium-aa-batteries-768x498.png 768w, https:\/\/www.ahotech.com\/wp-content\/uploads\/2022\/02\/rechargeable-lithium-aa-batteries-600x389.png 600w, https:\/\/www.ahotech.com\/wp-content\/uploads\/2022\/02\/rechargeable-lithium-aa-batteries.png 974w\" sizes=\"(max-width: 300px) 100vw, 300px\" \/><\/p>\n<p>Genopladelige lithium AA-batterier anvendelse: Anvendelse: elektrisk barbermaskine, elektrisk barbermaskine, elektrisk tandb\u00f8rste<\/p>","protected":false},"excerpt":{"rendered":"<p>Model: 14500<br \/>\nNominel kapacitet: 850mAh<br \/>\nNominel sp\u00e6nding: 3,7V<br \/>\nModstand: \u226470m\u03a9<br \/>\nMaksimal kontinuerlig ladestr\u00f8m: 0,85A (1C)<br \/>\nMaksimal kontinuerlig afladningsstr\u00f8m: 1,7A (2C)<br \/>\nStandard normal temperaturcykluslevetid: 300 cyklusser \u226580% 2,75V-4,2V (med 1C\/1C)<br \/>\nMassespecifik energit\u00e6thed: 146 Wh\/kg<br \/>\nVolumenspecifik energit\u00e6thed: 412 Wh\/L<br \/>\nBatteridiameter: 14,1 \u00b1 0,2 mm<br \/>\nBatterih\u00f8jde: 51,5 \u00b1 0,5 mm<\/p>","protected":false},"featured_media":4224,"template":"","meta":{"_acf_changed":false,"site-sidebar-layout":"default","site-content-layout":"default","ast-site-content-layout":"","site-content-style":"default","site-sidebar-style":"default","ast-global-header-display":"","ast-banner-title-visibility":"","ast-main-header-display":"","ast-hfb-above-header-display":"","ast-hfb-below-header-display":"","ast-hfb-mobile-header-display":"","site-post-title":"","ast-breadcrumbs-content":"","ast-featured-img":"","footer-sml-layout":"","theme-transparent-header-meta":"default","adv-header-id-meta":"","stick-header-meta":"","header-above-stick-meta":"","header-main-stick-meta":"","header-below-stick-meta":"","astra-migrate-meta-layouts":"default","ast-page-background-enabled":"default","ast-page-background-meta":{"desktop":{"background-color":"","background-image":"","background-repeat":"repeat","background-position":"center center","background-size":"auto","background-attachment":"scroll","background-type":"","background-media":"","overlay-type":"","overlay-color":"","overlay-opacity":"","overlay-gradient":""},"tablet":{"background-color":"","background-image":"","background-repeat":"repeat","background-position":"center center","background-size":"auto","background-attachment":"scroll","background-type":"","background-media":"","overlay-type":"","overlay-color":"","overlay-opacity":"","overlay-gradient":""},"mobile":{"background-color":"","background-image":"","background-repeat":"repeat","background-position":"center center","background-size":"auto","background-attachment":"scroll","background-type":"","background-media":"","overlay-type":"","overlay-color":"","overlay-opacity":"","overlay-gradient":""}},"ast-content-background-meta":{"desktop":{"background-color":"var(--ast-global-color-5)","background-image":"","background-repeat":"repeat","background-position":"center center","background-size":"auto","background-attachment":"scroll","background-type":"","background-media":"","overlay-type":"","overlay-color":"","overlay-opacity":"","overlay-gradient":""},"tablet":{"background-color":"var(--ast-global-color-5)","background-image":"","background-repeat":"repeat","background-position":"center center","background-size":"auto","background-attachment":"scroll","background-type":"","background-media":"","overlay-type":"","overlay-color":"","overlay-opacity":"","overlay-gradient":""},"mobile":{"background-color":"var(--ast-global-color-5)","background-image":"","background-repeat":"repeat","background-position":"center center","background-size":"auto","background-attachment":"scroll","background-type":"","background-media":"","overlay-type":"","overlay-color":"","overlay-opacity":"","overlay-gradient":""}}},"product_brand":[],"product_cat":[41],"product_tag":[],"class_list":{"0":"post-4221","1":"product","2":"type-product","3":"status-publish","4":"has-post-thumbnail","6":"product_cat-rechargeable-lithium-battery","7":"desktop-align-left","8":"tablet-align-left","9":"mobile-align-left","11":"first","12":"instock","13":"shipping-taxable","14":"product-type-simple"},"acf":[],"yoast_head":"<!-- This site is optimized with the Yoast SEO plugin v27.3 - https:\/\/yoast.com\/product\/yoast-seo-wordpress\/ -->\n<title>aa lithium rechargeable batteries - Ahotech.com<\/title>\n<meta name=\"robots\" content=\"index, follow, max-snippet:-1, max-image-preview:large, max-video-preview:-1\" \/>\n<link rel=\"canonical\" href=\"https:\/\/www.ahotech.com\/da\/produkt\/genopladelige-aa-lithium-batterier\/\" \/>\n<meta property=\"og:locale\" content=\"da_DK\" \/>\n<meta property=\"og:type\" content=\"article\" \/>\n<meta property=\"og:title\" content=\"aa lithium rechargeable batteries - Ahotech.com\" \/>\n<meta property=\"og:description\" content=\"Model: 14500 Nominal capacity: 850mAh Nominal voltage: 3.7V Resistance: \u226470m\u03a9 Maximum continuous charging current: 0.85A (1C) Maximum continuous discharge current: 1.7A (2C) Standard normal temperature cycle life: 300Cycle\u226580% 2.75V-4.2V (with 1C\/1C) Mass specific energy density: 146Wh\/kg Volume specific energy density: 412Wh\/L Battery diameter: 14.1\u00b10.2mm Battery height: 51.5\u00b10.5mm\" \/>\n<meta property=\"og:url\" content=\"https:\/\/www.ahotech.com\/da\/produkt\/genopladelige-aa-lithium-batterier\/\" \/>\n<meta property=\"og:site_name\" content=\"Ahotech.com\" \/>\n<meta property=\"article:modified_time\" content=\"2022-02-19T09:26:01+00:00\" \/>\n<meta property=\"og:image\" content=\"https:\/\/de.ahotech.com\/wp-content\/uploads\/2022\/02\/rechargeable-lithium-batteries.jpg\" \/>\n\t<meta property=\"og:image:width\" content=\"800\" \/>\n\t<meta property=\"og:image:height\" content=\"800\" \/>\n\t<meta property=\"og:image:type\" content=\"image\/jpeg\" \/>\n<meta name=\"twitter:card\" content=\"summary_large_image\" \/>\n<meta name=\"twitter:label1\" content=\"Estimeret l\u00e6setid\" \/>\n\t<meta name=\"twitter:data1\" content=\"1 minut\" \/>\n<script type=\"application\/ld+json\" class=\"yoast-schema-graph\">{\"@context\":\"https:\\\/\\\/schema.org\",\"@graph\":[{\"@type\":\"WebPage\",\"@id\":\"https:\\\/\\\/de.ahotech.com\\\/product\\\/aa-lithium-akkus\\\/\",\"url\":\"https:\\\/\\\/de.ahotech.com\\\/product\\\/aa-lithium-akkus\\\/\",\"name\":\"aa lithium rechargeable batteries - Ahotech.com\",\"isPartOf\":{\"@id\":\"https:\\\/\\\/www.ahotech.com\\\/es\\\/#website\"},\"primaryImageOfPage\":{\"@id\":\"https:\\\/\\\/de.ahotech.com\\\/product\\\/aa-lithium-akkus\\\/#primaryimage\"},\"image\":{\"@id\":\"https:\\\/\\\/de.ahotech.com\\\/product\\\/aa-lithium-akkus\\\/#primaryimage\"},\"thumbnailUrl\":\"https:\\\/\\\/www.ahotech.com\\\/wp-content\\\/uploads\\\/2022\\\/02\\\/rechargeable-lithium-batteries.jpg\",\"datePublished\":\"2022-02-19T09:20:29+00:00\",\"dateModified\":\"2022-02-19T09:26:01+00:00\",\"breadcrumb\":{\"@id\":\"https:\\\/\\\/de.ahotech.com\\\/product\\\/aa-lithium-akkus\\\/#breadcrumb\"},\"inLanguage\":\"da-DK\",\"potentialAction\":[{\"@type\":\"ReadAction\",\"target\":[\"https:\\\/\\\/de.ahotech.com\\\/product\\\/aa-lithium-akkus\\\/\"]}]},{\"@type\":\"ImageObject\",\"inLanguage\":\"da-DK\",\"@id\":\"https:\\\/\\\/de.ahotech.com\\\/product\\\/aa-lithium-akkus\\\/#primaryimage\",\"url\":\"https:\\\/\\\/www.ahotech.com\\\/wp-content\\\/uploads\\\/2022\\\/02\\\/rechargeable-lithium-batteries.jpg\",\"contentUrl\":\"https:\\\/\\\/www.ahotech.com\\\/wp-content\\\/uploads\\\/2022\\\/02\\\/rechargeable-lithium-batteries.jpg\",\"width\":800,\"height\":800,\"caption\":\"lifepo4 battery\"},{\"@type\":\"BreadcrumbList\",\"@id\":\"https:\\\/\\\/de.ahotech.com\\\/product\\\/aa-lithium-akkus\\\/#breadcrumb\",\"itemListElement\":[{\"@type\":\"ListItem\",\"position\":1,\"name\":\"Home\",\"item\":\"https:\\\/\\\/de.ahotech.com\\\/\"},{\"@type\":\"ListItem\",\"position\":2,\"name\":\"Store\",\"item\":\"https:\\\/\\\/de.ahotech.com\\\/speichern\\\/\"},{\"@type\":\"ListItem\",\"position\":3,\"name\":\"aa lithium rechargeable batteries\"}]},{\"@type\":\"WebSite\",\"@id\":\"https:\\\/\\\/www.ahotech.com\\\/es\\\/#website\",\"url\":\"https:\\\/\\\/www.ahotech.com\\\/es\\\/\",\"name\":\"Ahotech.com\",\"description\":\"lithium battery manufacturers\",\"publisher\":{\"@id\":\"https:\\\/\\\/www.ahotech.com\\\/es\\\/#organization\"},\"potentialAction\":[{\"@type\":\"SearchAction\",\"target\":{\"@type\":\"EntryPoint\",\"urlTemplate\":\"https:\\\/\\\/www.ahotech.com\\\/es\\\/?s={search_term_string}\"},\"query-input\":{\"@type\":\"PropertyValueSpecification\",\"valueRequired\":true,\"valueName\":\"search_term_string\"}}],\"inLanguage\":\"da-DK\"},{\"@type\":\"Organization\",\"@id\":\"https:\\\/\\\/www.ahotech.com\\\/es\\\/#organization\",\"name\":\"Ahotech.com\",\"url\":\"https:\\\/\\\/www.ahotech.com\\\/es\\\/\",\"logo\":{\"@type\":\"ImageObject\",\"inLanguage\":\"da-DK\",\"@id\":\"https:\\\/\\\/www.ahotech.com\\\/es\\\/#\\\/schema\\\/logo\\\/image\\\/\",\"url\":\"https:\\\/\\\/www.ahotech.com\\\/wp-content\\\/uploads\\\/2021\\\/10\\\/battery-site-logo.jpg\",\"contentUrl\":\"https:\\\/\\\/www.ahotech.com\\\/wp-content\\\/uploads\\\/2021\\\/10\\\/battery-site-logo.jpg\",\"width\":1297,\"height\":465,\"caption\":\"Ahotech.com\"},\"image\":{\"@id\":\"https:\\\/\\\/www.ahotech.com\\\/es\\\/#\\\/schema\\\/logo\\\/image\\\/\"}}]}<\/script>\n<!-- \/ Yoast SEO plugin. -->","yoast_head_json":{"title":"Genopladelige AA litiumbatterier - Ahotech.com","robots":{"index":"index","follow":"follow","max-snippet":"max-snippet:-1","max-image-preview":"max-image-preview:large","max-video-preview":"max-video-preview:-1"},"canonical":"https:\/\/www.ahotech.com\/da\/produkt\/genopladelige-aa-lithium-batterier\/","og_locale":"da_DK","og_type":"article","og_title":"aa lithium rechargeable batteries - Ahotech.com","og_description":"Model: 14500 Nominal capacity: 850mAh Nominal voltage: 3.7V Resistance: \u226470m\u03a9 Maximum continuous charging current: 0.85A (1C) Maximum continuous discharge current: 1.7A (2C) Standard normal temperature cycle life: 300Cycle\u226580% 2.75V-4.2V (with 1C\/1C) Mass specific energy density: 146Wh\/kg Volume specific energy density: 412Wh\/L Battery diameter: 14.1\u00b10.2mm Battery height: 51.5\u00b10.5mm","og_url":"https:\/\/www.ahotech.com\/da\/produkt\/genopladelige-aa-lithium-batterier\/","og_site_name":"Ahotech.com","article_modified_time":"2022-02-19T09:26:01+00:00","og_image":[{"width":800,"height":800,"url":"https:\/\/de.ahotech.com\/wp-content\/uploads\/2022\/02\/rechargeable-lithium-batteries.jpg","type":"image\/jpeg"}],"twitter_card":"summary_large_image","twitter_misc":{"Estimeret l\u00e6setid":"1 minut"},"schema":{"@context":"https:\/\/schema.org","@graph":[{"@type":"WebPage","@id":"https:\/\/de.ahotech.com\/product\/aa-lithium-akkus\/","url":"https:\/\/de.ahotech.com\/product\/aa-lithium-akkus\/","name":"Genopladelige AA litiumbatterier - Ahotech.com","isPartOf":{"@id":"https:\/\/www.ahotech.com\/es\/#website"},"primaryImageOfPage":{"@id":"https:\/\/de.ahotech.com\/product\/aa-lithium-akkus\/#primaryimage"},"image":{"@id":"https:\/\/de.ahotech.com\/product\/aa-lithium-akkus\/#primaryimage"},"thumbnailUrl":"https:\/\/www.ahotech.com\/wp-content\/uploads\/2022\/02\/rechargeable-lithium-batteries.jpg","datePublished":"2022-02-19T09:20:29+00:00","dateModified":"2022-02-19T09:26:01+00:00","breadcrumb":{"@id":"https:\/\/de.ahotech.com\/product\/aa-lithium-akkus\/#breadcrumb"},"inLanguage":"da-DK","potentialAction":[{"@type":"ReadAction","target":["https:\/\/de.ahotech.com\/product\/aa-lithium-akkus\/"]}]},{"@type":"ImageObject","inLanguage":"da-DK","@id":"https:\/\/de.ahotech.com\/product\/aa-lithium-akkus\/#primaryimage","url":"https:\/\/www.ahotech.com\/wp-content\/uploads\/2022\/02\/rechargeable-lithium-batteries.jpg","contentUrl":"https:\/\/www.ahotech.com\/wp-content\/uploads\/2022\/02\/rechargeable-lithium-batteries.jpg","width":800,"height":800,"caption":"lifepo4 battery"},{"@type":"BreadcrumbList","@id":"https:\/\/de.ahotech.com\/product\/aa-lithium-akkus\/#breadcrumb","itemListElement":[{"@type":"ListItem","position":1,"name":"Home","item":"https:\/\/de.ahotech.com\/"},{"@type":"ListItem","position":2,"name":"Store","item":"https:\/\/de.ahotech.com\/speichern\/"},{"@type":"ListItem","position":3,"name":"aa lithium rechargeable batteries"}]},{"@type":"WebSite","@id":"https:\/\/www.ahotech.com\/es\/#website","url":"https:\/\/www.ahotech.com\/es\/","name":"Ahotech.com","description":"producenter af litiumbatterier","publisher":{"@id":"https:\/\/www.ahotech.com\/es\/#organization"},"potentialAction":[{"@type":"SearchAction","target":{"@type":"EntryPoint","urlTemplate":"https:\/\/www.ahotech.com\/es\/?s={search_term_string}"},"query-input":{"@type":"PropertyValueSpecification","valueRequired":true,"valueName":"search_term_string"}}],"inLanguage":"da-DK"},{"@type":"Organization","@id":"https:\/\/www.ahotech.com\/es\/#organization","name":"Ahotech.com","url":"https:\/\/www.ahotech.com\/es\/","logo":{"@type":"ImageObject","inLanguage":"da-DK","@id":"https:\/\/www.ahotech.com\/es\/#\/schema\/logo\/image\/","url":"https:\/\/www.ahotech.com\/wp-content\/uploads\/2021\/10\/battery-site-logo.jpg","contentUrl":"https:\/\/www.ahotech.com\/wp-content\/uploads\/2021\/10\/battery-site-logo.jpg","width":1297,"height":465,"caption":"Ahotech.com"},"image":{"@id":"https:\/\/www.ahotech.com\/es\/#\/schema\/logo\/image\/"}}]}},"_links":{"self":[{"href":"https:\/\/www.ahotech.com\/da\/wp-json\/wp\/v2\/product\/4221","targetHints":{"allow":["GET"]}}],"collection":[{"href":"https:\/\/www.ahotech.com\/da\/wp-json\/wp\/v2\/product"}],"about":[{"href":"https:\/\/www.ahotech.com\/da\/wp-json\/wp\/v2\/types\/product"}],"version-history":[{"count":2,"href":"https:\/\/www.ahotech.com\/da\/wp-json\/wp\/v2\/product\/4221\/revisions"}],"predecessor-version":[{"id":4230,"href":"https:\/\/www.ahotech.com\/da\/wp-json\/wp\/v2\/product\/4221\/revisions\/4230"}],"wp:featuredmedia":[{"embeddable":true,"href":"https:\/\/www.ahotech.com\/da\/wp-json\/wp\/v2\/media\/4224"}],"wp:attachment":[{"href":"https:\/\/www.ahotech.com\/da\/wp-json\/wp\/v2\/media?parent=4221"}],"wp:term":[{"taxonomy":"product_brand","embeddable":true,"href":"https:\/\/www.ahotech.com\/da\/wp-json\/wp\/v2\/product_brand?post=4221"},{"taxonomy":"product_cat","embeddable":true,"href":"https:\/\/www.ahotech.com\/da\/wp-json\/wp\/v2\/product_cat?post=4221"},{"taxonomy":"product_tag","embeddable":true,"href":"https:\/\/www.ahotech.com\/da\/wp-json\/wp\/v2\/product_tag?post=4221"}],"curies":[{"name":"wp","href":"https:\/\/api.w.org\/{rel}","templated":true}]}}