{"id":4200,"date":"2022-01-19T02:51:23","date_gmt":"2022-01-19T02:51:23","guid":{"rendered":"https:\/\/www.ahotech.com\/?post_type=product&#038;p=4200"},"modified":"2022-01-19T02:51:32","modified_gmt":"2022-01-19T02:51:32","slug":"3-stk-7v-lithiumbatteri-21700","status":"publish","type":"product","link":"https:\/\/www.ahotech.com\/da\/product\/3-7v-lithium-battery-21700\/","title":{"rendered":"3,7V litiumbatteri 21700"},"content":{"rendered":"<p class=\"tgt\" data-section=\"0\"><span class=\"tgt\" data-section=\"0\" data-sentence=\"0\" data-group=\"0-0\">Cylindrisk lithium-ion-batteri: 21700 lithium-batteri<\/span><\/p>\n<p class=\"tgt\" data-section=\"1\"><span class=\"tgt\" data-section=\"1\" data-sentence=\"0\" data-group=\"1-0\">Stabil sp\u00e6nding, holdbar, st\u00e6rk effekt, lang brugstid, sikker og milj\u00f8venlig kviks\u00f8lvfri.<\/span><\/p>\n<p class=\"tgt\" data-section=\"2\"><span class=\"tgt\" data-section=\"2\" data-sentence=\"0\" data-group=\"2-0\">Eksplosionssikker og l\u00e6kagesikker: Hus af forniklet st\u00e5l med h\u00f8j styrke, isoleringsring i bunden, automatisk sikkerhedsventil.<\/span><\/p>\n<p data-section=\"2\"><img fetchpriority=\"high\" decoding=\"async\" class=\"alignnone size-medium wp-image-4204\" src=\"https:\/\/www.ahotech.com\/wp-content\/uploads\/2022\/01\/21700-high-capacity-lithium-battery-300x300.jpg\" alt=\"21700 lithiumbatteri med h\u00f8j kapacitet\" width=\"300\" height=\"300\" srcset=\"https:\/\/www.ahotech.com\/wp-content\/uploads\/2022\/01\/21700-high-capacity-lithium-battery-300x300.jpg 300w, https:\/\/www.ahotech.com\/wp-content\/uploads\/2022\/01\/21700-high-capacity-lithium-battery-150x150.jpg 150w, https:\/\/www.ahotech.com\/wp-content\/uploads\/2022\/01\/21700-high-capacity-lithium-battery-768x768.jpg 768w, https:\/\/www.ahotech.com\/wp-content\/uploads\/2022\/01\/21700-high-capacity-lithium-battery-600x600.jpg 600w, https:\/\/www.ahotech.com\/wp-content\/uploads\/2022\/01\/21700-high-capacity-lithium-battery-100x100.jpg 100w, https:\/\/www.ahotech.com\/wp-content\/uploads\/2022\/01\/21700-high-capacity-lithium-battery.jpg 800w\" sizes=\"(max-width: 300px) 100vw, 300px\" \/><\/p>\n<p class=\"tgt\" data-section=\"3\"><span class=\"tgt\" data-section=\"3\" data-sentence=\"0\" data-group=\"3-0\">Dobbelte udst\u00f8dningshuller: hurtig udst\u00f8dningsgas, undg\u00e5 batteriudvidelse, fare.<\/span><\/p>\n<p class=\"tgt\" data-section=\"4\"><span class=\"tgt\" data-section=\"4\" data-sentence=\"0\" data-group=\"4-0\">Lav selvafladning: Brug teknologi, LSD intelligent l\u00e5sestr\u00f8m, opbevaring i et \u00e5r kan stadig spare omkring 85% elektricitet, hvilket effektivt reducerer det naturlige str\u00f8mtab.<\/span><\/p>","protected":false},"excerpt":{"rendered":"<p class=\"tgt\" data-section=\"0\"><span class=\"tgt\" data-section=\"0\" data-sentence=\"0\" data-group=\"0-0\">Nominel kapacitet: 5000mAh<\/span><\/p>\n<p class=\"tgt\" data-section=\"1\"><span class=\"tgt\" data-section=\"1\" data-sentence=\"0\" data-group=\"1-0\">Nominel sp\u00e6nding: 3,7V<\/span><\/p>\n<p class=\"tgt\" data-section=\"2\"><span class=\"tgt\" data-section=\"2\" data-sentence=\"0\" data-group=\"2-0\">Intern modstand: \u2264 40m\u03a9<\/span><\/p>\n<p class=\"tgt\" data-section=\"3\"><span class=\"tgt\" data-section=\"3\" data-sentence=\"0\" data-group=\"3-0\">Standardopladning:<\/span><\/p>\n<p class=\"tgt\" data-section=\"4\"><span class=\"tgt\" data-section=\"4\" data-sentence=\"0\" data-group=\"4-0\">0,3\u00b0C (1500 mA)<\/span><\/p>\n<p class=\"tgt\" data-section=\"5\"><span class=\"tgt\" data-section=\"5\" data-sentence=\"0\" data-group=\"5-0\">4,2 V<\/span><\/p>\n<p class=\"tgt\" data-section=\"6\"><span class=\"tgt\" data-section=\"6\" data-sentence=\"0\" data-group=\"6-0\">0,01\u00b0C (50 mA)<\/span><\/p>\n<p class=\"tgt\" data-section=\"7\"><span class=\"tgt\" data-section=\"7\" data-sentence=\"0\" data-group=\"7-0\">Hurtig opladningsstr\u00f8m: 0,5C (2500mA)<\/span><\/p>\n<p class=\"tgt\" data-section=\"8\"><span class=\"tgt\" data-section=\"8\" data-sentence=\"0\" data-group=\"8-0\">Standardafladningsstr\u00f8m: 0,2C (1000mA)<\/span><\/p>\n<p class=\"tgt\" data-section=\"9\"><span class=\"tgt\" data-section=\"9\" data-sentence=\"0\" data-group=\"9-0\">Maksimal kontinuerlig afladningsstr\u00f8m: 0,5C (2500mA), 1,5C (7500mA)<\/span><\/p>\n<p class=\"tgt\" data-section=\"10\"><span class=\"tgt\" data-section=\"10\" data-sentence=\"0\" data-group=\"10-0\">Maksimal \u00f8jeblikkelig afladningsstr\u00f8m: 2C (10A)<\/span><\/p>\n<p class=\"tgt\" data-section=\"11\"><span class=\"tgt\" data-section=\"11\" data-sentence=\"0\" data-group=\"11-0\">Ladesp\u00e6nding: 4,2V<\/span><\/p>\n<p class=\"tgt\" data-section=\"12\"><span class=\"tgt\" data-section=\"12\" data-sentence=\"0\" data-group=\"12-0\">Afbrydelsessp\u00e6nding for udladning: 2,5V<\/span><\/p>\n<p class=\"tgt\" data-section=\"13\"><span class=\"tgt\" data-section=\"13\" data-sentence=\"0\" data-group=\"13-0\">Maksimal st\u00f8rrelse: diameter 21,9 mm, h\u00f8jde 70,9 mm<\/span><\/p>","protected":false},"featured_media":4202,"template":"","meta":{"_acf_changed":false,"site-sidebar-layout":"default","site-content-layout":"default","ast-site-content-layout":"","site-content-style":"default","site-sidebar-style":"default","ast-global-header-display":"","ast-banner-title-visibility":"","ast-main-header-display":"","ast-hfb-above-header-display":"","ast-hfb-below-header-display":"","ast-hfb-mobile-header-display":"","site-post-title":"","ast-breadcrumbs-content":"","ast-featured-img":"","footer-sml-layout":"","theme-transparent-header-meta":"default","adv-header-id-meta":"","stick-header-meta":"","header-above-stick-meta":"","header-main-stick-meta":"","header-below-stick-meta":"","astra-migrate-meta-layouts":"default","ast-page-background-enabled":"default","ast-page-background-meta":{"desktop":{"background-color":"","background-image":"","background-repeat":"repeat","background-position":"center center","background-size":"auto","background-attachment":"scroll","background-type":"","background-media":"","overlay-type":"","overlay-color":"","overlay-opacity":"","overlay-gradient":""},"tablet":{"background-color":"","background-image":"","background-repeat":"repeat","background-position":"center center","background-size":"auto","background-attachment":"scroll","background-type":"","background-media":"","overlay-type":"","overlay-color":"","overlay-opacity":"","overlay-gradient":""},"mobile":{"background-color":"","background-image":"","background-repeat":"repeat","background-position":"center center","background-size":"auto","background-attachment":"scroll","background-type":"","background-media":"","overlay-type":"","overlay-color":"","overlay-opacity":"","overlay-gradient":""}},"ast-content-background-meta":{"desktop":{"background-color":"var(--ast-global-color-5)","background-image":"","background-repeat":"repeat","background-position":"center center","background-size":"auto","background-attachment":"scroll","background-type":"","background-media":"","overlay-type":"","overlay-color":"","overlay-opacity":"","overlay-gradient":""},"tablet":{"background-color":"var(--ast-global-color-5)","background-image":"","background-repeat":"repeat","background-position":"center center","background-size":"auto","background-attachment":"scroll","background-type":"","background-media":"","overlay-type":"","overlay-color":"","overlay-opacity":"","overlay-gradient":""},"mobile":{"background-color":"var(--ast-global-color-5)","background-image":"","background-repeat":"repeat","background-position":"center center","background-size":"auto","background-attachment":"scroll","background-type":"","background-media":"","overlay-type":"","overlay-color":"","overlay-opacity":"","overlay-gradient":""}}},"product_brand":[],"product_cat":[41],"product_tag":[],"class_list":{"0":"post-4200","1":"product","2":"type-product","3":"status-publish","4":"has-post-thumbnail","6":"product_cat-rechargeable-lithium-battery","7":"desktop-align-left","8":"tablet-align-left","9":"mobile-align-left","11":"first","12":"instock","13":"shipping-taxable","14":"product-type-simple"},"acf":[],"yoast_head":"<!-- This site is optimized with the Yoast SEO plugin v27.3 - https:\/\/yoast.com\/product\/yoast-seo-wordpress\/ -->\n<title>3.7V lithium battery 21700 - Ahotech.com<\/title>\n<meta name=\"robots\" content=\"index, follow, max-snippet:-1, max-image-preview:large, max-video-preview:-1\" \/>\n<link rel=\"canonical\" href=\"https:\/\/www.ahotech.com\/da\/produkt\/3-stk-7v-lithiumbatteri-21700\/\" \/>\n<meta property=\"og:locale\" content=\"da_DK\" \/>\n<meta property=\"og:type\" content=\"article\" \/>\n<meta property=\"og:title\" content=\"3.7V lithium battery 21700 - Ahotech.com\" \/>\n<meta property=\"og:description\" content=\"Nominal capacity: 5000MAH Nominal voltage: 3.7V Internal resistance: \u2264 40m\u03a9 Standard charging: 0.3 C (1500 mA) 4.2 V 0.01 C (50 mA) Quick charging current: 0.5C(2500mA) Standard discharge current: 0.2c (1000mA) Maximum continuous discharge current: 0.5C(2500mA), 1.5C(7500mA) Maximum instant discharge current: 2C(10A) Charging cut-off voltage: 4.2V Discharge cut-off voltage: 2.5V Maximum size: diameter 21.9mm, height 70.9mm\" \/>\n<meta property=\"og:url\" content=\"https:\/\/www.ahotech.com\/da\/produkt\/3-stk-7v-lithiumbatteri-21700\/\" \/>\n<meta property=\"og:site_name\" content=\"Ahotech.com\" \/>\n<meta property=\"article:modified_time\" content=\"2022-01-19T02:51:32+00:00\" \/>\n<meta property=\"og:image\" content=\"https:\/\/de.ahotech.com\/wp-content\/uploads\/2022\/01\/3.7V-lithium-battery-21700\uff081\uff09.jpg\" \/>\n\t<meta property=\"og:image:width\" content=\"800\" \/>\n\t<meta property=\"og:image:height\" content=\"800\" \/>\n\t<meta property=\"og:image:type\" content=\"image\/jpeg\" \/>\n<meta name=\"twitter:card\" content=\"summary_large_image\" \/>\n<script type=\"application\/ld+json\" class=\"yoast-schema-graph\">{\"@context\":\"https:\\\/\\\/schema.org\",\"@graph\":[{\"@type\":\"WebPage\",\"@id\":\"https:\\\/\\\/de.ahotech.com\\\/product\\\/3-7v-lithium-batterie-21700\\\/\",\"url\":\"https:\\\/\\\/de.ahotech.com\\\/product\\\/3-7v-lithium-batterie-21700\\\/\",\"name\":\"3.7V lithium battery 21700 - Ahotech.com\",\"isPartOf\":{\"@id\":\"https:\\\/\\\/www.ahotech.com\\\/es\\\/#website\"},\"primaryImageOfPage\":{\"@id\":\"https:\\\/\\\/de.ahotech.com\\\/product\\\/3-7v-lithium-batterie-21700\\\/#primaryimage\"},\"image\":{\"@id\":\"https:\\\/\\\/de.ahotech.com\\\/product\\\/3-7v-lithium-batterie-21700\\\/#primaryimage\"},\"thumbnailUrl\":\"https:\\\/\\\/www.ahotech.com\\\/wp-content\\\/uploads\\\/2022\\\/01\\\/3.7V-lithium-battery-21700\uff081\uff09.jpg\",\"datePublished\":\"2022-01-19T02:51:23+00:00\",\"dateModified\":\"2022-01-19T02:51:32+00:00\",\"breadcrumb\":{\"@id\":\"https:\\\/\\\/de.ahotech.com\\\/product\\\/3-7v-lithium-batterie-21700\\\/#breadcrumb\"},\"inLanguage\":\"da-DK\",\"potentialAction\":[{\"@type\":\"ReadAction\",\"target\":[\"https:\\\/\\\/de.ahotech.com\\\/product\\\/3-7v-lithium-batterie-21700\\\/\"]}]},{\"@type\":\"ImageObject\",\"inLanguage\":\"da-DK\",\"@id\":\"https:\\\/\\\/de.ahotech.com\\\/product\\\/3-7v-lithium-batterie-21700\\\/#primaryimage\",\"url\":\"https:\\\/\\\/www.ahotech.com\\\/wp-content\\\/uploads\\\/2022\\\/01\\\/3.7V-lithium-battery-21700\uff081\uff09.jpg\",\"contentUrl\":\"https:\\\/\\\/www.ahotech.com\\\/wp-content\\\/uploads\\\/2022\\\/01\\\/3.7V-lithium-battery-21700\uff081\uff09.jpg\",\"width\":800,\"height\":800,\"caption\":\"3.7V lithium battery 21700\uff081\uff09\"},{\"@type\":\"BreadcrumbList\",\"@id\":\"https:\\\/\\\/de.ahotech.com\\\/product\\\/3-7v-lithium-batterie-21700\\\/#breadcrumb\",\"itemListElement\":[{\"@type\":\"ListItem\",\"position\":1,\"name\":\"Home\",\"item\":\"https:\\\/\\\/de.ahotech.com\\\/\"},{\"@type\":\"ListItem\",\"position\":2,\"name\":\"Store\",\"item\":\"https:\\\/\\\/de.ahotech.com\\\/speichern\\\/\"},{\"@type\":\"ListItem\",\"position\":3,\"name\":\"3.7V lithium battery 21700\"}]},{\"@type\":\"WebSite\",\"@id\":\"https:\\\/\\\/www.ahotech.com\\\/es\\\/#website\",\"url\":\"https:\\\/\\\/www.ahotech.com\\\/es\\\/\",\"name\":\"Ahotech.com\",\"description\":\"lithium battery manufacturers\",\"publisher\":{\"@id\":\"https:\\\/\\\/www.ahotech.com\\\/es\\\/#organization\"},\"potentialAction\":[{\"@type\":\"SearchAction\",\"target\":{\"@type\":\"EntryPoint\",\"urlTemplate\":\"https:\\\/\\\/www.ahotech.com\\\/es\\\/?s={search_term_string}\"},\"query-input\":{\"@type\":\"PropertyValueSpecification\",\"valueRequired\":true,\"valueName\":\"search_term_string\"}}],\"inLanguage\":\"da-DK\"},{\"@type\":\"Organization\",\"@id\":\"https:\\\/\\\/www.ahotech.com\\\/es\\\/#organization\",\"name\":\"Ahotech.com\",\"url\":\"https:\\\/\\\/www.ahotech.com\\\/es\\\/\",\"logo\":{\"@type\":\"ImageObject\",\"inLanguage\":\"da-DK\",\"@id\":\"https:\\\/\\\/www.ahotech.com\\\/es\\\/#\\\/schema\\\/logo\\\/image\\\/\",\"url\":\"https:\\\/\\\/www.ahotech.com\\\/wp-content\\\/uploads\\\/2021\\\/10\\\/battery-site-logo.jpg\",\"contentUrl\":\"https:\\\/\\\/www.ahotech.com\\\/wp-content\\\/uploads\\\/2021\\\/10\\\/battery-site-logo.jpg\",\"width\":1297,\"height\":465,\"caption\":\"Ahotech.com\"},\"image\":{\"@id\":\"https:\\\/\\\/www.ahotech.com\\\/es\\\/#\\\/schema\\\/logo\\\/image\\\/\"}}]}<\/script>\n<!-- \/ Yoast SEO plugin. -->","yoast_head_json":{"title":"3,7V lithiumbatteri 21700 - Ahotech.com","robots":{"index":"index","follow":"follow","max-snippet":"max-snippet:-1","max-image-preview":"max-image-preview:large","max-video-preview":"max-video-preview:-1"},"canonical":"https:\/\/www.ahotech.com\/da\/produkt\/3-stk-7v-lithiumbatteri-21700\/","og_locale":"da_DK","og_type":"article","og_title":"3.7V lithium battery 21700 - Ahotech.com","og_description":"Nominal capacity: 5000MAH Nominal voltage: 3.7V Internal resistance: \u2264 40m\u03a9 Standard charging: 0.3 C (1500 mA) 4.2 V 0.01 C (50 mA) Quick charging current: 0.5C(2500mA) Standard discharge current: 0.2c (1000mA) Maximum continuous discharge current: 0.5C(2500mA), 1.5C(7500mA) Maximum instant discharge current: 2C(10A) Charging cut-off voltage: 4.2V Discharge cut-off voltage: 2.5V Maximum size: diameter 21.9mm, height 70.9mm","og_url":"https:\/\/www.ahotech.com\/da\/produkt\/3-stk-7v-lithiumbatteri-21700\/","og_site_name":"Ahotech.com","article_modified_time":"2022-01-19T02:51:32+00:00","og_image":[{"width":800,"height":800,"url":"https:\/\/de.ahotech.com\/wp-content\/uploads\/2022\/01\/3.7V-lithium-battery-21700\uff081\uff09.jpg","type":"image\/jpeg"}],"twitter_card":"summary_large_image","schema":{"@context":"https:\/\/schema.org","@graph":[{"@type":"WebPage","@id":"https:\/\/de.ahotech.com\/product\/3-7v-lithium-batterie-21700\/","url":"https:\/\/de.ahotech.com\/product\/3-7v-lithium-batterie-21700\/","name":"3,7V lithiumbatteri 21700 - Ahotech.com","isPartOf":{"@id":"https:\/\/www.ahotech.com\/es\/#website"},"primaryImageOfPage":{"@id":"https:\/\/de.ahotech.com\/product\/3-7v-lithium-batterie-21700\/#primaryimage"},"image":{"@id":"https:\/\/de.ahotech.com\/product\/3-7v-lithium-batterie-21700\/#primaryimage"},"thumbnailUrl":"https:\/\/www.ahotech.com\/wp-content\/uploads\/2022\/01\/3.7V-lithium-battery-21700\uff081\uff09.jpg","datePublished":"2022-01-19T02:51:23+00:00","dateModified":"2022-01-19T02:51:32+00:00","breadcrumb":{"@id":"https:\/\/de.ahotech.com\/product\/3-7v-lithium-batterie-21700\/#breadcrumb"},"inLanguage":"da-DK","potentialAction":[{"@type":"ReadAction","target":["https:\/\/de.ahotech.com\/product\/3-7v-lithium-batterie-21700\/"]}]},{"@type":"ImageObject","inLanguage":"da-DK","@id":"https:\/\/de.ahotech.com\/product\/3-7v-lithium-batterie-21700\/#primaryimage","url":"https:\/\/www.ahotech.com\/wp-content\/uploads\/2022\/01\/3.7V-lithium-battery-21700\uff081\uff09.jpg","contentUrl":"https:\/\/www.ahotech.com\/wp-content\/uploads\/2022\/01\/3.7V-lithium-battery-21700\uff081\uff09.jpg","width":800,"height":800,"caption":"3.7V lithium battery 21700\uff081\uff09"},{"@type":"BreadcrumbList","@id":"https:\/\/de.ahotech.com\/product\/3-7v-lithium-batterie-21700\/#breadcrumb","itemListElement":[{"@type":"ListItem","position":1,"name":"Home","item":"https:\/\/de.ahotech.com\/"},{"@type":"ListItem","position":2,"name":"Store","item":"https:\/\/de.ahotech.com\/speichern\/"},{"@type":"ListItem","position":3,"name":"3.7V lithium battery 21700"}]},{"@type":"WebSite","@id":"https:\/\/www.ahotech.com\/es\/#website","url":"https:\/\/www.ahotech.com\/es\/","name":"Ahotech.com","description":"producenter af litiumbatterier","publisher":{"@id":"https:\/\/www.ahotech.com\/es\/#organization"},"potentialAction":[{"@type":"SearchAction","target":{"@type":"EntryPoint","urlTemplate":"https:\/\/www.ahotech.com\/es\/?s={search_term_string}"},"query-input":{"@type":"PropertyValueSpecification","valueRequired":true,"valueName":"search_term_string"}}],"inLanguage":"da-DK"},{"@type":"Organization","@id":"https:\/\/www.ahotech.com\/es\/#organization","name":"Ahotech.com","url":"https:\/\/www.ahotech.com\/es\/","logo":{"@type":"ImageObject","inLanguage":"da-DK","@id":"https:\/\/www.ahotech.com\/es\/#\/schema\/logo\/image\/","url":"https:\/\/www.ahotech.com\/wp-content\/uploads\/2021\/10\/battery-site-logo.jpg","contentUrl":"https:\/\/www.ahotech.com\/wp-content\/uploads\/2021\/10\/battery-site-logo.jpg","width":1297,"height":465,"caption":"Ahotech.com"},"image":{"@id":"https:\/\/www.ahotech.com\/es\/#\/schema\/logo\/image\/"}}]}},"_links":{"self":[{"href":"https:\/\/www.ahotech.com\/da\/wp-json\/wp\/v2\/product\/4200","targetHints":{"allow":["GET"]}}],"collection":[{"href":"https:\/\/www.ahotech.com\/da\/wp-json\/wp\/v2\/product"}],"about":[{"href":"https:\/\/www.ahotech.com\/da\/wp-json\/wp\/v2\/types\/product"}],"version-history":[{"count":1,"href":"https:\/\/www.ahotech.com\/da\/wp-json\/wp\/v2\/product\/4200\/revisions"}],"predecessor-version":[{"id":4206,"href":"https:\/\/www.ahotech.com\/da\/wp-json\/wp\/v2\/product\/4200\/revisions\/4206"}],"wp:featuredmedia":[{"embeddable":true,"href":"https:\/\/www.ahotech.com\/da\/wp-json\/wp\/v2\/media\/4202"}],"wp:attachment":[{"href":"https:\/\/www.ahotech.com\/da\/wp-json\/wp\/v2\/media?parent=4200"}],"wp:term":[{"taxonomy":"product_brand","embeddable":true,"href":"https:\/\/www.ahotech.com\/da\/wp-json\/wp\/v2\/product_brand?post=4200"},{"taxonomy":"product_cat","embeddable":true,"href":"https:\/\/www.ahotech.com\/da\/wp-json\/wp\/v2\/product_cat?post=4200"},{"taxonomy":"product_tag","embeddable":true,"href":"https:\/\/www.ahotech.com\/da\/wp-json\/wp\/v2\/product_tag?post=4200"}],"curies":[{"name":"wp","href":"https:\/\/api.w.org\/{rel}","templated":true}]}}