{"id":3464,"date":"2021-10-23T11:53:48","date_gmt":"2021-10-23T11:53:48","guid":{"rendered":"https:\/\/www.ahotech.com\/?post_type=product&#038;p=3464"},"modified":"2024-05-27T02:10:45","modified_gmt":"2024-05-27T02:10:45","slug":"hybridkondensatorbatteri-1020","status":"publish","type":"product","link":"https:\/\/www.ahotech.com\/da\/product\/hybrid-capacitor-battery-1020\/","title":{"rendered":"Hybridkondensatorbatteri 1020"},"content":{"rendered":"<p>Hybridkondensatorbatterier kan erstatte Tadiran HLC1020 Performance. Vi kalder dem Hybrid Pulse Capacitor (HPC). Det er en slags genopladeligt batteri, der bruges som kondensatorer i IOT-batteripakker, hvor de er parallelforbundet med spolebatterier. <a href=\"https:\/\/www.ahotech.com\/da\/produktkategori\/lithiumthionylchlorid-li-socl2-batteri\/\">lithiumthionylchlorid LiSOCl2-batteri<\/a>HPC&#039;erne har lav impedans og kan levere h\u00f8je str\u00f8mpulser. Vores IoT-batteripakke leverer maksimalt b\u00e5de energi- og effektt\u00e6thed til forskellige typer IoT-applikationer.<\/p>\n<div style=\"width: 960px;\" class=\"wp-video\"><video class=\"wp-video-shortcode\" id=\"video-3464-1\" width=\"960\" height=\"540\" preload=\"metadata\" controls=\"controls\"><source type=\"video\/mp4\" src=\"https:\/\/www.ahotech.com\/wp-content\/uploads\/2021\/10\/hybrid-capacitor-battery-1020.mp4?_=1\" \/><a href=\"https:\/\/www.ahotech.com\/wp-content\/uploads\/2021\/10\/hybrid-capacitor-battery-1020.mp4\">https:\/\/www.ahotech.com\/wp-content\/uploads\/2021\/10\/hybrid-capacitor-battery-1020.mp4<\/a><\/video><\/div>\n<table class=\"tablesaw table-striped table-bordered table-hover tablesaw-sortable tablesaw-swipe\" width=\"1365\" cellspacing=\"0\" cellpadding=\"0\" data-tablesaw-mode=\"swipe\" data-tablesaw-sortable=\"\">\n<tbody>\n<tr class=\"firstRow\">\n<td width=\"156\" height=\"56\">Modelnummer<\/td>\n<td width=\"128\">Maks. ladesp\u00e6nding<\/td>\n<td width=\"149\">Nominel ladestr\u00f8m<\/td>\n<td width=\"121\">Nominel afladningsstr\u00f8m<\/td>\n<td width=\"121\">Maks. kontinuerlig afladningsstr\u00f8m<\/td>\n<td width=\"91\">Maks. kapacitet<\/td>\n<td width=\"97\">3,67V kapacitet<\/td>\n<td width=\"113\">3,90V kapacitet<\/td>\n<td width=\"97\">Afladningssp\u00e6nding<\/td>\n<td width=\"81\">Modstand<\/td>\n<td width=\"104\">Arbejdstemperatur<\/td>\n<td width=\"105\">Maks. udvendig dimension (mm)<\/td>\n<\/tr>\n<tr>\n<td height=\"21\"><a href=\"https:\/\/www.ahotech.com\/da\/produkt\/hybridkondensatorbatteri-1020\/\" target=\"_blank\" rel=\"noopener\">HPC1020<\/a><\/td>\n<td>4,1V<\/td>\n<td>8mA<\/td>\n<td>150mA<\/td>\n<td>750mA<\/td>\n<td>36mAh<\/td>\n<td>10mAh<\/td>\n<td>28mAh<\/td>\n<td>2,5V<\/td>\n<td>\u2264300m\u03a9<\/td>\n<td>-40\u2103~+85\u2103<\/td>\n<td>10\u00d720<\/td>\n<\/tr>\n<tr>\n<td height=\"21\"><a href=\"https:\/\/www.ahotech.com\/da\/produkt\/hybridkondensatorbatteri-1520\/\" target=\"_blank\" rel=\"noopener\">HPC1520<\/a><\/td>\n<td>4,1V<\/td>\n<td>20mA<\/td>\n<td>500mA<\/td>\n<td>2000mA<\/td>\n<td>80mAh<\/td>\n<td>40mAh<\/td>\n<td>60mAh<\/td>\n<td>2,5V<\/td>\n<td>\u2264160m\u03a9<\/td>\n<td>-40\u2103~+85\u2103<\/td>\n<td>15\u00d720<\/td>\n<\/tr>\n<tr>\n<td height=\"21\"><a href=\"https:\/\/www.ahotech.com\/da\/produkt\/hybridkondensatorbatteri-1530\/\" target=\"_blank\" rel=\"noopener\">HPC1530<\/a><\/td>\n<td>4,1V<\/td>\n<td>50mA<\/td>\n<td>800mA<\/td>\n<td>3000mA<\/td>\n<td>180mAh<\/td>\n<td>70mAh<\/td>\n<td>150mAh<\/td>\n<td>2,5V<\/td>\n<td>\u2264110m\u03a9<\/td>\n<td>-40\u2103~+85\u2103<\/td>\n<td>15\u00d730<\/td>\n<\/tr>\n<tr>\n<td height=\"21\"><a href=\"https:\/\/www.ahotech.com\/da\/produkt\/hybrid-capacitor-battery-1550\/\" target=\"_blank\" rel=\"noopener\">HPC1550<\/a><\/td>\n<td>4,1V<\/td>\n<td>100mA<\/td>\n<td>2000mA<\/td>\n<td>5000mA<\/td>\n<td>450mAh<\/td>\n<td>175mAh<\/td>\n<td>350mAh<\/td>\n<td>2,5V<\/td>\n<td>\u226460m\u03a9<\/td>\n<td>-40\u2103~+85\u2103<\/td>\n<td>15\u00d750<\/td>\n<\/tr>\n<\/tbody>\n<\/table>\n<h4>Funktioner i HPC1020 hybridkondensatorbatteri:<\/h4>\n<ul>\n<li>Fremragende holdbarhed (10 \u00e5r ved stuetemperatur).<\/li>\n<li>Bedst egnet til lav str\u00f8mafladning<\/li>\n<li>Bredt temperaturomr\u00e5de fra -40\u2103 til +85\u2103<\/li>\n<li>Lav selvafladning (1% eller mindre pr. \u00e5r)<\/li>\n<\/ul>\n<h4>Anvendelserne af HPC1020 hybridkondensatorbatteri<\/h4>\n<p>Vandm\u00e5lere, gasm\u00e5lere, kilowatt-timem\u00e5lere, elektroniske pakningsm\u00e5lere, realtidsure til pc&#039;er, medicinsk udstyr, CMOS-hukommelsesbackup<\/p>\n<p>&nbsp;<\/p>\n<p>Vores <strong>Hybrid kondensatorbatteri<\/strong> er i overensstemmelse med UL1642, IEC62133, UN38.3 og RoHs-standarden.<\/p>","protected":false},"excerpt":{"rendered":"<p><strong>Modelnummer:<\/strong> HPC 1020<\/p>\n<p><strong>Maks. ladesp\u00e6nding:<\/strong> 4,1V<\/p>\n<p><strong>Nominel ladestr\u00f8m:<\/strong> 8mA<\/p>\n<p><strong>Nominel afladningsstr\u00f8m:<\/strong> 150mA<\/p>\n<p><strong>Maks. kontinuerlig afladningsstr\u00f8m:<\/strong> 750mA<\/p>\n<p><strong>Maks. kapacitet:<\/strong> 36mAh<\/p>\n<p><strong>3,67V kapacitet:<\/strong> 10mAh<\/p>\n<p><strong>3,90V kapacitet:<\/strong> 28mAh<\/p>\n<p><strong>Afladningssp\u00e6nding:<\/strong>2,5V<\/p>\n<p><strong>Modstand:<\/strong> \u2264300m\u03a9<\/p>\n<p><strong>Arbejdstemperatur:<\/strong> -40\u2103~+85\u2103<\/p>\n<p><strong>Maks. udvendig dimension (mm):<\/strong> 10\u00d720<\/p>","protected":false},"featured_media":3468,"template":"","meta":{"_acf_changed":false,"site-sidebar-layout":"default","site-content-layout":"default","ast-site-content-layout":"","site-content-style":"default","site-sidebar-style":"default","ast-global-header-display":"","ast-banner-title-visibility":"","ast-main-header-display":"","ast-hfb-above-header-display":"","ast-hfb-below-header-display":"","ast-hfb-mobile-header-display":"","site-post-title":"","ast-breadcrumbs-content":"","ast-featured-img":"","footer-sml-layout":"","theme-transparent-header-meta":"default","adv-header-id-meta":"","stick-header-meta":"","header-above-stick-meta":"","header-main-stick-meta":"","header-below-stick-meta":"","astra-migrate-meta-layouts":"default","ast-page-background-enabled":"default","ast-page-background-meta":{"desktop":{"background-color":"","background-image":"","background-repeat":"repeat","background-position":"center center","background-size":"auto","background-attachment":"scroll","background-type":"","background-media":"","overlay-type":"","overlay-color":"","overlay-opacity":"","overlay-gradient":""},"tablet":{"background-color":"","background-image":"","background-repeat":"repeat","background-position":"center center","background-size":"auto","background-attachment":"scroll","background-type":"","background-media":"","overlay-type":"","overlay-color":"","overlay-opacity":"","overlay-gradient":""},"mobile":{"background-color":"","background-image":"","background-repeat":"repeat","background-position":"center center","background-size":"auto","background-attachment":"scroll","background-type":"","background-media":"","overlay-type":"","overlay-color":"","overlay-opacity":"","overlay-gradient":""}},"ast-content-background-meta":{"desktop":{"background-color":"var(--ast-global-color-5)","background-image":"","background-repeat":"repeat","background-position":"center center","background-size":"auto","background-attachment":"scroll","background-type":"","background-media":"","overlay-type":"","overlay-color":"","overlay-opacity":"","overlay-gradient":""},"tablet":{"background-color":"var(--ast-global-color-5)","background-image":"","background-repeat":"repeat","background-position":"center center","background-size":"auto","background-attachment":"scroll","background-type":"","background-media":"","overlay-type":"","overlay-color":"","overlay-opacity":"","overlay-gradient":""},"mobile":{"background-color":"var(--ast-global-color-5)","background-image":"","background-repeat":"repeat","background-position":"center center","background-size":"auto","background-attachment":"scroll","background-type":"","background-media":"","overlay-type":"","overlay-color":"","overlay-opacity":"","overlay-gradient":""}}},"product_brand":[],"product_cat":[34],"product_tag":[],"class_list":{"0":"post-3464","1":"product","2":"type-product","3":"status-publish","4":"has-post-thumbnail","6":"product_cat-hybrid-pulse-capacitor","7":"desktop-align-left","8":"tablet-align-left","9":"mobile-align-left","11":"first","12":"instock","13":"shipping-taxable","14":"product-type-simple"},"acf":[],"yoast_head":"<!-- This site is optimized with the Yoast SEO plugin v27.3 - https:\/\/yoast.com\/product\/yoast-seo-wordpress\/ -->\n<title>Hybrid capacitor battery 1020 - Ahotech.com<\/title>\n<meta name=\"robots\" content=\"index, follow, max-snippet:-1, max-image-preview:large, max-video-preview:-1\" \/>\n<link rel=\"canonical\" href=\"https:\/\/www.ahotech.com\/da\/produkt\/hybridkondensatorbatteri-1020\/\" \/>\n<meta property=\"og:locale\" content=\"da_DK\" \/>\n<meta property=\"og:type\" content=\"article\" \/>\n<meta property=\"og:title\" content=\"Hybrid capacitor battery 1020 - Ahotech.com\" \/>\n<meta property=\"og:description\" content=\"Model number\uff1a HPC 1020  Max. charging voltage\uff1a 4.1V  Nominal . charging current\uff1a 8mA  Nominal discharge current\uff1a 150mA  Max. continuous discharge current\uff1a 750mA  Max. capacity\uff1a 36mAh  3.67V capacity\uff1a 10mAh  3.90V capacity\uff1a 28mAh  Discharge off voltage\uff1a2.5V  Resistance\uff1a \u2264300m\u03a9  Working temperature\uff1a -40\u2103~+85\u2103  Max. external dimension(mm)\uff1a 10x20\" \/>\n<meta property=\"og:url\" content=\"https:\/\/www.ahotech.com\/da\/produkt\/hybridkondensatorbatteri-1020\/\" \/>\n<meta property=\"og:site_name\" content=\"Ahotech.com\" \/>\n<meta property=\"article:modified_time\" content=\"2024-05-27T02:10:45+00:00\" \/>\n<meta property=\"og:image\" content=\"https:\/\/de.ahotech.com\/wp-content\/uploads\/2021\/10\/hybrid-capacitor-battery-1020-3.jpg\" \/>\n\t<meta property=\"og:image:width\" content=\"800\" \/>\n\t<meta property=\"og:image:height\" content=\"800\" \/>\n\t<meta property=\"og:image:type\" content=\"image\/jpeg\" \/>\n<meta name=\"twitter:card\" content=\"summary_large_image\" \/>\n<meta name=\"twitter:label1\" content=\"Estimeret l\u00e6setid\" \/>\n\t<meta name=\"twitter:data1\" content=\"2 minutter\" \/>\n<script type=\"application\/ld+json\" class=\"yoast-schema-graph\">{\"@context\":\"https:\\\/\\\/schema.org\",\"@graph\":[{\"@type\":\"WebPage\",\"@id\":\"https:\\\/\\\/de.ahotech.com\\\/product\\\/hybrid-kondensatorbatterie-1020\\\/\",\"url\":\"https:\\\/\\\/de.ahotech.com\\\/product\\\/hybrid-kondensatorbatterie-1020\\\/\",\"name\":\"Hybrid capacitor battery 1020 - Ahotech.com\",\"isPartOf\":{\"@id\":\"https:\\\/\\\/www.ahotech.com\\\/#website\"},\"primaryImageOfPage\":{\"@id\":\"https:\\\/\\\/de.ahotech.com\\\/product\\\/hybrid-kondensatorbatterie-1020\\\/#primaryimage\"},\"image\":{\"@id\":\"https:\\\/\\\/de.ahotech.com\\\/product\\\/hybrid-kondensatorbatterie-1020\\\/#primaryimage\"},\"thumbnailUrl\":\"https:\\\/\\\/www.ahotech.com\\\/wp-content\\\/uploads\\\/2021\\\/10\\\/hybrid-capacitor-battery-1020-3.jpg\",\"datePublished\":\"2021-10-23T11:53:48+00:00\",\"dateModified\":\"2024-05-27T02:10:45+00:00\",\"breadcrumb\":{\"@id\":\"https:\\\/\\\/de.ahotech.com\\\/product\\\/hybrid-kondensatorbatterie-1020\\\/#breadcrumb\"},\"inLanguage\":\"da-DK\",\"potentialAction\":[{\"@type\":\"ReadAction\",\"target\":[\"https:\\\/\\\/de.ahotech.com\\\/product\\\/hybrid-kondensatorbatterie-1020\\\/\"]}]},{\"@type\":\"ImageObject\",\"inLanguage\":\"da-DK\",\"@id\":\"https:\\\/\\\/de.ahotech.com\\\/product\\\/hybrid-kondensatorbatterie-1020\\\/#primaryimage\",\"url\":\"https:\\\/\\\/www.ahotech.com\\\/wp-content\\\/uploads\\\/2021\\\/10\\\/hybrid-capacitor-battery-1020-3.jpg\",\"contentUrl\":\"https:\\\/\\\/www.ahotech.com\\\/wp-content\\\/uploads\\\/2021\\\/10\\\/hybrid-capacitor-battery-1020-3.jpg\",\"width\":800,\"height\":800,\"caption\":\"hybrid capacitor battery\"},{\"@type\":\"BreadcrumbList\",\"@id\":\"https:\\\/\\\/de.ahotech.com\\\/product\\\/hybrid-kondensatorbatterie-1020\\\/#breadcrumb\",\"itemListElement\":[{\"@type\":\"ListItem\",\"position\":1,\"name\":\"Home\",\"item\":\"https:\\\/\\\/www.ahotech.com\\\/\"},{\"@type\":\"ListItem\",\"position\":2,\"name\":\"Store\",\"item\":\"https:\\\/\\\/www.ahotech.com\\\/es\\\/store\\\/\"},{\"@type\":\"ListItem\",\"position\":3,\"name\":\"Hybrid capacitor battery 1020\"}]},{\"@type\":\"WebSite\",\"@id\":\"https:\\\/\\\/www.ahotech.com\\\/#website\",\"url\":\"https:\\\/\\\/www.ahotech.com\\\/\",\"name\":\"Ahotech.com\",\"description\":\"lithium battery manufacturers\",\"publisher\":{\"@id\":\"https:\\\/\\\/www.ahotech.com\\\/#organization\"},\"potentialAction\":[{\"@type\":\"SearchAction\",\"target\":{\"@type\":\"EntryPoint\",\"urlTemplate\":\"https:\\\/\\\/www.ahotech.com\\\/?s={search_term_string}\"},\"query-input\":{\"@type\":\"PropertyValueSpecification\",\"valueRequired\":true,\"valueName\":\"search_term_string\"}}],\"inLanguage\":\"da-DK\"},{\"@type\":\"Organization\",\"@id\":\"https:\\\/\\\/www.ahotech.com\\\/#organization\",\"name\":\"Ahotech.com\",\"url\":\"https:\\\/\\\/www.ahotech.com\\\/\",\"logo\":{\"@type\":\"ImageObject\",\"inLanguage\":\"da-DK\",\"@id\":\"https:\\\/\\\/www.ahotech.com\\\/#\\\/schema\\\/logo\\\/image\\\/\",\"url\":\"https:\\\/\\\/www.ahotech.com\\\/wp-content\\\/uploads\\\/2021\\\/10\\\/battery-site-logo.jpg\",\"contentUrl\":\"https:\\\/\\\/www.ahotech.com\\\/wp-content\\\/uploads\\\/2021\\\/10\\\/battery-site-logo.jpg\",\"width\":1297,\"height\":465,\"caption\":\"Ahotech.com\"},\"image\":{\"@id\":\"https:\\\/\\\/www.ahotech.com\\\/#\\\/schema\\\/logo\\\/image\\\/\"}}]}<\/script>\n<!-- \/ Yoast SEO plugin. -->","yoast_head_json":{"title":"Hybrid kondensatorbatteri 1020 - Ahotech.com","robots":{"index":"index","follow":"follow","max-snippet":"max-snippet:-1","max-image-preview":"max-image-preview:large","max-video-preview":"max-video-preview:-1"},"canonical":"https:\/\/www.ahotech.com\/da\/produkt\/hybridkondensatorbatteri-1020\/","og_locale":"da_DK","og_type":"article","og_title":"Hybrid capacitor battery 1020 - Ahotech.com","og_description":"Model number\uff1a HPC 1020  Max. charging voltage\uff1a 4.1V  Nominal . charging current\uff1a 8mA  Nominal discharge current\uff1a 150mA  Max. continuous discharge current\uff1a 750mA  Max. capacity\uff1a 36mAh  3.67V capacity\uff1a 10mAh  3.90V capacity\uff1a 28mAh  Discharge off voltage\uff1a2.5V  Resistance\uff1a \u2264300m\u03a9  Working temperature\uff1a -40\u2103~+85\u2103  Max. external dimension(mm)\uff1a 10x20","og_url":"https:\/\/www.ahotech.com\/da\/produkt\/hybridkondensatorbatteri-1020\/","og_site_name":"Ahotech.com","article_modified_time":"2024-05-27T02:10:45+00:00","og_image":[{"width":800,"height":800,"url":"https:\/\/de.ahotech.com\/wp-content\/uploads\/2021\/10\/hybrid-capacitor-battery-1020-3.jpg","type":"image\/jpeg"}],"twitter_card":"summary_large_image","twitter_misc":{"Estimeret l\u00e6setid":"2 minutter"},"schema":{"@context":"https:\/\/schema.org","@graph":[{"@type":"WebPage","@id":"https:\/\/de.ahotech.com\/product\/hybrid-kondensatorbatterie-1020\/","url":"https:\/\/de.ahotech.com\/product\/hybrid-kondensatorbatterie-1020\/","name":"Hybrid kondensatorbatteri 1020 - Ahotech.com","isPartOf":{"@id":"https:\/\/www.ahotech.com\/#website"},"primaryImageOfPage":{"@id":"https:\/\/de.ahotech.com\/product\/hybrid-kondensatorbatterie-1020\/#primaryimage"},"image":{"@id":"https:\/\/de.ahotech.com\/product\/hybrid-kondensatorbatterie-1020\/#primaryimage"},"thumbnailUrl":"https:\/\/www.ahotech.com\/wp-content\/uploads\/2021\/10\/hybrid-capacitor-battery-1020-3.jpg","datePublished":"2021-10-23T11:53:48+00:00","dateModified":"2024-05-27T02:10:45+00:00","breadcrumb":{"@id":"https:\/\/de.ahotech.com\/product\/hybrid-kondensatorbatterie-1020\/#breadcrumb"},"inLanguage":"da-DK","potentialAction":[{"@type":"ReadAction","target":["https:\/\/de.ahotech.com\/product\/hybrid-kondensatorbatterie-1020\/"]}]},{"@type":"ImageObject","inLanguage":"da-DK","@id":"https:\/\/de.ahotech.com\/product\/hybrid-kondensatorbatterie-1020\/#primaryimage","url":"https:\/\/www.ahotech.com\/wp-content\/uploads\/2021\/10\/hybrid-capacitor-battery-1020-3.jpg","contentUrl":"https:\/\/www.ahotech.com\/wp-content\/uploads\/2021\/10\/hybrid-capacitor-battery-1020-3.jpg","width":800,"height":800,"caption":"hybrid capacitor battery"},{"@type":"BreadcrumbList","@id":"https:\/\/de.ahotech.com\/product\/hybrid-kondensatorbatterie-1020\/#breadcrumb","itemListElement":[{"@type":"ListItem","position":1,"name":"Home","item":"https:\/\/www.ahotech.com\/"},{"@type":"ListItem","position":2,"name":"Store","item":"https:\/\/www.ahotech.com\/es\/store\/"},{"@type":"ListItem","position":3,"name":"Hybrid capacitor battery 1020"}]},{"@type":"WebSite","@id":"https:\/\/www.ahotech.com\/#website","url":"https:\/\/www.ahotech.com\/","name":"Ahotech.com","description":"producenter af litiumbatterier","publisher":{"@id":"https:\/\/www.ahotech.com\/#organization"},"potentialAction":[{"@type":"SearchAction","target":{"@type":"EntryPoint","urlTemplate":"https:\/\/www.ahotech.com\/?s={search_term_string}"},"query-input":{"@type":"PropertyValueSpecification","valueRequired":true,"valueName":"search_term_string"}}],"inLanguage":"da-DK"},{"@type":"Organization","@id":"https:\/\/www.ahotech.com\/#organization","name":"Ahotech.com","url":"https:\/\/www.ahotech.com\/","logo":{"@type":"ImageObject","inLanguage":"da-DK","@id":"https:\/\/www.ahotech.com\/#\/schema\/logo\/image\/","url":"https:\/\/www.ahotech.com\/wp-content\/uploads\/2021\/10\/battery-site-logo.jpg","contentUrl":"https:\/\/www.ahotech.com\/wp-content\/uploads\/2021\/10\/battery-site-logo.jpg","width":1297,"height":465,"caption":"Ahotech.com"},"image":{"@id":"https:\/\/www.ahotech.com\/#\/schema\/logo\/image\/"}}]}},"_links":{"self":[{"href":"https:\/\/www.ahotech.com\/da\/wp-json\/wp\/v2\/product\/3464","targetHints":{"allow":["GET"]}}],"collection":[{"href":"https:\/\/www.ahotech.com\/da\/wp-json\/wp\/v2\/product"}],"about":[{"href":"https:\/\/www.ahotech.com\/da\/wp-json\/wp\/v2\/types\/product"}],"version-history":[{"count":7,"href":"https:\/\/www.ahotech.com\/da\/wp-json\/wp\/v2\/product\/3464\/revisions"}],"predecessor-version":[{"id":4432,"href":"https:\/\/www.ahotech.com\/da\/wp-json\/wp\/v2\/product\/3464\/revisions\/4432"}],"wp:featuredmedia":[{"embeddable":true,"href":"https:\/\/www.ahotech.com\/da\/wp-json\/wp\/v2\/media\/3468"}],"wp:attachment":[{"href":"https:\/\/www.ahotech.com\/da\/wp-json\/wp\/v2\/media?parent=3464"}],"wp:term":[{"taxonomy":"product_brand","embeddable":true,"href":"https:\/\/www.ahotech.com\/da\/wp-json\/wp\/v2\/product_brand?post=3464"},{"taxonomy":"product_cat","embeddable":true,"href":"https:\/\/www.ahotech.com\/da\/wp-json\/wp\/v2\/product_cat?post=3464"},{"taxonomy":"product_tag","embeddable":true,"href":"https:\/\/www.ahotech.com\/da\/wp-json\/wp\/v2\/product_tag?post=3464"}],"curies":[{"name":"wp","href":"https:\/\/api.w.org\/{rel}","templated":true}]}}