{"id":3412,"date":"2021-10-19T14:59:42","date_gmt":"2021-10-19T14:59:42","guid":{"rendered":"https:\/\/www.ahotech.com\/?post_type=product&#038;p=3412"},"modified":"2026-03-18T19:51:57","modified_gmt":"2026-03-18T19:51:57","slug":"omnicel-er14505-batteri-er14505-aa-3-6v-litiumbatteri","status":"publish","type":"product","link":"https:\/\/www.ahotech.com\/da\/product\/omnicel-er14505-battery-er14505-aa-3-6-v-lithium-battery\/","title":{"rendered":"Omnicel er14505 batteri, er14505 AA 3,6 V litiumbatteri"},"content":{"rendered":"<p><a href=\"https:\/\/www.ahotech.com\/wp-content\/uploads\/2022\/06\/ER14505_LS.pdf\" target=\"_blank\" rel=\"noopener\"><img decoding=\"async\" class=\"alignnone wp-image-4815\" src=\"https:\/\/www.ahotech.com\/wp-content\/uploads\/2022\/05\/PDF-icon.png\" alt=\"PDF-ikon\" width=\"60\" height=\"60\" srcset=\"https:\/\/www.ahotech.com\/wp-content\/uploads\/2022\/05\/PDF-icon.png 256w, https:\/\/www.ahotech.com\/wp-content\/uploads\/2022\/05\/PDF-icon-150x150.png 150w, https:\/\/www.ahotech.com\/wp-content\/uploads\/2022\/05\/PDF-icon-100x100.png 100w\" sizes=\"(max-width: 60px) 100vw, 60px\" \/>ER14505-specifikation<\/a><\/p>\n<p>Omnicel er14505 litiumbatteriet leverer timer<span class=\"a-list-item\">H\u00f8j energi, h\u00f8j p\u00e5lidelighed 3,6 volt str\u00f8mkilde, l<\/span><span class=\"a-list-item\">Lav selvafladningshastighed giver denne celle en holdbarhed p\u00e5 10 \u00e5r. Stabil sp\u00e6nding og bred temperatur<\/span><\/p>\n<h4>ER14505 Batterifunktioner:<\/h4>\n<ul>\n<li>Fremragende holdbarhed (10 \u00e5r ved stuetemperatur).<\/li>\n<li>Bedst egnet til lav str\u00f8mafladning<\/li>\n<li>Bredt temperaturomr\u00e5de fra -55\u2103 til +85\u2103<\/li>\n<li>Lav selvafladning (1% eller mindre pr. \u00e5r)<\/li>\n<\/ul>\n<p><span class=\"tgt\" data-section=\"0\" data-sentence=\"0\" data-group=\"0-0\">Longsing Technologies&#039; er14505, AA h\u00f8jkapacitets 3,6V lithiumbatteri;<\/span><span class=\"tgt\" data-section=\"0\" data-sentence=\"1\" data-group=\"0-1\"> Ydeevne og SFTA lithiumthionylchloridbatteri ER14500, Tadiran h\u00f8jenergi lithiumbatteri AA<\/span><\/p>\n<p>Vores er14505 litiumbatteri er et mere \u00f8konomisk alternativ til et sikkert er14505-batteri.<br \/>\nER14505 lithiumthionylchlorid-batteriet er ikke genopladeligt, og dette batteri vil have passivering p\u00e5 grund af dets kemi.<\/p>\n<h4>Anvendelserne af ER14505<\/h4>\n<p>Vandm\u00e5lere, gasm\u00e5lere, kilowatt-timem\u00e5lere, elektroniske pakningsm\u00e5lere, realtidsure til pc&#039;er, medicinsk udstyr, CMOS-hukommelsesbackup<\/p>\n<p>Flere produkter:<\/p>\n<p><a href=\"https:\/\/www.ahotech.com\/da\/produkt\/omnicel-er14250-batteri-er14250-litiumbatteri-36-v\/\">ER14250<\/a>, <a href=\"https:\/\/www.ahotech.com\/da\/produkt\/omnicel-er17505-batteri-er17505-litiumbatteri-36-v\/\">ER17505<\/a><\/p>","protected":false},"excerpt":{"rendered":"<p><strong>Modelnummer:<\/strong> ER14505<\/p>\n<p><strong>Nominel sp\u00e6nding:<\/strong>\u00a03,6V<\/p>\n<p><strong>Nominel kapacitet:<\/strong> 2600mAh<\/p>\n<p><strong>Maks. kontinuerlig afladningsstr\u00f8m:<\/strong> 50mA<\/p>\n<p><strong>Maks. pulsudladningsstr\u00f8m:<\/strong> 100mA<\/p>\n<p><strong>Driftstemperatur:<\/strong>\u00a0-55\u2103 til 85\u2103<\/p>\n<p><strong>Kemi:\u00a0<\/strong>Lithiumthionylkloridbatteri<\/p>\n<p><strong>Batteritype: <\/strong>LiSOCI2<\/p>\n<p><strong>ER14505<\/strong> er et 3,6V ikke-genopladeligt AA lithium-thionylchlorid-batteri; 2600 mAh LiSOCl2 AA-spolebatteri<\/p>","protected":false},"featured_media":3417,"template":"","meta":{"_acf_changed":false,"site-sidebar-layout":"default","site-content-layout":"default","ast-site-content-layout":"default","site-content-style":"default","site-sidebar-style":"default","ast-global-header-display":"","ast-banner-title-visibility":"","ast-main-header-display":"","ast-hfb-above-header-display":"","ast-hfb-below-header-display":"","ast-hfb-mobile-header-display":"","site-post-title":"","ast-breadcrumbs-content":"","ast-featured-img":"","footer-sml-layout":"","theme-transparent-header-meta":"default","adv-header-id-meta":"","stick-header-meta":"","header-above-stick-meta":"","header-main-stick-meta":"","header-below-stick-meta":"","astra-migrate-meta-layouts":"set","ast-page-background-enabled":"default","ast-page-background-meta":{"desktop":{"background-color":"","background-image":"","background-repeat":"repeat","background-position":"center center","background-size":"auto","background-attachment":"scroll","background-type":"","background-media":"","overlay-type":"","overlay-color":"","overlay-opacity":"","overlay-gradient":""},"tablet":{"background-color":"","background-image":"","background-repeat":"repeat","background-position":"center center","background-size":"auto","background-attachment":"scroll","background-type":"","background-media":"","overlay-type":"","overlay-color":"","overlay-opacity":"","overlay-gradient":""},"mobile":{"background-color":"","background-image":"","background-repeat":"repeat","background-position":"center center","background-size":"auto","background-attachment":"scroll","background-type":"","background-media":"","overlay-type":"","overlay-color":"","overlay-opacity":"","overlay-gradient":""}},"ast-content-background-meta":{"desktop":{"background-color":"var(--ast-global-color-5)","background-image":"","background-repeat":"repeat","background-position":"center center","background-size":"auto","background-attachment":"scroll","background-type":"","background-media":"","overlay-type":"","overlay-color":"","overlay-opacity":"","overlay-gradient":""},"tablet":{"background-color":"var(--ast-global-color-5)","background-image":"","background-repeat":"repeat","background-position":"center center","background-size":"auto","background-attachment":"scroll","background-type":"","background-media":"","overlay-type":"","overlay-color":"","overlay-opacity":"","overlay-gradient":""},"mobile":{"background-color":"var(--ast-global-color-5)","background-image":"","background-repeat":"repeat","background-position":"center center","background-size":"auto","background-attachment":"scroll","background-type":"","background-media":"","overlay-type":"","overlay-color":"","overlay-opacity":"","overlay-gradient":""}}},"product_brand":[],"product_cat":[33],"product_tag":[],"class_list":{"0":"post-3412","1":"product","2":"type-product","3":"status-publish","4":"has-post-thumbnail","6":"product_cat-lithium-thionyl-chloride-li-socl2-battery","7":"desktop-align-left","8":"tablet-align-left","9":"mobile-align-left","11":"first","12":"instock","13":"sale","14":"shipping-taxable","15":"purchasable","16":"product-type-simple"},"acf":[],"yoast_head":"<!-- This site is optimized with the Yoast SEO plugin v27.3 - https:\/\/yoast.com\/product\/yoast-seo-wordpress\/ -->\n<title>Omnicel er14505 battery, er14505 aa 3.6 v lithium battery, 2600 mAh cell<\/title>\n<meta name=\"description\" content=\"omnicel er14505 lithium battery Wholesale, 3.6V LiSOCl2 Non-rechargeable AA-Size 2600 mAh Bobbin Cell for sale\" \/>\n<meta name=\"robots\" content=\"index, follow, max-snippet:-1, max-image-preview:large, max-video-preview:-1\" \/>\n<link rel=\"canonical\" href=\"https:\/\/www.ahotech.com\/da\/produkt\/omnicel-er14505-batteri-er14505-aa-3-6v-litiumbatteri\/\" \/>\n<meta property=\"og:locale\" content=\"da_DK\" \/>\n<meta property=\"og:type\" content=\"article\" \/>\n<meta property=\"og:title\" content=\"Omnicel er14505 battery, er14505 aa 3.6 v lithium battery, 2600 mAh cell\" \/>\n<meta property=\"og:description\" content=\"omnicel er14505 lithium battery Wholesale, 3.6V LiSOCl2 Non-rechargeable AA-Size 2600 mAh Bobbin Cell for sale\" \/>\n<meta property=\"og:url\" content=\"https:\/\/www.ahotech.com\/da\/produkt\/omnicel-er14505-batteri-er14505-aa-3-6v-litiumbatteri\/\" \/>\n<meta property=\"og:site_name\" content=\"Ahotech.com\" \/>\n<meta property=\"article:modified_time\" content=\"2026-03-18T19:51:57+00:00\" \/>\n<meta property=\"og:image\" content=\"https:\/\/www.ahotech.com\/wp-content\/uploads\/2021\/10\/er14505-lithium-battery-3-scaled.jpg\" \/>\n\t<meta property=\"og:image:width\" content=\"2560\" \/>\n\t<meta property=\"og:image:height\" content=\"2560\" \/>\n\t<meta property=\"og:image:type\" content=\"image\/jpeg\" \/>\n<meta name=\"twitter:card\" content=\"summary_large_image\" \/>\n<meta name=\"twitter:label1\" content=\"Estimeret l\u00e6setid\" \/>\n\t<meta name=\"twitter:data1\" content=\"2 minutter\" \/>\n<script type=\"application\/ld+json\" class=\"yoast-schema-graph\">{\"@context\":\"https:\\\/\\\/schema.org\",\"@graph\":[{\"@type\":\"WebPage\",\"@id\":\"https:\\\/\\\/www.ahotech.com\\\/product\\\/omnicel-er14505-battery-er14505-aa-3-6-v-lithium-battery\\\/\",\"url\":\"https:\\\/\\\/www.ahotech.com\\\/product\\\/omnicel-er14505-battery-er14505-aa-3-6-v-lithium-battery\\\/\",\"name\":\"Omnicel er14505 battery, er14505 aa 3.6 v lithium battery, 2600 mAh cell\",\"isPartOf\":{\"@id\":\"https:\\\/\\\/www.ahotech.com\\\/es\\\/#website\"},\"primaryImageOfPage\":{\"@id\":\"https:\\\/\\\/www.ahotech.com\\\/product\\\/omnicel-er14505-battery-er14505-aa-3-6-v-lithium-battery\\\/#primaryimage\"},\"image\":{\"@id\":\"https:\\\/\\\/www.ahotech.com\\\/product\\\/omnicel-er14505-battery-er14505-aa-3-6-v-lithium-battery\\\/#primaryimage\"},\"thumbnailUrl\":\"https:\\\/\\\/www.ahotech.com\\\/wp-content\\\/uploads\\\/2021\\\/10\\\/er14505-lithium-battery-3-scaled.jpg\",\"datePublished\":\"2021-10-19T14:59:42+00:00\",\"dateModified\":\"2026-03-18T19:51:57+00:00\",\"description\":\"omnicel er14505 lithium battery Wholesale, 3.6V LiSOCl2 Non-rechargeable AA-Size 2600 mAh Bobbin Cell for sale\",\"breadcrumb\":{\"@id\":\"https:\\\/\\\/www.ahotech.com\\\/product\\\/omnicel-er14505-battery-er14505-aa-3-6-v-lithium-battery\\\/#breadcrumb\"},\"inLanguage\":\"da-DK\",\"potentialAction\":[{\"@type\":\"ReadAction\",\"target\":[\"https:\\\/\\\/www.ahotech.com\\\/product\\\/omnicel-er14505-battery-er14505-aa-3-6-v-lithium-battery\\\/\"]}]},{\"@type\":\"ImageObject\",\"inLanguage\":\"da-DK\",\"@id\":\"https:\\\/\\\/www.ahotech.com\\\/product\\\/omnicel-er14505-battery-er14505-aa-3-6-v-lithium-battery\\\/#primaryimage\",\"url\":\"https:\\\/\\\/www.ahotech.com\\\/wp-content\\\/uploads\\\/2021\\\/10\\\/er14505-lithium-battery-3-scaled.jpg\",\"contentUrl\":\"https:\\\/\\\/www.ahotech.com\\\/wp-content\\\/uploads\\\/2021\\\/10\\\/er14505-lithium-battery-3-scaled.jpg\",\"width\":2560,\"height\":2560,\"caption\":\"lithium battery er14505 size aa 3.6 volts\"},{\"@type\":\"BreadcrumbList\",\"@id\":\"https:\\\/\\\/www.ahotech.com\\\/product\\\/omnicel-er14505-battery-er14505-aa-3-6-v-lithium-battery\\\/#breadcrumb\",\"itemListElement\":[{\"@type\":\"ListItem\",\"position\":1,\"name\":\"Home\",\"item\":\"https:\\\/\\\/de.ahotech.com\\\/\"},{\"@type\":\"ListItem\",\"position\":2,\"name\":\"Store\",\"item\":\"https:\\\/\\\/de.ahotech.com\\\/speichern\\\/\"},{\"@type\":\"ListItem\",\"position\":3,\"name\":\"Omnicel er14505 battery, er14505 aa 3.6 v lithium battery\"}]},{\"@type\":\"WebSite\",\"@id\":\"https:\\\/\\\/www.ahotech.com\\\/es\\\/#website\",\"url\":\"https:\\\/\\\/www.ahotech.com\\\/es\\\/\",\"name\":\"Ahotech.com\",\"description\":\"lithium battery manufacturers\",\"publisher\":{\"@id\":\"https:\\\/\\\/www.ahotech.com\\\/es\\\/#organization\"},\"potentialAction\":[{\"@type\":\"SearchAction\",\"target\":{\"@type\":\"EntryPoint\",\"urlTemplate\":\"https:\\\/\\\/www.ahotech.com\\\/es\\\/?s={search_term_string}\"},\"query-input\":{\"@type\":\"PropertyValueSpecification\",\"valueRequired\":true,\"valueName\":\"search_term_string\"}}],\"inLanguage\":\"da-DK\"},{\"@type\":\"Organization\",\"@id\":\"https:\\\/\\\/www.ahotech.com\\\/es\\\/#organization\",\"name\":\"Ahotech.com\",\"url\":\"https:\\\/\\\/www.ahotech.com\\\/es\\\/\",\"logo\":{\"@type\":\"ImageObject\",\"inLanguage\":\"da-DK\",\"@id\":\"https:\\\/\\\/www.ahotech.com\\\/es\\\/#\\\/schema\\\/logo\\\/image\\\/\",\"url\":\"https:\\\/\\\/www.ahotech.com\\\/wp-content\\\/uploads\\\/2021\\\/10\\\/battery-site-logo.jpg\",\"contentUrl\":\"https:\\\/\\\/www.ahotech.com\\\/wp-content\\\/uploads\\\/2021\\\/10\\\/battery-site-logo.jpg\",\"width\":1297,\"height\":465,\"caption\":\"Ahotech.com\"},\"image\":{\"@id\":\"https:\\\/\\\/www.ahotech.com\\\/es\\\/#\\\/schema\\\/logo\\\/image\\\/\"}}]}<\/script>\n<!-- \/ Yoast SEO plugin. -->","yoast_head_json":{"title":"Omnicel er14505 batteri, er14505 AA 3,6 V litiumbatteri, 2600 mAh celle","description":"omnicel er14505 lithiumbatteri Engros, 3,6V LiSOCl2 Ikke-genopladeligt AA-st\u00f8rrelse 2600 mAh spolecelle til salg","robots":{"index":"index","follow":"follow","max-snippet":"max-snippet:-1","max-image-preview":"max-image-preview:large","max-video-preview":"max-video-preview:-1"},"canonical":"https:\/\/www.ahotech.com\/da\/produkt\/omnicel-er14505-batteri-er14505-aa-3-6v-litiumbatteri\/","og_locale":"da_DK","og_type":"article","og_title":"Omnicel er14505 battery, er14505 aa 3.6 v lithium battery, 2600 mAh cell","og_description":"omnicel er14505 lithium battery Wholesale, 3.6V LiSOCl2 Non-rechargeable AA-Size 2600 mAh Bobbin Cell for sale","og_url":"https:\/\/www.ahotech.com\/da\/produkt\/omnicel-er14505-batteri-er14505-aa-3-6v-litiumbatteri\/","og_site_name":"Ahotech.com","article_modified_time":"2026-03-18T19:51:57+00:00","og_image":[{"width":2560,"height":2560,"url":"https:\/\/www.ahotech.com\/wp-content\/uploads\/2021\/10\/er14505-lithium-battery-3-scaled.jpg","type":"image\/jpeg"}],"twitter_card":"summary_large_image","twitter_misc":{"Estimeret l\u00e6setid":"2 minutter"},"schema":{"@context":"https:\/\/schema.org","@graph":[{"@type":"WebPage","@id":"https:\/\/www.ahotech.com\/product\/omnicel-er14505-battery-er14505-aa-3-6-v-lithium-battery\/","url":"https:\/\/www.ahotech.com\/product\/omnicel-er14505-battery-er14505-aa-3-6-v-lithium-battery\/","name":"Omnicel er14505 batteri, er14505 AA 3,6 V litiumbatteri, 2600 mAh celle","isPartOf":{"@id":"https:\/\/www.ahotech.com\/es\/#website"},"primaryImageOfPage":{"@id":"https:\/\/www.ahotech.com\/product\/omnicel-er14505-battery-er14505-aa-3-6-v-lithium-battery\/#primaryimage"},"image":{"@id":"https:\/\/www.ahotech.com\/product\/omnicel-er14505-battery-er14505-aa-3-6-v-lithium-battery\/#primaryimage"},"thumbnailUrl":"https:\/\/www.ahotech.com\/wp-content\/uploads\/2021\/10\/er14505-lithium-battery-3-scaled.jpg","datePublished":"2021-10-19T14:59:42+00:00","dateModified":"2026-03-18T19:51:57+00:00","description":"omnicel er14505 lithiumbatteri Engros, 3,6V LiSOCl2 Ikke-genopladeligt AA-st\u00f8rrelse 2600 mAh spolecelle til salg","breadcrumb":{"@id":"https:\/\/www.ahotech.com\/product\/omnicel-er14505-battery-er14505-aa-3-6-v-lithium-battery\/#breadcrumb"},"inLanguage":"da-DK","potentialAction":[{"@type":"ReadAction","target":["https:\/\/www.ahotech.com\/product\/omnicel-er14505-battery-er14505-aa-3-6-v-lithium-battery\/"]}]},{"@type":"ImageObject","inLanguage":"da-DK","@id":"https:\/\/www.ahotech.com\/product\/omnicel-er14505-battery-er14505-aa-3-6-v-lithium-battery\/#primaryimage","url":"https:\/\/www.ahotech.com\/wp-content\/uploads\/2021\/10\/er14505-lithium-battery-3-scaled.jpg","contentUrl":"https:\/\/www.ahotech.com\/wp-content\/uploads\/2021\/10\/er14505-lithium-battery-3-scaled.jpg","width":2560,"height":2560,"caption":"lithium battery er14505 size aa 3.6 volts"},{"@type":"BreadcrumbList","@id":"https:\/\/www.ahotech.com\/product\/omnicel-er14505-battery-er14505-aa-3-6-v-lithium-battery\/#breadcrumb","itemListElement":[{"@type":"ListItem","position":1,"name":"Home","item":"https:\/\/de.ahotech.com\/"},{"@type":"ListItem","position":2,"name":"Store","item":"https:\/\/de.ahotech.com\/speichern\/"},{"@type":"ListItem","position":3,"name":"Omnicel er14505 battery, er14505 aa 3.6 v lithium battery"}]},{"@type":"WebSite","@id":"https:\/\/www.ahotech.com\/es\/#website","url":"https:\/\/www.ahotech.com\/es\/","name":"Ahotech.com","description":"producenter af litiumbatterier","publisher":{"@id":"https:\/\/www.ahotech.com\/es\/#organization"},"potentialAction":[{"@type":"SearchAction","target":{"@type":"EntryPoint","urlTemplate":"https:\/\/www.ahotech.com\/es\/?s={search_term_string}"},"query-input":{"@type":"PropertyValueSpecification","valueRequired":true,"valueName":"search_term_string"}}],"inLanguage":"da-DK"},{"@type":"Organization","@id":"https:\/\/www.ahotech.com\/es\/#organization","name":"Ahotech.com","url":"https:\/\/www.ahotech.com\/es\/","logo":{"@type":"ImageObject","inLanguage":"da-DK","@id":"https:\/\/www.ahotech.com\/es\/#\/schema\/logo\/image\/","url":"https:\/\/www.ahotech.com\/wp-content\/uploads\/2021\/10\/battery-site-logo.jpg","contentUrl":"https:\/\/www.ahotech.com\/wp-content\/uploads\/2021\/10\/battery-site-logo.jpg","width":1297,"height":465,"caption":"Ahotech.com"},"image":{"@id":"https:\/\/www.ahotech.com\/es\/#\/schema\/logo\/image\/"}}]}},"_links":{"self":[{"href":"https:\/\/www.ahotech.com\/da\/wp-json\/wp\/v2\/product\/3412","targetHints":{"allow":["GET"]}}],"collection":[{"href":"https:\/\/www.ahotech.com\/da\/wp-json\/wp\/v2\/product"}],"about":[{"href":"https:\/\/www.ahotech.com\/da\/wp-json\/wp\/v2\/types\/product"}],"version-history":[{"count":6,"href":"https:\/\/www.ahotech.com\/da\/wp-json\/wp\/v2\/product\/3412\/revisions"}],"predecessor-version":[{"id":5000,"href":"https:\/\/www.ahotech.com\/da\/wp-json\/wp\/v2\/product\/3412\/revisions\/5000"}],"wp:featuredmedia":[{"embeddable":true,"href":"https:\/\/www.ahotech.com\/da\/wp-json\/wp\/v2\/media\/3417"}],"wp:attachment":[{"href":"https:\/\/www.ahotech.com\/da\/wp-json\/wp\/v2\/media?parent=3412"}],"wp:term":[{"taxonomy":"product_brand","embeddable":true,"href":"https:\/\/www.ahotech.com\/da\/wp-json\/wp\/v2\/product_brand?post=3412"},{"taxonomy":"product_cat","embeddable":true,"href":"https:\/\/www.ahotech.com\/da\/wp-json\/wp\/v2\/product_cat?post=3412"},{"taxonomy":"product_tag","embeddable":true,"href":"https:\/\/www.ahotech.com\/da\/wp-json\/wp\/v2\/product_tag?post=3412"}],"curies":[{"name":"wp","href":"https:\/\/api.w.org\/{rel}","templated":true}]}}