{"id":3984,"date":"2021-12-06T01:31:40","date_gmt":"2021-12-06T01:31:40","guid":{"rendered":"https:\/\/www.ahotech.com\/?page_id=3984"},"modified":"2021-12-06T01:31:41","modified_gmt":"2021-12-06T01:31:41","slug":"intelligent-logistik-goocontainer-intelligent-containerprojekt","status":"publish","type":"page","link":"https:\/\/www.ahotech.com\/da\/intelligent-logistics-goocontainer-intelligent-container-project\/","title":{"rendered":"Intelligent logistik \u2014 \u201cGOOCONTAINER\u201d Intelligent containerprojekt"},"content":{"rendered":"<p>Tankudstyr anvendes hovedsageligt til industriel gas, og hele den industrielle gasindustrik\u00e6de er opdelt i forbrugsende, transportende, gaskildeende og produktionsende. Fra produktionsenden til gaskildeenden, fra gaskildeenden til transportenden og fra transportenden til forbrugsenden er dette en typisk industriel gasindustrik\u00e6de. Det prim\u00e6re udstyr er lagerudstyr, herunder tank og lagertank, samt transportudstyr, s\u00e5som tankcontainere og tankvogne, inklusive multimodale transportcontainere. For den industrielle gastransportindustri er der flere problemer, nemlig hvordan man kontrollerer og forst\u00e5r markedet, derefter konfigurerer gaskilden, konfigurerer produktion og salg, og derefter hvordan man optimerer, forsender og distribuerer, ligesom industriel gasmangel i Nordkina. Hvis det daglige forbrug kan forudsiges n\u00f8jagtigt, kan man opn\u00e5 en ordnet produktion og effektiv logistiktransport. For virksomheder i den industrielle gasindustri er det intet andet end at v\u00e6re opm\u00e6rksomme p\u00e5 disse forskellige problemstillinger. Det f\u00f8rste er effektivitet, herunder distributionseffektivitet og ledelseseffektivitet. Det andet er ledelse, herunder driftsstyring og aktivstyring. Det tredje er sikkerhed. Dette er en r\u00e6kke problemstillinger, der bekymrer branchen, men i den nuv\u00e6rende situation har vi for eksempel ikke et klart overblik over kundernes lagerbeholdning, distributionstidspunktet er ikke pr\u00e6cist, og distributionseffektiviteten er relativt lav. Derudover er deres egen driftsstyring, herunder aktivstyring og driftseffektivitetsstyring, problematisk, og der er en r\u00e6kke andre sikkerhedsproblemer i driftsprocessen. Hvordan l\u00f8ser man disse problemer? Det er systemet med tankudstyr af typen IoT, herunder teknologi og drift.<\/p>\n\n\n\n<figure class=\"wp-block-image size-full\"><img fetchpriority=\"high\" decoding=\"async\" width=\"600\" height=\"400\" src=\"https:\/\/www.ahotech.com\/wp-content\/uploads\/2021\/11\/battery-and-capacitor-combination.jpg\" alt=\"kombination af batteri og kondensator\" class=\"wp-image-3772\" srcset=\"https:\/\/www.ahotech.com\/wp-content\/uploads\/2021\/11\/battery-and-capacitor-combination.jpg 600w, https:\/\/www.ahotech.com\/wp-content\/uploads\/2021\/11\/battery-and-capacitor-combination-300x200.jpg 300w\" sizes=\"(max-width: 600px) 100vw, 600px\" \/><figcaption>kombination af batteri og kondensator<\/figcaption><\/figure>\n\n\n\n<p>Det f\u00f8rste skridt er at realisere visualisering og intelligens af alt udstyr. Visualisering kan realiseres gennem intelligens af udstyr. At realisere visualisering af containere, tanke og tankvogne p\u00e5 internettet, inklusive din position, status, indhold osv. Ved at g\u00f8re dette kan du tydeligt forst\u00e5 markedet. For eksempel driver du et gasselskab, og du placerer lagertanke og mobile tanke p\u00e5 forbrugssteder s\u00e5som hospitaler og fabrikker, kan situationen for hver tank og forbrugsterminalen kendes i realtid. P\u00e5 denne m\u00e5de kan markedet forst\u00e5s pr\u00e6cist, og forsynings- og distributionsstyringen af gaskilder kan udf\u00f8res effektivt baseret p\u00e5 markedet. Hvis du driver en virksomhed, kan du se situationen for forsyningssteder for luftkilder p\u00e5 hjemmesiden i hele dit lokalomr\u00e5de eller p\u00e5 tv\u00e6rs af landet, inklusive hvad der er installeret i det, hvor meget der er tilbage, og hvor meget der kan forbruges. Dette kan fremme markedet og distributionen. Driftseffektiviteten kan forbedres gennem visualisering af forbrug og markedsforbrug og naturligvis udstyret med en r\u00e6kke softwaretjenester p\u00e5 mobiltelefonen. Hvis vi pr\u00e6cist kan forst\u00e5 markedsforbruget, kan vi arrangere, koordinere produktion og distribution efter tur, sende ordren fra slutkunden til systemordren, derefter arrangere distributionen, udf\u00f8re rimelig planl\u00e6gning og styring og realisere intelligensen i driften.<\/p>\n\n\n\n<p>Ved pr\u00e6cist at forst\u00e5 markedet, visualisere og afklare markedet og senere planl\u00e6gge, kan virksomhedens drift afklares gennem big data-analyse, herunder kundestatistik, kundeoptimering og dynamisk varsling af kundernes gasforbrug, hvilket aktivt kan styres, herunder styring af kundegebyrer.<\/p>\n\n\n\n<p>For industrielle gas- eller logistikvirksomheder er pengestr\u00f8mme aktiver, is\u00e6r mobile aktiver, og aktiver er et v\u00e6rkt\u00f8j til virksomhedens pengestr\u00f8msproduktion, s\u00e5 aktivstyring er meget kritisk for en virksomhed. P\u00e5 denne platform kan aktiver og l\u00f8s\u00f8re i alle virksomheder spores og styres gennem hele livscyklussen, herunder biler, tanke og kasser. Kort sagt styres alle aktiver i den industrielle gasindustri i hele livscyklussen, hvilket er dynamisk styring, uanset om bilen er tom eller tung, samt statistisk analyse og big data-analyse af aktivernes oms\u00e6tning.<\/p>\n\n\n\n<p>Sikkerhedssp\u00f8rgsm\u00e5l er af stor betydning for industrigas, industrigasvirksomheder og regeringen. N\u00e5r udstyrets intelligens er blevet realiseret, vil en r\u00e6kke unormale situationer i udstyrets drift eller opbevaringsproces blive sendt til systemet i tide. Det kan ske via mobiltelefon eller e-mail i realtid og p\u00e5mindelser, tidlig sikkerhedsadvarsel og sikkerhedsforebyggelse samt rettidig feedback og reaktion p\u00e5 sikkerhedsulykker. Dette er for at realisere udstyrets intelligens gennem intelligens og derefter realisere operationens intelligens, som er hele konceptet og en r\u00e6kke praksisser.<\/p>\n\n\n\n<p>Den \u00f8kologiske k\u00e6de i internettet for industriel gas dannes gennem IoT-teknologi. Uanset om det drejer sig om forsyningsk\u00e6definansiering eller andre industrier, er kernen at omdanne det m\u00f8rke kort til det lyse kort. Hvis vi ikke kan realisere visualisering af udstyr p\u00e5 internettet, eller ikke kan realisere visualisering af udstyr gennem IoT-teknologi, vil der ikke v\u00e6re nogen m\u00e5de at opn\u00e5 transparent og pr\u00e6cis drift p\u00e5, og ingen m\u00e5de at forbinde alle punkter i den \u00f8kologiske k\u00e6de pr\u00e6cist. Dette er for at fremme dannelsen af ressourcerne i den \u00f8kologiske k\u00e6de i internettet for industriel gas og IoT-teknologien og opn\u00e5 win-win-deling gennem integration af online ressourcer, offline teknologi og integration af industrien.<\/p>\n\n\n\n<p><\/p>","protected":false},"excerpt":{"rendered":"<p>Tank type equipment is mainly used for industrial gas, the whole industrial gas industry chain is divided into consumption end, transportation end, gas source end and production end. From the production end to the gas source end, from the gas source end to the transportation end, and from the transportation end to the consumption end, [&hellip;]<\/p>\n","protected":false},"author":1,"featured_media":0,"parent":0,"menu_order":0,"comment_status":"closed","ping_status":"closed","template":"","meta":{"_acf_changed":false,"site-sidebar-layout":"default","site-content-layout":"","ast-site-content-layout":"","site-content-style":"default","site-sidebar-style":"default","ast-global-header-display":"","ast-banner-title-visibility":"","ast-main-header-display":"","ast-hfb-above-header-display":"","ast-hfb-below-header-display":"","ast-hfb-mobile-header-display":"","site-post-title":"","ast-breadcrumbs-content":"","ast-featured-img":"","footer-sml-layout":"","theme-transparent-header-meta":"","adv-header-id-meta":"","stick-header-meta":"","header-above-stick-meta":"","header-main-stick-meta":"","header-below-stick-meta":"","astra-migrate-meta-layouts":"default","ast-page-background-enabled":"default","ast-page-background-meta":{"desktop":{"background-color":"","background-image":"","background-repeat":"repeat","background-position":"center center","background-size":"auto","background-attachment":"scroll","background-type":"","background-media":"","overlay-type":"","overlay-color":"","overlay-opacity":"","overlay-gradient":""},"tablet":{"background-color":"","background-image":"","background-repeat":"repeat","background-position":"center center","background-size":"auto","background-attachment":"scroll","background-type":"","background-media":"","overlay-type":"","overlay-color":"","overlay-opacity":"","overlay-gradient":""},"mobile":{"background-color":"","background-image":"","background-repeat":"repeat","background-position":"center center","background-size":"auto","background-attachment":"scroll","background-type":"","background-media":"","overlay-type":"","overlay-color":"","overlay-opacity":"","overlay-gradient":""}},"ast-content-background-meta":{"desktop":{"background-color":"var(--ast-global-color-5)","background-image":"","background-repeat":"repeat","background-position":"center center","background-size":"auto","background-attachment":"scroll","background-type":"","background-media":"","overlay-type":"","overlay-color":"","overlay-opacity":"","overlay-gradient":""},"tablet":{"background-color":"var(--ast-global-color-5)","background-image":"","background-repeat":"repeat","background-position":"center center","background-size":"auto","background-attachment":"scroll","background-type":"","background-media":"","overlay-type":"","overlay-color":"","overlay-opacity":"","overlay-gradient":""},"mobile":{"background-color":"var(--ast-global-color-5)","background-image":"","background-repeat":"repeat","background-position":"center center","background-size":"auto","background-attachment":"scroll","background-type":"","background-media":"","overlay-type":"","overlay-color":"","overlay-opacity":"","overlay-gradient":""}},"footnotes":""},"class_list":["post-3984","page","type-page","status-publish","hentry"],"acf":[],"yoast_head":"<!-- This site is optimized with the Yoast SEO plugin v27.3 - https:\/\/yoast.com\/product\/yoast-seo-wordpress\/ -->\n<title>Intelligent Logistics - &quot;GOOCONTAINER&quot; Intelligent Container Project - Ahotech.com<\/title>\n<meta name=\"robots\" content=\"index, follow, max-snippet:-1, max-image-preview:large, max-video-preview:-1\" \/>\n<link rel=\"canonical\" href=\"https:\/\/www.ahotech.com\/da\/intelligent-logistik-goocontainer-intelligent-containerprojekt\/\" \/>\n<meta property=\"og:locale\" content=\"da_DK\" \/>\n<meta property=\"og:type\" content=\"article\" \/>\n<meta property=\"og:title\" content=\"Intelligent Logistics - &quot;GOOCONTAINER&quot; Intelligent Container Project - Ahotech.com\" \/>\n<meta property=\"og:description\" content=\"Tank type equipment is mainly used for industrial gas, the whole industrial gas industry chain is divided into consumption end, transportation end, gas source end and production end. From the production end to the gas source end, from the gas source end to the transportation end, and from the transportation end to the consumption end, [&hellip;]\" \/>\n<meta property=\"og:url\" content=\"https:\/\/www.ahotech.com\/da\/intelligent-logistik-goocontainer-intelligent-containerprojekt\/\" \/>\n<meta property=\"og:site_name\" content=\"Ahotech.com\" \/>\n<meta property=\"article:modified_time\" content=\"2021-12-06T01:31:41+00:00\" \/>\n<meta property=\"og:image\" content=\"https:\/\/www.ahotech.com\/wp-content\/uploads\/2021\/11\/battery-and-capacitor-combination.jpg\" \/>\n<meta name=\"twitter:card\" content=\"summary_large_image\" \/>\n<meta name=\"twitter:label1\" content=\"Estimeret l\u00e6setid\" \/>\n\t<meta name=\"twitter:data1\" content=\"5 minutter\" \/>\n<script type=\"application\/ld+json\" class=\"yoast-schema-graph\">{\"@context\":\"https:\\\/\\\/schema.org\",\"@graph\":[{\"@type\":\"WebPage\",\"@id\":\"https:\\\/\\\/www.ahotech.com\\\/es\\\/intelligent-logistics-goocontainer-intelligent-container-project\\\/\",\"url\":\"https:\\\/\\\/www.ahotech.com\\\/es\\\/intelligent-logistics-goocontainer-intelligent-container-project\\\/\",\"name\":\"Intelligent Logistics - \\\"GOOCONTAINER\\\" Intelligent Container Project - Ahotech.com\",\"isPartOf\":{\"@id\":\"https:\\\/\\\/www.ahotech.com\\\/es\\\/#website\"},\"primaryImageOfPage\":{\"@id\":\"https:\\\/\\\/www.ahotech.com\\\/es\\\/intelligent-logistics-goocontainer-intelligent-container-project\\\/#primaryimage\"},\"image\":{\"@id\":\"https:\\\/\\\/www.ahotech.com\\\/es\\\/intelligent-logistics-goocontainer-intelligent-container-project\\\/#primaryimage\"},\"thumbnailUrl\":\"https:\\\/\\\/www.ahotech.com\\\/wp-content\\\/uploads\\\/2021\\\/11\\\/battery-and-capacitor-combination.jpg\",\"datePublished\":\"2021-12-06T01:31:40+00:00\",\"dateModified\":\"2021-12-06T01:31:41+00:00\",\"breadcrumb\":{\"@id\":\"https:\\\/\\\/www.ahotech.com\\\/es\\\/intelligent-logistics-goocontainer-intelligent-container-project\\\/#breadcrumb\"},\"inLanguage\":\"da-DK\",\"potentialAction\":[{\"@type\":\"ReadAction\",\"target\":[\"https:\\\/\\\/www.ahotech.com\\\/es\\\/intelligent-logistics-goocontainer-intelligent-container-project\\\/\"]}]},{\"@type\":\"ImageObject\",\"inLanguage\":\"da-DK\",\"@id\":\"https:\\\/\\\/www.ahotech.com\\\/es\\\/intelligent-logistics-goocontainer-intelligent-container-project\\\/#primaryimage\",\"url\":\"https:\\\/\\\/www.ahotech.com\\\/wp-content\\\/uploads\\\/2021\\\/11\\\/battery-and-capacitor-combination.jpg\",\"contentUrl\":\"https:\\\/\\\/www.ahotech.com\\\/wp-content\\\/uploads\\\/2021\\\/11\\\/battery-and-capacitor-combination.jpg\"},{\"@type\":\"BreadcrumbList\",\"@id\":\"https:\\\/\\\/www.ahotech.com\\\/es\\\/intelligent-logistics-goocontainer-intelligent-container-project\\\/#breadcrumb\",\"itemListElement\":[{\"@type\":\"ListItem\",\"position\":1,\"name\":\"Home\",\"item\":\"https:\\\/\\\/www.ahotech.com\\\/es\\\/\"},{\"@type\":\"ListItem\",\"position\":2,\"name\":\"Intelligent Logistics &#8212; &#8220;GOOCONTAINER&#8221; Intelligent Container Project\"}]},{\"@type\":\"WebSite\",\"@id\":\"https:\\\/\\\/www.ahotech.com\\\/es\\\/#website\",\"url\":\"https:\\\/\\\/www.ahotech.com\\\/es\\\/\",\"name\":\"Ahotech.com\",\"description\":\"lithium battery manufacturers\",\"publisher\":{\"@id\":\"https:\\\/\\\/www.ahotech.com\\\/es\\\/#organization\"},\"potentialAction\":[{\"@type\":\"SearchAction\",\"target\":{\"@type\":\"EntryPoint\",\"urlTemplate\":\"https:\\\/\\\/www.ahotech.com\\\/es\\\/?s={search_term_string}\"},\"query-input\":{\"@type\":\"PropertyValueSpecification\",\"valueRequired\":true,\"valueName\":\"search_term_string\"}}],\"inLanguage\":\"da-DK\"},{\"@type\":\"Organization\",\"@id\":\"https:\\\/\\\/www.ahotech.com\\\/es\\\/#organization\",\"name\":\"Ahotech.com\",\"url\":\"https:\\\/\\\/www.ahotech.com\\\/es\\\/\",\"logo\":{\"@type\":\"ImageObject\",\"inLanguage\":\"da-DK\",\"@id\":\"https:\\\/\\\/www.ahotech.com\\\/es\\\/#\\\/schema\\\/logo\\\/image\\\/\",\"url\":\"https:\\\/\\\/www.ahotech.com\\\/wp-content\\\/uploads\\\/2021\\\/10\\\/battery-site-logo.jpg\",\"contentUrl\":\"https:\\\/\\\/www.ahotech.com\\\/wp-content\\\/uploads\\\/2021\\\/10\\\/battery-site-logo.jpg\",\"width\":1297,\"height\":465,\"caption\":\"Ahotech.com\"},\"image\":{\"@id\":\"https:\\\/\\\/www.ahotech.com\\\/es\\\/#\\\/schema\\\/logo\\\/image\\\/\"}}]}<\/script>\n<!-- \/ Yoast SEO plugin. -->","yoast_head_json":{"title":"Intelligent Logistik - &quot;GOOCONTAINER&quot; Intelligent Container Projekt - Ahotech.com","robots":{"index":"index","follow":"follow","max-snippet":"max-snippet:-1","max-image-preview":"max-image-preview:large","max-video-preview":"max-video-preview:-1"},"canonical":"https:\/\/www.ahotech.com\/da\/intelligent-logistik-goocontainer-intelligent-containerprojekt\/","og_locale":"da_DK","og_type":"article","og_title":"Intelligent Logistics - \"GOOCONTAINER\" Intelligent Container Project - Ahotech.com","og_description":"Tank type equipment is mainly used for industrial gas, the whole industrial gas industry chain is divided into consumption end, transportation end, gas source end and production end. From the production end to the gas source end, from the gas source end to the transportation end, and from the transportation end to the consumption end, [&hellip;]","og_url":"https:\/\/www.ahotech.com\/da\/intelligent-logistik-goocontainer-intelligent-containerprojekt\/","og_site_name":"Ahotech.com","article_modified_time":"2021-12-06T01:31:41+00:00","og_image":[{"url":"https:\/\/www.ahotech.com\/wp-content\/uploads\/2021\/11\/battery-and-capacitor-combination.jpg","type":"","width":"","height":""}],"twitter_card":"summary_large_image","twitter_misc":{"Estimeret l\u00e6setid":"5 minutter"},"schema":{"@context":"https:\/\/schema.org","@graph":[{"@type":"WebPage","@id":"https:\/\/www.ahotech.com\/es\/intelligent-logistics-goocontainer-intelligent-container-project\/","url":"https:\/\/www.ahotech.com\/es\/intelligent-logistics-goocontainer-intelligent-container-project\/","name":"Intelligent Logistik - &quot;GOOCONTAINER&quot; Intelligent Container Projekt - Ahotech.com","isPartOf":{"@id":"https:\/\/www.ahotech.com\/es\/#website"},"primaryImageOfPage":{"@id":"https:\/\/www.ahotech.com\/es\/intelligent-logistics-goocontainer-intelligent-container-project\/#primaryimage"},"image":{"@id":"https:\/\/www.ahotech.com\/es\/intelligent-logistics-goocontainer-intelligent-container-project\/#primaryimage"},"thumbnailUrl":"https:\/\/www.ahotech.com\/wp-content\/uploads\/2021\/11\/battery-and-capacitor-combination.jpg","datePublished":"2021-12-06T01:31:40+00:00","dateModified":"2021-12-06T01:31:41+00:00","breadcrumb":{"@id":"https:\/\/www.ahotech.com\/es\/intelligent-logistics-goocontainer-intelligent-container-project\/#breadcrumb"},"inLanguage":"da-DK","potentialAction":[{"@type":"ReadAction","target":["https:\/\/www.ahotech.com\/es\/intelligent-logistics-goocontainer-intelligent-container-project\/"]}]},{"@type":"ImageObject","inLanguage":"da-DK","@id":"https:\/\/www.ahotech.com\/es\/intelligent-logistics-goocontainer-intelligent-container-project\/#primaryimage","url":"https:\/\/www.ahotech.com\/wp-content\/uploads\/2021\/11\/battery-and-capacitor-combination.jpg","contentUrl":"https:\/\/www.ahotech.com\/wp-content\/uploads\/2021\/11\/battery-and-capacitor-combination.jpg"},{"@type":"BreadcrumbList","@id":"https:\/\/www.ahotech.com\/es\/intelligent-logistics-goocontainer-intelligent-container-project\/#breadcrumb","itemListElement":[{"@type":"ListItem","position":1,"name":"Home","item":"https:\/\/www.ahotech.com\/es\/"},{"@type":"ListItem","position":2,"name":"Intelligent Logistics &#8212; &#8220;GOOCONTAINER&#8221; Intelligent Container Project"}]},{"@type":"WebSite","@id":"https:\/\/www.ahotech.com\/es\/#website","url":"https:\/\/www.ahotech.com\/es\/","name":"Ahotech.com","description":"producenter af litiumbatterier","publisher":{"@id":"https:\/\/www.ahotech.com\/es\/#organization"},"potentialAction":[{"@type":"SearchAction","target":{"@type":"EntryPoint","urlTemplate":"https:\/\/www.ahotech.com\/es\/?s={search_term_string}"},"query-input":{"@type":"PropertyValueSpecification","valueRequired":true,"valueName":"search_term_string"}}],"inLanguage":"da-DK"},{"@type":"Organization","@id":"https:\/\/www.ahotech.com\/es\/#organization","name":"Ahotech.com","url":"https:\/\/www.ahotech.com\/es\/","logo":{"@type":"ImageObject","inLanguage":"da-DK","@id":"https:\/\/www.ahotech.com\/es\/#\/schema\/logo\/image\/","url":"https:\/\/www.ahotech.com\/wp-content\/uploads\/2021\/10\/battery-site-logo.jpg","contentUrl":"https:\/\/www.ahotech.com\/wp-content\/uploads\/2021\/10\/battery-site-logo.jpg","width":1297,"height":465,"caption":"Ahotech.com"},"image":{"@id":"https:\/\/www.ahotech.com\/es\/#\/schema\/logo\/image\/"}}]}},"_links":{"self":[{"href":"https:\/\/www.ahotech.com\/da\/wp-json\/wp\/v2\/pages\/3984","targetHints":{"allow":["GET"]}}],"collection":[{"href":"https:\/\/www.ahotech.com\/da\/wp-json\/wp\/v2\/pages"}],"about":[{"href":"https:\/\/www.ahotech.com\/da\/wp-json\/wp\/v2\/types\/page"}],"author":[{"embeddable":true,"href":"https:\/\/www.ahotech.com\/da\/wp-json\/wp\/v2\/users\/1"}],"replies":[{"embeddable":true,"href":"https:\/\/www.ahotech.com\/da\/wp-json\/wp\/v2\/comments?post=3984"}],"version-history":[{"count":1,"href":"https:\/\/www.ahotech.com\/da\/wp-json\/wp\/v2\/pages\/3984\/revisions"}],"predecessor-version":[{"id":3986,"href":"https:\/\/www.ahotech.com\/da\/wp-json\/wp\/v2\/pages\/3984\/revisions\/3986"}],"wp:attachment":[{"href":"https:\/\/www.ahotech.com\/da\/wp-json\/wp\/v2\/media?parent=3984"}],"curies":[{"name":"wp","href":"https:\/\/api.w.org\/{rel}","templated":true}]}}