{"id":3978,"date":"2021-12-06T01:20:53","date_gmt":"2021-12-06T01:20:53","guid":{"rendered":"https:\/\/www.ahotech.com\/?page_id=3978"},"modified":"2021-12-06T01:20:53","modified_gmt":"2021-12-06T01:20:53","slug":"anvendelsen-af-iot-batterier","status":"publish","type":"page","link":"https:\/\/www.ahotech.com\/da\/the-application-of-iot-batteries\/","title":{"rendered":"Anvendelsen af IoT-batterier"},"content":{"rendered":"<p>Tingenes Internet (IOT) er et netv\u00e6rk, der forbinder sensorer, controllere, maskiner, mennesker og ting p\u00e5 en ny m\u00e5de ved hj\u00e6lp af kommunikationsteknologier som lokale netv\u00e6rk eller internettet. Dette danner forbindelsen mellem mennesker og ting og realiserer informatisering, fjernstyring og intelligens.<\/p>\n\n\n\n<figure class=\"wp-block-image size-full\"><img fetchpriority=\"high\" decoding=\"async\" width=\"640\" height=\"360\" src=\"https:\/\/www.ahotech.com\/wp-content\/uploads\/2021\/11\/combine-battery-and-capacitor-for-energy-storage-1.jpg\" alt=\"Kombiner batteri og kondensator til energilagring\" class=\"wp-image-3770\" srcset=\"https:\/\/www.ahotech.com\/wp-content\/uploads\/2021\/11\/combine-battery-and-capacitor-for-energy-storage-1.jpg 640w, https:\/\/www.ahotech.com\/wp-content\/uploads\/2021\/11\/combine-battery-and-capacitor-for-energy-storage-1-300x169.jpg 300w, https:\/\/www.ahotech.com\/wp-content\/uploads\/2021\/11\/combine-battery-and-capacitor-for-energy-storage-1-600x338.jpg 600w\" sizes=\"(max-width: 640px) 100vw, 640px\" \/><\/figure>\n\n\n\n<p>Tingenes Internet kaldes den tredje b\u00f8lge af verdens informationsindustri efter computere og internettet. P\u00e5 den ene side kan Tingenes Internet forbedre de \u00f8konomiske fordele og spare omkostninger betydeligt; p\u00e5 den anden side kan det give teknologisk drivkraft til genopretningen af den globale \u00f8konomi. I \u00f8jeblikket investerer USA, Den Europ\u00e6iske Union, Kina og andre lande kraftigt og introducerer en r\u00e6kke politikker for at st\u00f8tte industriel udvikling og fremskynde industrialiseringsprocessen for Tingenes Internet.<\/p>\n\n\n\n<p>I \u00f8jeblikket udvikler mange brancher deres egne industrielle applikationer og lukkede kredsl\u00f8bsapplikationer omkring Tingenes Internet. I disse industriers succesfulde tilf\u00e6lde kan et stort antal prim\u00e6re lithiumbatterier ses i vid udstr\u00e6kning, herunder GPS-navigation, aktiv RFID og s\u00e5 videre.<\/p>","protected":false},"excerpt":{"rendered":"<p>The Internet of Things (IOT) is a network that connects sensors, controllers, machines, people and things in a new way by means of communication technologies such as local network or Internet, forming the connection between people and things and things, realizing informatization, remote management control and intelligence. The Internet of Things is called the third [&hellip;]<\/p>\n","protected":false},"author":1,"featured_media":0,"parent":0,"menu_order":0,"comment_status":"closed","ping_status":"closed","template":"","meta":{"_acf_changed":false,"site-sidebar-layout":"default","site-content-layout":"","ast-site-content-layout":"","site-content-style":"default","site-sidebar-style":"default","ast-global-header-display":"","ast-banner-title-visibility":"","ast-main-header-display":"","ast-hfb-above-header-display":"","ast-hfb-below-header-display":"","ast-hfb-mobile-header-display":"","site-post-title":"","ast-breadcrumbs-content":"","ast-featured-img":"","footer-sml-layout":"","theme-transparent-header-meta":"","adv-header-id-meta":"","stick-header-meta":"","header-above-stick-meta":"","header-main-stick-meta":"","header-below-stick-meta":"","astra-migrate-meta-layouts":"default","ast-page-background-enabled":"default","ast-page-background-meta":{"desktop":{"background-color":"","background-image":"","background-repeat":"repeat","background-position":"center center","background-size":"auto","background-attachment":"scroll","background-type":"","background-media":"","overlay-type":"","overlay-color":"","overlay-opacity":"","overlay-gradient":""},"tablet":{"background-color":"","background-image":"","background-repeat":"repeat","background-position":"center center","background-size":"auto","background-attachment":"scroll","background-type":"","background-media":"","overlay-type":"","overlay-color":"","overlay-opacity":"","overlay-gradient":""},"mobile":{"background-color":"","background-image":"","background-repeat":"repeat","background-position":"center center","background-size":"auto","background-attachment":"scroll","background-type":"","background-media":"","overlay-type":"","overlay-color":"","overlay-opacity":"","overlay-gradient":""}},"ast-content-background-meta":{"desktop":{"background-color":"var(--ast-global-color-5)","background-image":"","background-repeat":"repeat","background-position":"center center","background-size":"auto","background-attachment":"scroll","background-type":"","background-media":"","overlay-type":"","overlay-color":"","overlay-opacity":"","overlay-gradient":""},"tablet":{"background-color":"var(--ast-global-color-5)","background-image":"","background-repeat":"repeat","background-position":"center center","background-size":"auto","background-attachment":"scroll","background-type":"","background-media":"","overlay-type":"","overlay-color":"","overlay-opacity":"","overlay-gradient":""},"mobile":{"background-color":"var(--ast-global-color-5)","background-image":"","background-repeat":"repeat","background-position":"center center","background-size":"auto","background-attachment":"scroll","background-type":"","background-media":"","overlay-type":"","overlay-color":"","overlay-opacity":"","overlay-gradient":""}},"footnotes":""},"class_list":["post-3978","page","type-page","status-publish","hentry"],"acf":[],"yoast_head":"<!-- This site is optimized with the Yoast SEO plugin v27.3 - https:\/\/yoast.com\/product\/yoast-seo-wordpress\/ -->\n<title>The application of iot batteries - Ahotech.com<\/title>\n<meta name=\"robots\" content=\"index, follow, max-snippet:-1, max-image-preview:large, max-video-preview:-1\" \/>\n<link rel=\"canonical\" href=\"https:\/\/www.ahotech.com\/da\/anvendelsen-af-iot-batterier\/\" \/>\n<meta property=\"og:locale\" content=\"da_DK\" \/>\n<meta property=\"og:type\" content=\"article\" \/>\n<meta property=\"og:title\" content=\"The application of iot batteries - Ahotech.com\" \/>\n<meta property=\"og:description\" content=\"The Internet of Things (IOT) is a network that connects sensors, controllers, machines, people and things in a new way by means of communication technologies such as local network or Internet, forming the connection between people and things and things, realizing informatization, remote management control and intelligence. The Internet of Things is called the third [&hellip;]\" \/>\n<meta property=\"og:url\" content=\"https:\/\/www.ahotech.com\/da\/anvendelsen-af-iot-batterier\/\" \/>\n<meta property=\"og:site_name\" content=\"Ahotech.com\" \/>\n<meta property=\"og:image\" content=\"https:\/\/www.ahotech.com\/wp-content\/uploads\/2021\/11\/combine-battery-and-capacitor-for-energy-storage-1.jpg\" \/>\n<meta name=\"twitter:card\" content=\"summary_large_image\" \/>\n<meta name=\"twitter:label1\" content=\"Estimeret l\u00e6setid\" \/>\n\t<meta name=\"twitter:data1\" content=\"1 minut\" \/>\n<script type=\"application\/ld+json\" class=\"yoast-schema-graph\">{\"@context\":\"https:\\\/\\\/schema.org\",\"@graph\":[{\"@type\":\"WebPage\",\"@id\":\"https:\\\/\\\/www.ahotech.com\\\/ru\\\/the-application-of-iot-batteries\\\/\",\"url\":\"https:\\\/\\\/www.ahotech.com\\\/ru\\\/the-application-of-iot-batteries\\\/\",\"name\":\"The application of iot batteries - Ahotech.com\",\"isPartOf\":{\"@id\":\"https:\\\/\\\/www.ahotech.com\\\/es\\\/#website\"},\"primaryImageOfPage\":{\"@id\":\"https:\\\/\\\/www.ahotech.com\\\/ru\\\/the-application-of-iot-batteries\\\/#primaryimage\"},\"image\":{\"@id\":\"https:\\\/\\\/www.ahotech.com\\\/ru\\\/the-application-of-iot-batteries\\\/#primaryimage\"},\"thumbnailUrl\":\"https:\\\/\\\/www.ahotech.com\\\/wp-content\\\/uploads\\\/2021\\\/11\\\/combine-battery-and-capacitor-for-energy-storage-1.jpg\",\"datePublished\":\"2021-12-06T01:20:53+00:00\",\"breadcrumb\":{\"@id\":\"https:\\\/\\\/www.ahotech.com\\\/ru\\\/the-application-of-iot-batteries\\\/#breadcrumb\"},\"inLanguage\":\"da-DK\",\"potentialAction\":[{\"@type\":\"ReadAction\",\"target\":[\"https:\\\/\\\/www.ahotech.com\\\/ru\\\/the-application-of-iot-batteries\\\/\"]}]},{\"@type\":\"ImageObject\",\"inLanguage\":\"da-DK\",\"@id\":\"https:\\\/\\\/www.ahotech.com\\\/ru\\\/the-application-of-iot-batteries\\\/#primaryimage\",\"url\":\"https:\\\/\\\/www.ahotech.com\\\/wp-content\\\/uploads\\\/2021\\\/11\\\/combine-battery-and-capacitor-for-energy-storage-1.jpg\",\"contentUrl\":\"https:\\\/\\\/www.ahotech.com\\\/wp-content\\\/uploads\\\/2021\\\/11\\\/combine-battery-and-capacitor-for-energy-storage-1.jpg\"},{\"@type\":\"BreadcrumbList\",\"@id\":\"https:\\\/\\\/www.ahotech.com\\\/ru\\\/the-application-of-iot-batteries\\\/#breadcrumb\",\"itemListElement\":[{\"@type\":\"ListItem\",\"position\":1,\"name\":\"Home\",\"item\":\"https:\\\/\\\/de.ahotech.com\\\/\"},{\"@type\":\"ListItem\",\"position\":2,\"name\":\"The application of iot batteries\"}]},{\"@type\":\"WebSite\",\"@id\":\"https:\\\/\\\/www.ahotech.com\\\/es\\\/#website\",\"url\":\"https:\\\/\\\/www.ahotech.com\\\/es\\\/\",\"name\":\"Ahotech.com\",\"description\":\"lithium battery manufacturers\",\"publisher\":{\"@id\":\"https:\\\/\\\/www.ahotech.com\\\/es\\\/#organization\"},\"potentialAction\":[{\"@type\":\"SearchAction\",\"target\":{\"@type\":\"EntryPoint\",\"urlTemplate\":\"https:\\\/\\\/www.ahotech.com\\\/es\\\/?s={search_term_string}\"},\"query-input\":{\"@type\":\"PropertyValueSpecification\",\"valueRequired\":true,\"valueName\":\"search_term_string\"}}],\"inLanguage\":\"da-DK\"},{\"@type\":\"Organization\",\"@id\":\"https:\\\/\\\/www.ahotech.com\\\/es\\\/#organization\",\"name\":\"Ahotech.com\",\"url\":\"https:\\\/\\\/www.ahotech.com\\\/es\\\/\",\"logo\":{\"@type\":\"ImageObject\",\"inLanguage\":\"da-DK\",\"@id\":\"https:\\\/\\\/www.ahotech.com\\\/es\\\/#\\\/schema\\\/logo\\\/image\\\/\",\"url\":\"https:\\\/\\\/www.ahotech.com\\\/wp-content\\\/uploads\\\/2021\\\/10\\\/battery-site-logo.jpg\",\"contentUrl\":\"https:\\\/\\\/www.ahotech.com\\\/wp-content\\\/uploads\\\/2021\\\/10\\\/battery-site-logo.jpg\",\"width\":1297,\"height\":465,\"caption\":\"Ahotech.com\"},\"image\":{\"@id\":\"https:\\\/\\\/www.ahotech.com\\\/es\\\/#\\\/schema\\\/logo\\\/image\\\/\"}}]}<\/script>\n<!-- \/ Yoast SEO plugin. -->","yoast_head_json":{"title":"Anvendelsen af IoT-batterier - Ahotech.com","robots":{"index":"index","follow":"follow","max-snippet":"max-snippet:-1","max-image-preview":"max-image-preview:large","max-video-preview":"max-video-preview:-1"},"canonical":"https:\/\/www.ahotech.com\/da\/anvendelsen-af-iot-batterier\/","og_locale":"da_DK","og_type":"article","og_title":"The application of iot batteries - Ahotech.com","og_description":"The Internet of Things (IOT) is a network that connects sensors, controllers, machines, people and things in a new way by means of communication technologies such as local network or Internet, forming the connection between people and things and things, realizing informatization, remote management control and intelligence. The Internet of Things is called the third [&hellip;]","og_url":"https:\/\/www.ahotech.com\/da\/anvendelsen-af-iot-batterier\/","og_site_name":"Ahotech.com","og_image":[{"url":"https:\/\/www.ahotech.com\/wp-content\/uploads\/2021\/11\/combine-battery-and-capacitor-for-energy-storage-1.jpg","type":"","width":"","height":""}],"twitter_card":"summary_large_image","twitter_misc":{"Estimeret l\u00e6setid":"1 minut"},"schema":{"@context":"https:\/\/schema.org","@graph":[{"@type":"WebPage","@id":"https:\/\/www.ahotech.com\/ru\/the-application-of-iot-batteries\/","url":"https:\/\/www.ahotech.com\/ru\/the-application-of-iot-batteries\/","name":"Anvendelsen af IoT-batterier - Ahotech.com","isPartOf":{"@id":"https:\/\/www.ahotech.com\/es\/#website"},"primaryImageOfPage":{"@id":"https:\/\/www.ahotech.com\/ru\/the-application-of-iot-batteries\/#primaryimage"},"image":{"@id":"https:\/\/www.ahotech.com\/ru\/the-application-of-iot-batteries\/#primaryimage"},"thumbnailUrl":"https:\/\/www.ahotech.com\/wp-content\/uploads\/2021\/11\/combine-battery-and-capacitor-for-energy-storage-1.jpg","datePublished":"2021-12-06T01:20:53+00:00","breadcrumb":{"@id":"https:\/\/www.ahotech.com\/ru\/the-application-of-iot-batteries\/#breadcrumb"},"inLanguage":"da-DK","potentialAction":[{"@type":"ReadAction","target":["https:\/\/www.ahotech.com\/ru\/the-application-of-iot-batteries\/"]}]},{"@type":"ImageObject","inLanguage":"da-DK","@id":"https:\/\/www.ahotech.com\/ru\/the-application-of-iot-batteries\/#primaryimage","url":"https:\/\/www.ahotech.com\/wp-content\/uploads\/2021\/11\/combine-battery-and-capacitor-for-energy-storage-1.jpg","contentUrl":"https:\/\/www.ahotech.com\/wp-content\/uploads\/2021\/11\/combine-battery-and-capacitor-for-energy-storage-1.jpg"},{"@type":"BreadcrumbList","@id":"https:\/\/www.ahotech.com\/ru\/the-application-of-iot-batteries\/#breadcrumb","itemListElement":[{"@type":"ListItem","position":1,"name":"Home","item":"https:\/\/de.ahotech.com\/"},{"@type":"ListItem","position":2,"name":"The application of iot batteries"}]},{"@type":"WebSite","@id":"https:\/\/www.ahotech.com\/es\/#website","url":"https:\/\/www.ahotech.com\/es\/","name":"Ahotech.com","description":"producenter af litiumbatterier","publisher":{"@id":"https:\/\/www.ahotech.com\/es\/#organization"},"potentialAction":[{"@type":"SearchAction","target":{"@type":"EntryPoint","urlTemplate":"https:\/\/www.ahotech.com\/es\/?s={search_term_string}"},"query-input":{"@type":"PropertyValueSpecification","valueRequired":true,"valueName":"search_term_string"}}],"inLanguage":"da-DK"},{"@type":"Organization","@id":"https:\/\/www.ahotech.com\/es\/#organization","name":"Ahotech.com","url":"https:\/\/www.ahotech.com\/es\/","logo":{"@type":"ImageObject","inLanguage":"da-DK","@id":"https:\/\/www.ahotech.com\/es\/#\/schema\/logo\/image\/","url":"https:\/\/www.ahotech.com\/wp-content\/uploads\/2021\/10\/battery-site-logo.jpg","contentUrl":"https:\/\/www.ahotech.com\/wp-content\/uploads\/2021\/10\/battery-site-logo.jpg","width":1297,"height":465,"caption":"Ahotech.com"},"image":{"@id":"https:\/\/www.ahotech.com\/es\/#\/schema\/logo\/image\/"}}]}},"_links":{"self":[{"href":"https:\/\/www.ahotech.com\/da\/wp-json\/wp\/v2\/pages\/3978","targetHints":{"allow":["GET"]}}],"collection":[{"href":"https:\/\/www.ahotech.com\/da\/wp-json\/wp\/v2\/pages"}],"about":[{"href":"https:\/\/www.ahotech.com\/da\/wp-json\/wp\/v2\/types\/page"}],"author":[{"embeddable":true,"href":"https:\/\/www.ahotech.com\/da\/wp-json\/wp\/v2\/users\/1"}],"replies":[{"embeddable":true,"href":"https:\/\/www.ahotech.com\/da\/wp-json\/wp\/v2\/comments?post=3978"}],"version-history":[{"count":1,"href":"https:\/\/www.ahotech.com\/da\/wp-json\/wp\/v2\/pages\/3978\/revisions"}],"predecessor-version":[{"id":3980,"href":"https:\/\/www.ahotech.com\/da\/wp-json\/wp\/v2\/pages\/3978\/revisions\/3980"}],"wp:attachment":[{"href":"https:\/\/www.ahotech.com\/da\/wp-json\/wp\/v2\/media?parent=3978"}],"curies":[{"name":"wp","href":"https:\/\/api.w.org\/{rel}","templated":true}]}}